{"id":21,"date":"2020-06-04T08:07:11","date_gmt":"2020-06-04T08:07:11","guid":{"rendered":"https:\/\/blogs.ua.es\/mario01\/?page_id=21"},"modified":"2020-06-05T13:32:35","modified_gmt":"2020-06-05T13:32:35","slug":"tema-3-individuo-en-la-sociedad","status":"publish","type":"page","link":"https:\/\/blogs.ua.es\/mario01\/tema-3-individuo-en-la-sociedad\/","title":{"rendered":"Tema 3-Individuo en la sociedad"},"content":{"rendered":"<p>En este tema se explican la teor\u00eda de\u00a0<em>E. Durkheim\u00a0<\/em>sobre la solidaridad mec\u00e1nica y org\u00e1nica donde se explican las diferencias entre unas sociedades industriales grandes y modernas y unas preindustriales peque\u00f1as y tradicionales.<\/p>\n<p style=\"text-align: center\"><strong>Link al mapa mental<\/strong><\/p>\n<p style=\"text-align: center\"><a href=\"https:\/\/www.goconqr.com\/mindmap\/23226296\/el-individuo-en-lasociedad-e-durkheim-\">https:\/\/www.goconqr.com\/mindmap\/23226296\/el-individuo-en-lasociedad-e-durkheim-<\/a><\/p>\n<p style=\"text-align: center\"><strong>Prototipo:<\/strong><\/p>\n<p><a href=\"https:\/\/www.youtube.com\/watch?v=mIdDajOQ4Kw\">https:\/\/www.youtube.com\/watch?v=mIdDajOQ4Kw<\/a><\/p>\n<p>Para el prototipo hemos elegido la pel\u00edcula de Heidi concretamente en la parte en la que deja el campo y va a la ciudad (minuto 32 al 42),en esta parte se ven las diferencias entre el lugar donde viv\u00eda antes ya que ten\u00eda una econom\u00eda tradicional y ahora en la ciudad se ve una econom\u00eda y sociedad m\u00e1s moderna, y al igual pasa con su forma de pensar y sus modales que son completamente diferentes, haciendo as\u00ed referencia a las teor\u00edas de <em>Durkheim.<\/em><\/p>\n<p style=\"text-align: left\">Para el articulo hemos elegido este, que habla de las consecuencias del COVID-19 en las sociedades,tanto en las modernas como en las tradicionales y como en unas se ha expandido m\u00e1s que en otras y como a afectado a los grupos de las poblaciones m\u00e1s ricas y m\u00e1s pobres.<\/p>\n<p style=\"text-align: center\"><strong>Enlace al articulo: <\/strong><a href=\"https:\/\/www.eldiario.es\/clm\/palabras-clave\/covid-virus-moderno_6_1019508042.html\">https:\/\/www.eldiario.es\/clm\/palabras-clave\/covid-virus-.html<\/a><\/p>\n<p><strong>Im\u00e1genes relacionadas con el tema y el COVID-19<\/strong><\/p>\n<p><img decoding=\"async\" src=\"https:\/\/ayudaenaccion.org\/ong\/wp-content\/uploads\/2020\/04\/hambre-covid19-portada.jpg\" alt=\"Efectos de la COVID-19 en la lucha contra el hambre | Ayuda en Acci\u00f3n\" \/><\/p>\n<p><img loading=\"lazy\" decoding=\"async\" class=\"\" src=\"https:\/\/www.dw.com\/image\/52665004_303.jpg\" alt=\"Lo \u00faltimo sobre el coronavirus: Primeros casos en Colombia y Costa ...\" width=\"746\" height=\"420\" \/><\/p>\n<p><strong>Mensaje de una red social:<\/strong><\/p>\n<p><img loading=\"lazy\" decoding=\"async\" class=\"\" src=\"https:\/\/cronicaglobal.elespanol.com\/uploads\/s1\/87\/82\/02\/9\/canadell.jpeg\" alt=\"Los tuits m\u00e1s infames del independentismo sobre coronavirus\" width=\"293\" height=\"429\" \/><\/p>\n<p>&nbsp;<\/p>\n<p>&nbsp;<\/p>\n","protected":false},"excerpt":{"rendered":"<p>En este tema se explican la teor\u00eda de\u00a0E. Durkheim\u00a0sobre la solidaridad mec\u00e1nica y org\u00e1nica donde se explican las diferencias entre unas sociedades industriales grandes y modernas y unas preindustriales peque\u00f1as y tradicionales. Link al mapa mental https:\/\/www.goconqr.com\/mindmap\/23226296\/el-individuo-en-lasociedad-e-durkheim- Prototipo: Para el prototipo hemos elegido la pel\u00edcula de Heidi concretamente en la parte en la que deja [&hellip;]<\/p>\n","protected":false},"author":4429,"featured_media":0,"parent":0,"menu_order":4,"comment_status":"closed","ping_status":"closed","template":"","meta":{"footnotes":""},"class_list":["post-21","page","type-page","status-publish","hentry"],"_links":{"self":[{"href":"https:\/\/blogs.ua.es\/mario01\/wp-json\/wp\/v2\/pages\/21","targetHints":{"allow":["GET"]}}],"collection":[{"href":"https:\/\/blogs.ua.es\/mario01\/wp-json\/wp\/v2\/pages"}],"about":[{"href":"https:\/\/blogs.ua.es\/mario01\/wp-json\/wp\/v2\/types\/page"}],"author":[{"embeddable":true,"href":"https:\/\/blogs.ua.es\/mario01\/wp-json\/wp\/v2\/users\/4429"}],"replies":[{"embeddable":true,"href":"https:\/\/blogs.ua.es\/mario01\/wp-json\/wp\/v2\/comments?post=21"}],"version-history":[{"count":8,"href":"https:\/\/blogs.ua.es\/mario01\/wp-json\/wp\/v2\/pages\/21\/revisions"}],"predecessor-version":[{"id":58,"href":"https:\/\/blogs.ua.es\/mario01\/wp-json\/wp\/v2\/pages\/21\/revisions\/58"}],"wp:attachment":[{"href":"https:\/\/blogs.ua.es\/mario01\/wp-json\/wp\/v2\/media?parent=21"}],"curies":[{"name":"wp","href":"https:\/\/api.w.org\/{rel}","templated":true}]}}