{"id":64,"date":"2020-06-05T13:25:06","date_gmt":"2020-06-05T13:25:06","guid":{"rendered":"https:\/\/blogs.ua.es\/mario01\/?page_id=64"},"modified":"2020-06-05T13:32:19","modified_gmt":"2020-06-05T13:32:19","slug":"entrevista","status":"publish","type":"page","link":"https:\/\/blogs.ua.es\/mario01\/entrevista\/","title":{"rendered":"Entrevista"},"content":{"rendered":"<p><strong>Ficha t\u00e9cnica de la entrevista:<\/strong><\/p>\n<ul>\n<li>Nombre del entrevistado: Jos\u00e9 Mar\u00eda Soriano Miralles<\/li>\n<li>Edad: 53<\/li>\n<li>Fecha: 04-06-2020<\/li>\n<\/ul>\n<blockquote><p>&nbsp;<\/p><\/blockquote>\n<p><strong>Cuestionario<\/strong><\/p>\n<ol>\n<li>\u00a0\u00bfQu\u00e9 ha significado el confinamiento para t\u00ed?<\/li>\n<li>\u00a0\u00bfTe has sentido obligado a cumplir el confinamiento o hab\u00edas tomado conciencia sobre la situaci\u00f3n en la que nos encontr\u00e1bamos?<\/li>\n<li>\u00a0\u00bfHas podido sacar algo positivo de esta experiencia?<\/li>\n<li>\u00a0\u00bfCrees que el confinamiento era necesario? \u00bfPor qu\u00e9?<\/li>\n<li>\u00a0Los medios de comunicaci\u00f3n se han concentrado casi exclusivamente en el coronavirus, \u00bfese hecho te ha provocado un estado de saturaci\u00f3n sobre el tema o por el contrario lo ha hecho m\u00e1s llevadero?<\/li>\n<\/ol>\n<p>&nbsp;<\/p>\n<p><iframe loading=\"lazy\" title=\"Entrevista sobre el confinamiento (sociolog\u00eda II)\" width=\"500\" height=\"281\" src=\"https:\/\/www.youtube.com\/embed\/FobqEsAGQwE?feature=oembed\" frameborder=\"0\" allow=\"accelerometer; autoplay; clipboard-write; encrypted-media; gyroscope; picture-in-picture; web-share\" referrerpolicy=\"strict-origin-when-cross-origin\" allowfullscreen><\/iframe><\/p>\n<p>&nbsp;<\/p>\n","protected":false},"excerpt":{"rendered":"<p>Ficha t\u00e9cnica de la entrevista: Nombre del entrevistado: Jos\u00e9 Mar\u00eda Soriano Miralles Edad: 53 Fecha: 04-06-2020 &nbsp; Cuestionario \u00a0\u00bfQu\u00e9 ha significado el confinamiento para t\u00ed? \u00a0\u00bfTe has sentido obligado a cumplir el confinamiento o hab\u00edas tomado conciencia sobre la situaci\u00f3n en la que nos encontr\u00e1bamos? \u00a0\u00bfHas podido sacar algo positivo de esta experiencia? \u00a0\u00bfCrees que [&hellip;]<\/p>\n","protected":false},"author":4428,"featured_media":0,"parent":0,"menu_order":3,"comment_status":"closed","ping_status":"closed","template":"","meta":{"footnotes":""},"class_list":["post-64","page","type-page","status-publish","hentry"],"_links":{"self":[{"href":"https:\/\/blogs.ua.es\/mario01\/wp-json\/wp\/v2\/pages\/64","targetHints":{"allow":["GET"]}}],"collection":[{"href":"https:\/\/blogs.ua.es\/mario01\/wp-json\/wp\/v2\/pages"}],"about":[{"href":"https:\/\/blogs.ua.es\/mario01\/wp-json\/wp\/v2\/types\/page"}],"author":[{"embeddable":true,"href":"https:\/\/blogs.ua.es\/mario01\/wp-json\/wp\/v2\/users\/4428"}],"replies":[{"embeddable":true,"href":"https:\/\/blogs.ua.es\/mario01\/wp-json\/wp\/v2\/comments?post=64"}],"version-history":[{"count":1,"href":"https:\/\/blogs.ua.es\/mario01\/wp-json\/wp\/v2\/pages\/64\/revisions"}],"predecessor-version":[{"id":65,"href":"https:\/\/blogs.ua.es\/mario01\/wp-json\/wp\/v2\/pages\/64\/revisions\/65"}],"wp:attachment":[{"href":"https:\/\/blogs.ua.es\/mario01\/wp-json\/wp\/v2\/media?parent=64"}],"curies":[{"name":"wp","href":"https:\/\/api.w.org\/{rel}","templated":true}]}}