{"id":23,"date":"2010-02-08T18:57:42","date_gmt":"2010-02-08T17:57:42","guid":{"rendered":"https:\/\/blogs.ua.es\/martineztornero\/?page_id=23"},"modified":"2014-08-06T08:25:10","modified_gmt":"2014-08-06T07:25:10","slug":"participacion-en-congresos","status":"publish","type":"page","link":"https:\/\/blogs.ua.es\/martineztornero\/participacion-en-congresos\/","title":{"rendered":"Ponencias"},"content":{"rendered":"<p><strong>Ponencias y conferencias impartidas<\/strong><\/p>\n<p style=\"text-align: justify\"><span style=\"color: #ffffff\">&#8230;..<\/span>2012<span style=\"color: #ffffff\">&#8230;..<\/span>&#8220;Isabel de Farnesio, insigne protagonista en la corte espa\u00f1ola del siglo XVIII&#8221;, ponencia impartida en el III Congreso Internacional de Estudios Modernistas: Donne: modelli e protagoniste della vita spirituale in et\u00e0 moderna, celebrado en la ciudad de Ravenna entre los d\u00edas 24 y 26 de octubre de 2012. <span style=\"color: #ffffff\">&#8230;.<\/span><\/p>\n<p style=\"text-align: justify\"><a title=\"III Congreso Internacional Estudios Modernistas\" href=\"http:\/\/www.donne-modelli-protagoniste.blogspot.it\/p\/presentazione.html\" target=\"_blank\">Visualizar blog<\/a><span style=\"color: #ffffff\">..<\/span><\/p>\n<p style=\"text-align: justify\"><span style=\"color: #ffffff\">.<\/span><\/p>\n<p style=\"text-align: justify\"><span style=\"color: #ffffff\">&#8230;..<\/span>2011<span style=\"color: #ffffff\">&#8230;..<\/span>&#8220;Mujeres ante el Santo Oficio&#8221;, ponencia impartida en el curso <em>Herejes, Monjas, Brujas y Profetisas. Religiosidad Femenina en la Modernidad<\/em>, celebrado en la Sede Universitaria Ciudad de Alicante entre los d\u00edas 20 de octubre y 15 de diciembre de 2011.<\/p>\n<p style=\"text-align: justify\"><a title=\"Herejes, Brujas, Monjas y Profetisas\" href=\"https:\/\/blogs.ua.es\/martineztornero\/files\/2011\/11\/Herejes-brujas.jpg\" target=\"_blank\">Visualizar cartel<\/a><\/p>\n<p style=\"text-align: justify\"><span style=\"color: #ffffff\">.<\/span><\/p>\n<p style=\"text-align: justify\"><span style=\"color: #ffffff\">&#8230;..<\/span>2011<span style=\"color: #ffffff\">&#8230;..<\/span>&#8220;Aproximaci\u00f3n a la identidad de los jesuitas hispanos expulsos&#8221;, ponencia inscrita en el <em>XVI Congreso Internacional AHILA<\/em> (Asociaci\u00f3n de Historiadores y Latinoamericanistas Europeos) celebrado en la ciudad de San Fernando (C\u00e1diz) entre los d\u00edas 6-9 de septiembre de 2011.<\/p>\n<p style=\"text-align: justify\"><a title=\"XVI Congreso AHILA\" href=\"http:\/\/www.congresoahila2011.com\/\" target=\"_blank\">Web del Congreso<\/a><\/p>\n<p style=\"text-align: justify\"><span style=\"color: #ffffff\">.<\/span><\/p>\n<p style=\"text-align: justify\"><span style=\"color: #ffffff\">&#8230;..<\/span>2011<span style=\"color: #ffffff\">&#8230;..<\/span>&#8220;Personalidad y car\u00e1cter de los jesuitas expulsos&#8221;, ponencia inscrita en las Jornadas Internacionales de Estudio<em>: \u00abPresencias y devociones. Los jesuitas Hispano-lusos en la Italia del siglo XVIII<abbr title=\"dieciocho\"><\/abbr><\/em>\u00bb, organizado por las universidades de Bolonia y Alicante.<\/p>\n<p style=\"text-align: justify\"><a title=\"Presencias y devociones\" href=\"https:\/\/blogs.ua.es\/martineztornero\/files\/2011\/05\/Presencias-y-devociones.pdf\" target=\"_blank\">Visualizar cartel<\/a><\/p>\n<p style=\"text-align: justify\"><span style=\"color: #ffffff\">.<\/span><\/p>\n<p style=\"text-align: justify\"><span style=\"color: #ffffff\">&#8230;..<\/span>2010<span style=\"color: #ffffff\">&#8230;..<\/span>&#8220;Presentazione del data base bio-bibliogr\u00e1fico online sui gesuiti espulsi&#8221;, ponencia inscrita en el coloquio:<strong> <\/strong><em>Presenza e attivit\u00e0 in Italia dei Gesuiti iberici esiliati (1759-1800), Bilanci e prospettive di una ricerca<\/em>, celebrado en la Universidad de Padua el 1 de octubre de 2010.<\/p>\n<p style=\"text-align: justify\"><span style=\"color: #ffffff\">.<\/span><\/p>\n<p style=\"text-align: justify\"><span style=\"color: #ffffff\">&#8230;..<\/span>2010<span style=\"color: #ffffff\">&#8230;..<\/span>&#8220;Tratamiento inform\u00e1tico para la compilaci\u00f3n de las biograf\u00edas de los jesuitas desterrados&#8221;, ponencia inscrita en el <em>II Seminario de Historia de la Compa\u00f1\u00eda de Jes\u00fas en el Siglo XVIII: La expulsi\u00f3n de los jesuitas de Portugal y su destierro en los Estados Pontificios<\/em>, celebrado en Azkoitia entre los d\u00edas 25 y 26 de junio de 2010.<\/p>\n<p style=\"text-align: justify\"><span style=\"color: #ffffff\">.<\/span><\/p>\n<p style=\"text-align: justify\"><span style=\"color: #ffffff\">&#8230;..<\/span>2009<span style=\"color: #ffffff\">&#8230;..<\/span>\u201cPr\u00e1cticas de ocupaci\u00f3n del patrimonio jesu\u00edtico ib\u00e9rico\u201d, ponencia inscrita en el coloquio: <em>1759-2009: Os Jesu\u00edtas e Portugal (Hist\u00f3ria e Cripto-Hist\u00f3ria)<\/em>, celebrado en la Universidad de Coimbra el d\u00eda 17 de noviembre de 2009<\/p>\n<p style=\"text-align: justify\"><a title=\"Coimbra\" href=\"https:\/\/blogs.ua.es\/martineztornero\/files\/2013\/09\/Jesuitas-IHS-tot-def.jpg\" target=\"_blank\">Visualizar cartel<\/a><\/p>\n<p style=\"text-align: justify\"><span style=\"color: #ffffff\">.<\/span><\/p>\n<p style=\"text-align: justify\"><span style=\"color: #ffffff\">&#8230;..<\/span>2008<span style=\"color: #ffffff\">&#8230;..<\/span>\u201cLas temporalidades en el Reino de Valencia\u201d. Ponencia inscrita en el <em>XV Congreso Internacional AHILA<\/em> (Asociaci\u00f3n de Historiadores Latinoamericanistas Europeos) celebrado en la ciudad de Leiden (Holanda) entre los d\u00edas 26 y 29 de agosto de 2008.<\/p>\n<p style=\"text-align: justify\"><span style=\"color: #ffffff\">.<\/span><\/p>\n<p style=\"text-align: justify\"><span style=\"color: #ffffff\">&#8230;..<\/span>2008<span style=\"color: #ffffff\">&#8230;..<\/span>\u201cLas temporalidades urbanas de Barcelona despu\u00e9s de la expulsi\u00f3n de los jesuitas\u201d. Conferencia impartida en el \u00c1rea de Historia Moderna de la Universidad de Alicante, formando parte de los seminarios <em>Papeles de Historia Moderna.<\/em><\/p>\n<p style=\"text-align: justify\"><span style=\"color: #ffffff\">.<\/span><\/p>\n<p style=\"text-align: justify\"><span style=\"color: #ffffff\">&#8230;..<span style=\"color: #000000\">2008<\/span>&#8230;..<span style=\"color: #000000\">&#8220;Los bienes de los jesuitas en la Comunidad Valenciana&#8221;, <em>Primera reuni\u00f3n de primavera de invetigadores sobre los jesuitas en el siglo XVIII<\/em>, celebrada en El Puerto de Santa Mar\u00eda (C\u00e1diz) entre los d\u00edas 9 y 10 de abril de 2008.<\/span><\/span><\/p>\n<p style=\"text-align: justify\"><a title=\"Cr\u00f3nica Manuel Pacheco\" href=\"https:\/\/blogs.ua.es\/martineztornero\/files\/2013\/09\/40_notas.pdf\" target=\"_blank\">Cr\u00f3nica en Revista de Historia de El Puerto<\/a><\/p>\n<p style=\"text-align: justify\"><span style=\"color: #ffffff\">.<\/span><\/p>\n<p style=\"text-align: justify\"><span style=\"color: #ffffff\">&#8230;..<\/span>2007<span style=\"color: #ffffff\">&#8230;..<\/span>\u201cLas temporalidades jesuitas. Aproximaci\u00f3n al funcionamiento administrativo despu\u00e9s de la expulsi\u00f3n de la Compa\u00f1\u00eda de Jes\u00fas en 1767\u201d. Comunicaci\u00f3n presentada al congreso: <em>Esteban de Terreros y Pando: vizca\u00edno, pol\u00edgrafo y jesuita ante los retos del s. XVIII (Congreso conmemorativo del III centenario de su nacimiento)<\/em>, Bilbao, 21-22-23 de noviembre de 2007.<\/p>\n<p>&nbsp;<\/p>\n<p><strong>Organizaci\u00f3n de congresos<\/strong><\/p>\n<p style=\"text-align: justify\"><span style=\"color: #ffffff\">&#8230;.<\/span>2012<span style=\"color: #ffffff\">&#8230;..<\/span>Coordinador del &#8220;II Congreso Internacional de Estudios Modernistas: <em>Fundadoras e Ilustradas. Mujeres que abrieron puertas y clausuras en la Modernidad mediterr\u00e1nea<\/em>&#8220;, celebrado en la Universidad de Alicante entre los d\u00edas 17 y 19 de abril de 2012.<\/p>\n<p style=\"text-align: justify\"><a title=\"Congreso: Fundadoras e Ilustradas\" href=\"http:\/\/fundadoras-e-ilustradas.blogspot.com.es\/\" target=\"_blank\">P\u00e1gina Web del Congreso<\/a><\/p>\n<p style=\"text-align: justify\"><span style=\"color: #ffffff\">.<\/span><\/p>\n<p style=\"text-align: justify\"><span style=\"color: #ffffff\">&#8230;..<\/span>2011<span style=\"color: #ffffff\">&#8230;..<\/span>Coordinador del simposio: &#8220;Vidas e identidades de los jesuitas desterrados en el siglo XVIII&#8221;, celebrado en el marco del XVI Congreso Internacional AHILA entre los d\u00edas 6 y 9 de septiembre de 2011 en San Fernando (C\u00e1diz)<span style=\"color: #ffffff\">&#8230;..<\/span><\/p>\n<p style=\"text-align: justify\"><a title=\"XVI Congreso AHILA\" href=\"http:\/\/www.congresoahila2011.com\/\" target=\"_blank\">P\u00e1gina web del XVI Congreso AHILA<\/a><\/p>\n<p style=\"text-align: justify\"><span style=\"color: #ffffff\">.<\/span><\/p>\n<p style=\"text-align: justify\"><span style=\"color: #ffffff\">&#8230;..<\/span>2010<span style=\"color: #ffffff\">&#8230;..<\/span>Organizador del congreso: \u201cMisiones y misioneros jesuitas en la Historia&#8221;, celebrado en Calp entre los d\u00edas 8 y 10 de septiembre de 2010.<\/p>\n<p style=\"text-align: justify\"><a title=\"Tr\u00edptico Misiones y misioneros jesuitas\" href=\"http:\/\/www.cervantesvirtual.com\/bib_tematica\/jesuitas\/Misiones%20y%20misioneros%20jesuitas.pdf\" target=\"_blank\">Visualizar tr\u00edptico<\/a><\/p>\n<p style=\"text-align: justify\"><span style=\"color: #ffffff\">.<\/span><\/p>\n<p style=\"text-align: justify\"><span style=\"color: #ffffff\">&#8230;..<\/span>2010<span style=\"color: #ffffff\">&#8230;..<\/span>Miembro de la organizaci\u00f3n del Seminario Hispano-franc\u00e9s: &#8220;Migraciones, invasiones, devociones. Los contactos culturales en el Mediterr\u00e1neo Occidental&#8221;, celebrado en la Universidad de Alicante el 23 de marzo de 2010.<\/p>\n<p style=\"text-align: justify\"><a title=\"Folleto Hispano-franc\u00e9s\" href=\"https:\/\/blogs.ua.es\/martineztornero\/files\/2013\/09\/Folleto-Hispano-Franc%C3%A9s.jpg\" target=\"_blank\">Visualizar folleto<\/a><\/p>\n<p style=\"text-align: justify\"><span style=\"color: #ffffff\">.<\/span><\/p>\n<p style=\"text-align: justify\"><span style=\"color: #ffffff\">&#8230;. <\/span>2009\/2010<span style=\"color: #ffffff\">&#8230;..<\/span>Miembro de la organizaci\u00f3n del Seminario: &#8220;Los miedos en \u00e9poca moderna&#8221;, coordinado por Inmaculada Fern\u00e1ndez Arrillaga y\u00a0celebrado en la Sede Universitaria Ciudad de Alicante a lo largo del curso 2009\/2010<\/p>\n<p style=\"text-align: justify\"><a title=\"Folleto Miedos\" href=\"https:\/\/blogs.ua.es\/martineztornero\/files\/2013\/09\/miedos.pdf\" target=\"_blank\">Visualizar folleto<\/a><\/p>\n<p style=\"text-align: justify\"><span style=\"color: #ffffff\">.<\/span><\/p>\n<p style=\"text-align: justify\"><span style=\"color: #ffffff\">&#8230;..<\/span>2008\/2009<span style=\"color: #ffffff\">&#8230;..<\/span>Miembro de la organizaci\u00f3n del Seminario: &#8220;Ser mujer en el Antiguo R\u00e9gimen&#8221;, coordinado por Inmaculada Fern\u00e1ndez Arrillaga y celebrado en la Sede Universitaria Ciudad de Alicante a lo largo del curso 2008\/2009<\/p>\n<p style=\"text-align: justify\"><span style=\"color: #ffffff\">.<\/span><\/p>\n","protected":false},"excerpt":{"rendered":"<p>Ponencias y conferencias impartidas &#8230;..2012&#8230;..&#8220;Isabel de Farnesio, insigne protagonista en la corte espa\u00f1ola del siglo XVIII&#8221;, ponencia impartida en el III Congreso Internacional de Estudios Modernistas: Donne: modelli e protagoniste della vita spirituale in et\u00e0 moderna, celebrado en la ciudad de Ravenna entre los d\u00edas 24 y 26 de octubre de 2012. &#8230;. Visualizar blog.. [&hellip;]<\/p>\n","protected":false},"author":1457,"featured_media":0,"parent":0,"menu_order":5,"comment_status":"closed","ping_status":"closed","template":"","meta":{"footnotes":""},"class_list":["post-23","page","type-page","status-publish","hentry"],"_links":{"self":[{"href":"https:\/\/blogs.ua.es\/martineztornero\/wp-json\/wp\/v2\/pages\/23","targetHints":{"allow":["GET"]}}],"collection":[{"href":"https:\/\/blogs.ua.es\/martineztornero\/wp-json\/wp\/v2\/pages"}],"about":[{"href":"https:\/\/blogs.ua.es\/martineztornero\/wp-json\/wp\/v2\/types\/page"}],"author":[{"embeddable":true,"href":"https:\/\/blogs.ua.es\/martineztornero\/wp-json\/wp\/v2\/users\/1457"}],"replies":[{"embeddable":true,"href":"https:\/\/blogs.ua.es\/martineztornero\/wp-json\/wp\/v2\/comments?post=23"}],"version-history":[{"count":43,"href":"https:\/\/blogs.ua.es\/martineztornero\/wp-json\/wp\/v2\/pages\/23\/revisions"}],"predecessor-version":[{"id":498,"href":"https:\/\/blogs.ua.es\/martineztornero\/wp-json\/wp\/v2\/pages\/23\/revisions\/498"}],"wp:attachment":[{"href":"https:\/\/blogs.ua.es\/martineztornero\/wp-json\/wp\/v2\/media?parent=23"}],"curies":[{"name":"wp","href":"https:\/\/api.w.org\/{rel}","templated":true}]}}