{"id":2,"date":"2010-03-04T13:39:52","date_gmt":"2010-03-04T13:39:52","guid":{"rendered":""},"modified":"2010-06-04T18:15:42","modified_gmt":"2010-06-04T18:15:42","slug":"informacion","status":"publish","type":"page","link":"https:\/\/blogs.ua.es\/martinlutero\/informacion\/","title":{"rendered":"Informaci\u00f3n"},"content":{"rendered":"<p style=\"text-align: justify\">Este blog es la parte pr\u00e1ctica de la asignatura Ideas y Movimientos sociales en la Edad Moderna impartida en la carrera de Historia. Tiene como objeto de estudio la figura de Mart\u00edn Lutero. Partiendo de su biograf\u00eda he ido reslatando aquellos aspectos m\u00e1s importantes de su vida que influyeron en la creaci\u00f3n t constituci\u00f3n del movimiento reformista llevado a cabo por Lutero y sus seguidores.<\/p>\n","protected":false},"excerpt":{"rendered":"<p>Este blog es la parte pr\u00e1ctica de la asignatura Ideas y Movimientos sociales en la Edad Moderna impartida en la carrera de Historia. Tiene como objeto de estudio la figura de Mart\u00edn Lutero. Partiendo de su biograf\u00eda he ido reslatando &hellip; <a href=\"https:\/\/blogs.ua.es\/martinlutero\/informacion\/\">Continue reading <span class=\"meta-nav\">&rarr;<\/span><\/a><\/p>\n","protected":false},"author":1669,"featured_media":0,"parent":0,"menu_order":1,"comment_status":"open","ping_status":"open","template":"","meta":{"footnotes":""},"class_list":["post-2","page","type-page","status-publish","hentry"],"_links":{"self":[{"href":"https:\/\/blogs.ua.es\/martinlutero\/wp-json\/wp\/v2\/pages\/2","targetHints":{"allow":["GET"]}}],"collection":[{"href":"https:\/\/blogs.ua.es\/martinlutero\/wp-json\/wp\/v2\/pages"}],"about":[{"href":"https:\/\/blogs.ua.es\/martinlutero\/wp-json\/wp\/v2\/types\/page"}],"author":[{"embeddable":true,"href":"https:\/\/blogs.ua.es\/martinlutero\/wp-json\/wp\/v2\/users\/1669"}],"replies":[{"embeddable":true,"href":"https:\/\/blogs.ua.es\/martinlutero\/wp-json\/wp\/v2\/comments?post=2"}],"version-history":[{"count":5,"href":"https:\/\/blogs.ua.es\/martinlutero\/wp-json\/wp\/v2\/pages\/2\/revisions"}],"predecessor-version":[{"id":51,"href":"https:\/\/blogs.ua.es\/martinlutero\/wp-json\/wp\/v2\/pages\/2\/revisions\/51"}],"wp:attachment":[{"href":"https:\/\/blogs.ua.es\/martinlutero\/wp-json\/wp\/v2\/media?parent=2"}],"curies":[{"name":"wp","href":"https:\/\/api.w.org\/{rel}","templated":true}]}}