{"id":2,"date":"2012-12-07T11:44:24","date_gmt":"2012-12-07T11:44:24","guid":{"rendered":"https:\/\/blogs.ua.es\/masoneriaenalicante\/?page_id=2"},"modified":"2013-01-25T18:16:18","modified_gmt":"2013-01-25T18:16:18","slug":"pagina-ejemplo","status":"publish","type":"page","link":"https:\/\/blogs.ua.es\/masoneriaenalicante\/pagina-ejemplo\/","title":{"rendered":"Introducci\u00f3n"},"content":{"rendered":"<p>En este blog se\u00a0har\u00e1\u00a0referencia a la masoner\u00eda, una instituci\u00f3n con una ideolog\u00eda que defiende la cultura popular y \u00a0el avance en la sociedad del ser humano, son muchos a\u00f1os los que esta organizaci\u00f3n ha estado fomentando esta ideolog\u00eda de hacer el bien para el ser humano.<\/p>\n<p>En Alicante, a lo largo de la historia, han pasado diversos personajes importantes que han pertenecido a este grupo que , recibe el nombre de Logia alicantina Constante Alona, perteneciente al Gran Oriente de Francia.<\/p>\n<p>Desde los inicios de esta organizaci\u00f3n han llegado a realizar numerosas acciones que demuestran su participaci\u00f3n activa para la mejora social, fomento de la libertad e igualdad, por medio de fundaci\u00f3n de colegios para ni\u00f1os desfavorecidos, creaci\u00f3n de campa\u00f1as contra la pena de muerte o la esclavitud.<\/p>\n","protected":false},"excerpt":{"rendered":"<p>En este blog se\u00a0har\u00e1\u00a0referencia a la masoner\u00eda, una instituci\u00f3n con una ideolog\u00eda que defiende la cultura popular y \u00a0el avance en la sociedad del ser humano, son muchos a\u00f1os los que esta organizaci\u00f3n ha estado fomentando esta ideolog\u00eda de hacer el bien para el ser humano. En Alicante, a lo largo de la historia, han [&hellip;]<\/p>\n","protected":false},"author":2971,"featured_media":0,"parent":0,"menu_order":0,"comment_status":"open","ping_status":"open","template":"","meta":{"footnotes":""},"class_list":["post-2","page","type-page","status-publish","hentry"],"_links":{"self":[{"href":"https:\/\/blogs.ua.es\/masoneriaenalicante\/wp-json\/wp\/v2\/pages\/2","targetHints":{"allow":["GET"]}}],"collection":[{"href":"https:\/\/blogs.ua.es\/masoneriaenalicante\/wp-json\/wp\/v2\/pages"}],"about":[{"href":"https:\/\/blogs.ua.es\/masoneriaenalicante\/wp-json\/wp\/v2\/types\/page"}],"author":[{"embeddable":true,"href":"https:\/\/blogs.ua.es\/masoneriaenalicante\/wp-json\/wp\/v2\/users\/2971"}],"replies":[{"embeddable":true,"href":"https:\/\/blogs.ua.es\/masoneriaenalicante\/wp-json\/wp\/v2\/comments?post=2"}],"version-history":[{"count":5,"href":"https:\/\/blogs.ua.es\/masoneriaenalicante\/wp-json\/wp\/v2\/pages\/2\/revisions"}],"predecessor-version":[{"id":34,"href":"https:\/\/blogs.ua.es\/masoneriaenalicante\/wp-json\/wp\/v2\/pages\/2\/revisions\/34"}],"wp:attachment":[{"href":"https:\/\/blogs.ua.es\/masoneriaenalicante\/wp-json\/wp\/v2\/media?parent=2"}],"curies":[{"name":"wp","href":"https:\/\/api.w.org\/{rel}","templated":true}]}}