{"id":84,"date":"2013-01-28T03:45:06","date_gmt":"2013-01-28T03:45:06","guid":{"rendered":"https:\/\/blogs.ua.es\/masoneriaenalicante\/?page_id=84"},"modified":"2013-01-28T03:45:06","modified_gmt":"2013-01-28T03:45:06","slug":"metodologia","status":"publish","type":"page","link":"https:\/\/blogs.ua.es\/masoneriaenalicante\/metodologia\/","title":{"rendered":"Metodolog\u00eda"},"content":{"rendered":"<p>Este blog ha sido creado mediante la b\u00fasqueda de informaci\u00f3n y la redacci\u00f3n a partir de esta, en cada entrada se ha creado un enlace que engancha directamente con la p\u00e1gina en la cual se ha\u00a0extra\u00eddola informaci\u00f3n y a partir de la cual se ha redactado un peque\u00f1o informe sobre ella.<\/p>\n","protected":false},"excerpt":{"rendered":"<p>Este blog ha sido creado mediante la b\u00fasqueda de informaci\u00f3n y la redacci\u00f3n a partir de esta, en cada entrada se ha creado un enlace que engancha directamente con la p\u00e1gina en la cual se ha\u00a0extra\u00eddola informaci\u00f3n y a partir de la cual se ha redactado un peque\u00f1o informe sobre ella.<\/p>\n","protected":false},"author":2971,"featured_media":0,"parent":0,"menu_order":0,"comment_status":"open","ping_status":"open","template":"","meta":{"footnotes":""},"class_list":["post-84","page","type-page","status-publish","hentry"],"_links":{"self":[{"href":"https:\/\/blogs.ua.es\/masoneriaenalicante\/wp-json\/wp\/v2\/pages\/84","targetHints":{"allow":["GET"]}}],"collection":[{"href":"https:\/\/blogs.ua.es\/masoneriaenalicante\/wp-json\/wp\/v2\/pages"}],"about":[{"href":"https:\/\/blogs.ua.es\/masoneriaenalicante\/wp-json\/wp\/v2\/types\/page"}],"author":[{"embeddable":true,"href":"https:\/\/blogs.ua.es\/masoneriaenalicante\/wp-json\/wp\/v2\/users\/2971"}],"replies":[{"embeddable":true,"href":"https:\/\/blogs.ua.es\/masoneriaenalicante\/wp-json\/wp\/v2\/comments?post=84"}],"version-history":[{"count":2,"href":"https:\/\/blogs.ua.es\/masoneriaenalicante\/wp-json\/wp\/v2\/pages\/84\/revisions"}],"predecessor-version":[{"id":86,"href":"https:\/\/blogs.ua.es\/masoneriaenalicante\/wp-json\/wp\/v2\/pages\/84\/revisions\/86"}],"wp:attachment":[{"href":"https:\/\/blogs.ua.es\/masoneriaenalicante\/wp-json\/wp\/v2\/media?parent=84"}],"curies":[{"name":"wp","href":"https:\/\/api.w.org\/{rel}","templated":true}]}}