{"id":2,"date":"2017-12-01T09:54:30","date_gmt":"2017-12-01T09:54:30","guid":{"rendered":"https:\/\/blogs.ua.es\/masteringenierogeologo\/?page_id=2"},"modified":"2019-03-25T12:16:55","modified_gmt":"2019-03-25T12:16:55","slug":"pagina-ejemplo","status":"publish","type":"page","link":"https:\/\/blogs.ua.es\/masteringenierogeologo\/pagina-ejemplo\/","title":{"rendered":"El MIG"},"content":{"rendered":"<h1>Presentaci\u00f3n del M\u00e1ster en Ingenier\u00eda Geol\u00f3gica<\/h1>\n<p>La Ingenier\u00eda Geol\u00f3gica es la disciplina que estudia los factores geol\u00f3gicos y geot\u00e9cnicos que intervienen en la localizaci\u00f3n, dise\u00f1o, construcci\u00f3n y mantenimiento de los trabajos de ingenier\u00eda. Es decir, los Ingenieros Ge\u00f3logos tienen un conocimiento pleno de la interacci\u00f3n entre la Ingenier\u00eda y el medio geol\u00f3gico.<\/p>\n<p>La Ingenier\u00eda Geol\u00f3gica (Geological Engineering) es una disciplina tecnol\u00f3gica reconocida a nivel mundial que cuenta con gran tradici\u00f3n en muchos pa\u00edses desarrollados europeos, tales como Francia, B\u00e9lgica, Alemania, Portugal, Polonia o Grecia, as\u00ed como en pa\u00edses del resto del mundo tales como Estados Unidos, Canad\u00e1, M\u00e9xico, Jap\u00f3n o Australia, existiendo como titulaci\u00f3n universitaria diferenciada en Francia desde 1908 (\u00c9cole Nationale Sup\u00e9riere de G\u00e9ologie) y en EE.UU. desde 1920 (Colorado School of Mines). En Espa\u00f1a, su implantaci\u00f3n como titulaci\u00f3n universitaria data de 1990, pasando a la categor\u00eda de ense\u00f1anza universitaria oficial en 1999.<\/p>\n<p>El M\u00e1ster Universitario en Ingenier\u00eda Geol\u00f3gica tiene como objetivo la capacitaci\u00f3n cient\u00edfico-t\u00e9cnica y metodol\u00f3gica para el ejercicio de las funciones profesionales de asesor\u00eda, an\u00e1lisis, dise\u00f1o, c\u00e1lculo, proyecto, planificaci\u00f3n, direcci\u00f3n, gesti\u00f3n, construcci\u00f3n, mantenimiento, conservaci\u00f3n y explotaci\u00f3n de obras, instalaciones y actuaciones realizadas en el \u00e1mbito de la Ingenier\u00eda Geol\u00f3gica y sus sectores afines, tales como la ingenier\u00eda geot\u00e9cnica, ingenier\u00eda ambiental, recursos naturales, ordenaci\u00f3n del territorio y riesgos naturales.<\/p>\n<p><a class=\"e_externa\" href=\"https:\/\/www.educacion.gob.es\/ruct\/estudiouniversidad.action?codigoCiclo=SC&amp;codigoEstudio=4313389&amp;actual=universidad\">M\u00e1ster Universitario en Ingenier\u00eda Geol\u00f3gica por la Universidad de Alicante (RUTC).<\/a><\/p>\n<p>Los Ingenieros Ge\u00f3logos son competentes para dirigir y gestionar la organizaci\u00f3n del trabajo y los recursos humanos, realizar y gestionar la investigaci\u00f3n, desarrollo e innovaci\u00f3n tecnol\u00f3gica, dirigir y supervisar todo tipo de actuaciones, obras, instalaciones, procesos, sistemas y servicios de las diferentes \u00e1reas de conocimiento relacionadas con la Ingenier\u00eda Geol\u00f3gica, proyectar, ejecutar, dirigir e inspeccionar obras y estructuras geot\u00e9cnicas (estructuras de contenci\u00f3n del terreno, cimentaciones superficiales y profundas, actuaciones especiales, obras de tierra, desmontes y vaciados, diques y presas de tierra, obras subterr\u00e1neas, obras de refuerzo, mejora y acondicionamiento del terreno, estabilizaci\u00f3n de taludes y laderas, etc.), redacci\u00f3n de estudios geot\u00e9cnicos y de caracterizaci\u00f3n del terreno, estudios hidrol\u00f3gicos e hidrogeol\u00f3gicos, dise\u00f1ar, ejecutar, gestionar e inspeccionar obras de captaci\u00f3n de aguas subterr\u00e1neas, evaluar y mitigar los riesgos naturales, realizar estudios y proyectos de intervenci\u00f3n en obras e infraestructuras afectadas por patolog\u00edas de naturaleza geol\u00f3gica\/geot\u00e9cnica, ordenar y gestionar de forma sostenible el territorio, proyectar, ejecutar y dirigir actuaciones orientadas al tratamiento y almacenamiento de residuos, evaluar de impacto ambiental sobre el medio geol\u00f3gico e hidrogeol\u00f3gico, actuaciones en estructuras sismorresistentes, realizar estudios de caracterizaci\u00f3n y zonificaci\u00f3n s\u00edsmica del terreno, as\u00ed como el aprovechamiento econ\u00f3mico de los materiales geol\u00f3gicos.<\/p>\n<p>El M\u00e1ster en Ingenier\u00eda Geol\u00f3gica presenta una gran empleabilidad en el mercado laboral nacional e internacional, con una tasa actual de paro reducida y siendo las <strong>salidas profesionales<\/strong> m\u00e1s habituales:<\/p>\n<ul>\n<li>Consultor\u00eda de Ingenier\u00eda<\/li>\n<li>Construcci\u00f3n<\/li>\n<li>Cimentaciones Especiales<\/li>\n<li>Laboratorios de Geotecnia y Control de Calidad<\/li>\n<li>Organismos de Control T\u00e9cnico (OCT)<\/li>\n<li>Prospecci\u00f3n de Recursos Naturales<\/li>\n<li>Evaluaci\u00f3n y Regeneraci\u00f3n Medioambiental<\/li>\n<li>Servicios de Cartograf\u00eda Tem\u00e1tica y SIG<\/li>\n<li>Gesti\u00f3n de Recursos H\u00eddricos<\/li>\n<li>Tratamiento y Gesti\u00f3n de Residuos<\/li>\n<li>Investigaci\u00f3n y Desarrollo<\/li>\n<li>Cualquier Empresa Af\u00edn a las anteriores o relacionada con las Competencias Profesionales del Ingeniero Ge\u00f3logo.<\/li>\n<\/ul>\n<p><strong>El perfil profesional permite completar la formaci\u00f3n t\u00e9cnica<\/strong> de los titulados en el \u00e1mbito de la Ingenier\u00eda Geol\u00f3gica, as\u00ed como de los Ingenieros Civiles e Ingenieros de Obras P\u00fablicas. <strong>El perfil investigador posibilita el acceso a Programas de Doctorado<\/strong> y otros postgrados de car\u00e1cter profesional y\/o de investigaci\u00f3n atendiendo a la normativa vigente para la realizaci\u00f3n de Tesis Doctorales.<\/p>\n<p>Seg\u00fan indica la<strong> Orden Ministerial<\/strong>, los estudios son de<strong> 90 cr\u00e9ditos ECTS<\/strong>, organizados en dos cursos acad\u00e9micos de <strong>Tres Semestres<\/strong>, y finalizando con la defensa, ante <strong>Tribunal Universitario<\/strong>, del<strong> Trabajo Fin de M\u00e1ster.<\/strong><\/p>\n<p>El <strong>horario<\/strong> es de tarde tanto para el primer como para segundo curso, de Lunes a Jueves en ambos casos, permitiendo de esta forma su compatibilidad con la actividad profesional de aquellos alumnos que la requieran. Adem\u00e1s existe la posibilidad de matriculaci\u00f3n a tiempo parcial que permite realizar la matr\u00edcula de menos asignaturas en cada curso acad\u00e9mico.<\/p>\n","protected":false},"excerpt":{"rendered":"<p>Presentaci\u00f3n del M\u00e1ster en Ingenier\u00eda Geol\u00f3gica La Ingenier\u00eda Geol\u00f3gica es la disciplina que estudia los factores geol\u00f3gicos y geot\u00e9cnicos que intervienen en la localizaci\u00f3n, dise\u00f1o, construcci\u00f3n y mantenimiento de los trabajos de ingenier\u00eda. Es decir, los Ingenieros Ge\u00f3logos tienen un conocimiento pleno de la interacci\u00f3n entre la Ingenier\u00eda y el medio geol\u00f3gico. La Ingenier\u00eda Geol\u00f3gica &hellip; <\/p>\n<p class=\"link-more\"><a href=\"https:\/\/blogs.ua.es\/masteringenierogeologo\/pagina-ejemplo\/\" class=\"more-link\">Continue reading<span class=\"screen-reader-text\"> &#8220;El MIG&#8221;<\/span><\/a><\/p>\n","protected":false},"author":4288,"featured_media":0,"parent":0,"menu_order":0,"comment_status":"closed","ping_status":"open","template":"","meta":{"footnotes":""},"class_list":["post-2","page","type-page","status-publish","hentry"],"_links":{"self":[{"href":"https:\/\/blogs.ua.es\/masteringenierogeologo\/wp-json\/wp\/v2\/pages\/2","targetHints":{"allow":["GET"]}}],"collection":[{"href":"https:\/\/blogs.ua.es\/masteringenierogeologo\/wp-json\/wp\/v2\/pages"}],"about":[{"href":"https:\/\/blogs.ua.es\/masteringenierogeologo\/wp-json\/wp\/v2\/types\/page"}],"author":[{"embeddable":true,"href":"https:\/\/blogs.ua.es\/masteringenierogeologo\/wp-json\/wp\/v2\/users\/4288"}],"replies":[{"embeddable":true,"href":"https:\/\/blogs.ua.es\/masteringenierogeologo\/wp-json\/wp\/v2\/comments?post=2"}],"version-history":[{"count":3,"href":"https:\/\/blogs.ua.es\/masteringenierogeologo\/wp-json\/wp\/v2\/pages\/2\/revisions"}],"predecessor-version":[{"id":158,"href":"https:\/\/blogs.ua.es\/masteringenierogeologo\/wp-json\/wp\/v2\/pages\/2\/revisions\/158"}],"wp:attachment":[{"href":"https:\/\/blogs.ua.es\/masteringenierogeologo\/wp-json\/wp\/v2\/media?parent=2"}],"curies":[{"name":"wp","href":"https:\/\/api.w.org\/{rel}","templated":true}]}}