{"id":25,"date":"2017-12-01T10:22:10","date_gmt":"2017-12-01T10:22:10","guid":{"rendered":"https:\/\/blogs.ua.es\/masteringenierogeologo\/?page_id=25"},"modified":"2019-06-19T09:39:44","modified_gmt":"2019-06-19T09:39:44","slug":"acerca-de","status":"publish","type":"page","link":"https:\/\/blogs.ua.es\/masteringenierogeologo\/pagina-ejemplo\/acerca-de\/","title":{"rendered":"Acerca de"},"content":{"rendered":"<h1>\u00bfQu\u00e9 es esto?<\/h1>\n<p>Este es el blog del <a href=\"https:\/\/eps.ua.es\/es\/master-ingenieria-geologica\/\">M\u00e1ster Universitario de Ingenier\u00eda Geol\u00f3gica<\/a> (MIG) de la <a href=\"http:\/\/www.ua.es\">Universidad de Alicante<\/a> (Espa\u00f1a). Es un m\u00e1ster oficial con acreditaci\u00f3n <a href=\"http:\/\/srv.aneca.es\/ListadoTitulos\/sites\/default\/files\/informes\/verificacion\/InformeFinal_4988-2012.pdf\">favorable<\/a> por la <a href=\"http:\/\/www.aneca.es\/\">ANECA<\/a>, con todo las ventajas que ello conlleva.<\/p>\n<h1>\u00bfQui\u00e9n ha creado este blog?<\/h1>\n<p>El blog ha sido creado por docentes e investigadores del Area de Ingenier\u00eda del Terreno del <a href=\"https:\/\/dic.ua.es\/\">Departamento de Ingenier\u00eda Civil<\/a>.<\/p>\n<h1>\u00bfQu\u00e9 finalidad tiene este blog?<\/h1>\n<p>La finalidad es la de dar difusi\u00f3n las actividades llevadas a cabo en el m\u00e1ster tanto por los alumnos como por los docentes e investigadores del \u00e1rea. Igualmente, esta p\u00e1gina tambi\u00e9n pretende dar a conocer la titulaci\u00f3n a los interesados en formarse en el campo de la Ingenier\u00eda Geol\u00f3gica.<\/p>\n<h1>\u00bfD\u00f3nde se imparte este m\u00e1ster?<\/h1>\n<p>En la <a href=\"http:\/\/eps.ua.es\">Escuela Polit\u00e9cnica Superior<\/a> (EPS) de la <a href=\"http:\/\/www.ua.es\">Universidad de Alicante<\/a> (UA) en Alicante, Espa\u00f1a. Si quieres verlo en Google Maps, mira <a href=\"https:\/\/www.google.es\/maps\/@38.384203,-0.5119426,1449m\/data=!3m1!1e3?hl=es\">aqu\u00ed<\/a>.<\/p>\n<h1>Vale, y \u00bfcu\u00e1nto dura y cu\u00e1nto vale hacerlo?<\/h1>\n<p>La docencia del MIG es presencial y se estructura en 3 semestres con un total de 90 cr\u00e9ditos <a href=\"https:\/\/es.wikipedia.org\/wiki\/European_Credit_Transfer_and_Accumulation_System\">ECTS<\/a>.\u00a0 Puesto que el m\u00e1ster es oficial en una Universidad p\u00fablica, el cr\u00e9dito tiene un coste de<a href=\"https:\/\/web.ua.es\/es\/oia\/acceso-preinscripcion-y-matricula\/matricula\/tasas-universitarias.html\"> 23,85\u20ac<\/a> por lo que, en primera matr\u00edcula, la matr\u00edcula de todo el m\u00e1ster tendr\u00eda un coste de 2146,50\u20ac.<\/p>\n<h1>\u00bfD\u00f3nde puedo encontrar m\u00e1s informaci\u00f3n de este m\u00e1ster?<\/h1>\n<p>Aqu\u00ed: https:\/\/eps.ua.es\/es\/master-ingenieria-geologica\/<\/p>\n<p>Adem\u00e1s, puedes ver este video en el que se da una visi\u00f3n global:<\/p>\n<p><iframe loading=\"lazy\" title=\"Presentaci\u00f3n del M\u00e1ster Universitario en Ingenier\u00eda Geol\u00f3gica\" width=\"525\" height=\"394\" src=\"https:\/\/www.youtube.com\/embed\/5CZq0Bwd2Ec?feature=oembed\" frameborder=\"0\" allow=\"accelerometer; autoplay; clipboard-write; encrypted-media; gyroscope; picture-in-picture; web-share\" referrerpolicy=\"strict-origin-when-cross-origin\" allowfullscreen><\/iframe><\/p>\n<h1>\u00bfC\u00f3mo puedo contactar con vosotros?<\/h1>\n<p>La forma m\u00e1s f\u00e1cil es a trav\u00e9s de la secretar\u00eda del Departamento:<\/p>\n<p>email: <a href=\"mailto:dic@ua.es\">dic@ua.es<\/a><\/p>\n<p>Tel: +34 96 590 3707<\/p>\n","protected":false},"excerpt":{"rendered":"<p>\u00bfQu\u00e9 es esto? Este es el blog del M\u00e1ster Universitario de Ingenier\u00eda Geol\u00f3gica (MIG) de la Universidad de Alicante (Espa\u00f1a). Es un m\u00e1ster oficial con acreditaci\u00f3n favorable por la ANECA, con todo las ventajas que ello conlleva. \u00bfQui\u00e9n ha creado este blog? El blog ha sido creado por docentes e investigadores del Area de Ingenier\u00eda &hellip; <\/p>\n<p class=\"link-more\"><a href=\"https:\/\/blogs.ua.es\/masteringenierogeologo\/pagina-ejemplo\/acerca-de\/\" class=\"more-link\">Continue reading<span class=\"screen-reader-text\"> &#8220;Acerca de&#8221;<\/span><\/a><\/p>\n","protected":false},"author":4288,"featured_media":0,"parent":2,"menu_order":0,"comment_status":"closed","ping_status":"closed","template":"","meta":{"footnotes":""},"class_list":["post-25","page","type-page","status-publish","hentry"],"_links":{"self":[{"href":"https:\/\/blogs.ua.es\/masteringenierogeologo\/wp-json\/wp\/v2\/pages\/25","targetHints":{"allow":["GET"]}}],"collection":[{"href":"https:\/\/blogs.ua.es\/masteringenierogeologo\/wp-json\/wp\/v2\/pages"}],"about":[{"href":"https:\/\/blogs.ua.es\/masteringenierogeologo\/wp-json\/wp\/v2\/types\/page"}],"author":[{"embeddable":true,"href":"https:\/\/blogs.ua.es\/masteringenierogeologo\/wp-json\/wp\/v2\/users\/4288"}],"replies":[{"embeddable":true,"href":"https:\/\/blogs.ua.es\/masteringenierogeologo\/wp-json\/wp\/v2\/comments?post=25"}],"version-history":[{"count":7,"href":"https:\/\/blogs.ua.es\/masteringenierogeologo\/wp-json\/wp\/v2\/pages\/25\/revisions"}],"predecessor-version":[{"id":160,"href":"https:\/\/blogs.ua.es\/masteringenierogeologo\/wp-json\/wp\/v2\/pages\/25\/revisions\/160"}],"up":[{"embeddable":true,"href":"https:\/\/blogs.ua.es\/masteringenierogeologo\/wp-json\/wp\/v2\/pages\/2"}],"wp:attachment":[{"href":"https:\/\/blogs.ua.es\/masteringenierogeologo\/wp-json\/wp\/v2\/media?parent=25"}],"curies":[{"name":"wp","href":"https:\/\/api.w.org\/{rel}","templated":true}]}}