{"id":2,"date":"2010-10-04T12:56:18","date_gmt":"2010-10-04T12:56:18","guid":{"rendered":""},"modified":"2010-10-04T13:29:26","modified_gmt":"2010-10-04T13:29:26","slug":"informacion","status":"publish","type":"page","link":"https:\/\/blogs.ua.es\/matematiqueando\/informacion\/","title":{"rendered":"Informaci\u00f3n"},"content":{"rendered":"<p>Matematiqueando es un blog realizado con la herramienta blogsUA cuyo objetivo es ayudar tanto a recordar conceptos conocidos como aprender nuevos en el \u00e1mbito de la <strong>L\u00f3gica Computacional<\/strong> y de la <strong>Matem\u00e1tica Discreta<\/strong>, ambos reunidos en la asignatura <span style=\"text-decoration: underline\"><em>Matem\u00e1ticas I<\/em><\/span> del grado de Ingenier\u00eda Multimedia.<\/p>\n<p>En este blog se ir\u00e1n publicando de forma continuada nuevas entradas seg\u00fan demos contenidso en clase de teor\u00eda o pr\u00e1cticas, as\u00ed como tambi\u00e9n notas apuntando ejercicios y consejos para mejorar el entendimiento de \u00e9sta asignatura.<\/p>\n","protected":false},"excerpt":{"rendered":"<p>Matematiqueando es un blog realizado con la herramienta blogsUA cuyo objetivo es ayudar tanto a recordar conceptos conocidos como aprender nuevos en el \u00e1mbito de la L\u00f3gica Computacional y de la Matem\u00e1tica Discreta, ambos reunidos en la asignatura Matem\u00e1ticas I del grado de Ingenier\u00eda Multimedia. En este blog se ir\u00e1n publicando de forma continuada nuevas [&hellip;]<\/p>\n","protected":false},"author":1853,"featured_media":0,"parent":0,"menu_order":0,"comment_status":"open","ping_status":"open","template":"","meta":{"footnotes":""},"class_list":["post-2","page","type-page","status-publish","hentry"],"_links":{"self":[{"href":"https:\/\/blogs.ua.es\/matematiqueando\/wp-json\/wp\/v2\/pages\/2","targetHints":{"allow":["GET"]}}],"collection":[{"href":"https:\/\/blogs.ua.es\/matematiqueando\/wp-json\/wp\/v2\/pages"}],"about":[{"href":"https:\/\/blogs.ua.es\/matematiqueando\/wp-json\/wp\/v2\/types\/page"}],"author":[{"embeddable":true,"href":"https:\/\/blogs.ua.es\/matematiqueando\/wp-json\/wp\/v2\/users\/1853"}],"replies":[{"embeddable":true,"href":"https:\/\/blogs.ua.es\/matematiqueando\/wp-json\/wp\/v2\/comments?post=2"}],"version-history":[{"count":2,"href":"https:\/\/blogs.ua.es\/matematiqueando\/wp-json\/wp\/v2\/pages\/2\/revisions"}],"predecessor-version":[{"id":5,"href":"https:\/\/blogs.ua.es\/matematiqueando\/wp-json\/wp\/v2\/pages\/2\/revisions\/5"}],"wp:attachment":[{"href":"https:\/\/blogs.ua.es\/matematiqueando\/wp-json\/wp\/v2\/media?parent=2"}],"curies":[{"name":"wp","href":"https:\/\/api.w.org\/{rel}","templated":true}]}}