{"id":1066,"date":"2020-02-06T09:35:01","date_gmt":"2020-02-06T08:35:01","guid":{"rendered":"https:\/\/blogs.ua.es\/matesfacil\/?page_id=1066"},"modified":"2020-02-06T09:38:46","modified_gmt":"2020-02-06T08:38:46","slug":"rectas-paralelas","status":"publish","type":"page","link":"https:\/\/blogs.ua.es\/matesfacil\/secundaria-geometria\/rectas\/rectas-paralelas\/","title":{"rendered":"Rectas paralelas"},"content":{"rendered":"<p>La ecuaci\u00f3n de una recta del plano es<\/p>\n<p align=\"center\"><a href=\"https:\/\/www.problemasyecuaciones.com\/geometria2D\/paralelas-perpendiculares\/rectas-paralelas-perpendiculares-ejemplos-problemas-resueltos.html\"><img loading=\"lazy\" decoding=\"async\" class=\"alignnone\" title=\"y = m\u00b7x + n\" src=\"https:\/\/www.problemasyecuaciones.com\/geometria2D\/recta-puntos\/T0.png\" alt=\"Explicamos c\u00f3mo calcular la recta que une dos puntos del plano real y c\u00f3mo saber si tres puntos est\u00e1n alineados. Con ejemplos y problemas resueltos paso a paso. ESO. Geometr\u00eda plana.\" width=\"128\" height=\"18\" \/><\/a><\/p>\n<ul>\n<li>el coeficiente <em>m<\/em> es la\u00a0<strong>pendiente<\/strong>\u00a0de la recta<\/li>\n<li>y <em>n<\/em> es la\u00a0<strong>ordenada<\/strong>\u00a0en el origen.<\/li>\n<\/ul>\n<p>El valor de la pendiente, <em>m<\/em>, es la causa de un mayor o menor crecimiento.<\/p>\n<h2><strong>Ejemplo 1<\/strong><\/h2>\n<p>La recta <em>y = 2x+1<\/em> crece m\u00e1s r\u00e1pido que <em>y = x+1<\/em> porque tiene una pendiente mayor:<\/p>\n<p align=\"center\"><a href=\"https:\/\/www.problemasyecuaciones.com\/geometria2D\/paralelas-perpendiculares\/rectas-paralelas-perpendiculares-ejemplos-problemas-resueltos.html\"><img decoding=\"async\" title=\"representaci\u00f3n de las rectas y = x+1 e y = 2x+1\" src=\"https:\/\/www.problemasyecuaciones.com\/geometria2D\/paralelas-perpendiculares\/G1.png\" alt=\"Explicamos cu\u00e1ndo dos rectas son paralelas o perpendiculares atendiendo a su pendiente. Con ejemplos y problemas resueltos paso a paso. ESO. Secundaria. Geometr\u00eda plana. Matem\u00e1ticas.\" \/><\/a><\/p>\n<p style=\"text-align: left\" align=\"center\">Si dos rectas tienen id\u00e9ntico crecimiento, es decir, igual pendiente, entonces nunca se cortan.<\/p>\n<blockquote>\n<p align=\"center\">Dos rectas son <strong>paralelas<\/strong> si no se cortan entre s\u00ed, es decir, si tienen la misma pendiente.<\/p>\n<\/blockquote>\n<h2 style=\"text-align: left\" align=\"center\"><strong>Ejemplo 2<\/strong><\/h2>\n<p>Las rectas <em>y = 2x+1<\/em> e <em>y = 2x-1<\/em> son paralelas. Observad que tienen la misma pendiente, <em>m = 2<\/em>:<\/p>\n<p align=\"center\"><a href=\"https:\/\/www.problemasyecuaciones.com\/geometria2D\/paralelas-perpendiculares\/rectas-paralelas-perpendiculares-ejemplos-problemas-resueltos.html\"><img decoding=\"async\" title=\"representaci\u00f3n de las rectas paralelas y = 2x+1 e y = 2x-1\" src=\"https:\/\/www.problemasyecuaciones.com\/geometria2D\/paralelas-perpendiculares\/G3.png\" alt=\"Explicamos cu\u00e1ndo dos rectas son paralelas o perpendiculares atendiendo a su pendiente. Con ejemplos y problemas resueltos paso a paso. ESO. Secundaria. Geometr\u00eda plana. Matem\u00e1ticas.\" \/><\/a><\/p>\n<p style=\"text-align: left\" align=\"center\"><strong>Problemas relacionados:<\/strong><\/p>\n<ul>\n<li style=\"text-align: left\"><a href=\"https:\/\/www.matesfacil.com\/ESO\/rectasparabolas\/problemas-resueltos-rectas-parabolas.html\">Rectas y par\u00e1bolas<\/a><\/li>\n<li style=\"text-align: left\"><a href=\"https:\/\/www.problemasyecuaciones.com\/funciones\/lineales\/funcion-lineal-problemas-resueltos-grafica-pendiente-interseccion-ejes-paralelas.html\">Funciones lineales (rectas)<\/a><\/li>\n<li style=\"text-align: left\"><a href=\"https:\/\/www.problemasyecuaciones.com\/geometria2D\/recta-puntos\/recta-une-dos-puntos-alineados-ejemplos-problemas-resueltos.html\">Recta que une dos puntos<\/a><\/li>\n<li style=\"text-align: left\"><a href=\"https:\/\/www.problemasyecuaciones.com\/geometria2D\/paralelas-perpendiculares\/rectas-paralelas-perpendiculares-ejemplos-problemas-resueltos.html\">Rectas paralelas y perpendiculares<\/a><\/li>\n<li style=\"text-align: left\"><a href=\"https:\/\/www.problemasyecuaciones.com\/geometria2D\/interseccion\/rectas-parabolas-interseccion-punto-ejemplos-problemas-resueltos.html\">Intersecci\u00f3n de rectas y par\u00e1bolas<\/a><\/li>\n<\/ul>\n","protected":false},"excerpt":{"rendered":"<p>La ecuaci\u00f3n de una recta del plano es el coeficiente m es la\u00a0pendiente\u00a0de la recta y n es la\u00a0ordenada\u00a0en el origen. El valor de la pendiente, m, es la causa de un mayor o menor crecimiento. Ejemplo 1 La recta y = 2x+1 crece m\u00e1s r\u00e1pido que y = x+1 porque tiene una pendiente mayor: &hellip; <\/p>\n<p class=\"link-more\"><a href=\"https:\/\/blogs.ua.es\/matesfacil\/secundaria-geometria\/rectas\/rectas-paralelas\/\" class=\"more-link\">Continue reading<span class=\"screen-reader-text\"> &#8220;Rectas paralelas&#8221;<\/span><\/a><\/p>\n","protected":false},"author":4324,"featured_media":0,"parent":1045,"menu_order":0,"comment_status":"closed","ping_status":"closed","template":"","meta":{"footnotes":""},"class_list":["post-1066","page","type-page","status-publish","hentry"],"_links":{"self":[{"href":"https:\/\/blogs.ua.es\/matesfacil\/wp-json\/wp\/v2\/pages\/1066","targetHints":{"allow":["GET"]}}],"collection":[{"href":"https:\/\/blogs.ua.es\/matesfacil\/wp-json\/wp\/v2\/pages"}],"about":[{"href":"https:\/\/blogs.ua.es\/matesfacil\/wp-json\/wp\/v2\/types\/page"}],"author":[{"embeddable":true,"href":"https:\/\/blogs.ua.es\/matesfacil\/wp-json\/wp\/v2\/users\/4324"}],"replies":[{"embeddable":true,"href":"https:\/\/blogs.ua.es\/matesfacil\/wp-json\/wp\/v2\/comments?post=1066"}],"version-history":[{"count":3,"href":"https:\/\/blogs.ua.es\/matesfacil\/wp-json\/wp\/v2\/pages\/1066\/revisions"}],"predecessor-version":[{"id":1072,"href":"https:\/\/blogs.ua.es\/matesfacil\/wp-json\/wp\/v2\/pages\/1066\/revisions\/1072"}],"up":[{"embeddable":true,"href":"https:\/\/blogs.ua.es\/matesfacil\/wp-json\/wp\/v2\/pages\/1045"}],"wp:attachment":[{"href":"https:\/\/blogs.ua.es\/matesfacil\/wp-json\/wp\/v2\/media?parent=1066"}],"curies":[{"name":"wp","href":"https:\/\/api.w.org\/{rel}","templated":true}]}}