{"id":124,"date":"2018-10-10T19:00:24","date_gmt":"2018-10-10T18:00:24","guid":{"rendered":"https:\/\/blogs.ua.es\/matesfacil\/?page_id=124"},"modified":"2019-09-19T18:13:56","modified_gmt":"2019-09-19T17:13:56","slug":"metodo-de-reduccion","status":"publish","type":"page","link":"https:\/\/blogs.ua.es\/matesfacil\/secundaria\/ecuaciones\/metodo-de-reduccion\/","title":{"rendered":"M\u00e9todo de reducci\u00f3n"},"content":{"rendered":"<p style=\"text-align: justify\">En esta p\u00e1gina vamos a explicar el m\u00e9todo de reducci\u00f3n para resolver un sistema de ecuaciones lineales.<\/p>\n<p style=\"text-align: justify\">Normalmente, elegimos este m\u00e9todo cuando una de las inc\u00f3gnitas tiene el mismo coeficiente, pero de signo distinto, en ambas ecuaciones.<\/p>\n<p style=\"text-align: justify\">El <strong>m\u00e9todo de reducci\u00f3n<\/strong>\u00a0consiste en operar con las ecuaciones como, por ejemplo, sumar o restar ambas ecuaciones, de modo que una de las inc\u00f3gnitas desaparezca. As\u00ed, obtenemos una ecuaci\u00f3n con una sola inc\u00f3gnita.<\/p>\n<p>\u00a0Veamos un ejemplo:<\/p>\n<p><a href=\"https:\/\/www.problemasyecuaciones.com\/Ecuaciones\/sistemas\/metodos-resolucion-sistemas-sustitucion-igualacion-reduccion-ejemplos.html\"><img loading=\"lazy\" decoding=\"async\" class=\"aligncenter\" src=\"https:\/\/www.problemasyecuaciones.com\/Ecuaciones\/sistemas\/T8.png\" alt=\"\" width=\"126\" height=\"46\" \/><\/a><\/p>\n<p>1. Escogemos una inc\u00f3gnita a eliminar: la <em>y<\/em>.<\/p>\n<p>2. Sus coeficientes son -1 en la primera ecuaci\u00f3n y 1 en la segunda.\u00a0Como son iguales y de signo contrario, sumaremos las ecuaciones para que desaparezca la inc\u00f3gnita.<\/p>\n<p>3. Sumamos las ecuaciones para eliminar la <em>y<\/em>:<\/p>\n<p><a href=\"https:\/\/www.problemasyecuaciones.com\/Ecuaciones\/sistemas\/metodos-resolucion-sistemas-sustitucion-igualacion-reduccion-ejemplos.html\"><img loading=\"lazy\" decoding=\"async\" class=\"aligncenter\" src=\"https:\/\/www.problemasyecuaciones.com\/Ecuaciones\/sistemas\/T9.png\" alt=\"\" width=\"145\" height=\"80\" \/><\/a><\/p>\n<p>4. Resolvemos la ecuaci\u00f3n obtenida:<\/p>\n<p><a href=\"https:\/\/www.problemasyecuaciones.com\/Ecuaciones\/sistemas\/metodos-resolucion-sistemas-sustitucion-igualacion-reduccion-ejemplos.html\"><img loading=\"lazy\" decoding=\"async\" class=\"aligncenter\" src=\"https:\/\/www.problemasyecuaciones.com\/Ecuaciones\/sistemas\/T10.png\" alt=\"\" width=\"102\" height=\"93\" \/><\/a><\/p>\n<p>5.\u00a0Calculamos la otra inc\u00f3gnita sustituyendo: sustituimos la inc\u00f3gnita <em>x<\/em> por 7 en alguna de las ecuaciones y la resolvemos:<\/p>\n<p><a href=\"https:\/\/www.ecuacionesresueltas.com\/sistemas\/nivel-3\/sistemas-ecuaciones-metodo-reduccion-explicado-ejemplos.html\"><img loading=\"lazy\" decoding=\"async\" class=\"aligncenter\" src=\"https:\/\/www.problemasyecuaciones.com\/Ecuaciones\/sistemas\/T11.png\" alt=\"\" width=\"115\" height=\"101\" \/><\/a><\/p>\n<p>La soluci\u00f3n del sistema es<\/p>\n<p><a href=\"https:\/\/www.ecuacionesresueltas.com\/sistemas\/nivel-3\/sistemas-ecuaciones-metodo-reduccion-explicado-ejemplos.html\"><img loading=\"lazy\" decoding=\"async\" class=\"aligncenter\" src=\"https:\/\/www.problemasyecuaciones.com\/Ecuaciones\/sistemas\/T12.png\" alt=\"\" width=\"62\" height=\"45\" \/><\/a><\/p>\n<p><strong>Nota:<\/strong>\u00a0si ninguna de las inc\u00f3gnitas tiene el mismo coeficiente, podemos multiplicar cada ecuaci\u00f3n por el n\u00famero distinto de 0 que sea necesario para conseguirlo.<\/p>\n<p><strong>Recursos:\u00a0<\/strong><\/p>\n<ul>\n<li><a href=\"https:\/\/www.matesfacil.com\/ESO\/Ecuaciones\/resueltos-sistemas-ecuaciones.html\">M\u00e9todos para resolver sistemas<\/a> (1)<\/li>\n<li><a href=\"https:\/\/www.problemasyecuaciones.com\/Ecuaciones\/sistemas\/metodos-resolucion-sistemas-sustitucion-igualacion-reduccion-ejemplos.html\">M\u00e9todos para resolver sistemas<\/a> (2)<\/li>\n<li><a href=\"https:\/\/www.calcularporcentajeonline.com\/ecuaciones\/sistemas\/sistemas-ecuaciones-resueltos-metodos-sustitucion-igualacion-reduccion-grafico-solucion-ejemplos-explicados.html\">M\u00e9todos para resolver sistemas<\/a> (3)<\/li>\n<li><a href=\"https:\/\/www.ecuacionesresueltas.com\/sistemas\/nivel-3\/sistemas-ecuaciones-metodo-reduccion-explicado-ejemplos.html\">M\u00e9todo de reducci\u00f3n<\/a><\/li>\n<li><a href=\"https:\/\/www.matesfacil.com\/ESO\/sistema-ecuaciones\/metodo-grafico\/metodo-grafico-sistemas-ecuaciones-lineales-resueltos-grafica-recta-interseccion-solucion-interseccion.html\">M\u00e9todo gr\u00e1fico<\/a><\/li>\n<li><a href=\"https:\/\/www.matesfacil.com\/ESO\/Ecuaciones\/resueltos-problemas-sistema.html\">Problemas de sistemas de ecuaciones<\/a> (1)<\/li>\n<li><a href=\"https:\/\/www.problemasyecuaciones.com\/Ecuaciones\/problemas\/sistemas\/problemas-ecuaciones-sistemas-lineales-resueltos-numeros-edades-incognitas-ejemplos-explicados.html\">Problemas de sistemas de ecuaciones<\/a> (2)<\/li>\n<li><a href=\"https:\/\/www.ecuacionesresueltas.com\/sistemas\/nivel-4\/sistemas-ecuaciones-problemas-resueltos.html\">Problemas de sistemas de ecuaciones<\/a> (3)<\/li>\n<\/ul>\n","protected":false},"excerpt":{"rendered":"<p>En esta p\u00e1gina vamos a explicar el m\u00e9todo de reducci\u00f3n para resolver un sistema de ecuaciones lineales. Normalmente, elegimos este m\u00e9todo cuando una de las inc\u00f3gnitas tiene el mismo coeficiente, pero de signo distinto, en ambas ecuaciones. El m\u00e9todo de reducci\u00f3n\u00a0consiste en operar con las ecuaciones como, por ejemplo, sumar o restar ambas ecuaciones, de &hellip; <\/p>\n<p class=\"link-more\"><a href=\"https:\/\/blogs.ua.es\/matesfacil\/secundaria\/ecuaciones\/metodo-de-reduccion\/\" class=\"more-link\">Continue reading<span class=\"screen-reader-text\"> &#8220;M\u00e9todo de reducci\u00f3n&#8221;<\/span><\/a><\/p>\n","protected":false},"author":4324,"featured_media":0,"parent":59,"menu_order":0,"comment_status":"closed","ping_status":"closed","template":"","meta":{"footnotes":""},"class_list":["post-124","page","type-page","status-publish","hentry"],"_links":{"self":[{"href":"https:\/\/blogs.ua.es\/matesfacil\/wp-json\/wp\/v2\/pages\/124","targetHints":{"allow":["GET"]}}],"collection":[{"href":"https:\/\/blogs.ua.es\/matesfacil\/wp-json\/wp\/v2\/pages"}],"about":[{"href":"https:\/\/blogs.ua.es\/matesfacil\/wp-json\/wp\/v2\/types\/page"}],"author":[{"embeddable":true,"href":"https:\/\/blogs.ua.es\/matesfacil\/wp-json\/wp\/v2\/users\/4324"}],"replies":[{"embeddable":true,"href":"https:\/\/blogs.ua.es\/matesfacil\/wp-json\/wp\/v2\/comments?post=124"}],"version-history":[{"count":4,"href":"https:\/\/blogs.ua.es\/matesfacil\/wp-json\/wp\/v2\/pages\/124\/revisions"}],"predecessor-version":[{"id":860,"href":"https:\/\/blogs.ua.es\/matesfacil\/wp-json\/wp\/v2\/pages\/124\/revisions\/860"}],"up":[{"embeddable":true,"href":"https:\/\/blogs.ua.es\/matesfacil\/wp-json\/wp\/v2\/pages\/59"}],"wp:attachment":[{"href":"https:\/\/blogs.ua.es\/matesfacil\/wp-json\/wp\/v2\/media?parent=124"}],"curies":[{"name":"wp","href":"https:\/\/api.w.org\/{rel}","templated":true}]}}