{"id":144,"date":"2018-10-11T07:42:02","date_gmt":"2018-10-11T06:42:02","guid":{"rendered":"https:\/\/blogs.ua.es\/matesfacil\/?page_id=144"},"modified":"2020-02-06T08:34:32","modified_gmt":"2020-02-06T07:34:32","slug":"area-de-un-triangulo","status":"publish","type":"page","link":"https:\/\/blogs.ua.es\/matesfacil\/secundaria-geometria\/area-de-un-triangulo\/","title":{"rendered":"\u00c1rea de un tri\u00e1ngulo"},"content":{"rendered":"<p>B\u00e1sicamente, tenemos dos formas de calcular el \u00e1rea de un tri\u00e1ngulo:<\/p>\n<ul>\n<li>F\u00f3rmula\u00a0<em>base por altura dividido entre 2.\u00a0<\/em><\/li>\n<li>F\u00f3rmula de Her\u00f3n<\/li>\n<\/ul>\n<h3><strong>F\u00f3rmula 1<\/strong><\/h3>\n<p>El\u00a0<strong>\u00e1rea<\/strong>\u00a0de un tri\u00e1ngulo de altura<em> h<\/em> y base <em>b<\/em> es la mitad del producto de la altura por la la base:<\/p>\n<p align=\"center\"><a href=\"https:\/\/www.problemasyecuaciones.com\/geometria2D\/area\/triangulo\/area-perimetro-triangulo-formula-Heron-semiperimetro-ejemplos-problemas-resueltos.html\"><img decoding=\"async\" src=\"https:\/\/www.problemasyecuaciones.com\/geometria2D\/area\/triangulo\/Tg5.png\" alt=\"Proporcionamos dos f\u00f3rmulas para calcular el \u00e1rea de un tri\u00e1ngulo, con ejemplos y problemas resueltos. Per\u00edmetro y semiper\u00edmetro. Geometr\u00eda plana. Matem\u00e1ticas. Secundaria. ESO.\" \/><\/a><\/p>\n<p><strong>Ejemplo 1: <\/strong>el \u00e1rea del tri\u00e1ngulo rect\u00e1ngulo de lados 3, 4 y 5 es 6:<\/p>\n<p align=\"center\"><a href=\"https:\/\/www.problemasyecuaciones.com\/geometria2D\/area\/triangulo\/area-perimetro-triangulo-formula-Heron-semiperimetro-ejemplos-problemas-resueltos.html\"><img decoding=\"async\" title=\"el \u00e1rea del tri\u00e1ngulo rect\u00e1ngulo de base 4 y altura 3 es A = 3\u00b74\/2 = 6\" src=\"https:\/\/www.problemasyecuaciones.com\/geometria2D\/area\/triangulo\/Tg6.png\" alt=\"Proporcionamos dos f\u00f3rmulas para calcular el \u00e1rea de un tri\u00e1ngulo, con ejemplos y problemas resueltos. Per\u00edmetro y semiper\u00edmetro. Geometr\u00eda plana. Matem\u00e1ticas. Secundaria. ESO.\" \/><\/a><\/p>\n<p><strong>Ejemplo 2:<\/strong> el tri\u00e1ngulo equil\u00e1tero (todos los lados miden lo mismo) de lado 3cm (y, por tanto, altura 2,6cm) es<\/p>\n<p align=\"center\"><a href=\"https:\/\/www.matesfacil.com\/ESO\/geometria_plana\/triangulos\/area\/area-triangulos-formula-ejemplos-formula-heron-semiperimetro-base-altura-problemas-demostracion.html\"><img loading=\"lazy\" decoding=\"async\" class=\"alignnone\" title=\"tri\u00e1ngulo equil\u00e1tero de lado 3cm y altura 2,6cm\" src=\"https:\/\/www.matesfacil.com\/ESO\/geometria_plana\/triangulos\/area\/areaT-1.png\" alt=\" f\u00f3rmula y justificaci\u00f3n, F\u00f3rmula de Her\u00f3n, ejemplos y Problemas Resueltos\" width=\"160\" height=\"144\" \/><\/a><\/p>\n<p>Tiene un \u00e1rea de<\/p>\n<p align=\"center\"><a href=\"https:\/\/www.matesfacil.com\/ESO\/geometria_plana\/triangulos\/area\/area-triangulos-formula-ejemplos-formula-heron-semiperimetro-base-altura-problemas-demostracion.html\"><img decoding=\"async\" title=\"\u00e1rea del tri\u00e1ngulo equil\u00e1tero de lado 3cm y altura 2,6cm\" src=\"https:\/\/www.matesfacil.com\/ESO\/geometria_plana\/triangulos\/area\/areaT-1-2.png\" alt=\" f\u00f3rmula y justificaci\u00f3n, F\u00f3rmula de Her\u00f3n, ejemplos y Problemas Resueltos\" \/><\/a><\/p>\n<p>Una demostraci\u00f3n intuitiva de esta f\u00f3rmula consiste en cortar el tri\u00e1ngulo para formar un cuadrado:\u00a0<a href=\"https:\/\/www.matesfacil.com\/ESO\/geometria_plana\/triangulos\/area\/area-triangulos-formula-ejemplos-formula-heron-semiperimetro-base-altura-problemas-demostracion.html\" rel=\"nofollow\">\u00e1reas de tri\u00e1ngulos (justificaci\u00f3n de la f\u00f3rmula)<\/a><\/p>\n<h3><strong>F\u00f3rmula 2 (F\u00f3rmula de Her\u00f3n)<\/strong><\/h3>\n<p style=\"text-align: justify\">La f\u00f3rmula de Her\u00f3n proporciona el \u00e1rea de un tri\u00e1ngulo a partir de su\u00a0<strong>semiper\u00edmetro<\/strong>\u00a0<em>s<\/em>.<\/p>\n<p align=\"center\"><a href=\"https:\/\/www.matesfacil.com\/ESO\/geometria_plana\/triangulos\/area\/area-triangulos-formula-ejemplos-formula-heron-semiperimetro-base-altura-problemas-demostracion.html\"><img decoding=\"async\" title=\"tri\u00e1ngulo de lados a, b y c\" src=\"https:\/\/www.matesfacil.com\/matematicos\/Heron\/HerT-1.png\" alt=\" biograf\u00eda y la f\u00f3rmula y el m\u00e9todo de Her\u00f3n (\u00e1rea de un tri\u00e1ngulo y aproximaci\u00f3n de ra\u00edces cuadradas)\" \/><\/a><\/p>\n<p>El \u00e1rea del tri\u00e1ngulo de lados <em>a<\/em>, <em>b<\/em> y <em>c<\/em> es<\/p>\n<p align=\"center\"><a href=\"https:\/\/www.matesfacil.com\/ESO\/geometria_plana\/triangulos\/area\/area-triangulos-formula-ejemplos-formula-heron-semiperimetro-base-altura-problemas-demostracion.html\"><img decoding=\"async\" title=\"F\u00f3rmula de Her\u00f3n para calcular el \u00e1rea del tri\u00e1ngulo de lados a, b y c\" src=\"https:\/\/www.matesfacil.com\/matematicos\/Heron\/HerT-2.png\" alt=\" biograf\u00eda y la f\u00f3rmula y el m\u00e9todo de Her\u00f3n (\u00e1rea de un tri\u00e1ngulo y aproximaci\u00f3n de ra\u00edces cuadradas)\" \/><\/a><\/p>\n<p>donde\u00a0<em><strong>s<\/strong><\/em>\u00a0es el\u00a0<strong>semiper\u00edmetro<\/strong>\u00a0del tri\u00e1ngulo:<\/p>\n<p align=\"center\"><a href=\"https:\/\/www.matesfacil.com\/ESO\/geometria_plana\/triangulos\/area\/area-triangulos-formula-ejemplos-formula-heron-semiperimetro-base-altura-problemas-demostracion.html\"><img decoding=\"async\" title=\"semiper\u00edmetro del tri\u00e1ngulo de lados a, b y c\" src=\"https:\/\/www.matesfacil.com\/matematicos\/Heron\/HerT-3.png\" alt=\" biograf\u00eda y la f\u00f3rmula y el m\u00e9todo de Her\u00f3n (\u00e1rea de un tri\u00e1ngulo y aproximaci\u00f3n de ra\u00edces cuadradas)\" \/><\/a><\/p>\n<p><strong>Ejemplo 3:<\/strong> Vimos en un ejemplo que el semiper\u00edmetro del tri\u00e1ngulo rect\u00e1ngulo de lados 3, 4 y 5 es 6. Calculamos su \u00e1rea a partir de la f\u00f3rmula de Her\u00f3n:<\/p>\n<p><a href=\"https:\/\/www.problemasyecuaciones.com\/geometria2D\/area\/triangulo\/area-perimetro-triangulo-formula-Heron-semiperimetro-ejemplos-problemas-resueltos.html\"><img decoding=\"async\" class=\"aligncenter\" src=\"https:\/\/www.problemasyecuaciones.com\/geometria2D\/area\/triangulo\/T5.png\" alt=\"Proporcionamos dos f\u00f3rmulas para calcular el \u00e1rea de un tri\u00e1ngulo, con ejemplos y problemas resueltos. Per\u00edmetro y semiper\u00edmetro. Geometr\u00eda plana. Matem\u00e1ticas. Secundaria. ESO.\" \/><\/a><\/p>\n<p><strong>Recursos:<\/strong><\/p>\n<ul>\n<li><a href=\"https:\/\/www.matesfacil.com\/ESO\/geometria_plana\/triangulos\/area\/area-triangulos-formula-ejemplos-formula-heron-semiperimetro-base-altura-problemas-demostracion.html\">Ejercicios de \u00e1reas de tri\u00e1ngulos<\/a><\/li>\n<li>M\u00e1s <a href=\"https:\/\/www.problemasyecuaciones.com\/geometria2D\/area\/triangulo\/area-perimetro-triangulo-formula-Heron-semiperimetro-ejemplos-problemas-resueltos.html\">problemas de \u00e1reas de tri\u00e1ngulos<\/a><\/li>\n<li><a href=\"https:\/\/www.matesfacil.com\/matematicos\/Heron\/Heron-de-Alejandria-formula-area-triangulo-metodo-aproximar-raiz-cuadrada-demostracion.html\">Demostraci\u00f3n de la F\u00f3rmula de Her\u00f3n aplicando Pit\u00e1goras<\/a><\/li>\n<li><a href=\"https:\/\/www.matesfacil.com\/pitagoras\/problemas-resueltos-pitagoras.html\">Teorema de Pit\u00e1goras<\/a><\/li>\n<li><a href=\"https:\/\/www.matesfacil.com\/ESO\/geometria_plana\/triangulos\/concepto\/triangulos-concepto-clasificacion-tipos-rectangulo-oblicuangulos-equilatero-isoscels-escaleno-test-baricentro-ortocentro-incentro.html\">Clasificaci\u00f3n de tri\u00e1ngulos<\/a><\/li>\n<\/ul>\n","protected":false},"excerpt":{"rendered":"<p>B\u00e1sicamente, tenemos dos formas de calcular el \u00e1rea de un tri\u00e1ngulo: F\u00f3rmula\u00a0base por altura dividido entre 2.\u00a0 F\u00f3rmula de Her\u00f3n F\u00f3rmula 1 El\u00a0\u00e1rea\u00a0de un tri\u00e1ngulo de altura h y base b es la mitad del producto de la altura por la la base: Ejemplo 1: el \u00e1rea del tri\u00e1ngulo rect\u00e1ngulo de lados 3, 4 y &hellip; <\/p>\n<p class=\"link-more\"><a href=\"https:\/\/blogs.ua.es\/matesfacil\/secundaria-geometria\/area-de-un-triangulo\/\" class=\"more-link\">Continue reading<span class=\"screen-reader-text\"> &#8220;\u00c1rea de un tri\u00e1ngulo&#8221;<\/span><\/a><\/p>\n","protected":false},"author":4324,"featured_media":0,"parent":32,"menu_order":0,"comment_status":"closed","ping_status":"closed","template":"","meta":{"footnotes":""},"class_list":["post-144","page","type-page","status-publish","hentry"],"_links":{"self":[{"href":"https:\/\/blogs.ua.es\/matesfacil\/wp-json\/wp\/v2\/pages\/144","targetHints":{"allow":["GET"]}}],"collection":[{"href":"https:\/\/blogs.ua.es\/matesfacil\/wp-json\/wp\/v2\/pages"}],"about":[{"href":"https:\/\/blogs.ua.es\/matesfacil\/wp-json\/wp\/v2\/types\/page"}],"author":[{"embeddable":true,"href":"https:\/\/blogs.ua.es\/matesfacil\/wp-json\/wp\/v2\/users\/4324"}],"replies":[{"embeddable":true,"href":"https:\/\/blogs.ua.es\/matesfacil\/wp-json\/wp\/v2\/comments?post=144"}],"version-history":[{"count":3,"href":"https:\/\/blogs.ua.es\/matesfacil\/wp-json\/wp\/v2\/pages\/144\/revisions"}],"predecessor-version":[{"id":1043,"href":"https:\/\/blogs.ua.es\/matesfacil\/wp-json\/wp\/v2\/pages\/144\/revisions\/1043"}],"up":[{"embeddable":true,"href":"https:\/\/blogs.ua.es\/matesfacil\/wp-json\/wp\/v2\/pages\/32"}],"wp:attachment":[{"href":"https:\/\/blogs.ua.es\/matesfacil\/wp-json\/wp\/v2\/media?parent=144"}],"curies":[{"name":"wp","href":"https:\/\/api.w.org\/{rel}","templated":true}]}}