{"id":151,"date":"2018-10-11T07:56:10","date_gmt":"2018-10-11T06:56:10","guid":{"rendered":"https:\/\/blogs.ua.es\/matesfacil\/?page_id=151"},"modified":"2018-10-11T07:56:10","modified_gmt":"2018-10-11T06:56:10","slug":"clasificacion-de-un-triangulo-segun-los-angulos","status":"publish","type":"page","link":"https:\/\/blogs.ua.es\/matesfacil\/secundaria-geometria\/clasificacion-de-un-triangulo-segun-los-angulos\/","title":{"rendered":"Clasificaci\u00f3n de un tri\u00e1ngulo seg\u00fan los \u00e1ngulos"},"content":{"rendered":"<p>Una clasificaci\u00f3n de los tri\u00e1ngulos es seg\u00fan la amplitud de sus \u00e1ngulos:<\/p>\n<ul>\n<li>Tri\u00e1ngulo<strong> rect\u00e1ngulo<\/strong>: tiene alg\u00fan \u00e1ngulo interior de 90 grados (\u00e1ngulo recto).<\/li>\n<li>Tri\u00e1ngulo <strong>oblicu\u00e1ngulo<\/strong>:\u00a0Ninguno de los \u00e1ngulos interiores es recto.<\/li>\n<\/ul>\n<p>El siguiente tri\u00e1ngulo es rect\u00e1ngulo:<\/p>\n<p><img loading=\"lazy\" decoding=\"async\" class=\"size-medium aligncenter\" src=\"https:\/\/www.matesfacil.com\/ESO\/geometria_plana\/triangulos\/concepto\/rectangulo.png\" width=\"148\" height=\"161\" \/><\/p>\n<p>Recordad que s\u00f3lo en los tri\u00e1ngulos rect\u00e1ngulos podemos aplicar el <a href=\"https:\/\/www.matesfacil.com\/pitagoras\/problemas-resueltos-pitagoras.html\">teorema de Pit\u00e1goras<\/a>.<\/p>\n<p>Dentro de los <strong>tri\u00e1ngulos rect\u00e1ngulos<\/strong> hacemos otra clasificaci\u00f3n:<\/p>\n<ul>\n<li style=\"text-align: justify\">Tri\u00e1ngulo rect\u00e1ngulo <strong style=\"font-size: 1rem\">Is\u00f3sceles<\/strong><span style=\"font-size: 1rem\">\u00a0si tiene un \u00e1ngulo recto y los otros dos \u00e1ngulos son iguales (45 grados).\u00a0<\/span>En este caso, los dos catetos miden lo mismo.<\/li>\n<li style=\"text-align: justify\">Tri\u00e1ngulo rect\u00e1ngulo\u00a0<strong style=\"font-size: 1rem\">Escaleno<\/strong><span style=\"font-size: 1rem\">\u00a0si tiene un \u00e1ngulo recto y los otros dos \u00e1ngulos son diferentes.\u00a0<\/span>En este caso, los catetos son distintos.<\/li>\n<\/ul>\n<p>Tambi\u00e9n hacemos una clasificaci\u00f3n de los <strong>tri\u00e1ngulos oblicu\u00e1ngulos<\/strong>:<\/p>\n<ul>\n<li>Tri\u00e1ngulo\u00a0<strong>Obtus\u00e1ngulo<\/strong>:\u00a0Un \u00e1ngulo interior es\u00a0<strong>obtuso<\/strong>\u00a0(mayor que 90 grados) y los otros dos son\u00a0<strong>agudos<\/strong>\u00a0(menor que 90 grados).<\/li>\n<li>Tri\u00e1ngulo\u00a0<strong>Acut\u00e1ngulo<\/strong>:\u00a0los tres \u00e1ngulos interiores son\u00a0<strong>agudos<\/strong>\u00a0(menor que 90 grados).<\/li>\n<\/ul>\n<p><strong>Recursos:\u00a0<\/strong><\/p>\n<ul>\n<li><a href=\"https:\/\/www.matesfacil.com\/ESO\/geometria_plana\/triangulos\/concepto\/triangulos-concepto-clasificacion-tipos-rectangulo-oblicuangulos-equilatero-isoscels-escaleno-test-baricentro-ortocentro-incentro.html\">Clasificaci\u00f3n de tri\u00e1ngulos<\/a><\/li>\n<li><a href=\"https:\/\/www.matesfacil.com\/interactivos\/primaria\/geometria\/2D\/identificar\/triangulos\/amplitud\/php1.php\">Test de clasificaci\u00f3n de tri\u00e1ngulos en rect\u00e1ngulos y oblicu\u00e1ngulos<\/a><\/li>\n<li><a href=\"https:\/\/www.matesfacil.com\/interactivos\/primaria\/geometria\/2D\/identificar\/triangulos\/lados\/php1.php\">Test de clasificaci\u00f3n de tri\u00e1ngulos en equil\u00e1tero, is\u00f3sceles y escaleno<\/a><\/li>\n<li><a href=\"https:\/\/www.matesfacil.com\/pitagoras\/problemas-resueltos-pitagoras.html\">Teorema de Pit\u00e1goras<\/a><\/li>\n<\/ul>\n","protected":false},"excerpt":{"rendered":"<p>Una clasificaci\u00f3n de los tri\u00e1ngulos es seg\u00fan la amplitud de sus \u00e1ngulos: Tri\u00e1ngulo rect\u00e1ngulo: tiene alg\u00fan \u00e1ngulo interior de 90 grados (\u00e1ngulo recto). Tri\u00e1ngulo oblicu\u00e1ngulo:\u00a0Ninguno de los \u00e1ngulos interiores es recto. El siguiente tri\u00e1ngulo es rect\u00e1ngulo: Recordad que s\u00f3lo en los tri\u00e1ngulos rect\u00e1ngulos podemos aplicar el teorema de Pit\u00e1goras. Dentro de los tri\u00e1ngulos rect\u00e1ngulos hacemos &hellip; <\/p>\n<p class=\"link-more\"><a href=\"https:\/\/blogs.ua.es\/matesfacil\/secundaria-geometria\/clasificacion-de-un-triangulo-segun-los-angulos\/\" class=\"more-link\">Continue reading<span class=\"screen-reader-text\"> &#8220;Clasificaci\u00f3n de un tri\u00e1ngulo seg\u00fan los \u00e1ngulos&#8221;<\/span><\/a><\/p>\n","protected":false},"author":4324,"featured_media":0,"parent":32,"menu_order":0,"comment_status":"closed","ping_status":"closed","template":"","meta":{"footnotes":""},"class_list":["post-151","page","type-page","status-publish","hentry"],"_links":{"self":[{"href":"https:\/\/blogs.ua.es\/matesfacil\/wp-json\/wp\/v2\/pages\/151","targetHints":{"allow":["GET"]}}],"collection":[{"href":"https:\/\/blogs.ua.es\/matesfacil\/wp-json\/wp\/v2\/pages"}],"about":[{"href":"https:\/\/blogs.ua.es\/matesfacil\/wp-json\/wp\/v2\/types\/page"}],"author":[{"embeddable":true,"href":"https:\/\/blogs.ua.es\/matesfacil\/wp-json\/wp\/v2\/users\/4324"}],"replies":[{"embeddable":true,"href":"https:\/\/blogs.ua.es\/matesfacil\/wp-json\/wp\/v2\/comments?post=151"}],"version-history":[{"count":1,"href":"https:\/\/blogs.ua.es\/matesfacil\/wp-json\/wp\/v2\/pages\/151\/revisions"}],"predecessor-version":[{"id":152,"href":"https:\/\/blogs.ua.es\/matesfacil\/wp-json\/wp\/v2\/pages\/151\/revisions\/152"}],"up":[{"embeddable":true,"href":"https:\/\/blogs.ua.es\/matesfacil\/wp-json\/wp\/v2\/pages\/32"}],"wp:attachment":[{"href":"https:\/\/blogs.ua.es\/matesfacil\/wp-json\/wp\/v2\/media?parent=151"}],"curies":[{"name":"wp","href":"https:\/\/api.w.org\/{rel}","templated":true}]}}