{"id":16,"date":"2018-10-08T09:36:03","date_gmt":"2018-10-08T08:36:03","guid":{"rendered":"https:\/\/blogs.ua.es\/matesfacil\/?page_id=16"},"modified":"2019-12-08T21:04:52","modified_gmt":"2019-12-08T20:04:52","slug":"bachillerato","status":"publish","type":"page","link":"https:\/\/blogs.ua.es\/matesfacil\/bachillerato\/","title":{"rendered":"Temas de Bachillerato"},"content":{"rendered":"<ul>\n<li><a href=\"https:\/\/blogs.ua.es\/matesfacil\/bachillerato\/algebra-matricial\/\">\u00c1lgebra matricial<\/a><\/li>\n<li><a href=\"https:\/\/blogs.ua.es\/matesfacil\/bachillerato\/calculo-diferencial\/\">C\u00e1lculo diferencial<\/a><\/li>\n<li><a href=\"https:\/\/blogs.ua.es\/matesfacil\/bachillerato\/metodos-de-integracion\/\">Integraci\u00f3n<\/a><\/li>\n<li><a href=\"https:\/\/blogs.ua.es\/matesfacil\/calculo-de-limites\/\">L\u00edmites<\/a><\/li>\n<li><a href=\"https:\/\/blogs.ua.es\/matesfacil\/funciones\/\">Funciones<\/a><\/li>\n<\/ul>\n","protected":false},"excerpt":{"rendered":"<p>\u00c1lgebra matricial C\u00e1lculo diferencial Integraci\u00f3n L\u00edmites Funciones<\/p>\n","protected":false},"author":4324,"featured_media":0,"parent":0,"menu_order":0,"comment_status":"closed","ping_status":"closed","template":"","meta":{"footnotes":""},"class_list":["post-16","page","type-page","status-publish","hentry"],"_links":{"self":[{"href":"https:\/\/blogs.ua.es\/matesfacil\/wp-json\/wp\/v2\/pages\/16","targetHints":{"allow":["GET"]}}],"collection":[{"href":"https:\/\/blogs.ua.es\/matesfacil\/wp-json\/wp\/v2\/pages"}],"about":[{"href":"https:\/\/blogs.ua.es\/matesfacil\/wp-json\/wp\/v2\/types\/page"}],"author":[{"embeddable":true,"href":"https:\/\/blogs.ua.es\/matesfacil\/wp-json\/wp\/v2\/users\/4324"}],"replies":[{"embeddable":true,"href":"https:\/\/blogs.ua.es\/matesfacil\/wp-json\/wp\/v2\/comments?post=16"}],"version-history":[{"count":8,"href":"https:\/\/blogs.ua.es\/matesfacil\/wp-json\/wp\/v2\/pages\/16\/revisions"}],"predecessor-version":[{"id":909,"href":"https:\/\/blogs.ua.es\/matesfacil\/wp-json\/wp\/v2\/pages\/16\/revisions\/909"}],"wp:attachment":[{"href":"https:\/\/blogs.ua.es\/matesfacil\/wp-json\/wp\/v2\/media?parent=16"}],"curies":[{"name":"wp","href":"https:\/\/api.w.org\/{rel}","templated":true}]}}