{"id":178,"date":"2018-10-11T10:46:39","date_gmt":"2018-10-11T09:46:39","guid":{"rendered":"https:\/\/blogs.ua.es\/matesfacil\/?page_id=178"},"modified":"2018-10-11T10:46:52","modified_gmt":"2018-10-11T09:46:52","slug":"reglas-de-divisibilidad","status":"publish","type":"page","link":"https:\/\/blogs.ua.es\/matesfacil\/secundaria-numeros-operaciones\/reglas-de-divisibilidad\/","title":{"rendered":"Reglas de divisibilidad"},"content":{"rendered":"<p style=\"text-align: justify\">Las <strong>reglas de divisibilidad<\/strong> nos permiten saber si un n\u00famero es divisible entre otro.\u00a0Por ejemplo,\u00a0podemos afirmar que el n\u00famero 304050 es divisible entre 3 (porque la suma de sus cifras es m\u00faltiplo de 3).<\/p>\n<ul>\n<li><strong>Divisible entre 1:\u00a0<\/strong><\/li>\n<\/ul>\n<blockquote><p>Todo n\u00famero es divisible entre 1.<\/p><\/blockquote>\n<ul>\n<li><strong>Divisible entre 2:<\/strong><\/li>\n<\/ul>\n<blockquote><p>Si termina en 0, 2, 4, 6 \u00f3 8.<\/p><\/blockquote>\n<ul>\n<li><strong>Divisible entre 3:<\/strong><\/li>\n<\/ul>\n<blockquote><p>Si la suma de sus cifras es m\u00faltiplo de 3.<\/p><\/blockquote>\n<ul>\n<li><strong>Divisible entre 4:<\/strong><\/li>\n<\/ul>\n<blockquote><p>Si sus dos \u00faltimas cifras son 00 \u00f3 un m\u00faltiplo de 4 (12, 16, 20, 24, 28, 32, 36 y 40).<\/p><\/blockquote>\n<ul>\n<li><strong>Divisible entre 5:<\/strong><\/li>\n<\/ul>\n<blockquote><p>Si termina en 0 \u00f3 en 5.<\/p><\/blockquote>\n<ul>\n<li><strong>Divisible entre 6:<\/strong><\/li>\n<\/ul>\n<blockquote><p>Si es divisible entre 2 y entre 3.<\/p><\/blockquote>\n<ul>\n<li><strong>Divisible entre 8:<\/strong><\/li>\n<\/ul>\n<blockquote><p>Si sus tres \u00faltimas cifras son 000 \u00f3 un m\u00faltiplo de 8 (104, 112, 120, 128,&#8230;, 992).<\/p><\/blockquote>\n<ul>\n<li><strong>Divisible entre 10:<\/strong><\/li>\n<\/ul>\n<blockquote><p>Si termina en 0.<\/p><\/blockquote>\n<p>Hay algunas reglas m\u00e1s que pod\u00e9is consultar en <a href=\"https:\/\/www.matesfacil.com\/ESO\/numeros\/divisibilidad\/reglas-criterio-divisibilidad-1-2-3-4-5-6-7-8-9-10-11-12-13-14-15-25-100-numeros-enteros-division-divide-dividir-metodo-suma-cifras.html\">Reglas o criterios de divisibilidad (con ejemplos y test)<\/a>.<\/p>\n","protected":false},"excerpt":{"rendered":"<p>Las reglas de divisibilidad nos permiten saber si un n\u00famero es divisible entre otro.\u00a0Por ejemplo,\u00a0podemos afirmar que el n\u00famero 304050 es divisible entre 3 (porque la suma de sus cifras es m\u00faltiplo de 3). Divisible entre 1:\u00a0 Todo n\u00famero es divisible entre 1. Divisible entre 2: Si termina en 0, 2, 4, 6 \u00f3 8. &hellip; <\/p>\n<p class=\"link-more\"><a href=\"https:\/\/blogs.ua.es\/matesfacil\/secundaria-numeros-operaciones\/reglas-de-divisibilidad\/\" class=\"more-link\">Continue reading<span class=\"screen-reader-text\"> &#8220;Reglas de divisibilidad&#8221;<\/span><\/a><\/p>\n","protected":false},"author":4324,"featured_media":0,"parent":163,"menu_order":0,"comment_status":"closed","ping_status":"closed","template":"","meta":{"footnotes":""},"class_list":["post-178","page","type-page","status-publish","hentry"],"_links":{"self":[{"href":"https:\/\/blogs.ua.es\/matesfacil\/wp-json\/wp\/v2\/pages\/178","targetHints":{"allow":["GET"]}}],"collection":[{"href":"https:\/\/blogs.ua.es\/matesfacil\/wp-json\/wp\/v2\/pages"}],"about":[{"href":"https:\/\/blogs.ua.es\/matesfacil\/wp-json\/wp\/v2\/types\/page"}],"author":[{"embeddable":true,"href":"https:\/\/blogs.ua.es\/matesfacil\/wp-json\/wp\/v2\/users\/4324"}],"replies":[{"embeddable":true,"href":"https:\/\/blogs.ua.es\/matesfacil\/wp-json\/wp\/v2\/comments?post=178"}],"version-history":[{"count":2,"href":"https:\/\/blogs.ua.es\/matesfacil\/wp-json\/wp\/v2\/pages\/178\/revisions"}],"predecessor-version":[{"id":180,"href":"https:\/\/blogs.ua.es\/matesfacil\/wp-json\/wp\/v2\/pages\/178\/revisions\/180"}],"up":[{"embeddable":true,"href":"https:\/\/blogs.ua.es\/matesfacil\/wp-json\/wp\/v2\/pages\/163"}],"wp:attachment":[{"href":"https:\/\/blogs.ua.es\/matesfacil\/wp-json\/wp\/v2\/media?parent=178"}],"curies":[{"name":"wp","href":"https:\/\/api.w.org\/{rel}","templated":true}]}}