{"id":183,"date":"2018-10-11T10:49:54","date_gmt":"2018-10-11T09:49:54","guid":{"rendered":"https:\/\/blogs.ua.es\/matesfacil\/?page_id=183"},"modified":"2018-10-12T17:14:28","modified_gmt":"2018-10-12T16:14:28","slug":"fracciones","status":"publish","type":"page","link":"https:\/\/blogs.ua.es\/matesfacil\/secundaria-numeros-operaciones\/fracciones\/","title":{"rendered":"Fracciones"},"content":{"rendered":"<ul>\n<li><a href=\"https:\/\/blogs.ua.es\/matesfacil\/secundaria-numeros-operaciones\/fracciones\/concepto-de-fraccion\/\">Concepto de fracci\u00f3n<\/a><\/li>\n<li><a href=\"https:\/\/blogs.ua.es\/matesfacil\/secundaria-numeros-operaciones\/fracciones\/simplificar-fracciones\/\">Simplificar fracciones<\/a><\/li>\n<li><a href=\"https:\/\/blogs.ua.es\/matesfacil\/secundaria-numeros-operaciones\/fracciones\/fracciones-equivalentes\/\">Fracciones equivalentes<\/a><\/li>\n<li><a href=\"https:\/\/blogs.ua.es\/matesfacil\/secundaria-numeros-operaciones\/fracciones\/sumar-y-restar-fracciones\/\">Sumar y restar fracciones<\/a><\/li>\n<li><a href=\"https:\/\/blogs.ua.es\/matesfacil\/secundaria-numeros-operaciones\/fracciones\/multiplicar-y-dividir-fracciones\/\">Multiplicar y dividir fracciones<\/a><\/li>\n<li><a href=\"https:\/\/blogs.ua.es\/matesfacil\/secundaria-numeros-operaciones\/fraccion-generatriz-de-numeros-decimales\/\">Fracci\u00f3n generatriz de n\u00fameros decimales<\/a><\/li>\n<li><a href=\"https:\/\/blogs.ua.es\/matesfacil\/secundaria-numeros-operaciones\/fracciones\/fraccion-mixta\/\">Fracciones mixtas<\/a><\/li>\n<li><a href=\"https:\/\/blogs.ua.es\/matesfacil\/secundaria-numeros-operaciones\/fracciones\/ejercicios-interactivos-de-fracciones\/\">Ejercicios interactivos de fracciones<\/a><\/li>\n<\/ul>\n","protected":false},"excerpt":{"rendered":"<p>Concepto de fracci\u00f3n Simplificar fracciones Fracciones equivalentes Sumar y restar fracciones Multiplicar y dividir fracciones Fracci\u00f3n generatriz de n\u00fameros decimales Fracciones mixtas Ejercicios interactivos de fracciones<\/p>\n","protected":false},"author":4324,"featured_media":0,"parent":163,"menu_order":0,"comment_status":"closed","ping_status":"closed","template":"","meta":{"footnotes":""},"class_list":["post-183","page","type-page","status-publish","hentry"],"_links":{"self":[{"href":"https:\/\/blogs.ua.es\/matesfacil\/wp-json\/wp\/v2\/pages\/183","targetHints":{"allow":["GET"]}}],"collection":[{"href":"https:\/\/blogs.ua.es\/matesfacil\/wp-json\/wp\/v2\/pages"}],"about":[{"href":"https:\/\/blogs.ua.es\/matesfacil\/wp-json\/wp\/v2\/types\/page"}],"author":[{"embeddable":true,"href":"https:\/\/blogs.ua.es\/matesfacil\/wp-json\/wp\/v2\/users\/4324"}],"replies":[{"embeddable":true,"href":"https:\/\/blogs.ua.es\/matesfacil\/wp-json\/wp\/v2\/comments?post=183"}],"version-history":[{"count":10,"href":"https:\/\/blogs.ua.es\/matesfacil\/wp-json\/wp\/v2\/pages\/183\/revisions"}],"predecessor-version":[{"id":247,"href":"https:\/\/blogs.ua.es\/matesfacil\/wp-json\/wp\/v2\/pages\/183\/revisions\/247"}],"up":[{"embeddable":true,"href":"https:\/\/blogs.ua.es\/matesfacil\/wp-json\/wp\/v2\/pages\/163"}],"wp:attachment":[{"href":"https:\/\/blogs.ua.es\/matesfacil\/wp-json\/wp\/v2\/media?parent=183"}],"curies":[{"name":"wp","href":"https:\/\/api.w.org\/{rel}","templated":true}]}}