{"id":185,"date":"2018-10-11T10:57:30","date_gmt":"2018-10-11T09:57:30","guid":{"rendered":"https:\/\/blogs.ua.es\/matesfacil\/?page_id=185"},"modified":"2019-06-13T08:33:47","modified_gmt":"2019-06-13T07:33:47","slug":"concepto-de-fraccion","status":"publish","type":"page","link":"https:\/\/blogs.ua.es\/matesfacil\/secundaria-numeros-operaciones\/fracciones\/concepto-de-fraccion\/","title":{"rendered":"Concepto de fracci\u00f3n"},"content":{"rendered":"<div class=\"definicion\">\n<p>Una\u00a0<strong>fracci\u00f3n<\/strong>\u00a0es una forma de representar la divisi\u00f3n de dos n\u00fameros.<\/p>\n<p>Se representa escribiendo el\u00a0<strong>dividendo<\/strong>\u00a0arriba de una l\u00ednea y el\u00a0<strong>divisor<\/strong>\u00a0debajo de \u00e9sta.<\/p>\n<\/div>\n<div class=\"ejemplo\">\n<p><strong>Ejemplo:<\/strong>\u00a0fracci\u00f3n\u00a0<i>3 partido 4<\/i><\/p>\n<p align=\"center\"><a href=\"https:\/\/www.matesfacil.com\/ESO\/fracciones\/concepto\/fracciones-concepto-definicion-ejemplos-ejercicios-interactivos-secundaria-partes-quebrados-partido-dividido.html\"><img loading=\"lazy\" decoding=\"async\" class=\"aligncenter\" title=\"numerador y denominador de la fracci\u00f3n 3\/4\" src=\"https:\/\/www.matesfacil.com\/ESO\/fracciones\/concepto\/fraccion1.png\" alt=\"introducci\u00f3n a las fracciones o quebrados\" width=\"199\" height=\"51\" \/><\/a><\/p>\n<div class=\"definicion\">\n<p>Se llama\u00a0<strong>numerador<\/strong>\u00a0al n\u00famero de arriba (en el ejemplo, el 3) y\u00a0<strong>denominador<\/strong>\u00a0al n\u00famero de abajo (en el ejemplo, el 4).<\/p>\n<\/div>\n<p>La fracci\u00f3n del ejemplo representa la divisi\u00f3n\u00a0<i>3 dividido entre 4<\/i>\u00a0y, por tanto, representa al n\u00famero 0,75 que es el resultado de dicha divisi\u00f3n.<\/p>\n<div class=\"definicion\">\n<blockquote><p>Usamos las fracciones para representar partes de un todo.<\/p><\/blockquote>\n<h2><strong>La fracci\u00f3n como parte de un todo<\/strong><\/h2>\n<p>Ahora vamos a dividir el siguiente cuadrado en cuatro\u00a0<strong>subcuadrados<\/strong>\u00a0iguales:<\/p>\n<p align=\"center\"><a href=\"https:\/\/www.matesfacil.com\/ESO\/fracciones\/concepto\/fracciones-concepto-definicion-ejemplos-ejercicios-interactivos-secundaria-partes-quebrados-partido-dividido.html\"><img loading=\"lazy\" decoding=\"async\" class=\"aligncenter\" title=\"divisi\u00f3n de un cuadrado en cuatro subcuadrados\" src=\"https:\/\/www.matesfacil.com\/ESO\/fracciones\/concepto\/ConT-1.png\" alt=\"introducci\u00f3n a las fracciones o quebrados\" width=\"111\" height=\"252\" \/><\/a><\/p>\n<p style=\"text-align: justify\">Como hemos dividido\u00a0<strong>un<\/strong>\u00a0cuadrado en\u00a0<strong>cuatro<\/strong>\u00a0subcuadrados, cada\u00a0<strong>uno<\/strong>\u00a0de los\u00a0<strong>cuatro\u00a0<\/strong>subcuadrados lo representamos mediante la fracci\u00f3n\u00a0<i>uno dividido cuatro<\/i>\u00a0(\u00f3\u00a0<i>un cuarto<\/i>):<\/p>\n<p align=\"center\"><img decoding=\"async\" title=\"cada subcuadrado es un cuarto del cuadrado\" src=\"https:\/\/www.matesfacil.com\/ESO\/fracciones\/concepto\/ConT-2.png\" alt=\"introducci\u00f3n a las fracciones o quebrados\" \/><\/p>\n<div class=\"definicion\">\n<p style=\"text-align: justify\">En el\u00a0<strong>numerador<\/strong>\u00a0escribimos el n\u00famero de subcuadrados seleccionados y en el\u00a0<strong>denominador<\/strong>\u00a0el n\u00famero total de subcuadrados (que conforman el cuadrado).<\/p>\n<\/div>\n<p>Dos subcuadrados son\u00a0<i>dos dividido cuatro<\/i>:<\/p>\n<p align=\"center\"><img decoding=\"async\" title=\"dos subcuadrados son dos cuartos\" src=\"https:\/\/www.matesfacil.com\/ESO\/fracciones\/concepto\/ConT-3.png\" alt=\"introducci\u00f3n a las fracciones o quebrados\" \/><\/p>\n<p style=\"text-align: justify\">Observad que dos subcuadrados conforman\u00a0<i>la mitad del cuadrado<\/i>, es decir, tambi\u00e9n podemos expresarlos como\u00a0<i>un medio<\/i>\u00a0(<i>uno dividido dos<\/i>):<\/p>\n<p align=\"center\"><a href=\"https:\/\/www.matesfacil.com\/ESO\/fracciones\/concepto\/fracciones-concepto-definicion-ejemplos-ejercicios-interactivos-secundaria-partes-quebrados-partido-dividido.html\"><img loading=\"lazy\" decoding=\"async\" class=\"aligncenter\" title=\"dos cuartos es lo mismo que un medio ya que ambas fracciones representan la misma \u00e1rea del cuadrado\" src=\"https:\/\/www.matesfacil.com\/ESO\/fracciones\/concepto\/ConT-4.png\" alt=\"introducci\u00f3n a las fracciones o quebrados\" width=\"108\" height=\"166\" \/><\/a><\/p>\n<p>Se dice que las fracciones\u00a0<i>un medio<\/i>\u00a0y\u00a0<i>dos cuartos<\/i>\u00a0son\u00a0<a href=\"https:\/\/www.matesfacil.com\/ESO\/fracciones\/equivalentes\/fracciones-equivalentes-iguales-ejemplos-ejercicios-resueltos-secundaria.html\">fracciones equivalentes<\/a>.<\/p>\n<p>Tres subcuadrados son\u00a0<i>tres dividido cuatro<\/i>\u00a0(\u00f3\u00a0<i>tres cuartos<\/i>):<\/p>\n<p align=\"center\"><img decoding=\"async\" title=\"tres cuartos del cuadrado son tres subcuadrados\" src=\"https:\/\/www.matesfacil.com\/ESO\/fracciones\/concepto\/ConT-5.png\" alt=\"introducci\u00f3n a las fracciones o quebrados\" \/><\/p>\n<p style=\"text-align: justify\">Finalmente, si seleccionamos los cuatro subcuadrados tenemos la fracci\u00f3n\u00a0<i>cuatro dividido cuatro<\/i>\u00a0que, como es el cuadrado entero (la unidad), podemos escribir que es igual a 1:<\/p>\n<p align=\"center\"><img decoding=\"async\" title=\"cuatro subcuadrados son el cuadrado, la fracci\u00f3n cuatro cuartos es la unidad\" src=\"https:\/\/www.matesfacil.com\/ESO\/fracciones\/concepto\/ConT-6.png\" alt=\"introducci\u00f3n a las fracciones o quebrados\" \/><\/p>\n<p style=\"text-align: left\" align=\"center\"><strong>Recursos de fracciones:<\/strong><\/p>\n<ul>\n<li><a href=\"https:\/\/www.matesfacil.com\/ESO\/fracciones\/concepto\/fracciones-concepto-definicion-ejemplos-ejercicios-interactivos-secundaria-partes-quebrados-partido-dividido.html\">Concepto de fracci\u00f3n<\/a><\/li>\n<li><a href=\"https:\/\/www.matesfacil.com\/ESO\/fracciones\/simplificar\/simplificar-reducir-fracciones-metodo-maximo-comun-divisor-ejercicios-resueltos.html\">Simplificar fracciones<\/a><\/li>\n<li><a href=\"https:\/\/www.matesfacil.com\/ESO\/fracciones\/equivalentes\/fracciones-equivalentes-iguales-ejemplos-ejercicios-resueltos-secundaria.html\">Fracciones equivalentes<\/a>\u00a0(1)<\/li>\n<li><a href=\"https:\/\/www.problemasyecuaciones.com\/fracciones\/equivalentes\/fracciones-equivalentes-fraccion-irreductible-dividir-multiplicar-ejemplos-ejercicios-maximo-comun-divisor.html\">Fracciones equivalentes<\/a> (2)<\/li>\n<li><a href=\"https:\/\/www.matesfacil.com\/ESO\/fracciones\/sumar\/sumar-restar-fracciones-negativas-minimo-comun-multiplo-ejercicios-resueltos-quebrados-secundaria.html\">Sumar y Restar fracciones<\/a><\/li>\n<li><a href=\"https:\/\/www.matesfacil.com\/ESO\/fracciones\/producto\/producto-division-fracciones-ejemplos-ejercicios-resueltos.html\">Multiplicar y Dividir fracciones<\/a><\/li>\n<li><a href=\"https:\/\/www.matesfacil.com\/ESO\/fraccion_generatriz\/obtener-fraccion-generatriz-numero-decimal-exacto-periodico-puro-mixto.html\">Fracci\u00f3n generatriz de n\u00fameros decimales<\/a><\/li>\n<li><a href=\"https:\/\/www.matesfacil.com\/ESO\/fracciones\/mixtos\/fraccion-mixta-numero-mixto-suma-producto-definicion-ejemplos-ejercicios-interactivos-secundaria-test.html\">Fracciones mixtas<\/a><\/li>\n<li><a href=\"https:\/\/www.matesfacil.com\/ESO\/numeros\/porcentajes\/porcentaje-por-ciento-proporcion-definicion-concepto-ejemplos-test-problemas-resueltos-oferta-rebaja-aumento-ejercicios.html\">Problemas de porcentajes<\/a><\/li>\n<li><a href=\"https:\/\/www.matesfacil.com\/interactivos\/primaria\/fracciones\/primaria-secundaria-fraccion-fracciones-quebrados-ejercicios-interactivos-autocorreccion-online-test-examen-numerador-denominador-simplificar-TIC.html\">Ejercicios interactivos de fracciones<\/a><\/li>\n<li><a href=\"https:\/\/www.problemasyecuaciones.com\/fracciones\/operaciones\/sumar-restar-multiplicar-dividir-numerador-denominador-problemas-ejercicios-resueltos.html\">Operaciones con fracciones<\/a><\/li>\n<\/ul>\n<\/div>\n<\/div>\n","protected":false},"excerpt":{"rendered":"<p>Una\u00a0fracci\u00f3n\u00a0es una forma de representar la divisi\u00f3n de dos n\u00fameros. Se representa escribiendo el\u00a0dividendo\u00a0arriba de una l\u00ednea y el\u00a0divisor\u00a0debajo de \u00e9sta. Ejemplo:\u00a0fracci\u00f3n\u00a03 partido 4 Se llama\u00a0numerador\u00a0al n\u00famero de arriba (en el ejemplo, el 3) y\u00a0denominador\u00a0al n\u00famero de abajo (en el ejemplo, el 4). La fracci\u00f3n del ejemplo representa la divisi\u00f3n\u00a03 dividido entre 4\u00a0y, por tanto, &hellip; <\/p>\n<p class=\"link-more\"><a href=\"https:\/\/blogs.ua.es\/matesfacil\/secundaria-numeros-operaciones\/fracciones\/concepto-de-fraccion\/\" class=\"more-link\">Continue reading<span class=\"screen-reader-text\"> &#8220;Concepto de fracci\u00f3n&#8221;<\/span><\/a><\/p>\n","protected":false},"author":4324,"featured_media":0,"parent":183,"menu_order":0,"comment_status":"closed","ping_status":"closed","template":"","meta":{"footnotes":""},"class_list":["post-185","page","type-page","status-publish","hentry"],"_links":{"self":[{"href":"https:\/\/blogs.ua.es\/matesfacil\/wp-json\/wp\/v2\/pages\/185","targetHints":{"allow":["GET"]}}],"collection":[{"href":"https:\/\/blogs.ua.es\/matesfacil\/wp-json\/wp\/v2\/pages"}],"about":[{"href":"https:\/\/blogs.ua.es\/matesfacil\/wp-json\/wp\/v2\/types\/page"}],"author":[{"embeddable":true,"href":"https:\/\/blogs.ua.es\/matesfacil\/wp-json\/wp\/v2\/users\/4324"}],"replies":[{"embeddable":true,"href":"https:\/\/blogs.ua.es\/matesfacil\/wp-json\/wp\/v2\/comments?post=185"}],"version-history":[{"count":4,"href":"https:\/\/blogs.ua.es\/matesfacil\/wp-json\/wp\/v2\/pages\/185\/revisions"}],"predecessor-version":[{"id":593,"href":"https:\/\/blogs.ua.es\/matesfacil\/wp-json\/wp\/v2\/pages\/185\/revisions\/593"}],"up":[{"embeddable":true,"href":"https:\/\/blogs.ua.es\/matesfacil\/wp-json\/wp\/v2\/pages\/183"}],"wp:attachment":[{"href":"https:\/\/blogs.ua.es\/matesfacil\/wp-json\/wp\/v2\/media?parent=185"}],"curies":[{"name":"wp","href":"https:\/\/api.w.org\/{rel}","templated":true}]}}