{"id":2,"date":"2018-10-07T19:42:00","date_gmt":"2018-10-07T19:42:00","guid":{"rendered":"https:\/\/blogs.ua.es\/matesfacil\/?page_id=2"},"modified":"2020-02-20T11:57:08","modified_gmt":"2020-02-20T10:57:08","slug":"secundaria","status":"publish","type":"page","link":"https:\/\/blogs.ua.es\/matesfacil\/secundaria\/","title":{"rendered":"Temas de Secundaria"},"content":{"rendered":"<ul>\n<li><a href=\"https:\/\/blogs.ua.es\/matesfacil\/secundaria-geometria\/\">Geometr\u00eda<\/a><\/li>\n<li><a href=\"https:\/\/blogs.ua.es\/matesfacil\/ecuaciones\">Ecuaciones<\/a><\/li>\n<li><a href=\"https:\/\/blogs.ua.es\/matesfacil\/secundaria-numeros-operaciones\/\">N\u00fameros y operaciones<\/a><\/li>\n<li><a href=\"https:\/\/blogs.ua.es\/matesfacil\/progresiones-o-sucesiones\/\">Progresiones o sucesiones<\/a><\/li>\n<li><a href=\"https:\/\/blogs.ua.es\/matesfacil\/secundaria-numeros-operaciones\/sistemas-de-numeracion\/\">Sistemas de numeraci\u00f3n<\/a><\/li>\n<li><a href=\"https:\/\/blogs.ua.es\/matesfacil\/secundaria-geometria\/logaritmos\/\">Logaritmos<\/a><\/li>\n<li><a href=\"https:\/\/blogs.ua.es\/matesfacil\/secundaria-numeros-operaciones\/sacar-factor-comun\/\">Sacar factor com\u00fan<\/a><\/li>\n<li><a href=\"https:\/\/blogs.ua.es\/matesfacil\/secundaria-numeros-operaciones\/proporcionalidad-simple-y-regla-de-tres\/\">Proporcionalidad simple<\/a><\/li>\n<\/ul>\n","protected":false},"excerpt":{"rendered":"<p>Geometr\u00eda Ecuaciones N\u00fameros y operaciones Progresiones o sucesiones Sistemas de numeraci\u00f3n Logaritmos Sacar factor com\u00fan Proporcionalidad simple<\/p>\n","protected":false},"author":4324,"featured_media":0,"parent":0,"menu_order":0,"comment_status":"closed","ping_status":"open","template":"","meta":{"footnotes":""},"class_list":["post-2","page","type-page","status-publish","hentry"],"_links":{"self":[{"href":"https:\/\/blogs.ua.es\/matesfacil\/wp-json\/wp\/v2\/pages\/2","targetHints":{"allow":["GET"]}}],"collection":[{"href":"https:\/\/blogs.ua.es\/matesfacil\/wp-json\/wp\/v2\/pages"}],"about":[{"href":"https:\/\/blogs.ua.es\/matesfacil\/wp-json\/wp\/v2\/types\/page"}],"author":[{"embeddable":true,"href":"https:\/\/blogs.ua.es\/matesfacil\/wp-json\/wp\/v2\/users\/4324"}],"replies":[{"embeddable":true,"href":"https:\/\/blogs.ua.es\/matesfacil\/wp-json\/wp\/v2\/comments?post=2"}],"version-history":[{"count":19,"href":"https:\/\/blogs.ua.es\/matesfacil\/wp-json\/wp\/v2\/pages\/2\/revisions"}],"predecessor-version":[{"id":1114,"href":"https:\/\/blogs.ua.es\/matesfacil\/wp-json\/wp\/v2\/pages\/2\/revisions\/1114"}],"wp:attachment":[{"href":"https:\/\/blogs.ua.es\/matesfacil\/wp-json\/wp\/v2\/media?parent=2"}],"curies":[{"name":"wp","href":"https:\/\/api.w.org\/{rel}","templated":true}]}}