{"id":211,"date":"2018-10-11T17:05:32","date_gmt":"2018-10-11T16:05:32","guid":{"rendered":"https:\/\/blogs.ua.es\/matesfacil\/?page_id=211"},"modified":"2018-10-11T17:05:32","modified_gmt":"2018-10-11T16:05:32","slug":"ejercicios-interactivos-de-fracciones","status":"publish","type":"page","link":"https:\/\/blogs.ua.es\/matesfacil\/secundaria-numeros-operaciones\/fracciones\/ejercicios-interactivos-de-fracciones\/","title":{"rendered":"Ejercicios interactivos de fracciones"},"content":{"rendered":"<p>En esta p\u00e1gina escribimos enlaces a ejercicios interactivos de fracciones:<\/p>\n<ul>\n<li><a href=\"https:\/\/www.matesfacil.com\/interactivos\/primaria\/fracciones\/basico\/php1.php\">Concepto de fracci\u00f3n<\/a><\/li>\n<li><a href=\"https:\/\/www.matesfacil.com\/interactivos\/primaria\/fracciones\/simplificar\/php1.php\">Fracci\u00f3n irreductible<\/a><\/li>\n<li><a href=\"https:\/\/www.matesfacil.com\/interactivos\/primaria\/fracciones\/sumas\/igual\/php1.php\">Sumas y restas con igual denominador<\/a><\/li>\n<li><a href=\"https:\/\/www.matesfacil.com\/interactivos\/primaria\/fracciones\/sumas\/diferente\/php1.php\">Sumas y restas con distinto denominador<\/a><\/li>\n<li><a href=\"https:\/\/www.matesfacil.com\/interactivos\/primaria\/fracciones\/multiplicar\/php1.php\">Multiplicaciones de fracciones<\/a><\/li>\n<li><a href=\"https:\/\/www.matesfacil.com\/interactivos\/primaria\/fracciones\/dividir\/php1.php\">Divisiones de fracciones<\/a><\/li>\n<\/ul>\n","protected":false},"excerpt":{"rendered":"<p>En esta p\u00e1gina escribimos enlaces a ejercicios interactivos de fracciones: Concepto de fracci\u00f3n Fracci\u00f3n irreductible Sumas y restas con igual denominador Sumas y restas con distinto denominador Multiplicaciones de fracciones Divisiones de fracciones<\/p>\n","protected":false},"author":4324,"featured_media":0,"parent":183,"menu_order":0,"comment_status":"closed","ping_status":"closed","template":"","meta":{"footnotes":""},"class_list":["post-211","page","type-page","status-publish","hentry"],"_links":{"self":[{"href":"https:\/\/blogs.ua.es\/matesfacil\/wp-json\/wp\/v2\/pages\/211","targetHints":{"allow":["GET"]}}],"collection":[{"href":"https:\/\/blogs.ua.es\/matesfacil\/wp-json\/wp\/v2\/pages"}],"about":[{"href":"https:\/\/blogs.ua.es\/matesfacil\/wp-json\/wp\/v2\/types\/page"}],"author":[{"embeddable":true,"href":"https:\/\/blogs.ua.es\/matesfacil\/wp-json\/wp\/v2\/users\/4324"}],"replies":[{"embeddable":true,"href":"https:\/\/blogs.ua.es\/matesfacil\/wp-json\/wp\/v2\/comments?post=211"}],"version-history":[{"count":1,"href":"https:\/\/blogs.ua.es\/matesfacil\/wp-json\/wp\/v2\/pages\/211\/revisions"}],"predecessor-version":[{"id":212,"href":"https:\/\/blogs.ua.es\/matesfacil\/wp-json\/wp\/v2\/pages\/211\/revisions\/212"}],"up":[{"embeddable":true,"href":"https:\/\/blogs.ua.es\/matesfacil\/wp-json\/wp\/v2\/pages\/183"}],"wp:attachment":[{"href":"https:\/\/blogs.ua.es\/matesfacil\/wp-json\/wp\/v2\/media?parent=211"}],"curies":[{"name":"wp","href":"https:\/\/api.w.org\/{rel}","templated":true}]}}