{"id":218,"date":"2018-10-11T19:15:42","date_gmt":"2018-10-11T18:15:42","guid":{"rendered":"https:\/\/blogs.ua.es\/matesfacil\/?page_id=218"},"modified":"2019-06-13T08:40:37","modified_gmt":"2019-06-13T07:40:37","slug":"fraccion-generatriz-de-decimal-exacto","status":"publish","type":"page","link":"https:\/\/blogs.ua.es\/matesfacil\/secundaria-numeros-operaciones\/fraccion-generatriz-de-numeros-decimales\/fraccion-generatriz-de-decimal-exacto\/","title":{"rendered":"Fracci\u00f3n generatriz de decimal exacto"},"content":{"rendered":"<p style=\"text-align: justify\">Recordad que un <strong>n\u00famero decimal exacto<\/strong>\u00a0es un n\u00famero decimal que tiene un n\u00famero\u00a0<strong>finito<\/strong>\u00a0de decimales, es decir, un n\u00famero finito de n\u00fameros despu\u00e9s de la coma.<\/p>\n<p>Por ejemplo,\u00a0<strong>2,46<\/strong>\u00a0es un decimal exacto, pero\u00a0<strong>2,46666&#8230;.<\/strong>\u00a0no lo es.<\/p>\n<h1><strong>Fracci\u00f3n generatriz<\/strong><\/h1>\n<p style=\"text-align: left\">Explicamos el m\u00e9todo mediante un ejemplo para ser m\u00e1s intuitivos. Vamos a calcular la fracci\u00f3n generatriz del n\u00famero decimal 2,46.<\/p>\n<p align=\"center\"><img decoding=\"async\" title=\"n\u00famero decimal exacto 2,46\" src=\"https:\/\/www.matesfacil.com\/ESO\/fraccion_generatriz\/tipo1-1.png\" alt=\"fracciones generatrices de n\u00fameros decimales\" \/><\/p>\n<ol>\n<li>Escribimos en el\u00a0<strong>numerador<\/strong>\u00a0el n\u00famero sin la coma.\n<p style=\"text-align: justify\">En el\u00a0<strong>denominador<\/strong>\u00a0escribimos 10 elevado al n\u00famero de decimales, es decir, el denominador es un 1 y tantos 0\u2019s como decimales tiene el n\u00famero.<\/p>\n<p align=\"center\"><a href=\"https:\/\/www.matesfacil.com\/ESO\/fraccion_generatriz\/obtener-fraccion-generatriz-numero-decimal-exacto-periodico-puro-mixto.html\"><img loading=\"lazy\" decoding=\"async\" class=\"aligncenter\" title=\"primer paso fracci\u00f3n generatriz\" src=\"https:\/\/www.matesfacil.com\/ESO\/fraccion_generatriz\/tipo1-2.png\" alt=\"fracciones generatrices de n\u00fameros decimales\" width=\"45\" height=\"57\" \/><\/a><\/p>\n<\/li>\n<li>\n<p style=\"text-align: justify\"><a href=\"https:\/\/www.matesfacil.com\/ESO\/fracciones\/simplificar\/simplificar-reducir-fracciones-metodo-maximo-comun-divisor-ejercicios-resueltos.html\">Simplificamos la fracci\u00f3n<\/a>: tenemos que descomponer el numerador y el denominador en n\u00fameros primos:<\/p>\n<p align=\"center\"><a href=\"https:\/\/www.matesfacil.com\/ESO\/numeros\/descomponer\/factorizar-numeros-producto-potencias-numeros-primos-descomponer-test-ejemplos-metodo.html\"><img loading=\"lazy\" decoding=\"async\" class=\"aligncenter\" title=\"descomposici\u00f3n en primos de 246 y 100\" src=\"https:\/\/www.matesfacil.com\/ESO\/fraccion_generatriz\/tipo1-3.png\" alt=\"descomposici\u00f3n de n\u00fameros\" width=\"159\" height=\"266\" \/><\/a><\/p>\n<p style=\"text-align: justify\">Simplificamos la fracci\u00f3n:<\/p>\n<p align=\"center\"><a href=\"https:\/\/www.matesfacil.com\/ESO\/fracciones\/simplificar\/simplificar-reducir-fracciones-metodo-maximo-comun-divisor-ejercicios-resueltos.html\"><img loading=\"lazy\" decoding=\"async\" class=\"aligncenter\" title=\"simplificamos la fracci\u00f3n\" src=\"https:\/\/www.matesfacil.com\/ESO\/fraccion_generatriz\/tipo1-4.png\" alt=\"simplificar fracciones\" width=\"159\" height=\"114\" \/><\/a><\/p>\n<p>Luego la\u00a0<strong>fracci\u00f3n generatriz<\/strong>\u00a0del n\u00famero decimal exacto 2,46 es<\/p>\n<p align=\"center\"><a href=\"https:\/\/www.matesfacil.com\/ESO\/fraccion_generatriz\/obtener-fraccion-generatriz-numero-decimal-exacto-periodico-puro-mixto.html\"><img loading=\"lazy\" decoding=\"async\" class=\"aligncenter\" title=\"fracci\u00f3n generatriz del n\u00famero decimal exacto 2,46\" src=\"https:\/\/www.matesfacil.com\/ESO\/fraccion_generatriz\/tipo1-5.png\" alt=\"fracciones generatrices de n\u00fameros decimales\" width=\"43\" height=\"55\" \/><\/a><\/p>\n<\/li>\n<\/ol>\n<ul>\n<li><a href=\"https:\/\/blogs.ua.es\/matesfacil\/secundaria-numeros-operaciones\/fraccion-generatriz-de-numeros-decimales\/fraccion-generatriz-de-un-decimal-periodico-puro\/\">Fracci\u00f3n generatriz de n\u00famero decimal peri\u00f3dico puro<\/a><\/li>\n<li><a href=\"https:\/\/blogs.ua.es\/matesfacil\/secundaria-numeros-operaciones\/fraccion-generatriz-de-numeros-decimales\/fraccion-generatriz-de-un-decimal-periodico-mixto\/\">Fracci\u00f3n generatriz de n\u00famero decimal peri\u00f3dico mixto<\/a><\/li>\n<\/ul>\n<p style=\"text-align: left\" align=\"center\"><strong>Recursos de fracciones:<\/strong><\/p>\n<ul>\n<li><a href=\"https:\/\/www.matesfacil.com\/ESO\/fracciones\/concepto\/fracciones-concepto-definicion-ejemplos-ejercicios-interactivos-secundaria-partes-quebrados-partido-dividido.html\">Concepto de fracci\u00f3n<\/a><\/li>\n<li><a href=\"https:\/\/www.matesfacil.com\/ESO\/fracciones\/simplificar\/simplificar-reducir-fracciones-metodo-maximo-comun-divisor-ejercicios-resueltos.html\">Simplificar fracciones<\/a><\/li>\n<li><a href=\"https:\/\/www.matesfacil.com\/ESO\/fracciones\/equivalentes\/fracciones-equivalentes-iguales-ejemplos-ejercicios-resueltos-secundaria.html\">Fracciones equivalentes<\/a>\u00a0(1)<\/li>\n<li><a href=\"https:\/\/www.problemasyecuaciones.com\/fracciones\/equivalentes\/fracciones-equivalentes-fraccion-irreductible-dividir-multiplicar-ejemplos-ejercicios-maximo-comun-divisor.html\">Fracciones equivalentes<\/a> (2)<\/li>\n<li><a href=\"https:\/\/www.matesfacil.com\/ESO\/fracciones\/sumar\/sumar-restar-fracciones-negativas-minimo-comun-multiplo-ejercicios-resueltos-quebrados-secundaria.html\">Sumar y Restar fracciones<\/a><\/li>\n<li><a href=\"https:\/\/www.matesfacil.com\/ESO\/fracciones\/producto\/producto-division-fracciones-ejemplos-ejercicios-resueltos.html\">Multiplicar y Dividir fracciones<\/a><\/li>\n<li><a href=\"https:\/\/www.matesfacil.com\/ESO\/fraccion_generatriz\/obtener-fraccion-generatriz-numero-decimal-exacto-periodico-puro-mixto.html\">Fracci\u00f3n generatriz de n\u00fameros decimales<\/a><\/li>\n<li><a href=\"https:\/\/www.matesfacil.com\/ESO\/fracciones\/mixtos\/fraccion-mixta-numero-mixto-suma-producto-definicion-ejemplos-ejercicios-interactivos-secundaria-test.html\">Fracciones mixtas<\/a><\/li>\n<li><a href=\"https:\/\/www.matesfacil.com\/ESO\/numeros\/porcentajes\/porcentaje-por-ciento-proporcion-definicion-concepto-ejemplos-test-problemas-resueltos-oferta-rebaja-aumento-ejercicios.html\">Problemas de porcentajes<\/a><\/li>\n<li><a href=\"https:\/\/www.matesfacil.com\/interactivos\/primaria\/fracciones\/primaria-secundaria-fraccion-fracciones-quebrados-ejercicios-interactivos-autocorreccion-online-test-examen-numerador-denominador-simplificar-TIC.html\">Ejercicios interactivos de fracciones<\/a><\/li>\n<li><a href=\"https:\/\/www.problemasyecuaciones.com\/fracciones\/operaciones\/sumar-restar-multiplicar-dividir-numerador-denominador-problemas-ejercicios-resueltos.html\">Operaciones con fracciones<\/a><\/li>\n<\/ul>\n","protected":false},"excerpt":{"rendered":"<p>Recordad que un n\u00famero decimal exacto\u00a0es un n\u00famero decimal que tiene un n\u00famero\u00a0finito\u00a0de decimales, es decir, un n\u00famero finito de n\u00fameros despu\u00e9s de la coma. Por ejemplo,\u00a02,46\u00a0es un decimal exacto, pero\u00a02,46666&#8230;.\u00a0no lo es. Fracci\u00f3n generatriz Explicamos el m\u00e9todo mediante un ejemplo para ser m\u00e1s intuitivos. Vamos a calcular la fracci\u00f3n generatriz del n\u00famero decimal 2,46. &hellip; <\/p>\n<p class=\"link-more\"><a href=\"https:\/\/blogs.ua.es\/matesfacil\/secundaria-numeros-operaciones\/fraccion-generatriz-de-numeros-decimales\/fraccion-generatriz-de-decimal-exacto\/\" class=\"more-link\">Continue reading<span class=\"screen-reader-text\"> &#8220;Fracci\u00f3n generatriz de decimal exacto&#8221;<\/span><\/a><\/p>\n","protected":false},"author":4324,"featured_media":0,"parent":219,"menu_order":0,"comment_status":"closed","ping_status":"closed","template":"","meta":{"footnotes":""},"class_list":["post-218","page","type-page","status-publish","hentry"],"_links":{"self":[{"href":"https:\/\/blogs.ua.es\/matesfacil\/wp-json\/wp\/v2\/pages\/218","targetHints":{"allow":["GET"]}}],"collection":[{"href":"https:\/\/blogs.ua.es\/matesfacil\/wp-json\/wp\/v2\/pages"}],"about":[{"href":"https:\/\/blogs.ua.es\/matesfacil\/wp-json\/wp\/v2\/types\/page"}],"author":[{"embeddable":true,"href":"https:\/\/blogs.ua.es\/matesfacil\/wp-json\/wp\/v2\/users\/4324"}],"replies":[{"embeddable":true,"href":"https:\/\/blogs.ua.es\/matesfacil\/wp-json\/wp\/v2\/comments?post=218"}],"version-history":[{"count":8,"href":"https:\/\/blogs.ua.es\/matesfacil\/wp-json\/wp\/v2\/pages\/218\/revisions"}],"predecessor-version":[{"id":600,"href":"https:\/\/blogs.ua.es\/matesfacil\/wp-json\/wp\/v2\/pages\/218\/revisions\/600"}],"up":[{"embeddable":true,"href":"https:\/\/blogs.ua.es\/matesfacil\/wp-json\/wp\/v2\/pages\/219"}],"wp:attachment":[{"href":"https:\/\/blogs.ua.es\/matesfacil\/wp-json\/wp\/v2\/media?parent=218"}],"curies":[{"name":"wp","href":"https:\/\/api.w.org\/{rel}","templated":true}]}}