{"id":219,"date":"2018-10-11T19:10:35","date_gmt":"2018-10-11T18:10:35","guid":{"rendered":"https:\/\/blogs.ua.es\/matesfacil\/?page_id=219"},"modified":"2018-10-11T19:27:29","modified_gmt":"2018-10-11T18:27:29","slug":"fraccion-generatriz-de-numeros-decimales","status":"publish","type":"page","link":"https:\/\/blogs.ua.es\/matesfacil\/secundaria-numeros-operaciones\/fraccion-generatriz-de-numeros-decimales\/","title":{"rendered":"Fracci\u00f3n generatriz de n\u00fameros decimales"},"content":{"rendered":"<p style=\"text-align: justify\">La <strong>fracci\u00f3n generatriz<\/strong> de un <strong>n\u00famero decimal<\/strong> es la <a href=\"https:\/\/www.matesfacil.com\/ESO\/fracciones\/simplificar\/simplificar-reducir-fracciones-metodo-maximo-comun-divisor-ejercicios-resueltos.html\">fracci\u00f3n irreductible<\/a> cuyo resultado es dicho n\u00famero decimal.<\/p>\n<p>El m\u00e9todo para calcular la fracci\u00f3n generatriz depende del tipo de decimal:<\/p>\n<ul>\n<li><a href=\"https:\/\/blogs.ua.es\/matesfacil\/secundaria-numeros-operaciones\/fraccion-generatriz-de-numeros-decimales\/fraccion-generatriz-de-decimal-exacto\/\">Decimal exacto<\/a> (como 4,13).<\/li>\n<li><a href=\"https:\/\/blogs.ua.es\/matesfacil\/secundaria-numeros-operaciones\/fraccion-generatriz-de-numeros-decimales\/fraccion-generatriz-de-un-decimal-periodico-puro\/\">Decimal peri\u00f3dico puro<\/a> (como 3,1212121212&#8230;)<\/li>\n<li><a href=\"https:\/\/blogs.ua.es\/matesfacil\/secundaria-numeros-operaciones\/fraccion-generatriz-de-numeros-decimales\/fraccion-generatriz-de-un-decimal-periodico-mixto\/\">Decimal peri\u00f3dico mixto<\/a> (como 3,1233333&#8230;)<\/li>\n<\/ul>\n","protected":false},"excerpt":{"rendered":"<p>La fracci\u00f3n generatriz de un n\u00famero decimal es la fracci\u00f3n irreductible cuyo resultado es dicho n\u00famero decimal. El m\u00e9todo para calcular la fracci\u00f3n generatriz depende del tipo de decimal: Decimal exacto (como 4,13). Decimal peri\u00f3dico puro (como 3,1212121212&#8230;) Decimal peri\u00f3dico mixto (como 3,1233333&#8230;)<\/p>\n","protected":false},"author":4324,"featured_media":0,"parent":163,"menu_order":0,"comment_status":"closed","ping_status":"closed","template":"","meta":{"footnotes":""},"class_list":["post-219","page","type-page","status-publish","hentry"],"_links":{"self":[{"href":"https:\/\/blogs.ua.es\/matesfacil\/wp-json\/wp\/v2\/pages\/219","targetHints":{"allow":["GET"]}}],"collection":[{"href":"https:\/\/blogs.ua.es\/matesfacil\/wp-json\/wp\/v2\/pages"}],"about":[{"href":"https:\/\/blogs.ua.es\/matesfacil\/wp-json\/wp\/v2\/types\/page"}],"author":[{"embeddable":true,"href":"https:\/\/blogs.ua.es\/matesfacil\/wp-json\/wp\/v2\/users\/4324"}],"replies":[{"embeddable":true,"href":"https:\/\/blogs.ua.es\/matesfacil\/wp-json\/wp\/v2\/comments?post=219"}],"version-history":[{"count":5,"href":"https:\/\/blogs.ua.es\/matesfacil\/wp-json\/wp\/v2\/pages\/219\/revisions"}],"predecessor-version":[{"id":232,"href":"https:\/\/blogs.ua.es\/matesfacil\/wp-json\/wp\/v2\/pages\/219\/revisions\/232"}],"up":[{"embeddable":true,"href":"https:\/\/blogs.ua.es\/matesfacil\/wp-json\/wp\/v2\/pages\/163"}],"wp:attachment":[{"href":"https:\/\/blogs.ua.es\/matesfacil\/wp-json\/wp\/v2\/media?parent=219"}],"curies":[{"name":"wp","href":"https:\/\/api.w.org\/{rel}","templated":true}]}}