{"id":230,"date":"2018-10-11T19:27:08","date_gmt":"2018-10-11T18:27:08","guid":{"rendered":"https:\/\/blogs.ua.es\/matesfacil\/?page_id=230"},"modified":"2019-06-13T08:42:06","modified_gmt":"2019-06-13T07:42:06","slug":"fraccion-generatriz-de-un-decimal-periodico-mixto","status":"publish","type":"page","link":"https:\/\/blogs.ua.es\/matesfacil\/secundaria-numeros-operaciones\/fraccion-generatriz-de-numeros-decimales\/fraccion-generatriz-de-un-decimal-periodico-mixto\/","title":{"rendered":"Fracci\u00f3n generatriz de un decimal peri\u00f3dico mixto"},"content":{"rendered":"<p style=\"text-align: justify\">Recordad que un n\u00famero\u00a0<strong>decimal peri\u00f3dico mixto<\/strong>\u00a0es un n\u00famero decimal que presenta, a partir de un determinado decimal, un per\u00edodo.\u00a0Los decimales anteriores al per\u00edodo se denominan <b>ante-per\u00edodo<\/b>.<\/p>\n<p>Por ejemplo,<\/p>\n<p align=\"center\"><img decoding=\"async\" title=\"n\u00famero decimal peri\u00f3dico mixto 5,0612121212...\" src=\"https:\/\/www.matesfacil.com\/ESO\/fraccion_generatriz\/tipo3-1.png\" alt=\"fracciones generatrices de n\u00fameros decimales\" \/><\/p>\n<p>es un n\u00famero decimal con per\u00edodo 23 y ante-per\u00edodo 06.<\/p>\n<p style=\"text-align: justify\">Normalmente, para representar a este tipo de decimales escribimos la parte entera, la coma, el ante-per\u00edodo y \u00fanicamente una vez el per\u00edodo (enfatizado):<\/p>\n<p align=\"center\"><img decoding=\"async\" title=\"n\u00famero decimal peri\u00f3dico mixto 5,06121212...\" src=\"https:\/\/www.matesfacil.com\/ESO\/fraccion_generatriz\/tipo3-2.png\" alt=\"fracciones generatrices de n\u00fameros decimales\" \/><\/p>\n<h1 style=\"text-align: left\" align=\"center\"><strong>Fracci\u00f3n generatriz<\/strong><\/h1>\n<p style=\"text-align: justify\">Explicamos el m\u00e9todo mediante un ejemplo para ser m\u00e1s intuitivos. Vamos a calcular la fracci\u00f3n generatriz del n\u00famero decimal peri\u00f3dico mixto 5,06121212&#8230;<\/p>\n<ol>\n<li>\n<p style=\"text-align: justify\">En el\u00a0<strong>numerador<\/strong>\u00a0escribimos el n\u00famero decimal sin la coma (s\u00f3lo con un per\u00edodo) y le restamos el n\u00famero formado por todas las cifras anteriores al per\u00edodo (incluidas las cifras de delante de la coma).<\/p>\n<p style=\"text-align: justify\">En el\u00a0<strong>denominador<\/strong>\u00a0escribimos tantos 9\u2019s como cifras tiene el per\u00edodo seguidos de tantos 0\u2019s como cifras tiene el ante-per\u00edodo:<\/p>\n<p align=\"center\"><a href=\"https:\/\/www.matesfacil.com\/ESO\/fraccion_generatriz\/obtener-fraccion-generatriz-numero-decimal-exacto-periodico-puro-mixto.html\"><img loading=\"lazy\" decoding=\"async\" class=\"aligncenter\" title=\"fracci\u00f3n generatriz del n\u00famero decimal peri\u00f3dico mixto 5,06121212...\" src=\"https:\/\/www.matesfacil.com\/ESO\/fraccion_generatriz\/tipo3-3.png\" alt=\"fracciones generatrices de n\u00fameros decimales\" width=\"220\" height=\"54\" \/><\/a><\/p>\n<\/li>\n<li>Simplificamos la fracci\u00f3n:\n<p align=\"center\"><img decoding=\"async\" title=\"fracci\u00f3n generatriz del n\u00famero decimal peri\u00f3dico mixto 5,06121212...\" src=\"https:\/\/www.matesfacil.com\/ESO\/fraccion_generatriz\/tipo3-4.png\" alt=\"fracciones generatrices de n\u00fameros decimales\" \/><\/p>\n<p>Luego la\u00a0<strong>fracci\u00f3n generatriz<\/strong>\u00a0de 5,06121212&#8230; es<\/p>\n<p align=\"center\"><a href=\"https:\/\/www.matesfacil.com\/ESO\/fraccion_generatriz\/obtener-fraccion-generatriz-numero-decimal-exacto-periodico-puro-mixto.html\"><img loading=\"lazy\" decoding=\"async\" class=\"aligncenter\" title=\"fracci\u00f3n generatriz del n\u00famero decimal peri\u00f3dico mixto 5,06121212...\" src=\"https:\/\/www.matesfacil.com\/ESO\/fraccion_generatriz\/tipo3-5.png\" alt=\"fracciones generatrices de n\u00fameros decimales\" width=\"60\" height=\"56\" \/><\/a><\/p>\n<\/li>\n<\/ol>\n<ul>\n<li><a href=\"https:\/\/blogs.ua.es\/matesfacil\/secundaria-numeros-operaciones\/fraccion-generatriz-de-numeros-decimales\/fraccion-generatriz-de-decimal-exacto\/\">Fracci\u00f3n generatriz de n\u00famero decimal exacto<\/a><\/li>\n<li><a href=\"https:\/\/blogs.ua.es\/matesfacil\/secundaria-numeros-operaciones\/fraccion-generatriz-de-numeros-decimales\/fraccion-generatriz-de-un-decimal-periodico-puro\/\">Fracci\u00f3n generatriz de n\u00famero decimal peri\u00f3dico puro<\/a><\/li>\n<\/ul>\n<p style=\"text-align: left\" align=\"center\"><strong>Recursos de fracciones:<\/strong><\/p>\n<ul>\n<li><a href=\"https:\/\/www.matesfacil.com\/ESO\/fracciones\/concepto\/fracciones-concepto-definicion-ejemplos-ejercicios-interactivos-secundaria-partes-quebrados-partido-dividido.html\">Concepto de fracci\u00f3n<\/a><\/li>\n<li><a href=\"https:\/\/www.matesfacil.com\/ESO\/fracciones\/simplificar\/simplificar-reducir-fracciones-metodo-maximo-comun-divisor-ejercicios-resueltos.html\">Simplificar fracciones<\/a><\/li>\n<li><a href=\"https:\/\/www.matesfacil.com\/ESO\/fracciones\/equivalentes\/fracciones-equivalentes-iguales-ejemplos-ejercicios-resueltos-secundaria.html\">Fracciones equivalentes<\/a>\u00a0(1)<\/li>\n<li><a href=\"https:\/\/www.problemasyecuaciones.com\/fracciones\/equivalentes\/fracciones-equivalentes-fraccion-irreductible-dividir-multiplicar-ejemplos-ejercicios-maximo-comun-divisor.html\">Fracciones equivalentes<\/a> (2)<\/li>\n<li><a href=\"https:\/\/www.matesfacil.com\/ESO\/fracciones\/sumar\/sumar-restar-fracciones-negativas-minimo-comun-multiplo-ejercicios-resueltos-quebrados-secundaria.html\">Sumar y Restar fracciones<\/a><\/li>\n<li><a href=\"https:\/\/www.matesfacil.com\/ESO\/fracciones\/producto\/producto-division-fracciones-ejemplos-ejercicios-resueltos.html\">Multiplicar y Dividir fracciones<\/a><\/li>\n<li><a href=\"https:\/\/www.matesfacil.com\/ESO\/fraccion_generatriz\/obtener-fraccion-generatriz-numero-decimal-exacto-periodico-puro-mixto.html\">Fracci\u00f3n generatriz de n\u00fameros decimales<\/a><\/li>\n<li><a href=\"https:\/\/www.matesfacil.com\/ESO\/fracciones\/mixtos\/fraccion-mixta-numero-mixto-suma-producto-definicion-ejemplos-ejercicios-interactivos-secundaria-test.html\">Fracciones mixtas<\/a><\/li>\n<li><a href=\"https:\/\/www.matesfacil.com\/ESO\/numeros\/porcentajes\/porcentaje-por-ciento-proporcion-definicion-concepto-ejemplos-test-problemas-resueltos-oferta-rebaja-aumento-ejercicios.html\">Problemas de porcentajes<\/a><\/li>\n<li><a href=\"https:\/\/www.matesfacil.com\/interactivos\/primaria\/fracciones\/primaria-secundaria-fraccion-fracciones-quebrados-ejercicios-interactivos-autocorreccion-online-test-examen-numerador-denominador-simplificar-TIC.html\">Ejercicios interactivos de fracciones<\/a><\/li>\n<li><a href=\"https:\/\/www.problemasyecuaciones.com\/fracciones\/operaciones\/sumar-restar-multiplicar-dividir-numerador-denominador-problemas-ejercicios-resueltos.html\">Operaciones con fracciones<\/a><\/li>\n<\/ul>\n","protected":false},"excerpt":{"rendered":"<p>Recordad que un n\u00famero\u00a0decimal peri\u00f3dico mixto\u00a0es un n\u00famero decimal que presenta, a partir de un determinado decimal, un per\u00edodo.\u00a0Los decimales anteriores al per\u00edodo se denominan ante-per\u00edodo. Por ejemplo, es un n\u00famero decimal con per\u00edodo 23 y ante-per\u00edodo 06. Normalmente, para representar a este tipo de decimales escribimos la parte entera, la coma, el ante-per\u00edodo y &hellip; <\/p>\n<p class=\"link-more\"><a href=\"https:\/\/blogs.ua.es\/matesfacil\/secundaria-numeros-operaciones\/fraccion-generatriz-de-numeros-decimales\/fraccion-generatriz-de-un-decimal-periodico-mixto\/\" class=\"more-link\">Continue reading<span class=\"screen-reader-text\"> &#8220;Fracci\u00f3n generatriz de un decimal peri\u00f3dico mixto&#8221;<\/span><\/a><\/p>\n","protected":false},"author":4324,"featured_media":0,"parent":219,"menu_order":0,"comment_status":"closed","ping_status":"closed","template":"","meta":{"footnotes":""},"class_list":["post-230","page","type-page","status-publish","hentry"],"_links":{"self":[{"href":"https:\/\/blogs.ua.es\/matesfacil\/wp-json\/wp\/v2\/pages\/230","targetHints":{"allow":["GET"]}}],"collection":[{"href":"https:\/\/blogs.ua.es\/matesfacil\/wp-json\/wp\/v2\/pages"}],"about":[{"href":"https:\/\/blogs.ua.es\/matesfacil\/wp-json\/wp\/v2\/types\/page"}],"author":[{"embeddable":true,"href":"https:\/\/blogs.ua.es\/matesfacil\/wp-json\/wp\/v2\/users\/4324"}],"replies":[{"embeddable":true,"href":"https:\/\/blogs.ua.es\/matesfacil\/wp-json\/wp\/v2\/comments?post=230"}],"version-history":[{"count":5,"href":"https:\/\/blogs.ua.es\/matesfacil\/wp-json\/wp\/v2\/pages\/230\/revisions"}],"predecessor-version":[{"id":602,"href":"https:\/\/blogs.ua.es\/matesfacil\/wp-json\/wp\/v2\/pages\/230\/revisions\/602"}],"up":[{"embeddable":true,"href":"https:\/\/blogs.ua.es\/matesfacil\/wp-json\/wp\/v2\/pages\/219"}],"wp:attachment":[{"href":"https:\/\/blogs.ua.es\/matesfacil\/wp-json\/wp\/v2\/media?parent=230"}],"curies":[{"name":"wp","href":"https:\/\/api.w.org\/{rel}","templated":true}]}}