{"id":237,"date":"2018-10-12T17:11:08","date_gmt":"2018-10-12T16:11:08","guid":{"rendered":"https:\/\/blogs.ua.es\/matesfacil\/?page_id=237"},"modified":"2019-06-13T08:42:40","modified_gmt":"2019-06-13T07:42:40","slug":"fraccion-mixta","status":"publish","type":"page","link":"https:\/\/blogs.ua.es\/matesfacil\/secundaria-numeros-operaciones\/fracciones\/fraccion-mixta\/","title":{"rendered":"Fracci\u00f3n mixta"},"content":{"rendered":"<p style=\"text-align: justify\">Los\u00a0<strong>n\u00fameros mixtos<\/strong>\u00a0(o\u00a0<strong>fracciones mixtas<\/strong>) son n\u00fameros formados por un\u00a0<strong>n\u00famero entero<\/strong>\u00a0(1,2,3,4,&#8230;) y una\u00a0<strong>fracci\u00f3n propia<\/strong>\u00a0(su numerador es menor que su denominador).<\/p>\n<p><strong>Ejemplo:<\/strong>\u00a0La fracci\u00f3n mixta 2\u00bd se lee\u00a0<i>dos y un medio y\u00a0<\/i>es el n\u00famero 2,5.<\/p>\n<p align=\"center\"><a href=\"https:\/\/www.matesfacil.com\/ESO\/fracciones\/mixtos\/fraccion-mixta-numero-mixto-suma-producto-definicion-ejemplos-ejercicios-interactivos-secundaria-test.html\"><img loading=\"lazy\" decoding=\"async\" class=\"aligncenter\" title=\"representaci\u00f3n del n\u00famero mixto dos y un medio\" src=\"https:\/\/www.matesfacil.com\/ESO\/fracciones\/mixtos\/mixtoT-1.png\" alt=\"fracciones mixtas o n\u00fameros mixtos\" width=\"224\" height=\"330\" \/><\/a><\/p>\n<ul>\n<li>La parte entera es 2 y la fracci\u00f3n es \u00bd.<\/li>\n<li>La fracci\u00f3n es propia ya que el numerador, 1, es menor que el denominador, 2.<\/li>\n<li>El entero indica que hay 2 vasos de agua &#8220;enteros&#8221; y la fracci\u00f3n indica que hay un &#8220;medio vaso&#8221; de agua.<\/li>\n<\/ul>\n<blockquote><p>La fracci\u00f3n mixta representa al n\u00famero que se obtiene al sumar el entero y la fracci\u00f3n propia. Siempre es un n\u00famero decimal.<\/p><\/blockquote>\n<p>Las fracciones mixtas se pueden sumar, restar, multiplicar y dividir, pero no vamos a explicar en esta p\u00e1gina las operaciones por su extensi\u00f3n. Pod\u00e9is consultarlo en\u00a0<a href=\"https:\/\/www.matesfacil.com\/ESO\/fracciones\/mixtos\/fraccion-mixta-numero-mixto-suma-producto-definicion-ejemplos-ejercicios-interactivos-secundaria-test.html\">Fracciones mixtas o n\u00fameros mixtos<\/a>.<\/p>\n<p><strong>M\u00e1s ejemplos de fracciones mixtas:<\/strong><\/p>\n<ul>\n<li><em>Tres y un cuarto:\u00a0\u00a0<\/em>3\u00bc. Es el n\u00famero 3 + \u00bc\u00a0 = 3 + 0,25 = 3,25.<\/li>\n<li><em>Cinco y tres cuartos<\/em>:\u00a0 5\u00be. Es el n\u00famero 5 + \u00be\u00a0 = 5 + 0,75 = 5,75.<\/li>\n<li>La suma de las fracciones mixtas 3\u00bc y 5\u00be es 9, es decir, un n\u00famero entero.<\/li>\n<\/ul>\n<blockquote>\n<p style=\"text-align: center\">3\u00bc + 5\u00be = (3 + 5) + ( \u00bc + \u00be ) = 8 + 1 = 9<\/p>\n<\/blockquote>\n<p style=\"text-align: left\" align=\"center\"><strong>Recursos de fracciones:<\/strong><\/p>\n<ul>\n<li><a href=\"https:\/\/www.matesfacil.com\/ESO\/fracciones\/concepto\/fracciones-concepto-definicion-ejemplos-ejercicios-interactivos-secundaria-partes-quebrados-partido-dividido.html\">Concepto de fracci\u00f3n<\/a><\/li>\n<li><a href=\"https:\/\/www.matesfacil.com\/ESO\/fracciones\/simplificar\/simplificar-reducir-fracciones-metodo-maximo-comun-divisor-ejercicios-resueltos.html\">Simplificar fracciones<\/a><\/li>\n<li><a href=\"https:\/\/www.matesfacil.com\/ESO\/fracciones\/equivalentes\/fracciones-equivalentes-iguales-ejemplos-ejercicios-resueltos-secundaria.html\">Fracciones equivalentes<\/a>\u00a0(1)<\/li>\n<li><a href=\"https:\/\/www.problemasyecuaciones.com\/fracciones\/equivalentes\/fracciones-equivalentes-fraccion-irreductible-dividir-multiplicar-ejemplos-ejercicios-maximo-comun-divisor.html\">Fracciones equivalentes<\/a> (2)<\/li>\n<li><a href=\"https:\/\/www.matesfacil.com\/ESO\/fracciones\/sumar\/sumar-restar-fracciones-negativas-minimo-comun-multiplo-ejercicios-resueltos-quebrados-secundaria.html\">Sumar y Restar fracciones<\/a><\/li>\n<li><a href=\"https:\/\/www.matesfacil.com\/ESO\/fracciones\/producto\/producto-division-fracciones-ejemplos-ejercicios-resueltos.html\">Multiplicar y Dividir fracciones<\/a><\/li>\n<li><a href=\"https:\/\/www.matesfacil.com\/ESO\/fraccion_generatriz\/obtener-fraccion-generatriz-numero-decimal-exacto-periodico-puro-mixto.html\">Fracci\u00f3n generatriz de n\u00fameros decimales<\/a><\/li>\n<li><a href=\"https:\/\/www.matesfacil.com\/ESO\/fracciones\/mixtos\/fraccion-mixta-numero-mixto-suma-producto-definicion-ejemplos-ejercicios-interactivos-secundaria-test.html\">Fracciones mixtas<\/a><\/li>\n<li><a href=\"https:\/\/www.matesfacil.com\/ESO\/numeros\/porcentajes\/porcentaje-por-ciento-proporcion-definicion-concepto-ejemplos-test-problemas-resueltos-oferta-rebaja-aumento-ejercicios.html\">Problemas de porcentajes<\/a><\/li>\n<li><a href=\"https:\/\/www.matesfacil.com\/interactivos\/primaria\/fracciones\/primaria-secundaria-fraccion-fracciones-quebrados-ejercicios-interactivos-autocorreccion-online-test-examen-numerador-denominador-simplificar-TIC.html\">Ejercicios interactivos de fracciones<\/a><\/li>\n<li><a href=\"https:\/\/www.problemasyecuaciones.com\/fracciones\/operaciones\/sumar-restar-multiplicar-dividir-numerador-denominador-problemas-ejercicios-resueltos.html\">Operaciones con fracciones<\/a><\/li>\n<\/ul>\n","protected":false},"excerpt":{"rendered":"<p>Los\u00a0n\u00fameros mixtos\u00a0(o\u00a0fracciones mixtas) son n\u00fameros formados por un\u00a0n\u00famero entero\u00a0(1,2,3,4,&#8230;) y una\u00a0fracci\u00f3n propia\u00a0(su numerador es menor que su denominador). Ejemplo:\u00a0La fracci\u00f3n mixta 2\u00bd se lee\u00a0dos y un medio y\u00a0es el n\u00famero 2,5. La parte entera es 2 y la fracci\u00f3n es \u00bd. La fracci\u00f3n es propia ya que el numerador, 1, es menor que el denominador, &hellip; <\/p>\n<p class=\"link-more\"><a href=\"https:\/\/blogs.ua.es\/matesfacil\/secundaria-numeros-operaciones\/fracciones\/fraccion-mixta\/\" class=\"more-link\">Continue reading<span class=\"screen-reader-text\"> &#8220;Fracci\u00f3n mixta&#8221;<\/span><\/a><\/p>\n","protected":false},"author":4324,"featured_media":0,"parent":183,"menu_order":0,"comment_status":"closed","ping_status":"closed","template":"","meta":{"footnotes":""},"class_list":["post-237","page","type-page","status-publish","hentry"],"_links":{"self":[{"href":"https:\/\/blogs.ua.es\/matesfacil\/wp-json\/wp\/v2\/pages\/237","targetHints":{"allow":["GET"]}}],"collection":[{"href":"https:\/\/blogs.ua.es\/matesfacil\/wp-json\/wp\/v2\/pages"}],"about":[{"href":"https:\/\/blogs.ua.es\/matesfacil\/wp-json\/wp\/v2\/types\/page"}],"author":[{"embeddable":true,"href":"https:\/\/blogs.ua.es\/matesfacil\/wp-json\/wp\/v2\/users\/4324"}],"replies":[{"embeddable":true,"href":"https:\/\/blogs.ua.es\/matesfacil\/wp-json\/wp\/v2\/comments?post=237"}],"version-history":[{"count":3,"href":"https:\/\/blogs.ua.es\/matesfacil\/wp-json\/wp\/v2\/pages\/237\/revisions"}],"predecessor-version":[{"id":603,"href":"https:\/\/blogs.ua.es\/matesfacil\/wp-json\/wp\/v2\/pages\/237\/revisions\/603"}],"up":[{"embeddable":true,"href":"https:\/\/blogs.ua.es\/matesfacil\/wp-json\/wp\/v2\/pages\/183"}],"wp:attachment":[{"href":"https:\/\/blogs.ua.es\/matesfacil\/wp-json\/wp\/v2\/media?parent=237"}],"curies":[{"name":"wp","href":"https:\/\/api.w.org\/{rel}","templated":true}]}}