{"id":279,"date":"2018-10-18T09:20:39","date_gmt":"2018-10-18T08:20:39","guid":{"rendered":"https:\/\/blogs.ua.es\/matesfacil\/?page_id=279"},"modified":"2019-01-05T19:50:22","modified_gmt":"2019-01-05T18:50:22","slug":"algebra-matricial","status":"publish","type":"page","link":"https:\/\/blogs.ua.es\/matesfacil\/bachillerato\/algebra-matricial\/","title":{"rendered":"\u00c1lgebra Matricial"},"content":{"rendered":"<p style=\"text-align: justify\"><strong>Nota t\u00e9cnica:<\/strong> Consideramos que las matrices son sobre el cuerpo de los reales y los escalares son n\u00fameros reales.<\/p>\n<ul>\n<li><a href=\"https:\/\/blogs.ua.es\/matesfacil\/bachillerato\/algebra-matricial\/suma-de-matrices-y-producto-por-escalar\/\">Suma de matrices y producto de escalar por matriz<\/a><\/li>\n<li><a href=\"https:\/\/blogs.ua.es\/matesfacil\/bachillerato\/algebra-matricial\/matriz-transpuesta\/\">Matriz transpuesta<\/a><\/li>\n<li><a href=\"https:\/\/blogs.ua.es\/matesfacil\/bachillerato\/algebra-matricial\/producto-de-matrices\/\">Producto de matrices<\/a><\/li>\n<li><a href=\"https:\/\/blogs.ua.es\/matesfacil\/bachillerato\/algebra-matricial\/potencias-de-matrices\/\">Potencias de matrices<\/a><\/li>\n<li><a href=\"https:\/\/blogs.ua.es\/matesfacil\/bachillerato\/algebra-matricial\/determinantes-de-matrices\/\">C\u00e1lculo de determinantes<\/a><\/li>\n<li><a href=\"https:\/\/blogs.ua.es\/matesfacil\/bachillerato\/algebra-matricial\/propiedades-de-los-determinantes\/\">Propiedades de los determinantes<\/a><\/li>\n<li><a href=\"https:\/\/blogs.ua.es\/matesfacil\/bachillerato\/algebra-matricial\/matriz-inversa\/\">Matriz inversa<\/a><\/li>\n<li><a href=\"https:\/\/blogs.ua.es\/matesfacil\/bachillerato\/algebra-matricial\/teorema-de-rouche-frobenius\/\">Teorema de Rouch\u00e9-Frobenius<\/a><\/li>\n<li><a href=\"https:\/\/blogs.ua.es\/matesfacil\/bachillerato\/algebra-matricial\/eliminacion-de-gauss\/\">Eliminaci\u00f3n de Gauss<\/a><\/li>\n<li><a href=\"https:\/\/blogs.ua.es\/matesfacil\/bachillerato\/algebra-matricial\/regla-de-cramer\/\">Regla de Cramer<\/a><\/li>\n<li><a href=\"https:\/\/blogs.ua.es\/matesfacil\/bachillerato\/algebra-matricial\/ecuaciones-matriciales\/\">Ecuaciones matriciales<\/a><\/li>\n<\/ul>\n<h2><strong>Matrices especiales<\/strong><\/h2>\n<ul>\n<li><a href=\"https:\/\/blogs.ua.es\/matesfacil\/2019\/01\/05\/matriz-triangular\/\">Matriz triangular<\/a><\/li>\n<li>Matriz sim\u00e9trica y antisim\u00e9trica<\/li>\n<li>Matriz adjunta<\/li>\n<li>Matriz diagonal<\/li>\n<li>Matriz Hessenberg<\/li>\n<li>Matriz definida positiva<\/li>\n<li>Matriz digonalmente dominante<\/li>\n<\/ul>\n","protected":false},"excerpt":{"rendered":"<p>Nota t\u00e9cnica: Consideramos que las matrices son sobre el cuerpo de los reales y los escalares son n\u00fameros reales. Suma de matrices y producto de escalar por matriz Matriz transpuesta Producto de matrices Potencias de matrices C\u00e1lculo de determinantes Propiedades de los determinantes Matriz inversa Teorema de Rouch\u00e9-Frobenius Eliminaci\u00f3n de Gauss Regla de Cramer Ecuaciones &hellip; <\/p>\n<p class=\"link-more\"><a href=\"https:\/\/blogs.ua.es\/matesfacil\/bachillerato\/algebra-matricial\/\" class=\"more-link\">Continue reading<span class=\"screen-reader-text\"> &#8220;\u00c1lgebra Matricial&#8221;<\/span><\/a><\/p>\n","protected":false},"author":4324,"featured_media":0,"parent":16,"menu_order":0,"comment_status":"closed","ping_status":"closed","template":"","meta":{"footnotes":""},"class_list":["post-279","page","type-page","status-publish","hentry"],"_links":{"self":[{"href":"https:\/\/blogs.ua.es\/matesfacil\/wp-json\/wp\/v2\/pages\/279","targetHints":{"allow":["GET"]}}],"collection":[{"href":"https:\/\/blogs.ua.es\/matesfacil\/wp-json\/wp\/v2\/pages"}],"about":[{"href":"https:\/\/blogs.ua.es\/matesfacil\/wp-json\/wp\/v2\/types\/page"}],"author":[{"embeddable":true,"href":"https:\/\/blogs.ua.es\/matesfacil\/wp-json\/wp\/v2\/users\/4324"}],"replies":[{"embeddable":true,"href":"https:\/\/blogs.ua.es\/matesfacil\/wp-json\/wp\/v2\/comments?post=279"}],"version-history":[{"count":16,"href":"https:\/\/blogs.ua.es\/matesfacil\/wp-json\/wp\/v2\/pages\/279\/revisions"}],"predecessor-version":[{"id":480,"href":"https:\/\/blogs.ua.es\/matesfacil\/wp-json\/wp\/v2\/pages\/279\/revisions\/480"}],"up":[{"embeddable":true,"href":"https:\/\/blogs.ua.es\/matesfacil\/wp-json\/wp\/v2\/pages\/16"}],"wp:attachment":[{"href":"https:\/\/blogs.ua.es\/matesfacil\/wp-json\/wp\/v2\/media?parent=279"}],"curies":[{"name":"wp","href":"https:\/\/api.w.org\/{rel}","templated":true}]}}