{"id":311,"date":"2018-10-19T11:14:43","date_gmt":"2018-10-19T10:14:43","guid":{"rendered":"https:\/\/blogs.ua.es\/matesfacil\/?page_id=311"},"modified":"2020-02-17T11:57:36","modified_gmt":"2020-02-17T10:57:36","slug":"metodos-de-integracion","status":"publish","type":"page","link":"https:\/\/blogs.ua.es\/matesfacil\/bachillerato\/metodos-de-integracion\/","title":{"rendered":"M\u00e9todos de integraci\u00f3n"},"content":{"rendered":"<ul>\n<li><a href=\"https:\/\/blogs.ua.es\/matesfacil\/bachillerato\/metodos-de-integracion\/integrales-inmediatas-o-directas\/\">Integrales inmediatas<\/a><\/li>\n<li><a href=\"https:\/\/blogs.ua.es\/matesfacil\/bachillerato\/metodos-de-integracion\/integracion-por-partes\/\">Integraci\u00f3n por partes<\/a><\/li>\n<li><a href=\"https:\/\/blogs.ua.es\/matesfacil\/bachillerato\/metodos-de-integracion\/integracion-por-sustitucion\/\">Integraci\u00f3n por sustituci\u00f3n<\/a><\/li>\n<li>Integraci\u00f3n de funciones racionales<\/li>\n<li><a href=\"https:\/\/blogs.ua.es\/matesfacil\/bachillerato\/metodos-de-integracion\/regla-barrow\/\">Integrales definidas y la regla de Barrow<\/a><\/li>\n<li>C\u00e1lculo de \u00e1reas entre gr\u00e1ficas de funciones<\/li>\n<\/ul>\n","protected":false},"excerpt":{"rendered":"<p>Integrales inmediatas Integraci\u00f3n por partes Integraci\u00f3n por sustituci\u00f3n Integraci\u00f3n de funciones racionales Integrales definidas y la regla de Barrow C\u00e1lculo de \u00e1reas entre gr\u00e1ficas de funciones<\/p>\n","protected":false},"author":4324,"featured_media":0,"parent":16,"menu_order":0,"comment_status":"closed","ping_status":"closed","template":"","meta":{"footnotes":""},"class_list":["post-311","page","type-page","status-publish","hentry"],"_links":{"self":[{"href":"https:\/\/blogs.ua.es\/matesfacil\/wp-json\/wp\/v2\/pages\/311","targetHints":{"allow":["GET"]}}],"collection":[{"href":"https:\/\/blogs.ua.es\/matesfacil\/wp-json\/wp\/v2\/pages"}],"about":[{"href":"https:\/\/blogs.ua.es\/matesfacil\/wp-json\/wp\/v2\/types\/page"}],"author":[{"embeddable":true,"href":"https:\/\/blogs.ua.es\/matesfacil\/wp-json\/wp\/v2\/users\/4324"}],"replies":[{"embeddable":true,"href":"https:\/\/blogs.ua.es\/matesfacil\/wp-json\/wp\/v2\/comments?post=311"}],"version-history":[{"count":7,"href":"https:\/\/blogs.ua.es\/matesfacil\/wp-json\/wp\/v2\/pages\/311\/revisions"}],"predecessor-version":[{"id":1097,"href":"https:\/\/blogs.ua.es\/matesfacil\/wp-json\/wp\/v2\/pages\/311\/revisions\/1097"}],"up":[{"embeddable":true,"href":"https:\/\/blogs.ua.es\/matesfacil\/wp-json\/wp\/v2\/pages\/16"}],"wp:attachment":[{"href":"https:\/\/blogs.ua.es\/matesfacil\/wp-json\/wp\/v2\/media?parent=311"}],"curies":[{"name":"wp","href":"https:\/\/api.w.org\/{rel}","templated":true}]}}