{"id":314,"date":"2018-10-19T11:38:14","date_gmt":"2018-10-19T10:38:14","guid":{"rendered":"https:\/\/blogs.ua.es\/matesfacil\/?page_id=314"},"modified":"2019-06-20T09:00:53","modified_gmt":"2019-06-20T08:00:53","slug":"integrales-inmediatas-o-directas","status":"publish","type":"page","link":"https:\/\/blogs.ua.es\/matesfacil\/bachillerato\/metodos-de-integracion\/integrales-inmediatas-o-directas\/","title":{"rendered":"Integrales inmediatas o directas"},"content":{"rendered":"<p style=\"text-align: justify\">Las <strong>integrales inmediatas<\/strong> o <strong>directas<\/strong> son las integrales que no requieren aplicar ning\u00fan m\u00e9todo de integraci\u00f3n porque son muy sencillas. Por ejemplo, la integral de <em>2x<\/em> es <em>x<sup>2\u00a0<\/sup>+ C,\u00a0<\/em>donde\u00a0 <em>C\u00a0<\/em>es la constante de integraci\u00f3n.<\/p>\n<p>A veces, el integrando es una funci\u00f3n multiplicada por su derivada. En este caso, la integral es la propia funci\u00f3n:<\/p>\n<h1 style=\"text-align: center\"><strong>\u222bf(x)\u00b7f'(x)dx = f(x) + C<\/strong><\/h1>\n<p>No olvid\u00e9is escribir siempre la constante de integraci\u00f3n\u00a0<em>C.<\/em><\/p>\n<p>Veamos algunos ejemplos de integrales inmediatas.<\/p>\n<h3><strong>Integral 1<\/strong><\/h3>\n<p>Integral de la potencia\u00a0<em>x\u00a0<\/em>a la quinta:<\/p>\n<p><a href=\"https:\/\/www.problemasyecuaciones.com\/integrales\/directas\/integrales-directas-inmediatas-resueltas-explicadas-propiedades-ejemplos-primitivas.html\"><img loading=\"lazy\" decoding=\"async\" class=\"aligncenter\" src=\"https:\/\/www.matesfacil.com\/primitivas\/IntInmediata1.jpg\" alt=\"integrales directas o inmediatas\" width=\"80\" height=\"57\" \/><\/a><\/p>\n<p>Aplicaremos la\u00a0<strong>propiedad <\/strong>&#8220;una constante puede entrar o salir de la integral&#8221;.<\/p>\n<p style=\"text-align: justify\">S\u00f3lo falta un 6 multiplicando para tener la derivada de <em>x<sup>6<\/sup><\/em>. Multiplicamos y dividimos por 6 la integral para introducir un 6 en la integral:<\/p>\n<p align=\"center\"><a href=\"https:\/\/www.problemasyecuaciones.com\/integrales\/directas\/integrales-directas-inmediatas-resueltas-explicadas-propiedades-ejemplos-primitivas.html\"><img loading=\"lazy\" decoding=\"async\" class=\"aligncenter\" title=\"resoluci\u00f3n de la integral de x elevado a 5\" src=\"https:\/\/www.matesfacil.com\/primitivas\/IntInmediata1-1x.png\" alt=\"ejercicios resueltos integraci\u00f3n. Integrales inmediatas. M\u00e9todos de integraci\u00f3n. C\u00e1lculo de primitivas. Bachillerato\" width=\"199\" height=\"124\" \/><\/a><\/p>\n<h3><strong>Integral 2<\/strong><\/h3>\n<p>Integral de una funci\u00f3n racional:<\/p>\n<p><a href=\"https:\/\/www.problemasyecuaciones.com\/integrales\/directas\/integrales-directas-inmediatas-resueltas-explicadas-propiedades-ejemplos-primitivas.html\"><img loading=\"lazy\" decoding=\"async\" class=\"aligncenter\" src=\"https:\/\/www.matesfacil.com\/primitivas\/IntInmediata6.jpg\" alt=\"integrales directas o inmediatas\" width=\"112\" height=\"64\" \/><\/a><\/p>\n<p style=\"text-align: justify\">Normalmente, las integrales inmediatas de funciones racionales son la derivada de un logaritmo. Si no es as\u00ed, tendremos que aplicar otros\u00a0<a href=\"https:\/\/www.matesfacil.com\/ejercicios-resueltos-integrales-racionales.html\">m\u00e9todos para integrales de funciones racionales<\/a>.<\/p>\n<p style=\"text-align: justify\">El integrando ser\u00e1 la derivada de un logaritmo si conseguimos escribir el numerador como la derivada del denominador. Para ello, en esta integral, debemos cambiar el 2 por un 3:<\/p>\n<p align=\"center\"><a href=\"https:\/\/www.problemasyecuaciones.com\/integrales\/directas\/integrales-directas-inmediatas-resueltas-explicadas-propiedades-ejemplos-primitivas.html\"><img loading=\"lazy\" decoding=\"async\" class=\"aligncenter\" title=\"soluci\u00f3n de la integral de la fracci\u00f3n (funci\u00f3n racional) 2\/(3x+2)\" src=\"https:\/\/www.matesfacil.com\/primitivas\/IntInmediata6-1.jpg\" alt=\"ejercicios resueltos integraci\u00f3n. Integrales inmediatas. M\u00e9todos de integraci\u00f3n. C\u00e1lculo de primitivas. Bachillerato\" width=\"225\" height=\"242\" \/><\/a><\/p>\n<h3 style=\"text-align: left\" align=\"center\"><strong>Integral 3<\/strong><\/h3>\n<p>Integral de un cociente con una ra\u00edz cuadrada en el denominador:<\/p>\n<p><a href=\"https:\/\/www.problemasyecuaciones.com\/integrales\/directas\/integrales-directas-inmediatas-resueltas-explicadas-propiedades-ejemplos-primitivas.html\"><img loading=\"lazy\" decoding=\"async\" class=\"aligncenter\" src=\"https:\/\/www.matesfacil.com\/primitivas\/IntInmediata11.jpg\" alt=\"integrales directas o inmediatas\" width=\"82\" height=\"65\" \/><\/a><\/p>\n<p style=\"text-align: justify\">Vamos a escribir la ra\u00edz cuadrada en forma de potencia. De este modo, aplicando las <a href=\"https:\/\/www.matesfacil.com\/resueltos-potencias.htm\">propiedades de las potencias<\/a>, el integrando ser\u00e1 muy simple (una potencia).<\/p>\n<p align=\"center\"><a href=\"https:\/\/www.problemasyecuaciones.com\/integrales\/directas\/integrales-directas-inmediatas-resueltas-explicadas-propiedades-ejemplos-primitivas.html\"><img loading=\"lazy\" decoding=\"async\" class=\"aligncenter\" title=\"resoluci\u00f3n de la integral de x al cuadrado entre la ra\u00edz cuadrada de x\" src=\"https:\/\/www.matesfacil.com\/primitivas\/IntInmediata11-1.jpg\" alt=\"ejercicios resueltos integraci\u00f3n. Integrales inmediatas. M\u00e9todos de integraci\u00f3n. C\u00e1lculo de primitivas. Bachillerato\" width=\"259\" height=\"209\" \/><\/a><\/p>\n<p style=\"text-align: left\" align=\"center\"><strong>M\u00e1s integrales resueltas:<\/strong><\/p>\n<ul>\n<li><a href=\"https:\/\/www.matesfacil.com\/ejercicios-resueltos-integrales-inmediatas.htm\">Integrales inmediatas o directas<\/a><\/li>\n<li><a href=\"https:\/\/www.matesfacil.com\/resueltos-integracion-por-partes.htm\">Integraci\u00f3n por partes<\/a><\/li>\n<li><a href=\"https:\/\/www.problemasyecuaciones.com\/integrales\/partes\/metodo-integracion-partes-integrales-resueltas-explicadas.html\">Integraci\u00f3n por partes (2)<\/a><\/li>\n<li><a href=\"https:\/\/www.matesfacil.com\/resueltos-integracion-por-sustitucion.htm\">Integraci\u00f3n por sustituci\u00f3n o cambio de variable<\/a><\/li>\n<li><a href=\"https:\/\/www.matesfacil.com\/ejercicios-resueltos-integrales-racionales.html\">Integraci\u00f3n de funciones racionales<\/a><\/li>\n<li><a href=\"https:\/\/www.matesfacil.com\/matematicos\/Barrow\/Isaac-Barrow-primer-segundo-teorema-fundamental-calculo-regla-biografia.html\">Integrales definidas (teor\u00eda)<\/a><\/li>\n<li><a href=\"https:\/\/www.matesfacil.com\/ejercicios-resueltos-integracion-areas.html\">C\u00e1lculo de \u00e1reas (integrales definidas)<\/a><\/li>\n<\/ul>\n","protected":false},"excerpt":{"rendered":"<p>Las integrales inmediatas o directas son las integrales que no requieren aplicar ning\u00fan m\u00e9todo de integraci\u00f3n porque son muy sencillas. Por ejemplo, la integral de 2x es x2\u00a0+ C,\u00a0donde\u00a0 C\u00a0es la constante de integraci\u00f3n. A veces, el integrando es una funci\u00f3n multiplicada por su derivada. En este caso, la integral es la propia funci\u00f3n: \u222bf(x)\u00b7f'(x)dx &hellip; <\/p>\n<p class=\"link-more\"><a href=\"https:\/\/blogs.ua.es\/matesfacil\/bachillerato\/metodos-de-integracion\/integrales-inmediatas-o-directas\/\" class=\"more-link\">Continue reading<span class=\"screen-reader-text\"> &#8220;Integrales inmediatas o directas&#8221;<\/span><\/a><\/p>\n","protected":false},"author":4324,"featured_media":0,"parent":311,"menu_order":0,"comment_status":"closed","ping_status":"closed","template":"","meta":{"footnotes":""},"class_list":["post-314","page","type-page","status-publish","hentry"],"_links":{"self":[{"href":"https:\/\/blogs.ua.es\/matesfacil\/wp-json\/wp\/v2\/pages\/314","targetHints":{"allow":["GET"]}}],"collection":[{"href":"https:\/\/blogs.ua.es\/matesfacil\/wp-json\/wp\/v2\/pages"}],"about":[{"href":"https:\/\/blogs.ua.es\/matesfacil\/wp-json\/wp\/v2\/types\/page"}],"author":[{"embeddable":true,"href":"https:\/\/blogs.ua.es\/matesfacil\/wp-json\/wp\/v2\/users\/4324"}],"replies":[{"embeddable":true,"href":"https:\/\/blogs.ua.es\/matesfacil\/wp-json\/wp\/v2\/comments?post=314"}],"version-history":[{"count":5,"href":"https:\/\/blogs.ua.es\/matesfacil\/wp-json\/wp\/v2\/pages\/314\/revisions"}],"predecessor-version":[{"id":753,"href":"https:\/\/blogs.ua.es\/matesfacil\/wp-json\/wp\/v2\/pages\/314\/revisions\/753"}],"up":[{"embeddable":true,"href":"https:\/\/blogs.ua.es\/matesfacil\/wp-json\/wp\/v2\/pages\/311"}],"wp:attachment":[{"href":"https:\/\/blogs.ua.es\/matesfacil\/wp-json\/wp\/v2\/media?parent=314"}],"curies":[{"name":"wp","href":"https:\/\/api.w.org\/{rel}","templated":true}]}}