{"id":32,"date":"2018-10-08T10:03:42","date_gmt":"2018-10-08T09:03:42","guid":{"rendered":"https:\/\/blogs.ua.es\/matesfacil\/?page_id=32"},"modified":"2020-02-06T09:16:43","modified_gmt":"2020-02-06T08:16:43","slug":"secundaria-geometria","status":"publish","type":"page","link":"https:\/\/blogs.ua.es\/matesfacil\/secundaria-geometria\/","title":{"rendered":"Geometr\u00eda de Secundaria"},"content":{"rendered":"<ul>\n<li><a href=\"https:\/\/blogs.ua.es\/matesfacil\/teorema-de-pitagoras\/\">Teorema de Pit\u00e1goras<\/a><\/li>\n<li><a href=\"https:\/\/blogs.ua.es\/matesfacil\/secundaria-geometria\/area-del-circulo\/\">\u00c1rea y per\u00edmetro del c\u00edrculo<\/a><\/li>\n<li><a href=\"https:\/\/blogs.ua.es\/matesfacil\/secundaria-geometria\/triangulos\/\">Tri\u00e1ngulos<\/a><\/li>\n<li><a href=\"https:\/\/blogs.ua.es\/matesfacil\/secundaria-geometria\/trigonometria-basica\/\">Trigonometr\u00eda b\u00e1sica (seno, coseno y tangente)<\/a><\/li>\n<li><a href=\"https:\/\/blogs.ua.es\/matesfacil\/secundaria-geometria\/rectas\/\">Rectas<\/a><\/li>\n<li><a href=\"https:\/\/blogs.ua.es\/matesfacil\/secundaria-geometria\/vectores-del-plano\/\">Vectores del plano<\/a><\/li>\n<li><a href=\"https:\/\/blogs.ua.es\/matesfacil\/secundaria-geometria\/sector-circular\/\">Sector circular<\/a><\/li>\n<li><a href=\"https:\/\/blogs.ua.es\/matesfacil\/secundaria-geometria\/corona-circular\/\">Corona circular<\/a><\/li>\n<li><a href=\"https:\/\/blogs.ua.es\/matesfacil\/secundaria-geometria\/longitud-de-arco-de-circunferencia\/\">Longitud de arco de circunferencia<\/a><\/li>\n<\/ul>\n","protected":false},"excerpt":{"rendered":"<p>Teorema de Pit\u00e1goras \u00c1rea y per\u00edmetro del c\u00edrculo Tri\u00e1ngulos Trigonometr\u00eda b\u00e1sica (seno, coseno y tangente) Rectas Vectores del plano Sector circular Corona circular Longitud de arco de circunferencia<\/p>\n","protected":false},"author":4324,"featured_media":0,"parent":0,"menu_order":0,"comment_status":"closed","ping_status":"closed","template":"","meta":{"footnotes":""},"class_list":["post-32","page","type-page","status-publish","hentry"],"_links":{"self":[{"href":"https:\/\/blogs.ua.es\/matesfacil\/wp-json\/wp\/v2\/pages\/32","targetHints":{"allow":["GET"]}}],"collection":[{"href":"https:\/\/blogs.ua.es\/matesfacil\/wp-json\/wp\/v2\/pages"}],"about":[{"href":"https:\/\/blogs.ua.es\/matesfacil\/wp-json\/wp\/v2\/types\/page"}],"author":[{"embeddable":true,"href":"https:\/\/blogs.ua.es\/matesfacil\/wp-json\/wp\/v2\/users\/4324"}],"replies":[{"embeddable":true,"href":"https:\/\/blogs.ua.es\/matesfacil\/wp-json\/wp\/v2\/comments?post=32"}],"version-history":[{"count":14,"href":"https:\/\/blogs.ua.es\/matesfacil\/wp-json\/wp\/v2\/pages\/32\/revisions"}],"predecessor-version":[{"id":1059,"href":"https:\/\/blogs.ua.es\/matesfacil\/wp-json\/wp\/v2\/pages\/32\/revisions\/1059"}],"wp:attachment":[{"href":"https:\/\/blogs.ua.es\/matesfacil\/wp-json\/wp\/v2\/media?parent=32"}],"curies":[{"name":"wp","href":"https:\/\/api.w.org\/{rel}","templated":true}]}}