{"id":321,"date":"2018-10-20T09:05:22","date_gmt":"2018-10-20T08:05:22","guid":{"rendered":"https:\/\/blogs.ua.es\/matesfacil\/?page_id=321"},"modified":"2018-10-20T10:13:26","modified_gmt":"2018-10-20T09:13:26","slug":"calculo-diferencial","status":"publish","type":"page","link":"https:\/\/blogs.ua.es\/matesfacil\/bachillerato\/calculo-diferencial\/","title":{"rendered":"C\u00e1lculo diferencial"},"content":{"rendered":"<ul>\n<li><a href=\"https:\/\/blogs.ua.es\/matesfacil\/bachillerato\/calculo-diferencial\/definicion-de-derivada-y-reglas-de-derivacion\/\">Definici\u00f3n de derivada y reglas de derivaci\u00f3n<\/a><\/li>\n<li><a href=\"https:\/\/www.matesfacil.com\/tabla-derivadas.pdf\">Tabla de derivadas (pdf)<\/a><\/li>\n<li><a href=\"https:\/\/www.matesfacil.com\/ERCDerivadas.htm\">Ejercicios de calcular derivadas<\/a><\/li>\n<li>Regla de la cadena<\/li>\n<li>Extremos relativos<\/li>\n<li>Criterio de la primera derivada<\/li>\n<li>Criterio de la segunda derivada<\/li>\n<li><a href=\"https:\/\/www.matesfacil.com\/ERCMonotonia.html\">Problemas de monoton\u00eda y curvatura de funciones<\/a><\/li>\n<li>Regla de L&#8217;H\u00f4pital<\/li>\n<li>Problemas de optimizaci\u00f3n<\/li>\n<\/ul>\n","protected":false},"excerpt":{"rendered":"<p>Definici\u00f3n de derivada y reglas de derivaci\u00f3n Tabla de derivadas (pdf) Ejercicios de calcular derivadas Regla de la cadena Extremos relativos Criterio de la primera derivada Criterio de la segunda derivada Problemas de monoton\u00eda y curvatura de funciones Regla de L&#8217;H\u00f4pital Problemas de optimizaci\u00f3n<\/p>\n","protected":false},"author":4324,"featured_media":0,"parent":16,"menu_order":0,"comment_status":"closed","ping_status":"closed","template":"","meta":{"footnotes":""},"class_list":["post-321","page","type-page","status-publish","hentry"],"_links":{"self":[{"href":"https:\/\/blogs.ua.es\/matesfacil\/wp-json\/wp\/v2\/pages\/321","targetHints":{"allow":["GET"]}}],"collection":[{"href":"https:\/\/blogs.ua.es\/matesfacil\/wp-json\/wp\/v2\/pages"}],"about":[{"href":"https:\/\/blogs.ua.es\/matesfacil\/wp-json\/wp\/v2\/types\/page"}],"author":[{"embeddable":true,"href":"https:\/\/blogs.ua.es\/matesfacil\/wp-json\/wp\/v2\/users\/4324"}],"replies":[{"embeddable":true,"href":"https:\/\/blogs.ua.es\/matesfacil\/wp-json\/wp\/v2\/comments?post=321"}],"version-history":[{"count":5,"href":"https:\/\/blogs.ua.es\/matesfacil\/wp-json\/wp\/v2\/pages\/321\/revisions"}],"predecessor-version":[{"id":333,"href":"https:\/\/blogs.ua.es\/matesfacil\/wp-json\/wp\/v2\/pages\/321\/revisions\/333"}],"up":[{"embeddable":true,"href":"https:\/\/blogs.ua.es\/matesfacil\/wp-json\/wp\/v2\/pages\/16"}],"wp:attachment":[{"href":"https:\/\/blogs.ua.es\/matesfacil\/wp-json\/wp\/v2\/media?parent=321"}],"curies":[{"name":"wp","href":"https:\/\/api.w.org\/{rel}","templated":true}]}}