{"id":342,"date":"2018-10-21T18:22:53","date_gmt":"2018-10-21T17:22:53","guid":{"rendered":"https:\/\/blogs.ua.es\/matesfacil\/?page_id=342"},"modified":"2020-04-14T09:18:26","modified_gmt":"2020-04-14T08:18:26","slug":"propiedades-de-las-potencias","status":"publish","type":"page","link":"https:\/\/blogs.ua.es\/matesfacil\/secundaria-numeros-operaciones\/potencias\/propiedades-de-las-potencias\/","title":{"rendered":"Propiedades de las potencias"},"content":{"rendered":"<p style=\"text-align: justify\">En esta p\u00e1gina vamos a ver las propiedades de las potencias, que son muy importantes porque nos permiten simplificar mucho las expresiones algebraicas.<\/p>\n<p>En la mayor\u00eda de las propiedades, las bases de las potencias tienen que ser iguales.<\/p>\n<h2><strong>Producto de potencias<\/strong><\/h2>\n<h2 style=\"text-align: center\"><em><strong>a<sup>m<\/sup>\u00b7a<sup>n<\/sup> = a<sup>n+m<\/sup><\/strong><\/em><\/h2>\n<h2><strong>Potencia de una potencia<\/strong><\/h2>\n<h2 style=\"text-align: center\"><em><strong>(a<sup>m<\/sup>)<sup>n<\/sup> = a<sup>n\u00b7m<\/sup><\/strong><\/em><\/h2>\n<h2><strong>Divisi\u00f3n de potencias<\/strong><\/h2>\n<h2 style=\"text-align: center\"><em><strong>a<sup>m<\/sup> \/ a<sup>n<\/sup> = a<sup>n-m<\/sup><\/strong><\/em><\/h2>\n<h2><strong>Potencia negativa<\/strong><\/h2>\n<h2 style=\"text-align: center\"><em><strong>a<sup>-n<\/sup> = 1 \/ (a<sup>n<\/sup>)<\/strong><\/em><\/h2>\n<p>Estas propiedades son \u00fatiles tanto de izquierda a derecha como de derecha a izquierda.<\/p>\n<h2><strong>Ejemplo 1\u00a0\u00a0<\/strong><\/h2>\n<p>Calcular las siguientes operaciones entre potencias con bases distintas:<\/p>\n<p align=\"center\"><a href=\"https:\/\/www.problemasyecuaciones.com\/potencias\/potencias-ejemplos-ejercicios-resueltos-calcular-propiedades-producto-cociente-simplificar-exponente-base-multiplicar.html\"><img loading=\"lazy\" decoding=\"async\" class=\"aligncenter\" title=\"producto y divisi\u00f3n de potencias con distintas bases: (2 elevado a 4) por (3 elevado a 4) dividido (6 elevado a 2)\" src=\"https:\/\/www.matesfacil.com\/ESO\/potencias\/pot5.png\" alt=\"ejercicios resueltos de potencias\" width=\"60\" height=\"48\" \/><\/a><\/p>\n<p style=\"text-align: left\" align=\"center\"><strong>Soluci\u00f3n:<\/strong><\/p>\n<p style=\"text-align: justify\">Tenemos un producto de potencias en el numerador, pero no podemos calcularlo directamente porque\u00a0<strong>las bases son distintas<\/strong>\u00a0(2 y 3). En el denominador tenemos una potencia de base 6, pero podemos escribir 6 como 3\u00b72:<\/p>\n<p align=\"center\"><a href=\"https:\/\/www.problemasyecuaciones.com\/potencias\/potencias-ejemplos-ejercicios-resueltos-calcular-propiedades-producto-cociente-simplificar-exponente-base-multiplicar.html\"><img loading=\"lazy\" decoding=\"async\" class=\"aligncenter\" title=\"calculamos el producto y la divisi\u00f3n de potencias con distintas bases: (2 elevado a 4) por (3 elevado a 4) dividido (6 elevado a 2)\" src=\"https:\/\/www.matesfacil.com\/ESO\/potencias\/pot5a.png\" alt=\"ejercicios resueltos de potencias. propiedades de las potencias. calculo de potencias\" width=\"157\" height=\"187\" \/><\/a><\/p>\n<p style=\"text-align: justify\">Al escribir la base del denominador como un producto, tenemos las mismas bases que en el numerador y podemos aplicar las reglas.<\/p>\n<h2><strong>Ejemplo 2<\/strong><\/h2>\n<p><img loading=\"lazy\" decoding=\"async\" class=\"size-medium aligncenter\" src=\"https:\/\/www.matesfacil.com\/ESO\/potencias\/pot6.png\" width=\"112\" height=\"58\" \/><\/p>\n<p><strong>Soluci\u00f3n:<\/strong><\/p>\n<p style=\"text-align: justify\">Primero podemos eliminar el signo negativo del exponente de la primera potencia escribiendo la inversa de la fracci\u00f3n. Despu\u00e9s, aplicamos las propiedades del producto, cociente y potencia de una potencia.<\/p>\n<p align=\"center\"><a href=\"https:\/\/www.problemasyecuaciones.com\/potencias\/potencias-ejemplos-ejercicios-resueltos-calcular-propiedades-producto-cociente-simplificar-exponente-base-multiplicar.html\"><img loading=\"lazy\" decoding=\"async\" class=\"aligncenter\" title=\"Primero podemos eliminar el signo negativo del exponente de la primera potencia escribiendo la inversa de la fracci\u00f3n. Despu\u00e9s, aplicamos las propiedades del producto, cociente y potencia de una potencia.\" src=\"https:\/\/www.matesfacil.com\/ESO\/potencias\/pot6a.png\" alt=\"ejercicios resueltos de potencias. propiedades de las potencias. calculo de potencias\" width=\"159\" height=\"428\" \/><\/a><\/p>\n<p><strong>Recursos relacionados:<\/strong><\/p>\n<ul>\n<li><a href=\"https:\/\/www.matesfacil.com\/resueltos-potencias.htm\">Ejercicios de calcular y simplificar potencias<\/a> (1)<\/li>\n<li><a href=\"https:\/\/www.problemasyecuaciones.com\/potencias\/potencias-ejemplos-ejercicios-resueltos-calcular-propiedades-producto-cociente-simplificar-exponente-base-multiplicar.html\">Ejercicios de calcular y simplificar potencias<\/a> (2)<\/li>\n<li><a href=\"https:\/\/www.calcularporcentajeonline.com\/potencias\/propiedades-potencias-ejemplos-problemas-resueltos-exponente-base-producto-cociente.html\">Ejercicios de calcular y simplificar potencias<\/a> (3)<\/li>\n<li><a href=\"https:\/\/www.matesfacil.com\/ESO\/potencias\/resueltos-potencias-raices.html\">Problemas de operaciones con ra\u00edces (potencias con fracciones)<\/a><\/li>\n<li><a href=\"https:\/\/www.matesfacil.com\/ESO\/numeros\/descomponer\/factorizar-numeros-producto-potencias-numeros-primos-descomponer-test-ejemplos-metodo.html\">Descomposici\u00f3n de n\u00fameros como producto de potencias<\/a><\/li>\n<li><a href=\"https:\/\/www.matesfacil.com\/BAC\/resueltos-radicales.html\">Problemas de racionalizar<\/a><\/li>\n<li><a href=\"https:\/\/www.matesfacil.com\/ESO\/numeros\/minimo-comun-multiplo-definicion-ejemplos-ejercicios-test-problemas-descomposicion-primos.html\">M\u00ednimo com\u00fan m\u00faltiplo<\/a><\/li>\n<li><a href=\"https:\/\/www.matesfacil.com\/ESO\/numeros\/MCD\/maximo-comun-divisor-MCD-definicion-ejemplos-ejercicios-resueltos-test-problemas-descomposicion-primos.html\">M\u00e1ximo com\u00fan divisor<\/a><\/li>\n<li><a href=\"https:\/\/www.matesfacil.com\/ESO\/numeros\/problemas\/problemas-resueltos-aplicacion-mcm-MCD-minimo-comun-multiplo-Maximo-Comun-Divisior.html\">Problemas de mcm y MCD<\/a> (1)<\/li>\n<li><a href=\"https:\/\/www.problemasyecuaciones.com\/problemas\/maximo-comun-divisor-minimo-comun-multiplo-problemas-resueltos.html\">Problemas de mcm y MCD<\/a> (2)<\/li>\n<\/ul>\n","protected":false},"excerpt":{"rendered":"<p>En esta p\u00e1gina vamos a ver las propiedades de las potencias, que son muy importantes porque nos permiten simplificar mucho las expresiones algebraicas. En la mayor\u00eda de las propiedades, las bases de las potencias tienen que ser iguales. Producto de potencias am\u00b7an = an+m Potencia de una potencia (am)n = an\u00b7m Divisi\u00f3n de potencias am &hellip; <\/p>\n<p class=\"link-more\"><a href=\"https:\/\/blogs.ua.es\/matesfacil\/secundaria-numeros-operaciones\/potencias\/propiedades-de-las-potencias\/\" class=\"more-link\">Continue reading<span class=\"screen-reader-text\"> &#8220;Propiedades de las potencias&#8221;<\/span><\/a><\/p>\n","protected":false},"author":4324,"featured_media":0,"parent":337,"menu_order":0,"comment_status":"closed","ping_status":"closed","template":"","meta":{"footnotes":""},"class_list":["post-342","page","type-page","status-publish","hentry"],"_links":{"self":[{"href":"https:\/\/blogs.ua.es\/matesfacil\/wp-json\/wp\/v2\/pages\/342","targetHints":{"allow":["GET"]}}],"collection":[{"href":"https:\/\/blogs.ua.es\/matesfacil\/wp-json\/wp\/v2\/pages"}],"about":[{"href":"https:\/\/blogs.ua.es\/matesfacil\/wp-json\/wp\/v2\/types\/page"}],"author":[{"embeddable":true,"href":"https:\/\/blogs.ua.es\/matesfacil\/wp-json\/wp\/v2\/users\/4324"}],"replies":[{"embeddable":true,"href":"https:\/\/blogs.ua.es\/matesfacil\/wp-json\/wp\/v2\/comments?post=342"}],"version-history":[{"count":5,"href":"https:\/\/blogs.ua.es\/matesfacil\/wp-json\/wp\/v2\/pages\/342\/revisions"}],"predecessor-version":[{"id":1134,"href":"https:\/\/blogs.ua.es\/matesfacil\/wp-json\/wp\/v2\/pages\/342\/revisions\/1134"}],"up":[{"embeddable":true,"href":"https:\/\/blogs.ua.es\/matesfacil\/wp-json\/wp\/v2\/pages\/337"}],"wp:attachment":[{"href":"https:\/\/blogs.ua.es\/matesfacil\/wp-json\/wp\/v2\/media?parent=342"}],"curies":[{"name":"wp","href":"https:\/\/api.w.org\/{rel}","templated":true}]}}