{"id":347,"date":"2018-10-22T07:29:56","date_gmt":"2018-10-22T06:29:56","guid":{"rendered":"https:\/\/blogs.ua.es\/matesfacil\/?page_id=347"},"modified":"2020-01-30T08:19:04","modified_gmt":"2020-01-30T07:19:04","slug":"productos-notables","status":"publish","type":"page","link":"https:\/\/blogs.ua.es\/matesfacil\/secundaria-numeros-operaciones\/productos-notables\/","title":{"rendered":"Productos notables"},"content":{"rendered":"<p style=\"text-align: justify\">En matem\u00e1ticas,\u00a0 hay algunos productos m\u00e1s o menos largos que se calculan con much\u00edsima frecuencia. Es por eso que se utilizan f\u00f3rmulas f\u00e1ciles de recordar para calcular estos productos r\u00e1pidamente. Estas f\u00f3rmulas se llaman <strong>productos notables<\/strong>.<\/p>\n<h1><strong>Suma por diferencia<\/strong><\/h1>\n<p>El resultado de multiplicar la suma de dos t\u00e9rminos por su diferencia es la diferencia de sus cuadrados:<\/p>\n<h1 style=\"text-align: center\">(a + b)\u00b7(a &#8211; b) = a<sup>2<\/sup> &#8211; b<sup>2<\/sup><\/h1>\n<p><strong>Ejemplo:<\/strong> (x-3)\u00b7(x+3) =\u00a0 x<sup>2<\/sup>\u00a0 &#8211; 9.<\/p>\n<p>Si no utilizamos la f\u00f3rmula, la operaci\u00f3n se alarga bastante:<\/p>\n<h2 style=\"text-align: center\">(a + b)\u00b7(a &#8211; b) =<\/h2>\n<h2 style=\"text-align: center\">= a\u00b7a+a\u00b7(-b)+b\u00b7a+b\u00b7(-b) =<\/h2>\n<h2 style=\"text-align: center\">= a<sup>2<\/sup>-a\u00b7b+a\u00b7b-b<sup>2<\/sup> = a<sup>2<\/sup> &#8211; b<sup>2<\/sup><\/h2>\n<p>&nbsp;<\/p>\n<p>Otros productos notables son las potencias de binomios:<\/p>\n<h1><strong>Cuadrado de la suma: <\/strong><\/h1>\n<h1 style=\"text-align: center\"><strong>(a + b)<sup>2<\/sup> = a<sup>2<\/sup> + b<sup>2<\/sup> + 2\u00b7a\u00b7b<\/strong><\/h1>\n<p><strong>Ejemplo:<\/strong> (x+1)<sup>2<\/sup> =\u00a0 x<sup>2<\/sup>\u00a0+ 1 + 2x.<\/p>\n<h1><strong>Cuadrado de la resta: <\/strong><\/h1>\n<h1 style=\"text-align: center\"><strong>(a &#8211; b)<sup>2<\/sup> = a<sup>2<\/sup> + b<sup>2<\/sup> &#8211; 2\u00b7a\u00b7b<\/strong><\/h1>\n<p><strong>Ejemplo:<\/strong> (x-1)<sup>2<\/sup> =\u00a0 x<sup>2<\/sup>\u00a0+1 -2x.<\/p>\n<p>&nbsp;<\/p>\n<p style=\"text-align: justify\">Existen f\u00f3rmulas para todas las potencias (al cuadrado, al cubo, a la cuarta, a la quinta, etc), pero cada vez son m\u00e1s largas y dif\u00edciles de recordar. Las m\u00e1s habituales y que todos debemos recordar son los tres productos notables anteriores.<\/p>\n<p><strong>Recursos relacionados:<\/strong><\/p>\n<ul>\n<li><a href=\"https:\/\/www.problemasyecuaciones.com\/algebra\/cuadrado\/suma-resta-cuadrado-formula-ejemplos-ejercicios-resueltos-demostracion.html\">Suma y resta al cuadrado<\/a><\/li>\n<li><a href=\"https:\/\/www.problemasyecuaciones.com\/algebra\/cubo\/suma-resta-cubo-formula-ejemplos-ejercicios-resueltos-demostracion.html\">Suma y resta al cubo<\/a><\/li>\n<li><a href=\"https:\/\/www.problemasyecuaciones.com\/algebra\/diferencia\/suma-por-diferencia-ejemplos-formula-demostracion.html\">Suma por diferencia<\/a><\/li>\n<li><a href=\"https:\/\/www.matesfacil.com\/ESO\/productos-identidades-notables-ejercicios-resueltos.html\">Productos e identidades notables<\/a><\/li>\n<li><a href=\"https:\/\/www.matesfacil.com\/ESO\/newton\/ejercicios-resueltos-cuadrado-de-la-suma-binomio-de-newton.html\">Binomios de Newton (cuadro y cubo de un binomio)<\/a><\/li>\n<li><a href=\"https:\/\/www.matesfacil.com\/ESO\/numeros\/factor-comun\/sacar-extraer-factor-comun-ejemplos-ejercicios-resueltos.html\">Extraer factor com\u00fan<\/a><\/li>\n<li><a href=\"https:\/\/www.matesfacil.com\/ESO\/numeros\/signos\/regla-de-los-signos-multiplicar-numeros-ejemplos-test.html\">Regla de los signos<\/a><\/li>\n<li><a href=\"https:\/\/www.problemasyecuaciones.com\/potencias\/potencias-ejemplos-ejercicios-resueltos-calcular-propiedades-producto-cociente-simplificar-exponente-base-multiplicar.html\">Potencias<\/a><\/li>\n<\/ul>\n","protected":false},"excerpt":{"rendered":"<p>En matem\u00e1ticas,\u00a0 hay algunos productos m\u00e1s o menos largos que se calculan con much\u00edsima frecuencia. Es por eso que se utilizan f\u00f3rmulas f\u00e1ciles de recordar para calcular estos productos r\u00e1pidamente. Estas f\u00f3rmulas se llaman productos notables. Suma por diferencia El resultado de multiplicar la suma de dos t\u00e9rminos por su diferencia es la diferencia de &hellip; <\/p>\n<p class=\"link-more\"><a href=\"https:\/\/blogs.ua.es\/matesfacil\/secundaria-numeros-operaciones\/productos-notables\/\" class=\"more-link\">Continue reading<span class=\"screen-reader-text\"> &#8220;Productos notables&#8221;<\/span><\/a><\/p>\n","protected":false},"author":4324,"featured_media":0,"parent":163,"menu_order":0,"comment_status":"closed","ping_status":"closed","template":"","meta":{"footnotes":""},"class_list":["post-347","page","type-page","status-publish","hentry"],"_links":{"self":[{"href":"https:\/\/blogs.ua.es\/matesfacil\/wp-json\/wp\/v2\/pages\/347","targetHints":{"allow":["GET"]}}],"collection":[{"href":"https:\/\/blogs.ua.es\/matesfacil\/wp-json\/wp\/v2\/pages"}],"about":[{"href":"https:\/\/blogs.ua.es\/matesfacil\/wp-json\/wp\/v2\/types\/page"}],"author":[{"embeddable":true,"href":"https:\/\/blogs.ua.es\/matesfacil\/wp-json\/wp\/v2\/users\/4324"}],"replies":[{"embeddable":true,"href":"https:\/\/blogs.ua.es\/matesfacil\/wp-json\/wp\/v2\/comments?post=347"}],"version-history":[{"count":3,"href":"https:\/\/blogs.ua.es\/matesfacil\/wp-json\/wp\/v2\/pages\/347\/revisions"}],"predecessor-version":[{"id":1016,"href":"https:\/\/blogs.ua.es\/matesfacil\/wp-json\/wp\/v2\/pages\/347\/revisions\/1016"}],"up":[{"embeddable":true,"href":"https:\/\/blogs.ua.es\/matesfacil\/wp-json\/wp\/v2\/pages\/163"}],"wp:attachment":[{"href":"https:\/\/blogs.ua.es\/matesfacil\/wp-json\/wp\/v2\/media?parent=347"}],"curies":[{"name":"wp","href":"https:\/\/api.w.org\/{rel}","templated":true}]}}