{"id":354,"date":"2018-10-22T07:39:39","date_gmt":"2018-10-22T06:39:39","guid":{"rendered":"https:\/\/blogs.ua.es\/matesfacil\/?page_id=354"},"modified":"2018-10-22T07:39:39","modified_gmt":"2018-10-22T06:39:39","slug":"numeros-romanos","status":"publish","type":"page","link":"https:\/\/blogs.ua.es\/matesfacil\/secundaria-numeros-operaciones\/sistemas-de-numeracion\/numeros-romanos\/","title":{"rendered":"N\u00fameros romanos"},"content":{"rendered":"<p>Equivalencias entre las letras del sistema de numeraci\u00f3n romano y los n\u00fameros en el sistema de numeraci\u00f3n decimal:<\/p>\n<table border=\"0\" width=\"220px\" cellspacing=\"0\" cellpadding=\"5\" align=\"center\">\n<tbody>\n<tr>\n<td align=\"left\"><img decoding=\"async\" title=\"letra del sistema de numeraci\u00f3n romano: I = 1\" src=\"https:\/\/www.matesfacil.com\/ESO\/sistemas-numeracion\/sistema-romano\/L0.png\" alt=\"sistema de numeraci\u00f3n romano: las siete reglas y ejercicios resuletos\" \/><\/td>\n<\/tr>\n<tr>\n<td align=\"left\"><img decoding=\"async\" title=\"letra del sistema de numeraci\u00f3n romano: V = 5\" src=\"https:\/\/www.matesfacil.com\/ESO\/sistemas-numeracion\/sistema-romano\/L1.png\" alt=\"sistema de numeraci\u00f3n romano: las siete reglas y ejercicios resuletos\" \/><\/td>\n<\/tr>\n<tr>\n<td align=\"left\"><img decoding=\"async\" title=\"letra del sistema de numeraci\u00f3n romano: X = 10\" src=\"https:\/\/www.matesfacil.com\/ESO\/sistemas-numeracion\/sistema-romano\/L2.png\" alt=\"sistema de numeraci\u00f3n romano: las siete reglas y ejercicios resuletos\" \/><\/td>\n<\/tr>\n<tr>\n<td align=\"left\"><img decoding=\"async\" title=\"letra del sistema de numeraci\u00f3n romano: v = 50\" src=\"https:\/\/www.matesfacil.com\/ESO\/sistemas-numeracion\/sistema-romano\/L3.png\" alt=\"sistema de numeraci\u00f3n romano: las siete reglas y ejercicios resuletos\" \/><\/td>\n<\/tr>\n<tr>\n<td align=\"left\"><img decoding=\"async\" title=\"letra del sistema de numeraci\u00f3n romano: C = 100\" src=\"https:\/\/www.matesfacil.com\/ESO\/sistemas-numeracion\/sistema-romano\/L4.png\" alt=\"sistema de numeraci\u00f3n romano: las siete reglas y ejercicios resuletos\" \/><\/td>\n<\/tr>\n<tr>\n<td align=\"left\"><img decoding=\"async\" title=\"letra del sistema de numeraci\u00f3n romano: D = 500\" src=\"https:\/\/www.matesfacil.com\/ESO\/sistemas-numeracion\/sistema-romano\/L5.png\" alt=\"sistema de numeraci\u00f3n romano: las siete reglas y ejercicios resuletos\" \/><\/td>\n<\/tr>\n<tr>\n<td align=\"left\"><img decoding=\"async\" title=\"letra del sistema de numeraci\u00f3n romano: M = 1.000\" src=\"https:\/\/www.matesfacil.com\/ESO\/sistemas-numeracion\/sistema-romano\/L6.png\" alt=\"sistema de numeraci\u00f3n romano: las siete reglas y ejercicios resuletos\" \/><\/td>\n<\/tr>\n<\/tbody>\n<\/table>\n<p>El sistema romano se base en 7 reglas:<\/p>\n<h1 align=\"left\"><span style=\"color: #006633;font-family: impact\">Primera regla<\/span><\/h1>\n<p align=\"center\"><img decoding=\"async\" title=\"Primera regla: Si a la derecha de una letra hay otra con igual o menor valor, el valor de \u00e9sta se suma a la anterior. VI = V+I, XV = X+V\" src=\"https:\/\/www.matesfacil.com\/ESO\/sistemas-numeracion\/sistema-romano\/P1.png\" alt=\"sistema de numeraci\u00f3n romano: las siete reglas y ejercicios resuletos\" \/><\/p>\n<p>Si a la derecha de una letra hay otra con igual o menor valor, el valor de \u00e9sta se suma a la anterior.<\/p>\n<h1 align=\"left\"><span style=\"color: #006633;font-family: impact\">Segunda regla<\/span><\/h1>\n<p align=\"center\"><img decoding=\"async\" title=\"Segunda regla: La letra I situada delante de la V o la X le resta una unidad a V o a X. IV = V-I, IX = X-I\" src=\"https:\/\/www.matesfacil.com\/ESO\/sistemas-numeracion\/sistema-romano\/P2.png\" alt=\"sistema de numeraci\u00f3n romano: las siete reglas y ejercicios resuletos\" \/><\/p>\n<p>La letra\u00a0<strong>I<\/strong>\u00a0situada delante de la\u00a0<strong>V<\/strong>\u00a0o la\u00a0<strong>X<\/strong>\u00a0resta una unidad a\u00a0<strong>V<\/strong>\u00a0o a\u00a0<strong>X<\/strong>.<\/p>\n<h1 align=\"left\"><span style=\"color: #006633;font-family: impact\">Tercera regla<\/span><\/h1>\n<p align=\"center\"><img decoding=\"async\" title=\"Tercera regla: La cifra X colocada delante de la L o la C resta diez unidades a L o a C. XL = L-X, XC = C-L\" src=\"https:\/\/www.matesfacil.com\/ESO\/sistemas-numeracion\/sistema-romano\/P3.png\" alt=\"sistema de numeraci\u00f3n romano: las siete reglas y ejercicios resuletos\" \/><\/p>\n<p>La cifra\u00a0<strong>X<\/strong>\u00a0colocada delante de la\u00a0<strong>L<\/strong>\u00a0o la\u00a0<strong>C<\/strong>\u00a0resta diez unidades a\u00a0<strong>L<\/strong>\u00a0o a\u00a0<strong>C<\/strong>.<\/p>\n<h1 align=\"left\"><span style=\"color: #006633;font-family: impact\">Cuarta regla<\/span><\/h1>\n<p align=\"center\"><img decoding=\"async\" title=\"Cuarta regla: La cifra C situada delante de la D o la M resta cien unidades a D o a M.\" src=\"https:\/\/www.matesfacil.com\/ESO\/sistemas-numeracion\/sistema-romano\/P4.png\" alt=\"sistema de numeraci\u00f3n romano: las siete reglas y ejercicios resuletos\" \/><\/p>\n<p>La cifra\u00a0<strong>C<\/strong>\u00a0situada delante de la\u00a0<strong>D<\/strong>\u00a0o la\u00a0<strong>M<\/strong>\u00a0resta cien unidades a\u00a0<strong>D<\/strong>\u00a0o a\u00a0<strong>M<\/strong>.<\/p>\n<h1 align=\"left\"><span style=\"color: #006633;font-family: impact\">Quinta regla<\/span><\/h1>\n<p align=\"center\"><img decoding=\"async\" title=\"Quinta regla: Ning\u00fan s\u00edmbolo puede repetirse m\u00e1s de tres veces seguidas.\" src=\"https:\/\/www.matesfacil.com\/ESO\/sistemas-numeracion\/sistema-romano\/P5.png\" alt=\"sistema de numeraci\u00f3n romano: las siete reglas y ejercicios resuletos\" \/><\/p>\n<p>Ning\u00fan s\u00edmbolo puede repetirse m\u00e1s de tres veces seguidas.<\/p>\n<h1 align=\"left\"><span style=\"color: #006633;font-family: impact\">Sexta regla<\/span><\/h1>\n<p align=\"center\"><img decoding=\"async\" title=\"Sexta regla: Los s\u00edmbolos V, L y D no pueden escribirse dos veces seguidas.\" src=\"https:\/\/www.matesfacil.com\/ESO\/sistemas-numeracion\/sistema-romano\/P6.png\" alt=\"sistema de numeraci\u00f3n romano: las siete reglas y ejercicios resuletos\" \/><\/p>\n<p>Los s\u00edmbolos\u00a0<strong>V<\/strong>,\u00a0<strong>L<\/strong>\u00a0y\u00a0<strong>D<\/strong>\u00a0no pueden escribirse dos veces seguidas ni dos veces en el mismo n\u00famero (pues ya tenemos s\u00edmbolos para ello: &#8220;<strong>LL<\/strong>&#8221; ser\u00eda\u00a0<strong>C<\/strong>\u00a0y &#8220;<strong>DD<\/strong>&#8221; ser\u00eda\u00a0<strong>M<\/strong>).<\/p>\n<h1 align=\"left\"><span style=\"color: #006633;font-family: impact\">S\u00e9ptima regla<\/span><\/h1>\n<p align=\"center\"><img decoding=\"async\" title=\"S\u00e9ptima regla: Por cada raya horizontal encima de un n\u00famero, \u00e9ste queda multiplicado por mil.\" src=\"https:\/\/www.matesfacil.com\/ESO\/sistemas-numeracion\/sistema-romano\/P7.png\" alt=\"sistema de numeraci\u00f3n romano: las siete reglas y ejercicios resuletos\" \/><\/p>\n<p>Por cada raya horizontal encima de un n\u00famero, \u00e9ste queda multiplicado por mil.<\/p>\n<p><strong>Sistemas de numeraci\u00f3n:<\/strong><\/p>\n<ul>\n<li><a href=\"https:\/\/www.matesfacil.com\/ESO\/sistemas-numeracion\/sistema-romano\/sistema-numeracion-romano-alfabeto-teoria-ejemplos-ejercicios-resueltos-numeros-cambio.html\">N\u00fameros romanos<\/a><\/li>\n<li><a href=\"https:\/\/www.matesfacil.com\/ESO\/sistemas-numeracion\/base-octal\/sistema-numeracion-octal-base-ocho-ejemplos-teoria-propiedades-cambio-base-decimal-ejercicios-resueltos.html\">Sistema octal<\/a><\/li>\n<li><a href=\"https:\/\/www.matesfacil.com\/ESO\/sistemas-numeracion\/base-hexadecimal\/sistema-numeracion-hexadecimal-base-16-ejemplos-teoria-propiedades-cambio-base-decimal-ejercicios-resueltos.html\">Sistema hexadecimal<\/a><\/li>\n<li><a href=\"https:\/\/www.matesfacil.com\/ESO\/numeros\/grados\/grado-minuto-segundo-sexagesimal-suma-resta-multiplicacion-angulos-test-ejemplos-ejercicios.html\">Sistema sexagesimal<\/a><\/li>\n<\/ul>\n","protected":false},"excerpt":{"rendered":"<p>Equivalencias entre las letras del sistema de numeraci\u00f3n romano y los n\u00fameros en el sistema de numeraci\u00f3n decimal: El sistema romano se base en 7 reglas: Primera regla Si a la derecha de una letra hay otra con igual o menor valor, el valor de \u00e9sta se suma a la anterior. Segunda regla La letra\u00a0I\u00a0situada &hellip; <\/p>\n<p class=\"link-more\"><a href=\"https:\/\/blogs.ua.es\/matesfacil\/secundaria-numeros-operaciones\/sistemas-de-numeracion\/numeros-romanos\/\" class=\"more-link\">Continue reading<span class=\"screen-reader-text\"> &#8220;N\u00fameros romanos&#8221;<\/span><\/a><\/p>\n","protected":false},"author":4324,"featured_media":0,"parent":351,"menu_order":0,"comment_status":"closed","ping_status":"closed","template":"","meta":{"footnotes":""},"class_list":["post-354","page","type-page","status-publish","hentry"],"_links":{"self":[{"href":"https:\/\/blogs.ua.es\/matesfacil\/wp-json\/wp\/v2\/pages\/354","targetHints":{"allow":["GET"]}}],"collection":[{"href":"https:\/\/blogs.ua.es\/matesfacil\/wp-json\/wp\/v2\/pages"}],"about":[{"href":"https:\/\/blogs.ua.es\/matesfacil\/wp-json\/wp\/v2\/types\/page"}],"author":[{"embeddable":true,"href":"https:\/\/blogs.ua.es\/matesfacil\/wp-json\/wp\/v2\/users\/4324"}],"replies":[{"embeddable":true,"href":"https:\/\/blogs.ua.es\/matesfacil\/wp-json\/wp\/v2\/comments?post=354"}],"version-history":[{"count":1,"href":"https:\/\/blogs.ua.es\/matesfacil\/wp-json\/wp\/v2\/pages\/354\/revisions"}],"predecessor-version":[{"id":355,"href":"https:\/\/blogs.ua.es\/matesfacil\/wp-json\/wp\/v2\/pages\/354\/revisions\/355"}],"up":[{"embeddable":true,"href":"https:\/\/blogs.ua.es\/matesfacil\/wp-json\/wp\/v2\/pages\/351"}],"wp:attachment":[{"href":"https:\/\/blogs.ua.es\/matesfacil\/wp-json\/wp\/v2\/media?parent=354"}],"curies":[{"name":"wp","href":"https:\/\/api.w.org\/{rel}","templated":true}]}}