{"id":366,"date":"2018-10-28T12:04:14","date_gmt":"2018-10-28T11:04:14","guid":{"rendered":"https:\/\/blogs.ua.es\/matesfacil\/?page_id=366"},"modified":"2019-06-13T08:48:42","modified_gmt":"2019-06-13T07:48:42","slug":"la-regla-de-ruffini","status":"publish","type":"page","link":"https:\/\/blogs.ua.es\/matesfacil\/secundaria-numeros-operaciones\/la-regla-de-ruffini\/","title":{"rendered":"La regla de Ruffini"},"content":{"rendered":"<p style=\"text-align: justify\">La regla de Ruffini es un\u00a0<strong>m\u00e9todo<\/strong>\u00a0(algoritmo) que nos permite obtener las ra\u00edces de un polinomio. Es de gran utilidad ya que para grado mayor que 2 no disponemos de f\u00f3rmulas, al menos f\u00e1ciles, para poder obtenerlas.<\/p>\n<p style=\"text-align: justify\">Cada vez que hacemos una tabla a partir de los coeficientes del polinomio, obtenemos una ra\u00edz y los coeficientes de un polinomio de un grado menor (un polinomio que divide al propio polinomio). De este modo, podemos ir reduciendo el grado del polinomio hasta llegar a uno de segundo grado cuyas ra\u00edces sabemos calcular r\u00e1pidamente.<\/p>\n<p style=\"text-align: justify\">En realidad, el m\u00e9todo consiste escoger una posible ra\u00edz y desarrollar una tabla. Si el \u00faltimo resultado de la tabla es 0, el procedimiento habr\u00e1 finalizado correctamente. Si no es as\u00ed, tendremos que probar con otra posible ra\u00edz.<\/p>\n<blockquote><p>Toda ra\u00edz ha de ser un divisor del t\u00e9rmino independiente (el t\u00e9rmino del polinomio que no tiene parte literal, es decir, que no tiene\u00a0<i>x<\/i>).<\/p><\/blockquote>\n<p>Vamos a explicar el m\u00e9todo a trav\u00e9s de un ejemplo.<\/p>\n<h1><strong>Ejemplo<\/strong><\/h1>\n<p align=\"center\"><img decoding=\"async\" src=\"https:\/\/www.matesfacil.com\/ESO\/ruffini\/ruffini1.png\" alt=\"ejercicios resueltos de ruffini de tercer grado\" \/><\/p>\n<p>El polinomio es de grado 3.<\/p>\n<p style=\"text-align: justify\">Escribimos en la primera fila los coeficientes de cada monomio en orden decreciente de grado. Si hay alg\u00fan coeficiente que sea 0 (en nuestro caso es el coeficiente de\u00a0<i>x<sup>\u00a02\u00a0<\/sup><\/i>), tambi\u00e9n hay que escribirlo.<\/p>\n<p align=\"center\"><a href=\"https:\/\/www.matesfacil.com\/ESO\/ruffini\/ejercicios-resueltos-ruffini.html\"><img loading=\"lazy\" decoding=\"async\" class=\"aligncenter\" title=\"Escribimos en la primera fila los coeficientes de cada monomio en orden decreciente de grado\" src=\"https:\/\/www.matesfacil.com\/ESO\/ruffini\/ruffini1-1.png\" alt=\"Regla de Ruffini\" width=\"304\" height=\"103\" \/><\/a><\/p>\n<p style=\"text-align: justify\">Ahora buscamos un n\u00famero que sea divisor del t\u00e9rmino independiente, es decir, del t\u00e9rmino que no tiene parte literal (ninguna\u00a0<i>x<\/i>), y lo escribimos en la columna de la izquierda.<\/p>\n<p style=\"text-align: justify\">En nuestro polinomio el independiente es -2. Podemos escoger 1, -1, 2 \u00f3 -2. Escogemos, por ejemplo, 2, que es divisor de -2 y tiene el signo contrario. Si no funciona, tendremos que probar con otro hasta dar con el bueno.<\/p>\n<p align=\"center\"><img decoding=\"async\" title=\"Escogemos, por ejemplo, 2, que es divisor de -2 y tiene el signo contrario.\" src=\"https:\/\/www.matesfacil.com\/ESO\/ruffini\/ruffini1-2.png\" alt=\"ejercicios resueltos de ruffini de tercer grado\" \/><\/p>\n<p style=\"text-align: justify\">El primer coeficiente pasa a la parte inferior de la l\u00ednea, sin realizar ninguna operaci\u00f3n.<\/p>\n<p align=\"center\"><img decoding=\"async\" title=\"El primer coeficiente pasa a la parte inferior de la l\u00ednea, sin realizar ninguna operaci\u00f3n\" src=\"https:\/\/www.matesfacil.com\/ESO\/ruffini\/ruffini1-3.png\" alt=\"ejercicios resueltos de ruffini de tercer grado\" \/><\/p>\n<p style=\"text-align: justify\">Ahora multiplicamos el coeficiente que hemos bajado por el n\u00famero de la columna izquierda y el resultado lo escribimos debajo del siguiente coeficiente, pero arriba de la l\u00ednea.<\/p>\n<p align=\"center\"><a href=\"https:\/\/www.matesfacil.com\/ESO\/ruffini\/ejercicios-resueltos-ruffini.html\"><img loading=\"lazy\" decoding=\"async\" class=\"aligncenter\" title=\"Ahora multiplicamos el coeficiente que hemos bajado por el n\u00famero de la columna izquierda y el resultado lo escribimos debajo del siguiente coeficiente, pero arriba de la l\u00ednea\" src=\"https:\/\/www.matesfacil.com\/ESO\/ruffini\/ruffini1-4.png\" alt=\"Regla de Ruffini\" width=\"319\" height=\"100\" \/><\/a><\/p>\n<p style=\"text-align: justify\">Sumamos el n\u00famero que hemos escrito con el coeficiente que tiene arriba y el resultado lo escribimos debajo de la l\u00ednea:<\/p>\n<p align=\"center\"><img decoding=\"async\" title=\"Sumamos el n\u00famero que hemos escrito con el coeficiente que tiene arriba y el resultado lo escribimos debajo de la l\u00ednea\" src=\"https:\/\/www.matesfacil.com\/ESO\/ruffini\/ruffini1-5.png\" alt=\"ejercicios resueltos de ruffini de tercer grado\" \/><\/p>\n<p>Ahora repetimos el proceso:<\/p>\n<p style=\"text-align: justify\">Multiplicamos el n\u00famero obtenido por el de la columna izquierda y lo situamos debajo del siguiente coeficiente:<\/p>\n<p align=\"center\"><img decoding=\"async\" title=\"ultiplicamos el n\u00famero obtenido por el de la columna izquierda y lo situamos debajo del siguiente coeficiente\" src=\"https:\/\/www.matesfacil.com\/ESO\/ruffini\/ruffini1-6.png\" alt=\"ejercicios resueltos de ruffini de tercer grado\" \/><\/p>\n<p style=\"text-align: justify\">Sumamos el n\u00famero que hemos escrito con el coeficiente que tiene arriba y el resultado lo escribimos debajo de la l\u00ednea:<\/p>\n<p align=\"center\"><img decoding=\"async\" title=\"Sumamos el n\u00famero que hemos escrito con el coeficiente que tiene arriba y el resultado lo escribimos debajo de la l\u00ednea\" src=\"https:\/\/www.matesfacil.com\/ESO\/ruffini\/ruffini1-7.png\" alt=\"ejercicios resueltos de ruffini de tercer grado\" \/><\/p>\n<p style=\"text-align: justify\">Multiplicamos el n\u00famero obtenido por el de la columna izquierda y lo situamos debajo del siguiente coeficiente:<\/p>\n<p align=\"center\"><a href=\"https:\/\/www.matesfacil.com\/ESO\/ruffini\/ejercicios-resueltos-ruffini.html\"><img loading=\"lazy\" decoding=\"async\" class=\"aligncenter\" title=\"Multiplicamos el n\u00famero obtenido por el de la columna izquierda y lo situamos debajo del siguiente coeficiente\" src=\"https:\/\/www.matesfacil.com\/ESO\/ruffini\/ruffini1-8.png\" alt=\"Regla de Ruffini\" width=\"303\" height=\"94\" \/><\/a><\/p>\n<p style=\"text-align: justify\">Sumamos el n\u00famero que hemos escrito con el coeficiente que tiene arriba y el resultado lo escribimos debajo de la l\u00ednea:<\/p>\n<p align=\"center\"><img decoding=\"async\" title=\"Sumamos el n\u00famero que hemos escrito con el coeficiente que tiene arriba y el resultado lo escribimos debajo de la l\u00ednea\" src=\"https:\/\/www.matesfacil.com\/ESO\/ruffini\/ruffini1-9.png\" alt=\"ejercicios resueltos de ruffini de tercer grado\" \/><\/p>\n<p style=\"text-align: justify\">Es importante que el \u00faltimo n\u00famero del proceso sea 0. Si no es as\u00ed, significa que el n\u00famero de la columna izquierda no nos sirve y debemos escoger otro.<\/p>\n<p>La ra\u00edz que del polinomio que hemos calculado est\u00e1 en la columna izquierda.<\/p>\n<p>Tenemos la ra\u00edz\u00a0<i>x = 2<\/i>.<\/p>\n<p style=\"text-align: justify\">Los n\u00fameros de debajo de la l\u00ednea son los coeficientes de un polinomio de un grado menos (en nuestro caso, de grado 2).<\/p>\n<p align=\"center\"><a href=\"https:\/\/www.matesfacil.com\/ESO\/ruffini\/ejercicios-resueltos-ruffini.html\"><img loading=\"lazy\" decoding=\"async\" class=\"aligncenter\" title=\"Los n\u00fameros de debajo de la l\u00ednea son los coeficientes de un polinomio de un grado menos (en nuestro caso, de grado 2)\" src=\"https:\/\/www.matesfacil.com\/ESO\/ruffini\/ruffini1-10.png\" alt=\"Regla de Ruffini\" width=\"307\" height=\"99\" \/><\/a><\/p>\n<p>El polinomio de un grado menor es<\/p>\n<p align=\"center\"><img decoding=\"async\" title=\"El polinomio de un grado menor es\" src=\"https:\/\/www.matesfacil.com\/ESO\/ruffini\/ruffini1-11.png\" alt=\"ejercicios resueltos de ruffini de tercer grado\" \/><\/p>\n<p>Por tanto, la primera factorizaci\u00f3n es<\/p>\n<p align=\"center\"><img decoding=\"async\" title=\"la primera factorizaci\u00f3n es x^3 -3x -2 = (x^2 + 2x + 1)(x - 2)\" src=\"https:\/\/www.matesfacil.com\/ESO\/ruffini\/ruffini1-12.png\" alt=\"ejercicios resueltos de ruffini de tercer grado\" \/><\/p>\n<p>Y la ra\u00edz\u00a0<i>x = 2<\/i>.<\/p>\n<p style=\"text-align: justify\">Si queremos calcular las otras ra\u00edces, aplicamos de nuevo el m\u00e9todo al polinomio de un grado menos. En nuestro caso, como es de grado 2, usamos la f\u00f3rmula para las ecuaciones cuadr\u00e1ticas:<\/p>\n<p align=\"center\"><a href=\"https:\/\/www.problemasyecuaciones.com\/Ecuaciones\/segundo-grado\/problemas-ecuaciones-segundo-grado-resueltas-solucion-formula-raices-factorizar.html\"><img loading=\"lazy\" decoding=\"async\" class=\"aligncenter\" title=\"calculamos las otras ra\u00edces aplicando la f\u00f3rmula para las ecuaciones de segundo gradoo completas\" src=\"https:\/\/www.matesfacil.com\/ESO\/ruffini\/ruffini1-13.png\" alt=\"ecuaciones de segundo grado\" width=\"207\" height=\"82\" \/><\/a><\/p>\n<p>Es una ra\u00edz doble.<\/p>\n<p><strong>Recursos:<\/strong><\/p>\n<ul>\n<li><a href=\"https:\/\/www.matesfacil.com\/ESO\/ruffini\/ejercicios-resueltos-ruffini.html\">M\u00e1s ejemplos de la regla de Ruffini<\/a><\/li>\n<li><a href=\"https:\/\/www.matesfacil.com\/ESO\/polinomios\/multiplicar-polinomios-binomios-trinomios-producto-multiplicacion-ejercicios-resueltos.html\">Multiplicar polinomios<\/a><\/li>\n<li><a href=\"https:\/\/www.matesfacil.com\/SegundoGrado\/propiedades-teoricas-ecuaciones-segundo-grado.html\">Propiedades de las ecuaciones de segundo grado<\/a><\/li>\n<li><a href=\"https:\/\/www.matesfacil.com\/resueltos-ecuaciones-segundo-grado-incompletas.html\">Resoluci\u00f3n de ecuaciones cuadr\u00e1ticas incompletas<\/a><\/li>\n<li><a href=\"https:\/\/www.matesfacil.com\/resueltos-ecuaciones-segundo-grado.htm\">Resoluci\u00f3n de ecuaciones cuadr\u00e1ticas completas<\/a><\/li>\n<li><a href=\"https:\/\/www.matesfacil.com\/SegundoGrado\/ECUACIONES-SEGUNDO-GRADO-SOLUCIONES-COMPLEJAS.html\">Ecuaciones cuadr\u00e1ticas con soluciones complejas<\/a><\/li>\n<li><a href=\"https:\/\/www.problemasyecuaciones.com\/Ecuaciones\/segundo-grado\/problemas-ecuaciones-segundo-grado-resueltas-solucion-formula-raices-factorizar.html\">Ecuaciones de segundo grado completas e incompletas<\/a><\/li>\n<li><a href=\"https:\/\/www.matesfacil.com\/SegundoGrado\/ecuaciones-bicuadradas-ejercicios-resueltos.html\">Ecuaciones bicuadradas<\/a><\/li>\n<\/ul>\n<p><strong>Ecuaciones cuadr\u00e1ticas por niveles:<\/strong><\/p>\n<ul>\n<li><a href=\"https:\/\/www.ecuacionesresueltas.com\/segundo-grado\/nivel-1\/ecuaciones-segundo-grado-cuadraticas-completas-incompletas-explicadas.html\">Nivel 1: introducci\u00f3n a las ecuaciones cuadr\u00e1ticas<\/a><\/li>\n<li><a href=\"https:\/\/www.ecuacionesresueltas.com\/segundo-grado\/nivel-2\/ecuaciones-segundo-grado-cuadraticas-discriminante-numero-soluciones.html\">Nivel 2: discriminante de una ecuaci\u00f3n<\/a><\/li>\n<li><a href=\"https:\/\/www.ecuacionesresueltas.com\/segundo-grado\/nivel-3\/ecuaciones-segundo-grado-cuadraticas-incompletas-resueltas-explicadas.html\">Nivel 3: ecuaciones incompletas resueltas<\/a><\/li>\n<li><a href=\"https:\/\/www.ecuacionesresueltas.com\/segundo-grado\/nivel-4\/ecuaciones-segundo-grado-cuadraticas-completas-formula-resueltas.html\">Nivel 4: ecuaciones completas resueltas<\/a><\/li>\n<li><a href=\"https:\/\/www.ecuacionesresueltas.com\/segundo-grado\/nivel-5\/ecuaciones-segundo-grado-cuadraticas-soluciones-complejas-imaginarias-resueltas.html\">Nivel 5: ecuaciones cuadr\u00e1ticas con soluciones complejas<\/a><\/li>\n<\/ul>\n","protected":false},"excerpt":{"rendered":"<p>La regla de Ruffini es un\u00a0m\u00e9todo\u00a0(algoritmo) que nos permite obtener las ra\u00edces de un polinomio. Es de gran utilidad ya que para grado mayor que 2 no disponemos de f\u00f3rmulas, al menos f\u00e1ciles, para poder obtenerlas. Cada vez que hacemos una tabla a partir de los coeficientes del polinomio, obtenemos una ra\u00edz y los coeficientes &hellip; <\/p>\n<p class=\"link-more\"><a href=\"https:\/\/blogs.ua.es\/matesfacil\/secundaria-numeros-operaciones\/la-regla-de-ruffini\/\" class=\"more-link\">Continue reading<span class=\"screen-reader-text\"> &#8220;La regla de Ruffini&#8221;<\/span><\/a><\/p>\n","protected":false},"author":4324,"featured_media":0,"parent":163,"menu_order":0,"comment_status":"closed","ping_status":"closed","template":"","meta":{"footnotes":""},"class_list":["post-366","page","type-page","status-publish","hentry"],"_links":{"self":[{"href":"https:\/\/blogs.ua.es\/matesfacil\/wp-json\/wp\/v2\/pages\/366","targetHints":{"allow":["GET"]}}],"collection":[{"href":"https:\/\/blogs.ua.es\/matesfacil\/wp-json\/wp\/v2\/pages"}],"about":[{"href":"https:\/\/blogs.ua.es\/matesfacil\/wp-json\/wp\/v2\/types\/page"}],"author":[{"embeddable":true,"href":"https:\/\/blogs.ua.es\/matesfacil\/wp-json\/wp\/v2\/users\/4324"}],"replies":[{"embeddable":true,"href":"https:\/\/blogs.ua.es\/matesfacil\/wp-json\/wp\/v2\/comments?post=366"}],"version-history":[{"count":3,"href":"https:\/\/blogs.ua.es\/matesfacil\/wp-json\/wp\/v2\/pages\/366\/revisions"}],"predecessor-version":[{"id":609,"href":"https:\/\/blogs.ua.es\/matesfacil\/wp-json\/wp\/v2\/pages\/366\/revisions\/609"}],"up":[{"embeddable":true,"href":"https:\/\/blogs.ua.es\/matesfacil\/wp-json\/wp\/v2\/pages\/163"}],"wp:attachment":[{"href":"https:\/\/blogs.ua.es\/matesfacil\/wp-json\/wp\/v2\/media?parent=366"}],"curies":[{"name":"wp","href":"https:\/\/api.w.org\/{rel}","templated":true}]}}