{"id":381,"date":"2018-11-09T07:25:36","date_gmt":"2018-11-09T06:25:36","guid":{"rendered":"https:\/\/blogs.ua.es\/matesfacil\/?page_id=381"},"modified":"2018-11-09T07:54:58","modified_gmt":"2018-11-09T06:54:58","slug":"indice-de-ecuaciones","status":"publish","type":"page","link":"https:\/\/blogs.ua.es\/matesfacil\/indice-de-ecuaciones\/","title":{"rendered":"\u00cdndice de ecuaciones"},"content":{"rendered":"<ul>\n<li><a href=\"https:\/\/blogs.ua.es\/matesfacil\/secundaria\/ecuaciones\/ecuaciones-resueltas\/\">Ecuaciones de primer grado<\/a><\/li>\n<li><a href=\"https:\/\/blogs.ua.es\/matesfacil\/secundaria\/ecuaciones\/ecuaciones-con-parentesis\/\">Ecuaciones con par\u00e9ntesis<\/a><\/li>\n<li><a href=\"https:\/\/blogs.ua.es\/matesfacil\/secundaria\/ecuaciones\/problemas-de-ecuaciones\/\">Problemas de ecuaciones de primer grado<\/a><\/li>\n<\/ul>\n<p><strong>P\u00e1ginas con ecuaciones resueltas:<\/strong><\/p>\n<ul>\n<li><a href=\"http:\/\/ecuacionesresueltas.com\/primer-grado\/nivel-1\/ecuaciones-primer-grado-basicas-resueltas-explicadas.html\">Primeras ecuaciones<\/a><\/li>\n<li><a href=\"http:\/\/ecuacionesresueltas.com\/primer-grado\/nivel-2\/numero-soluciones-ecuaciones-primer-grado-explicadas.html\">N\u00famero de soluciones<\/a><\/li>\n<li><a href=\"http:\/\/ecuacionesresueltas.com\/primer-grado\/nivel-3\/ecuaciones-parentesis-resueltas-ejemplos-explicadas-dentro-signo.html\">Ecuaciones con par\u00e9ntesis<\/a><\/li>\n<li><a href=\"http:\/\/ecuacionesresueltas.com\/primer-grado\/nivel-4\/ecuaciones-fracciones-resueltas-problemas-ejemplos.html\">Ecuaciones con fracciones<\/a><\/li>\n<li><a href=\"http:\/\/ecuacionesresueltas.com\/primer-grado\/nivel-5\/ecuaciones-fracciones-parentesis-resueltas-ejemplos.html\">Ecuaciones con par\u00e9ntesis y fracciones<\/a><\/li>\n<li><a href=\"http:\/\/ecuacionesresueltas.com\/primer-grado\/nivel-6\/50-problemas-resueltos-explicados-ecuaciones-primer-grado-calcular-numeros-edades-velocidad-fracciones-porcentajes.html\">Problemas resueltos de ecuaciones<\/a><\/li>\n<li><a href=\"https:\/\/www.problemasyecuaciones.com\/Ecuaciones\/primer-grado\/ecuaciones-primer-grado-resueltas-fracciones-parentesis-solucion.html\">Ecuaciones resueltas<\/a><\/li>\n<li><a href=\"https:\/\/www.problemasyecuaciones.com\/Ecuaciones\/problemas\/problemas-ecuaciones-primer-grado-resueltos-numeros-edades.html\">Problemas resueltos de ecuaciones<\/a> (2)<\/li>\n<li><a href=\"https:\/\/www.matesfacil.com\/ESO\/Ecuaciones\/resueltos-ecuaciones-ec.html\">Resoluci\u00f3n de ecuaciones<\/a><\/li>\n<li><a href=\"https:\/\/www.matesfacil.com\/ESO\/Ecuaciones\/resueltos-problemas-ecuaciones.html\">Problemas resueltos de ecuaciones<\/a> (3)<\/li>\n<li><a href=\"https:\/\/www.matesfacil.com\/ESO\/Ecuaciones\/edades\/problemas-resueltos-calcular-edades-ecuacion-sistema-ecuaciones-ejemplos-secundaria.html\">Problemas de calcular edades<\/a><\/li>\n<\/ul>\n","protected":false},"excerpt":{"rendered":"<p>Ecuaciones de primer grado Ecuaciones con par\u00e9ntesis Problemas de ecuaciones de primer grado P\u00e1ginas con ecuaciones resueltas: Primeras ecuaciones N\u00famero de soluciones Ecuaciones con par\u00e9ntesis Ecuaciones con fracciones Ecuaciones con par\u00e9ntesis y fracciones Problemas resueltos de ecuaciones Ecuaciones resueltas Problemas resueltos de ecuaciones (2) Resoluci\u00f3n de ecuaciones Problemas resueltos de ecuaciones (3) Problemas de calcular &hellip; <\/p>\n<p class=\"link-more\"><a href=\"https:\/\/blogs.ua.es\/matesfacil\/indice-de-ecuaciones\/\" class=\"more-link\">Continue reading<span class=\"screen-reader-text\"> &#8220;\u00cdndice de ecuaciones&#8221;<\/span><\/a><\/p>\n","protected":false},"author":4324,"featured_media":0,"parent":0,"menu_order":0,"comment_status":"closed","ping_status":"closed","template":"","meta":{"footnotes":""},"class_list":["post-381","page","type-page","status-publish","hentry"],"_links":{"self":[{"href":"https:\/\/blogs.ua.es\/matesfacil\/wp-json\/wp\/v2\/pages\/381","targetHints":{"allow":["GET"]}}],"collection":[{"href":"https:\/\/blogs.ua.es\/matesfacil\/wp-json\/wp\/v2\/pages"}],"about":[{"href":"https:\/\/blogs.ua.es\/matesfacil\/wp-json\/wp\/v2\/types\/page"}],"author":[{"embeddable":true,"href":"https:\/\/blogs.ua.es\/matesfacil\/wp-json\/wp\/v2\/users\/4324"}],"replies":[{"embeddable":true,"href":"https:\/\/blogs.ua.es\/matesfacil\/wp-json\/wp\/v2\/comments?post=381"}],"version-history":[{"count":3,"href":"https:\/\/blogs.ua.es\/matesfacil\/wp-json\/wp\/v2\/pages\/381\/revisions"}],"predecessor-version":[{"id":397,"href":"https:\/\/blogs.ua.es\/matesfacil\/wp-json\/wp\/v2\/pages\/381\/revisions\/397"}],"wp:attachment":[{"href":"https:\/\/blogs.ua.es\/matesfacil\/wp-json\/wp\/v2\/media?parent=381"}],"curies":[{"name":"wp","href":"https:\/\/api.w.org\/{rel}","templated":true}]}}