{"id":412,"date":"2018-12-24T09:49:50","date_gmt":"2018-12-24T08:49:50","guid":{"rendered":"https:\/\/blogs.ua.es\/matesfacil\/?page_id=412"},"modified":"2018-12-24T11:24:00","modified_gmt":"2018-12-24T10:24:00","slug":"numeros-imaginarios","status":"publish","type":"page","link":"https:\/\/blogs.ua.es\/matesfacil\/secundaria-numeros-operaciones\/numeros-imaginarios\/","title":{"rendered":"N\u00fameros imaginarios"},"content":{"rendered":"<ul>\n<li><a href=\"https:\/\/blogs.ua.es\/matesfacil\/secundaria-numeros-operaciones\/numeros-imaginarios\/introduccion\/\">Introducci\u00f3n<\/a><\/li>\n<li><a href=\"https:\/\/blogs.ua.es\/matesfacil\/secundaria-numeros-operaciones\/numeros-imaginarios\/definicion-de-numero-imaginario\/\">Definici\u00f3n de n\u00famero imaginario<\/a><\/li>\n<li><a href=\"https:\/\/blogs.ua.es\/matesfacil\/secundaria-numeros-operaciones\/numeros-imaginarios\/representacion-de-un-numero-imaginario\/\">Representaci\u00f3n en el plano<\/a><\/li>\n<li><a href=\"https:\/\/blogs.ua.es\/matesfacil\/secundaria-numeros-operaciones\/numeros-imaginarios\/modulo-y-argumento-de-un-numero-imaginario\/\">M\u00f3dulo y argumento<\/a><\/li>\n<li><a href=\"https:\/\/blogs.ua.es\/matesfacil\/secundaria-numeros-operaciones\/numeros-imaginarios\/conjugado-de-un-numero-imaginario\/\">Conjugado<\/a><\/li>\n<li><a href=\"https:\/\/blogs.ua.es\/matesfacil\/secundaria-numeros-operaciones\/numeros-imaginarios\/forma-binomica-trigonometrica-y-polar-de-numeros-imaginarios\/\">Forma bin\u00f3mica, trigonom\u00e9trica y polar<\/a><\/li>\n<li><a href=\"https:\/\/blogs.ua.es\/matesfacil\/secundaria-numeros-operaciones\/numeros-imaginarios\/sumar-y-restar-numeros-imaginarios\/\">Sumar y restar imaginarios<\/a><\/li>\n<li><a href=\"https:\/\/blogs.ua.es\/matesfacil\/secundaria-numeros-operaciones\/numeros-imaginarios\/multiplicar-numeros-imaginarios\/\">Multiplicar<\/a><\/li>\n<li><a href=\"https:\/\/blogs.ua.es\/matesfacil\/secundaria-numeros-operaciones\/numeros-imaginarios\/dividir-numeros-imaginarios\/\">Dividir<\/a><\/li>\n<\/ul>\n<p>Pod\u00e9is encontrar m\u00e1s informaci\u00f3n en las siguientes p\u00e1ginas:<\/p>\n<ul>\n<li><a href=\"https:\/\/www.problemasyecuaciones.com\/complejos\/numeros-complejos-imaginarios-definicion-representacion-raiz-negativos-i.html\">Introducci\u00f3n a los n\u00fameros complejos<\/a><\/li>\n<li><a href=\"https:\/\/www.problemasyecuaciones.com\/complejos\/numeros-complejos-imaginarios-forma-polar-trigonometrica-binomica-ejemplos-problemas.html\">Formas bin\u00f3mica y polar<\/a><\/li>\n<li><a href=\"https:\/\/www.problemasyecuaciones.com\/complejos\/numeros-complejos-modulo-argumento-angulo-propiedades.html\">M\u00f3dulo y argumento de complejos<\/a><\/li>\n<li><a href=\"https:\/\/www.problemasyecuaciones.com\/complejos\/sumar-restar-multiplicar-dividir-numeros-complejos-imaginarios-ejemplos-formulas.html\">Operaciones entre complejos<\/a><\/li>\n<li><a href=\"https:\/\/www.matesfacil.com\/ejercicios-resueltos-producto-complejos.html\">Producto y cociente de complejos en forma bin\u00f3mica<\/a><\/li>\n<li><a href=\"https:\/\/www.matesfacil.com\/BAC\/complejos\/numeros-complejos-forma-polar-binomica-calculadora-producto-problemas-resueltos.html\">Producto y cociente de complejos en forma polar<\/a><\/li>\n<li><a href=\"https:\/\/www.matesfacil.com\/ejercicios-resueltos-demostraciones-complejos.html\">Propiedades de los n\u00fameros complejos<\/a><\/li>\n<li><a href=\"https:\/\/www.matesfacil.com\/BAC\/complejos\/raices\/raices-n-esimas-numeros-complejos-imaginarios-poligono-regular-argumento-modulo-ejemplos.html\">Ra\u00edces de n\u00fameros complejos<\/a><\/li>\n<li><a href=\"https:\/\/www.matesfacil.com\/ejercicios-resueltos-producto-complejos.html\">Calculadora de operaciones entre complejos<\/a><\/li>\n<li><a href=\"https:\/\/www.matesfacil.com\/BAC\/complejos\/numeros-complejos-forma-polar-binomica-calculadora-producto-problemas-resueltos.html\">Calculadora de forma polar y bin\u00f3mica de complejos<\/a><\/li>\n<li><a href=\"https:\/\/www.matesfacil.com\/SegundoGrado\/ECUACIONES-SEGUNDO-GRADO-SOLUCIONES-COMPLEJAS.html\">Ecuaciones cuadr\u00e1ticas con soluciones complejas<\/a><\/li>\n<\/ul>\n","protected":false},"excerpt":{"rendered":"<p>Introducci\u00f3n Definici\u00f3n de n\u00famero imaginario Representaci\u00f3n en el plano M\u00f3dulo y argumento Conjugado Forma bin\u00f3mica, trigonom\u00e9trica y polar Sumar y restar imaginarios Multiplicar Dividir Pod\u00e9is encontrar m\u00e1s informaci\u00f3n en las siguientes p\u00e1ginas: Introducci\u00f3n a los n\u00fameros complejos Formas bin\u00f3mica y polar M\u00f3dulo y argumento de complejos Operaciones entre complejos Producto y cociente de complejos en &hellip; <\/p>\n<p class=\"link-more\"><a href=\"https:\/\/blogs.ua.es\/matesfacil\/secundaria-numeros-operaciones\/numeros-imaginarios\/\" class=\"more-link\">Continue reading<span class=\"screen-reader-text\"> &#8220;N\u00fameros imaginarios&#8221;<\/span><\/a><\/p>\n","protected":false},"author":4324,"featured_media":0,"parent":163,"menu_order":0,"comment_status":"closed","ping_status":"closed","template":"","meta":{"footnotes":""},"class_list":["post-412","page","type-page","status-publish","hentry"],"_links":{"self":[{"href":"https:\/\/blogs.ua.es\/matesfacil\/wp-json\/wp\/v2\/pages\/412","targetHints":{"allow":["GET"]}}],"collection":[{"href":"https:\/\/blogs.ua.es\/matesfacil\/wp-json\/wp\/v2\/pages"}],"about":[{"href":"https:\/\/blogs.ua.es\/matesfacil\/wp-json\/wp\/v2\/types\/page"}],"author":[{"embeddable":true,"href":"https:\/\/blogs.ua.es\/matesfacil\/wp-json\/wp\/v2\/users\/4324"}],"replies":[{"embeddable":true,"href":"https:\/\/blogs.ua.es\/matesfacil\/wp-json\/wp\/v2\/comments?post=412"}],"version-history":[{"count":13,"href":"https:\/\/blogs.ua.es\/matesfacil\/wp-json\/wp\/v2\/pages\/412\/revisions"}],"predecessor-version":[{"id":449,"href":"https:\/\/blogs.ua.es\/matesfacil\/wp-json\/wp\/v2\/pages\/412\/revisions\/449"}],"up":[{"embeddable":true,"href":"https:\/\/blogs.ua.es\/matesfacil\/wp-json\/wp\/v2\/pages\/163"}],"wp:attachment":[{"href":"https:\/\/blogs.ua.es\/matesfacil\/wp-json\/wp\/v2\/media?parent=412"}],"curies":[{"name":"wp","href":"https:\/\/api.w.org\/{rel}","templated":true}]}}