{"id":419,"date":"2018-12-24T10:03:35","date_gmt":"2018-12-24T09:03:35","guid":{"rendered":"https:\/\/blogs.ua.es\/matesfacil\/?page_id=419"},"modified":"2019-06-13T08:50:00","modified_gmt":"2019-06-13T07:50:00","slug":"introduccion","status":"publish","type":"page","link":"https:\/\/blogs.ua.es\/matesfacil\/secundaria-numeros-operaciones\/numeros-imaginarios\/introduccion\/","title":{"rendered":"Introducci\u00f3n a los complejos"},"content":{"rendered":"<p style=\"text-align: justify\">En esta p\u00e1gina vamos a ver qu\u00e9 son los n\u00fameros complejos o imaginarios y el porqu\u00e9 de su existencia en las matem\u00e1ticas.<\/p>\n<p style=\"text-align: justify\">Recordad que <strong>b<\/strong> es una ra\u00edz cuadrada del n\u00famero <strong>a<\/strong> si su cuadrado es <strong>a<\/strong>. Es decir, <strong>b =\u221aa<\/strong> si <strong>a = b<sup>2<\/sup><\/strong> . Pero sabemos que cualquier n\u00famero real al cuadrado es mayor o igual que 0, es decir,<\/p>\n<p align=\"center\"><a href=\"https:\/\/www.problemasyecuaciones.com\/complejos\/numeros-complejos-imaginarios-definicion-representacion-raiz-negativos-i.html\"><img loading=\"lazy\" decoding=\"async\" class=\"aligncenter\" title=\"el cuadrado de un n\u00famero real siempre es no negativo: b^2 \u2265 0 para todo b de R\" src=\"https:\/\/www.problemasyecuaciones.com\/complejos\/img1\/T0.png\" alt=\"Introducci\u00f3n a los n\u00fameros complejos. Definimos el n\u00famero i (unidad imaginaria) como la ra\u00edz cuadrada de -1. Calculamos las ra\u00edces cuadradas de algunos n\u00fameros negativos. Definimos los n\u00fameros negativos (en su forma bin\u00f3mica). Representamos n\u00fameros imaginarios en el plano complejo. Secundaria. Bachillerato. Universidad. Matem\u00e1ticas.\" width=\"133\" height=\"23\" \/><\/a><\/p>\n<p style=\"text-align: justify\">Esto implica que la ra\u00edz cuadrada de un n\u00famero negativo\u00a0<i>no existe<\/i>. Por ejemplo, si , <strong>b =\u221a-2<\/strong> entonces <strong>b<sup>2<\/sup> = -2<\/strong>, pero hemos dicho que el cuadrado de un n\u00famero real no puede ser negativo.<\/p>\n<p style=\"text-align: justify\">Sin embargo, cualquiera que haya trabajado con\u00a0<a href=\"https:\/\/www.matesfacil.com\/resueltos-ecuaciones-segundo-grado.htm\">ecuaciones cuadr\u00e1ticas<\/a>\u00a0(o de segundo grado), sabe que encontrarse con ra\u00edces de n\u00fameros negativos es muy habitual. Por esta raz\u00f3n, los matem\u00e1ticos\u00a0<i>inventaron<\/i>\u00a0n\u00fameros que no son reales y cuyo cuadrado puede ser un n\u00famero negativo.<\/p>\n<p style=\"text-align: justify\">Se define la\u00a0<strong>unidad imaginaria<\/strong>, i, como la ra\u00edz cuadrada del n\u00famero real negativo -1:<\/p>\n<p align=\"center\"><a href=\"https:\/\/www.problemasyecuaciones.com\/complejos\/numeros-complejos-imaginarios-definicion-representacion-raiz-negativos-i.html\"><img loading=\"lazy\" decoding=\"async\" class=\"aligncenter\" title=\"i = ra\u00edz_cuadrada(-1)\" src=\"https:\/\/www.problemasyecuaciones.com\/complejos\/img1\/T1.png\" alt=\"Introducci\u00f3n a los n\u00fameros complejos. Definimos el n\u00famero i (unidad imaginaria) como la ra\u00edz cuadrada de -1. Calculamos las ra\u00edces cuadradas de algunos n\u00fameros negativos. Definimos los n\u00fameros negativos (en su forma bin\u00f3mica). Representamos n\u00fameros imaginarios en el plano complejo. Secundaria. Bachillerato. Universidad. Matem\u00e1ticas.\" width=\"80\" height=\"22\" \/><\/a><\/p>\n<p>Ahora ya podemos calcular ra\u00edces cuadradas de n\u00fameros negativos.<\/p>\n<p>Por ejemplo,<\/p>\n<ul>\n<li>El n\u00famero 2\u00b7i es una ra\u00edz cuadrada de -4 porque su cuadrado es -4:\n<p align=\"center\"><a href=\"https:\/\/www.problemasyecuaciones.com\/complejos\/numeros-complejos-imaginarios-definicion-representacion-raiz-negativos-i.html\"><img loading=\"lazy\" decoding=\"async\" class=\"aligncenter\" title=\"calculamos (2\u00b7i)^2 = -4\" src=\"https:\/\/www.problemasyecuaciones.com\/complejos\/img1\/T2.png\" alt=\"Introducci\u00f3n a los n\u00fameros complejos. Definimos el n\u00famero i (unidad imaginaria) como la ra\u00edz cuadrada de -1. Calculamos las ra\u00edces cuadradas de algunos n\u00fameros negativos. Definimos los n\u00fameros negativos (en su forma bin\u00f3mica). Representamos n\u00fameros imaginarios en el plano complejo. Secundaria. Bachillerato. Universidad. Matem\u00e1ticas.\" width=\"151\" height=\"198\" \/><\/a><\/p>\n<\/li>\n<li>El n\u00famero -2\u00b7i tambi\u00e9n es una ra\u00edz cuadrada de -4 porque su cuadrado es -4:\n<p align=\"center\"><a href=\"https:\/\/www.problemasyecuaciones.com\/complejos\/numeros-complejos-imaginarios-definicion-representacion-raiz-negativos-i.html\"><img loading=\"lazy\" decoding=\"async\" class=\"aligncenter\" title=\"calculamos (-2\u00b7i)^2 = -4\" src=\"https:\/\/www.problemasyecuaciones.com\/complejos\/img1\/T3.png\" alt=\"Introducci\u00f3n a los n\u00fameros complejos. Definimos el n\u00famero i (unidad imaginaria) como la ra\u00edz cuadrada de -1. Calculamos las ra\u00edces cuadradas de algunos n\u00fameros negativos. Definimos los n\u00fameros negativos (en su forma bin\u00f3mica). Representamos n\u00fameros imaginarios en el plano complejo. Secundaria. Bachillerato. Universidad. Matem\u00e1ticas.\" width=\"174\" height=\"143\" \/><\/a><\/p>\n<\/li>\n<\/ul>\n<p>M\u00e1s informaci\u00f3n:<\/p>\n<p>&nbsp;<\/p>\n<ul>\n<li><a href=\"https:\/\/www.problemasyecuaciones.com\/complejos\/numeros-complejos-imaginarios-definicion-representacion-raiz-negativos-i.html\">Introducci\u00f3n a los n\u00fameros complejos<\/a><\/li>\n<li><a href=\"https:\/\/www.problemasyecuaciones.com\/complejos\/numeros-complejos-imaginarios-forma-polar-trigonometrica-binomica-ejemplos-problemas.html\">Formas bin\u00f3mica y polar<\/a><\/li>\n<li><a href=\"https:\/\/www.problemasyecuaciones.com\/complejos\/numeros-complejos-modulo-argumento-angulo-propiedades.html\">M\u00f3dulo y argumento de complejos<\/a><\/li>\n<li><a href=\"https:\/\/www.problemasyecuaciones.com\/complejos\/sumar-restar-multiplicar-dividir-numeros-complejos-imaginarios-ejemplos-formulas.html\">Operaciones entre complejos<\/a><\/li>\n<li><a href=\"https:\/\/www.matesfacil.com\/ejercicios-resueltos-producto-complejos.html\">Producto y cociente de complejos en forma bin\u00f3mica<\/a><\/li>\n<li><a href=\"https:\/\/www.matesfacil.com\/BAC\/complejos\/numeros-complejos-forma-polar-binomica-calculadora-producto-problemas-resueltos.html\">Producto y cociente de complejos en forma polar<\/a><\/li>\n<li><a href=\"https:\/\/www.matesfacil.com\/ejercicios-resueltos-demostraciones-complejos.html\">Propiedades de los n\u00fameros complejos<\/a><\/li>\n<li><a href=\"https:\/\/www.matesfacil.com\/BAC\/complejos\/raices\/raices-n-esimas-numeros-complejos-imaginarios-poligono-regular-argumento-modulo-ejemplos.html\">Ra\u00edces de n\u00fameros complejos<\/a><\/li>\n<li><a href=\"https:\/\/www.matesfacil.com\/ejercicios-resueltos-producto-complejos.html\">Calculadora de operaciones entre complejos<\/a><\/li>\n<li><a href=\"https:\/\/www.matesfacil.com\/BAC\/complejos\/numeros-complejos-forma-polar-binomica-calculadora-producto-problemas-resueltos.html\">Calculadora de forma polar y bin\u00f3mica de complejos<\/a><\/li>\n<li><a href=\"https:\/\/www.matesfacil.com\/SegundoGrado\/ECUACIONES-SEGUNDO-GRADO-SOLUCIONES-COMPLEJAS.html\">Ecuaciones cuadr\u00e1ticas con soluciones complejas<\/a><\/li>\n<\/ul>\n<p>&nbsp;<\/p>\n","protected":false},"excerpt":{"rendered":"<p>En esta p\u00e1gina vamos a ver qu\u00e9 son los n\u00fameros complejos o imaginarios y el porqu\u00e9 de su existencia en las matem\u00e1ticas. Recordad que b es una ra\u00edz cuadrada del n\u00famero a si su cuadrado es a. Es decir, b =\u221aa si a = b2 . Pero sabemos que cualquier n\u00famero real al cuadrado es &hellip; <\/p>\n<p class=\"link-more\"><a href=\"https:\/\/blogs.ua.es\/matesfacil\/secundaria-numeros-operaciones\/numeros-imaginarios\/introduccion\/\" class=\"more-link\">Continue reading<span class=\"screen-reader-text\"> &#8220;Introducci\u00f3n a los complejos&#8221;<\/span><\/a><\/p>\n","protected":false},"author":4324,"featured_media":0,"parent":412,"menu_order":0,"comment_status":"closed","ping_status":"closed","template":"","meta":{"footnotes":""},"class_list":["post-419","page","type-page","status-publish","hentry"],"_links":{"self":[{"href":"https:\/\/blogs.ua.es\/matesfacil\/wp-json\/wp\/v2\/pages\/419","targetHints":{"allow":["GET"]}}],"collection":[{"href":"https:\/\/blogs.ua.es\/matesfacil\/wp-json\/wp\/v2\/pages"}],"about":[{"href":"https:\/\/blogs.ua.es\/matesfacil\/wp-json\/wp\/v2\/types\/page"}],"author":[{"embeddable":true,"href":"https:\/\/blogs.ua.es\/matesfacil\/wp-json\/wp\/v2\/users\/4324"}],"replies":[{"embeddable":true,"href":"https:\/\/blogs.ua.es\/matesfacil\/wp-json\/wp\/v2\/comments?post=419"}],"version-history":[{"count":3,"href":"https:\/\/blogs.ua.es\/matesfacil\/wp-json\/wp\/v2\/pages\/419\/revisions"}],"predecessor-version":[{"id":610,"href":"https:\/\/blogs.ua.es\/matesfacil\/wp-json\/wp\/v2\/pages\/419\/revisions\/610"}],"up":[{"embeddable":true,"href":"https:\/\/blogs.ua.es\/matesfacil\/wp-json\/wp\/v2\/pages\/412"}],"wp:attachment":[{"href":"https:\/\/blogs.ua.es\/matesfacil\/wp-json\/wp\/v2\/media?parent=419"}],"curies":[{"name":"wp","href":"https:\/\/api.w.org\/{rel}","templated":true}]}}