{"id":553,"date":"2019-06-10T17:10:06","date_gmt":"2019-06-10T16:10:06","guid":{"rendered":"https:\/\/blogs.ua.es\/matesfacil\/?page_id=553"},"modified":"2019-06-25T10:53:39","modified_gmt":"2019-06-25T09:53:39","slug":"calculo-de-limites","status":"publish","type":"page","link":"https:\/\/blogs.ua.es\/matesfacil\/calculo-de-limites\/","title":{"rendered":"C\u00e1lculo de l\u00edmites"},"content":{"rendered":"<p><strong>L\u00edmites de funciones:<\/strong><\/p>\n<ul>\n<li><a href=\"https:\/\/blogs.ua.es\/matesfacil\/calculo-de-limites\/concepto-de-limite\/\">Concepto de l\u00edmite<\/a><\/li>\n<li><a href=\"https:\/\/blogs.ua.es\/matesfacil\/calculo-de-limites\/limites-laterales\/\">L\u00edmites laterales<\/a><\/li>\n<li><a href=\"https:\/\/blogs.ua.es\/matesfacil\/calculo-de-limites\/indeterminaciones\/\">Indeterminaci\u00f3n<\/a><\/li>\n<\/ul>\n<p><strong>Indeterminaciones:<\/strong><\/p>\n<ul>\n<li><a href=\"https:\/\/blogs.ua.es\/matesfacil\/calculo-de-limites\/infinito-menos-infinito\/\">Infinito menos infinito<\/a><\/li>\n<li><a href=\"https:\/\/blogs.ua.es\/matesfacil\/calculo-de-limites\/0-dividido-0\/\">0\/0<\/a><\/li>\n<li><a href=\"https:\/\/blogs.ua.es\/matesfacil\/calculo-de-limites\/infinito-partido-infinito\/\">Infinito partido infinito<\/a><\/li>\n<li><a href=\"https:\/\/blogs.ua.es\/matesfacil\/calculo-de-limites\/cero-por-infinito\/\">0 por infinito<\/a><\/li>\n<li><a href=\"https:\/\/blogs.ua.es\/matesfacil\/calculo-de-limites\/1-elevado-a-infinito\/\">1 elevado a infinito<\/a><\/li>\n<\/ul>\n<p><strong>Otros temas:<\/strong><\/p>\n<ul>\n<li><a href=\"https:\/\/blogs.ua.es\/matesfacil\/calculo-de-limites\/infinitesimos-equivalentes\/\">Infinit\u00e9simos equivalentes<\/a><\/li>\n<li><a href=\"https:\/\/blogs.ua.es\/matesfacil\/calculo-de-limites\/teorema-del-emparedado-o-del-sandwich\/\">Teorema del emparedado<\/a><\/li>\n<li>L\u00edmites de sucesiones<\/li>\n<\/ul>\n","protected":false},"excerpt":{"rendered":"<p>L\u00edmites de funciones: Concepto de l\u00edmite L\u00edmites laterales Indeterminaci\u00f3n Indeterminaciones: Infinito menos infinito 0\/0 Infinito partido infinito 0 por infinito 1 elevado a infinito Otros temas: Infinit\u00e9simos equivalentes Teorema del emparedado L\u00edmites de sucesiones<\/p>\n","protected":false},"author":4324,"featured_media":0,"parent":0,"menu_order":0,"comment_status":"closed","ping_status":"closed","template":"","meta":{"footnotes":""},"class_list":["post-553","page","type-page","status-publish","hentry"],"_links":{"self":[{"href":"https:\/\/blogs.ua.es\/matesfacil\/wp-json\/wp\/v2\/pages\/553","targetHints":{"allow":["GET"]}}],"collection":[{"href":"https:\/\/blogs.ua.es\/matesfacil\/wp-json\/wp\/v2\/pages"}],"about":[{"href":"https:\/\/blogs.ua.es\/matesfacil\/wp-json\/wp\/v2\/types\/page"}],"author":[{"embeddable":true,"href":"https:\/\/blogs.ua.es\/matesfacil\/wp-json\/wp\/v2\/users\/4324"}],"replies":[{"embeddable":true,"href":"https:\/\/blogs.ua.es\/matesfacil\/wp-json\/wp\/v2\/comments?post=553"}],"version-history":[{"count":12,"href":"https:\/\/blogs.ua.es\/matesfacil\/wp-json\/wp\/v2\/pages\/553\/revisions"}],"predecessor-version":[{"id":782,"href":"https:\/\/blogs.ua.es\/matesfacil\/wp-json\/wp\/v2\/pages\/553\/revisions\/782"}],"wp:attachment":[{"href":"https:\/\/blogs.ua.es\/matesfacil\/wp-json\/wp\/v2\/media?parent=553"}],"curies":[{"name":"wp","href":"https:\/\/api.w.org\/{rel}","templated":true}]}}