{"id":558,"date":"2019-06-10T17:43:34","date_gmt":"2019-06-10T16:43:34","guid":{"rendered":"https:\/\/blogs.ua.es\/matesfacil\/?page_id=558"},"modified":"2019-07-01T11:04:55","modified_gmt":"2019-07-01T10:04:55","slug":"concepto-de-limite","status":"publish","type":"page","link":"https:\/\/blogs.ua.es\/matesfacil\/calculo-de-limites\/concepto-de-limite\/","title":{"rendered":"Concepto de l\u00edmite"},"content":{"rendered":"<p style=\"text-align: justify\">En esta p\u00e1gina explicamos intuitivamente el concepto de l\u00edmite de una funci\u00f3n (de una variable: <em>x<\/em>), tanto en un punto finito como infinito.<\/p>\n<h1>1. L\u00edmite en un punto finito<\/h1>\n<p>Decimos que <strong>el l\u00edmite de\u00a0 <em>f(x)<\/em> cuando <em>x<\/em> tiende al punto \u00a0<em>a <\/em>es\u00a0 <em>L<\/em><\/strong> si la funci\u00f3n toma valores cada vez m\u00e1s cercanos a\u00a0 <em>L<\/em> cuando <em>x<\/em> toma valores cada vez m\u00e1s cercanos al punto\u00a0<em>a<\/em>.<\/p>\n<p>Lo expresamos mediante<\/p>\n<p><a href=\"https:\/\/www.matesfacil.com\/BAC\/limites\/concepto\/T0.png\"><img loading=\"lazy\" decoding=\"async\" class=\"size-medium aligncenter\" src=\"https:\/\/www.matesfacil.com\/BAC\/limites\/concepto\/T0.png\" width=\"118\" height=\"30\" \/><\/a><\/p>\n<h2>Ejemplo:<\/h2>\n<p>Consideremos la funci\u00f3n <em>f(x) = x<sup> 2<\/sup><\/em>. Para calcular su l\u00edmite en el punto <em>x = 2<\/em>, damos a <em>x<\/em>\u00a0valores cercanos a 2 por su izquierda y su derecha.<\/p>\n<p>Por la izquierda:<\/p>\n<p><a href=\"https:\/\/www.matesfacil.com\/BAC\/limites\/indeterminaciones\/introduccion\/T1.png\"><img loading=\"lazy\" decoding=\"async\" class=\"aligncenter size-medium\" src=\"https:\/\/www.matesfacil.com\/BAC\/limites\/indeterminaciones\/introduccion\/T1.png\" width=\"172\" height=\"122\" \/><\/a><\/p>\n<p>Por la derecha:<\/p>\n<p><a href=\"https:\/\/www.matesfacil.com\/BAC\/limites\/indeterminaciones\/introduccion\/T2.png\"><img loading=\"lazy\" decoding=\"async\" class=\"aligncenter size-medium\" src=\"https:\/\/www.matesfacil.com\/BAC\/limites\/indeterminaciones\/introduccion\/T2.png\" width=\"172\" height=\"157\" \/><\/a><\/p>\n<p>Se observa que la funci\u00f3n tiende a 4 por ambos lados de 2. Por tanto, su l\u00edmite es 4:<\/p>\n<p><a href=\"https:\/\/www.matesfacil.com\/BAC\/limites\/concepto\/T1.png\"><img loading=\"lazy\" decoding=\"async\" class=\"aligncenter size-medium\" src=\"https:\/\/www.matesfacil.com\/BAC\/limites\/concepto\/T1.png\" width=\"98\" height=\"32\" \/><\/a><\/p>\n<p>Gr\u00e1fica de la funci\u00f3n:<\/p>\n<p><a href=\"https:\/\/www.matesfacil.com\/BAC\/limites\/concepto\/G1B.png\"><img loading=\"lazy\" decoding=\"async\" class=\"aligncenter size-medium\" src=\"https:\/\/www.matesfacil.com\/BAC\/limites\/concepto\/G1B.png\" width=\"218\" height=\"194\" \/><\/a><\/p>\n<p>&nbsp;<\/p>\n<p style=\"text-align: justify\">Si la funci\u00f3n tiende a puntos distintos por uno y otro lado del punto\u00a0<em>a<\/em>, entonces <strong>no existe el l\u00edmite<\/strong> de la funci\u00f3n en dicho punto.<\/p>\n<p style=\"text-align: justify\">Observad que, normalmente, el l\u00edmite de\u00a0<em>f(x)<\/em>\u00a0en el punto <em>a<\/em> coincide con su imagen, es decir, con <em>f(a)<\/em> . Para ser m\u00e1s exactos, esto ocurre en las funciones que son continuas en el punto <em>a<\/em>.<\/p>\n<p style=\"text-align: justify\">Un ejemplo de funci\u00f3n discontinua es <em>f(x) = 1\/(x<sup>2<\/sup>)<\/em> , cuyo l\u00edmite cuando <em>x<\/em> tiende a 0 no coincide con <em>f(0)<\/em>\u00a0 porque la funci\u00f3n ni siquiera est\u00e1 definida en dicho punto (no podemos dividir entre 0).<\/p>\n<h1>2. L\u00edmite en un punto infinito<\/h1>\n<p style=\"text-align: justify\">Decimos que <strong>el l\u00edmite de <em>f(x)<\/em> cuando <em>x<\/em> tiende a m\u00e1s infinito (+\u221e) es <em>L<\/em><\/strong> si la funci\u00f3n toma valores cada vez m\u00e1s cercanos a <em>L<\/em> cuando <em>x<\/em> crece indefinidamente.<\/p>\n<p>Lo expresamos mediante<\/p>\n<p><a href=\"https:\/\/www.matesfacil.com\/BAC\/limites\/concepto\/T2.png\"><img loading=\"lazy\" decoding=\"async\" class=\"aligncenter size-medium\" src=\"https:\/\/www.matesfacil.com\/BAC\/limites\/concepto\/T2.png\" width=\"133\" height=\"30\" \/><\/a><\/p>\n<p style=\"text-align: justify\">An\u00e1logamente, <strong>el l\u00edmite de <em>f(x)<\/em> cuando <em>x<\/em> tiende a menos infinito (-\u221e) es <em>L<\/em><\/strong> si la funci\u00f3n toma valores cada vez m\u00e1s cercanos a <em>L<\/em> cuando <em>x<\/em> decrece indefinidamente.<\/p>\n<p>Lo expresamos mediante<\/p>\n<p><a href=\"https:\/\/www.matesfacil.com\/BAC\/limites\/concepto\/T3.png\"><img loading=\"lazy\" decoding=\"async\" class=\"aligncenter size-medium\" src=\"https:\/\/www.matesfacil.com\/BAC\/limites\/concepto\/T3.png\" width=\"133\" height=\"30\" \/><\/a><\/p>\n<h2>Ejemplos:<\/h2>\n<ol>\n<li>El l\u00edmite de la funci\u00f3n cuadrado es infinito:<br \/>\n<a href=\"https:\/\/www.matesfacil.com\/BAC\/limites\/concepto\/T9b.png\"><img loading=\"lazy\" decoding=\"async\" class=\"aligncenter size-medium\" src=\"https:\/\/www.matesfacil.com\/BAC\/limites\/concepto\/T9b.png\" alt=\"El l\u00edmite de x^2 es infinito\" width=\"228\" height=\"32\" \/><\/a><\/li>\n<li>Y el l\u00edmite de su inverso es 0:<br \/>\n<a href=\"https:\/\/www.matesfacil.com\/BAC\/limites\/concepto\/T4.png\"><img loading=\"lazy\" decoding=\"async\" class=\"aligncenter size-medium\" src=\"https:\/\/www.matesfacil.com\/BAC\/limites\/concepto\/T4.png\" alt=\"L\u00edmite de 1\/x^2 cuando x tiende a infinito\" width=\"216\" height=\"46\" \/><\/a><br \/>\nEl l\u00edmite es 0 porque un cociente positivo toma valores positivos m\u00e1s peque\u00f1os a medida que su denominador aumenta. Por tanto, cuando el denominador tiende a infinito, el cociente tiende a 0.<br \/>\nGr\u00e1fica de la funci\u00f3n:<br \/>\n<a href=\"https:\/\/www.matesfacil.com\/BAC\/limites\/concepto\/G3.png\"><img loading=\"lazy\" decoding=\"async\" class=\"aligncenter size-medium\" src=\"https:\/\/www.matesfacil.com\/BAC\/limites\/concepto\/G3.png\" alt=\"Gr\u00e1fica de la funci\u00f3n 1\/x^2\" width=\"179\" height=\"229\" \/><\/a><\/li>\n<\/ol>\n<h1>M\u00e1s ejemplos<\/h1>\n<h2>L\u00edmite 1<\/h2>\n<p><img loading=\"lazy\" decoding=\"async\" class=\"aligncenter size-medium\" src=\"https:\/\/www.matesfacil.com\/BAC\/limites\/concepto\/L1.png\" width=\"110\" height=\"32\" \/><\/p>\n<p>Los polinomios son funciones continuas, as\u00ed que su l\u00edmite en un punto finito <em>a<\/em> siempre es <em>f(a)<\/em>.<\/p>\n<p>Calculamos el l\u00edmite sustituyendo el punto:<\/p>\n<p><a href=\"https:\/\/www.matesfacil.com\/BAC\/limites\/concepto\/L1-1.png\"><img loading=\"lazy\" decoding=\"async\" class=\"aligncenter size-medium\" src=\"https:\/\/www.matesfacil.com\/BAC\/limites\/concepto\/L1-1.png\" alt=\"l\u00edmite cuando x tiende a -1 del polinomio 1-x^2\" width=\"151\" height=\"70\" \/><\/a><\/p>\n<p>Gr\u00e1fica de la funci\u00f3n:<\/p>\n<p><img loading=\"lazy\" decoding=\"async\" class=\"aligncenter size-medium\" src=\"https:\/\/www.matesfacil.com\/BAC\/limites\/concepto\/L1G.png\" width=\"208\" height=\"260\" \/><\/p>\n<p>El l\u00edmite de un polinomio cuando <em>x<\/em> tiende a infinito (positivo o negativo) siempre es infinito. El signo del infinito del l\u00edmite depende el grado y del coeficiente principal del polinomio.<\/p>\n<h2>L\u00edmite 2<\/h2>\n<p><img loading=\"lazy\" decoding=\"async\" class=\"aligncenter size-medium\" src=\"https:\/\/www.matesfacil.com\/BAC\/limites\/concepto\/L4.png\" width=\"103\" height=\"51\" \/><\/p>\n<p>El seno de 0 es 0 y, por tanto, su cuadrado tambi\u00e9n es 0.<\/p>\n<p>Como un cuadrado es siempre no negativo, el denominador tiende a 0 por ambos lados.<\/p>\n<p>Cuando el denominador de una fracci\u00f3n positiva decrece, el cociente crece. Por tanto, cuando <em>x<\/em> se acerca a 0, la funci\u00f3n toma valores muy grandes. Es decir, el l\u00edmite es infinito:<\/p>\n<p><a href=\"https:\/\/www.matesfacil.com\/BAC\/limites\/concepto\/L4-1.png\"><img loading=\"lazy\" decoding=\"async\" class=\"aligncenter size-medium\" src=\"https:\/\/www.matesfacil.com\/BAC\/limites\/concepto\/L4-1.png\" alt=\"el l\u00edmite de 1\/(sin(x))^2 cuando x tiende a 0 es infinito\" width=\"163\" height=\"51\" \/><\/a><\/p>\n<p>Gr\u00e1fica de la funci\u00f3n:<\/p>\n<p><a href=\"https:\/\/www.matesfacil.com\/BAC\/limites\/concepto\/L4G.png\"><img loading=\"lazy\" decoding=\"async\" class=\"aligncenter\" src=\"https:\/\/www.matesfacil.com\/BAC\/limites\/concepto\/L4G.png\" alt=\"Gr\u00e1fica del inverso de (sin(x))^2.\" width=\"123\" height=\"259\" \/><\/a><\/p>\n<p><strong>M\u00e1s ejemplos y temas de l\u00edmites:<\/strong><\/p>\n<ul>\n<li><a href=\"https:\/\/www.matesfacil.com\/BAC\/limites\/ejercicios-resueltos-limites-1.html\">50 l\u00edmites resueltos<\/a><\/li>\n<li><a href=\"https:\/\/www.problemasyecuaciones.com\/limites\/calculo-limites-explicados-metodos-reglas-procedimientos-indeterminaciones-grados-infinito-resueltos.html\">L\u00edmites resueltos<\/a><\/li>\n<li><a href=\"https:\/\/www.matesfacil.com\/BAC\/limites\/laterales\/limites-laterales-ejemplos-problemas-resueltos-graficas-ejemplos.html\">L\u00edmites laterales<\/a><\/li>\n<li><a href=\"https:\/\/www.matesfacil.com\/BAC\/limites\/indeterminaciones\/introduccion\/indeterminacion-forma-indeterminada-infinito-partido-ejemplos-lhopital.html\">Indeterminaci\u00f3n (l\u00edmites de funciones)<\/a><\/li>\n<li><a href=\"https:\/\/www.matesfacil.com\/BAC\/limites\/indeterminaciones\/infinito-menos-infinito\/indeterminacion-infinito-menos-infinito-limites-resueltos-ejemplos-procedimientos.html\">Indeterminaci\u00f3n infinito menos infinito<\/a><\/li>\n<li><a href=\"https:\/\/www.matesfacil.com\/BAC\/limites\/indeterminaciones\/cero-dividido-cero\/indeterminacion-cero-dividido-cero-ejemplos-limites-resueltos-lhopital.html\">Indeterminaci\u00f3n cero partido cero<\/a><\/li>\n<li><a href=\"https:\/\/www.matesfacil.com\/BAC\/limites\/indeterminaciones\/infinito-dividido-infinito\/indeterminacion-inifinito-partido-infinito-ejemplos-limites-resueltos.html\">Indeterminaci\u00f3n infinito partido infinito<\/a><\/li>\n<li><a href=\"https:\/\/www.matesfacil.com\/BAC\/limites\/indeterminaciones\/cero-por-infinito\/indeterminacion-cero-por-infinito-ejemplos-limites-resueltos-producto-division.html\">Indeterminaci\u00f3n cero por infinito<\/a><\/li>\n<li><a href=\"https:\/\/www.matesfacil.com\/BAC\/limites\/indeterminaciones\/uno-elevado-infinito\/indeterminacion-uno-elevado-infinito-limites-resueltos-formula-ejemplos.html\">Indeterminaci\u00f3n uno elevado a infinito<\/a><\/li>\n<li><a href=\"https:\/\/www.matesfacil.com\/BAC\/limites\/indeterminaciones\/cero-elevado-cero\/indeterminacion-0-elevado-0-ejemplos-limites-resueltos-resolver-explicados.html\">Indeterminaci\u00f3n cero elevado cero<\/a><\/li>\n<li><a href=\"https:\/\/www.matesfacil.com\/BAC\/limites\/indeterminaciones\/infinito-elevado-cero\/indeterminacion-infinito-elevado-cero-ejemplos-limites-resueltos-lhopital.html\">Indeterminaci\u00f3n infinito elevado a cero<\/a><\/li>\n<li><a href=\"https:\/\/www.matesfacil.com\/demostracion-lhopital.htm\">Regla de L&#8217;H\u00f4pital<\/a><\/li>\n<li><a href=\"https:\/\/www.matesfacil.com\/BAC\/limites\/infinitesimos-equivalentes\/infinitesimo-equivalente-ejemplos-limites-resueltos.html\">Infinit\u00e9simos equivalentes<\/a><\/li>\n<li><a href=\"https:\/\/www.matesfacil.com\/BAC\/emparedado\/teorema-emparedado-sandwich-demostracion-limites-series-convergente-ejemplos.html\">Teorema del emparedado<\/a><\/li>\n<li><a href=\"https:\/\/www.matesfacil.com\/BAC\/progresiones\/calculo-limites-sucesiones-definicion-distancia-terminos-menor-mayor-problemas-resueltos.html\">L\u00edmites de sucesiones<\/a><\/li>\n<li><a href=\"https:\/\/www.matesfacil.com\/BAC\/limites\/concepto\/concepto-limite-funcion-ejemplos-problemas-definicion.html\">Definiciones formales de l\u00edmites<\/a><\/li>\n<li><a href=\"https:\/\/www.matesfacil.com\/UNI\/progresiones\/criterios\/criterio-media-geometrica-raiz-sucesiones-ejemplos-demostracion-problemas-sucesiones-convergencia.html\">Criterio de la media geom\u00e9trica y de la ra\u00edz<\/a><\/li>\n<li><a href=\"https:\/\/www.matesfacil.com\/UNI\/progresiones\/criterios\/criterio-media-aritmetica-convergencia-sucesiones-ejemplos-demostracion-problemas.html\">Criterio de la media aritm\u00e9tica<\/a><\/li>\n<li><a href=\"https:\/\/www.matesfacil.com\/UNI\/progresiones\/criterios\/criterio-Stolz-cociente-convergencia-sucesiones-ejemplos-limites.html\">Criterio de Stolz del cociente<\/a><\/li>\n<\/ul>\n","protected":false},"excerpt":{"rendered":"<p>En esta p\u00e1gina explicamos intuitivamente el concepto de l\u00edmite de una funci\u00f3n (de una variable: x), tanto en un punto finito como infinito. 1. L\u00edmite en un punto finito Decimos que el l\u00edmite de\u00a0 f(x) cuando x tiende al punto \u00a0a es\u00a0 L si la funci\u00f3n toma valores cada vez m\u00e1s cercanos a\u00a0 L cuando &hellip; <\/p>\n<p class=\"link-more\"><a href=\"https:\/\/blogs.ua.es\/matesfacil\/calculo-de-limites\/concepto-de-limite\/\" class=\"more-link\">Continue reading<span class=\"screen-reader-text\"> &#8220;Concepto de l\u00edmite&#8221;<\/span><\/a><\/p>\n","protected":false},"author":4324,"featured_media":0,"parent":553,"menu_order":0,"comment_status":"closed","ping_status":"closed","template":"","meta":{"footnotes":""},"class_list":["post-558","page","type-page","status-publish","hentry"],"_links":{"self":[{"href":"https:\/\/blogs.ua.es\/matesfacil\/wp-json\/wp\/v2\/pages\/558","targetHints":{"allow":["GET"]}}],"collection":[{"href":"https:\/\/blogs.ua.es\/matesfacil\/wp-json\/wp\/v2\/pages"}],"about":[{"href":"https:\/\/blogs.ua.es\/matesfacil\/wp-json\/wp\/v2\/types\/page"}],"author":[{"embeddable":true,"href":"https:\/\/blogs.ua.es\/matesfacil\/wp-json\/wp\/v2\/users\/4324"}],"replies":[{"embeddable":true,"href":"https:\/\/blogs.ua.es\/matesfacil\/wp-json\/wp\/v2\/comments?post=558"}],"version-history":[{"count":14,"href":"https:\/\/blogs.ua.es\/matesfacil\/wp-json\/wp\/v2\/pages\/558\/revisions"}],"predecessor-version":[{"id":784,"href":"https:\/\/blogs.ua.es\/matesfacil\/wp-json\/wp\/v2\/pages\/558\/revisions\/784"}],"up":[{"embeddable":true,"href":"https:\/\/blogs.ua.es\/matesfacil\/wp-json\/wp\/v2\/pages\/553"}],"wp:attachment":[{"href":"https:\/\/blogs.ua.es\/matesfacil\/wp-json\/wp\/v2\/media?parent=558"}],"curies":[{"name":"wp","href":"https:\/\/api.w.org\/{rel}","templated":true}]}}