{"id":572,"date":"2019-06-11T11:37:13","date_gmt":"2019-06-11T10:37:13","guid":{"rendered":"https:\/\/blogs.ua.es\/matesfacil\/?page_id=572"},"modified":"2019-07-02T11:26:21","modified_gmt":"2019-07-02T10:26:21","slug":"limites-laterales","status":"publish","type":"page","link":"https:\/\/blogs.ua.es\/matesfacil\/calculo-de-limites\/limites-laterales\/","title":{"rendered":"L\u00edmites laterales"},"content":{"rendered":"<p style=\"text-align: justify\">En esta p\u00e1gina explicamos intuitivamente el concepto de l\u00edmite lateral de una funci\u00f3n, con ejemplos y gr\u00e1ficas, y proporcionamos algunos ejemplos de funciones cuyos l\u00edmites laterales no coinciden.<\/p>\n<h1>1. Recordatorio<\/h1>\n<p>Conviene recordar el concepto de l\u00edmite:<\/p>\n<p style=\"text-align: justify\">Decimos que la funci\u00f3n\u00a0<em>f(x)<\/em> \u00a0tiende a <em>L<\/em> cuando\u00a0<em>x<\/em>\u00a0tiende a \u00a0<em>a <\/em>(o que el l\u00edmite de\u00a0<em>f(x)<\/em> \u00a0en\u00a0<em>a<\/em> es\u00a0<em>L<\/em> ) si la funci\u00f3n\u00a0\u00a0toma valores cada vez m\u00e1s pr\u00f3ximos a\u00a0\u00a0<em>L <\/em>cuando\u00a0<em>x<\/em>\u00a0se aproxima al punto <em>a<\/em>.<\/p>\n<p>Lo expresamos mediante<\/p>\n<p><a href=\"https:\/\/www.matesfacil.com\/BAC\/limites\/laterales\/limites-laterales-ejemplos-problemas-resueltos-graficas-ejemplos.html\"><img loading=\"lazy\" decoding=\"async\" class=\"aligncenter size-medium\" src=\"https:\/\/www.matesfacil.com\/BAC\/limites\/concepto\/T0.png\" width=\"118\" height=\"30\" \/><\/a><\/p>\n<p>Por ejemplo, el l\u00edmite de la funci\u00f3n <em>x<sup>2<\/sup><\/em> cuando <em>x<\/em>\u00a0tiende a 2 es 4:<\/p>\n<p><a href=\"https:\/\/www.matesfacil.com\/BAC\/limites\/concepto\/concepto-limite-funcion-ejemplos-problemas-definicion.html\"><img loading=\"lazy\" decoding=\"async\" class=\"aligncenter size-medium\" src=\"https:\/\/www.matesfacil.com\/BAC\/limites\/concepto\/T1.png\" width=\"98\" height=\"32\" \/><\/a><\/p>\n<p style=\"text-align: justify\">El concepto de\u00a0<strong>l\u00edmite lateral<\/strong>\u00a0es el mismo, pero considerando que\u00a0<em>x<\/em>\u00a0se aproxima al punto\u00a0<em>a <\/em>\u00a0s\u00f3lo por su derecha o por su izquierda.<\/p>\n<h1>2. L\u00edmite lateral<\/h1>\n<p style=\"text-align: justify\">El l\u00edmite de\u00a0<em>f(x)<\/em> \u00a0<strong>por la izquierda de\u00a0<em>a<\/em><\/strong>\u00a0es\u00a0<em>L<\/em> si la funci\u00f3n\u00a0\u00a0toma valores cada vez m\u00e1s pr\u00f3ximos a\u00a0<em>L<\/em>\u00a0cuando\u00a0<em>x<\/em>\u00a0se aproxima al punto <em>a<\/em>\u00a0por su izquierda.<\/p>\n<p>Lo denotamos por<\/p>\n<p><a href=\"https:\/\/www.matesfacil.com\/BAC\/limites\/laterales\/limites-laterales-ejemplos-problemas-resueltos-graficas-ejemplos.html\"><img loading=\"lazy\" decoding=\"async\" class=\"aligncenter size-medium\" src=\"https:\/\/www.matesfacil.com\/BAC\/limites\/laterales\/T10b.png\" alt=\"l\u00edmites laterales\" width=\"128\" height=\"30\" \/><\/a><\/p>\n<p style=\"text-align: justify\">An\u00e1logamente, el l\u00edmite de <em>f(x)<\/em> \u00a0<strong>por la derecha de <em>a<\/em><\/strong>\u00a0es\u00a0<em>L<\/em> si la funci\u00f3n\u00a0\u00a0toma valores cada vez m\u00e1s pr\u00f3ximos a\u00a0<em>L<\/em>\u00a0cuando\u00a0<em>x<\/em>\u00a0se aproxima al punto <em>a<\/em> por su derecha.<\/p>\n<p>Lo denotamos por<\/p>\n<p><a href=\"https:\/\/www.matesfacil.com\/BAC\/limites\/laterales\/T10c.png\"><img loading=\"lazy\" decoding=\"async\" class=\"aligncenter size-medium\" src=\"https:\/\/www.matesfacil.com\/BAC\/limites\/laterales\/T10c.png\" alt=\"l\u00edmites laterales\" width=\"127\" height=\"30\" \/><\/a><\/p>\n<h2><strong>Ejemplo:<\/strong><\/h2>\n<p>Consideremos la funci\u00f3n <em>f(x) = 1\/x<\/em> . Queremos calcular sus l\u00edmites laterales en el punto\u00a0<em>x=0<\/em>.<\/p>\n<p>Cuando\u00a0<em>x<\/em>\u00a0toma valores cercanos a 0 por su derecha,\u00a0<em>f(x)<\/em>\u00a0toma valores positivos grandes:<\/p>\n<p><a href=\"https:\/\/www.matesfacil.com\/BAC\/limites\/laterales\/T4.png\"><img loading=\"lazy\" decoding=\"async\" class=\"aligncenter size-medium\" src=\"https:\/\/www.matesfacil.com\/BAC\/limites\/laterales\/T4.png\" width=\"181\" height=\"136\" \/><\/a><\/p>\n<p>Por tanto, su l\u00edmite por la derecha es infinito positivo:<\/p>\n<p><a href=\"https:\/\/www.matesfacil.com\/BAC\/limites\/laterales\/T5.png\"><img loading=\"lazy\" decoding=\"async\" class=\"aligncenter size-medium\" src=\"https:\/\/www.matesfacil.com\/BAC\/limites\/laterales\/T5.png\" alt=\"el l\u00edmite por la derecha de 0 de 1\/x es +infinito\" width=\"123\" height=\"47\" \/><\/a><\/p>\n<p>Cuando\u00a0<em>x<\/em> toma valores cercanos a 0 por su izquierda, <em>f(x)<\/em> toma valores negativos peque\u00f1os:<\/p>\n<p><a href=\"https:\/\/www.matesfacil.com\/BAC\/limites\/laterales\/T6.png\"><img loading=\"lazy\" decoding=\"async\" class=\"aligncenter size-medium\" src=\"https:\/\/www.matesfacil.com\/BAC\/limites\/laterales\/T6.png\" width=\"212\" height=\"134\" \/><\/a><\/p>\n<p>Por tanto, su l\u00edmite por la izquierda es infinito negativo:<\/p>\n<p><a href=\"https:\/\/www.matesfacil.com\/BAC\/limites\/laterales\/T7.png\"><img loading=\"lazy\" decoding=\"async\" class=\"aligncenter size-medium\" src=\"https:\/\/www.matesfacil.com\/BAC\/limites\/laterales\/T7.png\" alt=\"el l\u00edmite por la derecha de 0 de 1\/x es -infinito\" width=\"123\" height=\"46\" \/><\/a><\/p>\n<p>Gr\u00e1fica de la funci\u00f3n:<\/p>\n<p><a href=\"https:\/\/www.matesfacil.com\/BAC\/limites\/laterales\/G0.png\"><img loading=\"lazy\" decoding=\"async\" class=\"aligncenter size-medium\" src=\"https:\/\/www.matesfacil.com\/BAC\/limites\/laterales\/G0.png\" alt=\"gr\u00e1fica de la funci\u00f3n 1\/x\" width=\"213\" height=\"272\" \/><\/a><\/p>\n<p>L\u00f3gicamente, <strong>hablamos del l\u00edmite de una funci\u00f3n en un punto cuando sus l\u00edmites laterales coinciden<\/strong>:<\/p>\n<p><a href=\"https:\/\/www.matesfacil.com\/BAC\/limites\/laterales\/T9.png\"><img loading=\"lazy\" decoding=\"async\" class=\"aligncenter size-medium\" src=\"https:\/\/www.matesfacil.com\/BAC\/limites\/laterales\/T9.png\" alt=\"l\u00edmites laterales\" width=\"239\" height=\"115\" \/><\/a><\/p>\n<p>Si no es as\u00ed, decimos que el l\u00edmite en <em>a<\/em>\u00a0no existe. Esto es lo que ocurre en el ejemplo anterior, as\u00ed que<\/p>\n<p><a href=\"https:\/\/www.matesfacil.com\/BAC\/limites\/laterales\/T8.png\"><img loading=\"lazy\" decoding=\"async\" class=\"aligncenter size-medium\" src=\"https:\/\/www.matesfacil.com\/BAC\/limites\/laterales\/T8.png\" alt=\"no existe el l\u00edmite de 1\/x en x=0 porque los l\u00edmites laterales no coinciden\" width=\"69\" height=\"46\" \/><\/a><\/p>\n<h1>3. Ejemplos<\/h1>\n<p>Veamos dos ejemplos t\u00edpicos de funciones cuyos l\u00edmites laterales no coinciden.<\/p>\n<h2>Ejemplo 1<\/h2>\n<p style=\"text-align: justify\">En las funciones racionales (fracciones de polinomios), los puntos que anulan al denominador son puntos donde, generalmente, los l\u00edmites laterales no coinciden.<\/p>\n<p>Por ejemplo,<\/p>\n<p><a href=\"https:\/\/www.matesfacil.com\/BAC\/limites\/laterales\/limites-laterales-ejemplos-problemas-resueltos-graficas-ejemplos.html\"><img loading=\"lazy\" decoding=\"async\" class=\"aligncenter size-medium\" src=\"https:\/\/www.matesfacil.com\/BAC\/limites\/laterales\/E2.png\" alt=\"l\u00edmites laterales en los puntos 1 y -1 de la funci\u00f3n 1\/(x^2-1)\" width=\"181\" height=\"228\" \/><\/a><\/p>\n<p>Gr\u00e1fica:<\/p>\n<p><a href=\"https:\/\/www.matesfacil.com\/BAC\/limites\/laterales\/GE2.png\"><img loading=\"lazy\" decoding=\"async\" class=\"aligncenter size-medium\" src=\"https:\/\/www.matesfacil.com\/BAC\/limites\/laterales\/GE2.png\" alt=\"gr\u00e1fica de la funci\u00f3n 1\/(x^2-1)\" width=\"205\" height=\"227\" \/><\/a><\/p>\n<h2>Ejemplo 2<\/h2>\n<p>En las funciones definidas a trozos es habitual que no coincidan los l\u00edmites laterales en los puntos donde cambia la definici\u00f3n.<\/p>\n<p>Por ejemplo, sea la funci\u00f3n<\/p>\n<p><a href=\"https:\/\/www.matesfacil.com\/BAC\/limites\/laterales\/E3.png\"><img loading=\"lazy\" decoding=\"async\" class=\"aligncenter size-medium\" src=\"https:\/\/www.matesfacil.com\/BAC\/limites\/laterales\/E3.png\" alt=\"funci\u00f3n por partes\" width=\"200\" height=\"46\" \/><\/a><\/p>\n<p>Los l\u00edmites laterales en 0 son<\/p>\n<p><a href=\"https:\/\/www.matesfacil.com\/BAC\/limites\/laterales\/limites-laterales-ejemplos-problemas-resueltos-graficas-ejemplos.html\"><img loading=\"lazy\" decoding=\"async\" class=\"aligncenter size-medium\" src=\"https:\/\/www.matesfacil.com\/BAC\/limites\/laterales\/E3b.png\" alt=\"l\u00edmites laterales de la funci\u00f3n por partes\" width=\"158\" height=\"208\" \/><\/a>Gr\u00e1fica:<\/p>\n<p><a href=\"https:\/\/www.matesfacil.com\/BAC\/limites\/laterales\/GE3.png\"><img loading=\"lazy\" decoding=\"async\" class=\"aligncenter size-medium\" src=\"https:\/\/www.matesfacil.com\/BAC\/limites\/laterales\/GE3.png\" alt=\"gr\u00e1fica de la funci\u00f3n por partes\" width=\"198\" height=\"253\" \/><\/a><\/p>\n<p>&nbsp;<\/p>\n<p><strong>M\u00e1s ejemplos y temas de l\u00edmites:<\/strong><\/p>\n<ul>\n<li><a href=\"https:\/\/www.matesfacil.com\/BAC\/limites\/ejercicios-resueltos-limites-1.html\">50 l\u00edmites resueltos<\/a><\/li>\n<li><a href=\"https:\/\/www.problemasyecuaciones.com\/limites\/calculo-limites-explicados-metodos-reglas-procedimientos-indeterminaciones-grados-infinito-resueltos.html\">L\u00edmites resueltos<\/a><\/li>\n<li><a href=\"https:\/\/www.matesfacil.com\/BAC\/limites\/laterales\/limites-laterales-ejemplos-problemas-resueltos-graficas-ejemplos.html\">L\u00edmites laterales<\/a><\/li>\n<li><a href=\"https:\/\/www.matesfacil.com\/BAC\/limites\/indeterminaciones\/introduccion\/indeterminacion-forma-indeterminada-infinito-partido-ejemplos-lhopital.html\">Indeterminaci\u00f3n (l\u00edmites de funciones)<\/a><\/li>\n<li><a href=\"https:\/\/www.matesfacil.com\/BAC\/limites\/indeterminaciones\/infinito-menos-infinito\/indeterminacion-infinito-menos-infinito-limites-resueltos-ejemplos-procedimientos.html\">Indeterminaci\u00f3n infinito menos infinito<\/a><\/li>\n<li><a href=\"https:\/\/www.matesfacil.com\/BAC\/limites\/indeterminaciones\/cero-dividido-cero\/indeterminacion-cero-dividido-cero-ejemplos-limites-resueltos-lhopital.html\">Indeterminaci\u00f3n cero partido cero<\/a><\/li>\n<li><a href=\"https:\/\/www.matesfacil.com\/BAC\/limites\/indeterminaciones\/infinito-dividido-infinito\/indeterminacion-inifinito-partido-infinito-ejemplos-limites-resueltos.html\">Indeterminaci\u00f3n infinito partido infinito<\/a><\/li>\n<li><a href=\"https:\/\/www.matesfacil.com\/BAC\/limites\/indeterminaciones\/cero-por-infinito\/indeterminacion-cero-por-infinito-ejemplos-limites-resueltos-producto-division.html\">Indeterminaci\u00f3n cero por infinito<\/a><\/li>\n<li><a href=\"https:\/\/www.matesfacil.com\/BAC\/limites\/indeterminaciones\/uno-elevado-infinito\/indeterminacion-uno-elevado-infinito-limites-resueltos-formula-ejemplos.html\">Indeterminaci\u00f3n uno elevado a infinito<\/a><\/li>\n<li><a href=\"https:\/\/www.matesfacil.com\/BAC\/limites\/indeterminaciones\/cero-elevado-cero\/indeterminacion-0-elevado-0-ejemplos-limites-resueltos-resolver-explicados.html\">Indeterminaci\u00f3n cero elevado cero<\/a><\/li>\n<li><a href=\"https:\/\/www.matesfacil.com\/BAC\/limites\/indeterminaciones\/infinito-elevado-cero\/indeterminacion-infinito-elevado-cero-ejemplos-limites-resueltos-lhopital.html\">Indeterminaci\u00f3n infinito elevado a cero<\/a><\/li>\n<li><a href=\"https:\/\/www.matesfacil.com\/demostracion-lhopital.htm\">Regla de L&#8217;H\u00f4pital<\/a><\/li>\n<li><a href=\"https:\/\/www.matesfacil.com\/BAC\/limites\/infinitesimos-equivalentes\/infinitesimo-equivalente-ejemplos-limites-resueltos.html\">Infinit\u00e9simos equivalentes<\/a><\/li>\n<li><a href=\"https:\/\/www.matesfacil.com\/BAC\/emparedado\/teorema-emparedado-sandwich-demostracion-limites-series-convergente-ejemplos.html\">Teorema del emparedado<\/a><\/li>\n<li><a href=\"https:\/\/www.matesfacil.com\/BAC\/progresiones\/calculo-limites-sucesiones-definicion-distancia-terminos-menor-mayor-problemas-resueltos.html\">L\u00edmites de sucesiones<\/a><\/li>\n<li><a href=\"https:\/\/www.matesfacil.com\/BAC\/limites\/concepto\/concepto-limite-funcion-ejemplos-problemas-definicion.html\">Definiciones formales de l\u00edmites<\/a><\/li>\n<li><a href=\"https:\/\/www.matesfacil.com\/UNI\/progresiones\/criterios\/criterio-media-geometrica-raiz-sucesiones-ejemplos-demostracion-problemas-sucesiones-convergencia.html\">Criterio de la media geom\u00e9trica y de la ra\u00edz<\/a><\/li>\n<li><a href=\"https:\/\/www.matesfacil.com\/UNI\/progresiones\/criterios\/criterio-media-aritmetica-convergencia-sucesiones-ejemplos-demostracion-problemas.html\">Criterio de la media aritm\u00e9tica<\/a><\/li>\n<li><a href=\"https:\/\/www.matesfacil.com\/UNI\/progresiones\/criterios\/criterio-Stolz-cociente-convergencia-sucesiones-ejemplos-limites.html\">Criterio de Stolz del cociente<\/a><\/li>\n<\/ul>\n","protected":false},"excerpt":{"rendered":"<p>En esta p\u00e1gina explicamos intuitivamente el concepto de l\u00edmite lateral de una funci\u00f3n, con ejemplos y gr\u00e1ficas, y proporcionamos algunos ejemplos de funciones cuyos l\u00edmites laterales no coinciden. 1. Recordatorio Conviene recordar el concepto de l\u00edmite: Decimos que la funci\u00f3n\u00a0f(x) \u00a0tiende a L cuando\u00a0x\u00a0tiende a \u00a0a (o que el l\u00edmite de\u00a0f(x) \u00a0en\u00a0a es\u00a0L ) si &hellip; <\/p>\n<p class=\"link-more\"><a href=\"https:\/\/blogs.ua.es\/matesfacil\/calculo-de-limites\/limites-laterales\/\" class=\"more-link\">Continue reading<span class=\"screen-reader-text\"> &#8220;L\u00edmites laterales&#8221;<\/span><\/a><\/p>\n","protected":false},"author":4324,"featured_media":0,"parent":553,"menu_order":0,"comment_status":"closed","ping_status":"closed","template":"","meta":{"footnotes":""},"class_list":["post-572","page","type-page","status-publish","hentry"],"_links":{"self":[{"href":"https:\/\/blogs.ua.es\/matesfacil\/wp-json\/wp\/v2\/pages\/572","targetHints":{"allow":["GET"]}}],"collection":[{"href":"https:\/\/blogs.ua.es\/matesfacil\/wp-json\/wp\/v2\/pages"}],"about":[{"href":"https:\/\/blogs.ua.es\/matesfacil\/wp-json\/wp\/v2\/types\/page"}],"author":[{"embeddable":true,"href":"https:\/\/blogs.ua.es\/matesfacil\/wp-json\/wp\/v2\/users\/4324"}],"replies":[{"embeddable":true,"href":"https:\/\/blogs.ua.es\/matesfacil\/wp-json\/wp\/v2\/comments?post=572"}],"version-history":[{"count":7,"href":"https:\/\/blogs.ua.es\/matesfacil\/wp-json\/wp\/v2\/pages\/572\/revisions"}],"predecessor-version":[{"id":785,"href":"https:\/\/blogs.ua.es\/matesfacil\/wp-json\/wp\/v2\/pages\/572\/revisions\/785"}],"up":[{"embeddable":true,"href":"https:\/\/blogs.ua.es\/matesfacil\/wp-json\/wp\/v2\/pages\/553"}],"wp:attachment":[{"href":"https:\/\/blogs.ua.es\/matesfacil\/wp-json\/wp\/v2\/media?parent=572"}],"curies":[{"name":"wp","href":"https:\/\/api.w.org\/{rel}","templated":true}]}}