{"id":579,"date":"2019-06-12T10:00:18","date_gmt":"2019-06-12T09:00:18","guid":{"rendered":"https:\/\/blogs.ua.es\/matesfacil\/?page_id=579"},"modified":"2019-06-12T10:08:48","modified_gmt":"2019-06-12T09:08:48","slug":"indeterminaciones","status":"publish","type":"page","link":"https:\/\/blogs.ua.es\/matesfacil\/calculo-de-limites\/indeterminaciones\/","title":{"rendered":"Indeterminaciones"},"content":{"rendered":"<p style=\"text-align: justify\">En esta p\u00e1gina explicamos en qu\u00e9 consisten las indeterminaciones que aparecen en los l\u00edmites, proporcionamos una lista de las mismas y las reglas para operar con infinitos\/ceros en las no indeterminaciones. Despu\u00e9s, resolvemos algunos l\u00edmites aplicando las reglas vistas y algunos l\u00edmites b\u00e1sicos con indeterminaciones.<\/p>\n<h1>1. Introducci\u00f3n<\/h1>\n<p>Veamos un ejemplo introductorio.<\/p>\n<p>Supongamos que queremos calcular el siguiente l\u00edmite:<\/p>\n<p><a href=\"https:\/\/www.matesfacil.com\/BAC\/limites\/indeterminaciones\/introduccion\/indeterminacion-forma-indeterminada-infinito-partido-ejemplos-lhopital.html\"><img loading=\"lazy\" decoding=\"async\" class=\"aligncenter size-medium\" src=\"https:\/\/www.matesfacil.com\/BAC\/limites\/indeterminaciones\/introduccion\/T4.png\" width=\"97\" height=\"54\" \/><\/a><\/p>\n<p style=\"text-align: justify\">En un principio, las funciones del numerador y del denominador est\u00e1n bien definidas para el punto <em>x=1<\/em>, pero si sustituimos el punto\u00a0<em>x=1<\/em> en ambas, obtenemos la expresi\u00f3n 0\/0:<\/p>\n<p><a href=\"https:\/\/www.matesfacil.com\/BAC\/limites\/indeterminaciones\/introduccion\/indeterminacion-forma-indeterminada-infinito-partido-ejemplos-lhopital.html\"><img loading=\"lazy\" decoding=\"async\" class=\"aligncenter size-medium\" src=\"https:\/\/www.matesfacil.com\/BAC\/limites\/indeterminaciones\/introduccion\/T5.png\" width=\"215\" height=\"54\" \/><\/a><\/p>\n<p>Obviamente, este resultado no tiene sentido matem\u00e1ticamente.<\/p>\n<p>Algo parecido ocurre al calcular el l\u00edmite siguiente:<\/p>\n<p><a href=\"https:\/\/www.matesfacil.com\/BAC\/limites\/indeterminaciones\/introduccion\/T6.png\"><img loading=\"lazy\" decoding=\"async\" class=\"aligncenter size-medium\" src=\"https:\/\/www.matesfacil.com\/BAC\/limites\/indeterminaciones\/introduccion\/T6.png\" width=\"99\" height=\"47\" \/><\/a><\/p>\n<p style=\"text-align: justify\">Sin embargo, hay una diferencia sustancial entre ambos resultados: podemos asegurar el resultado de todos los l\u00edmites en los que aparece la expresi\u00f3n 1\/0 es \u221e, pero no podemos predecir el resultado de los l\u00edmites en los que aparece 0\/0.<\/p>\n<p style=\"text-align: justify\">Por esta raz\u00f3n, decimos que la expresi\u00f3n 0\/0 es una <strong>indeterminaci\u00f3n<\/strong>. Cuando aparece una indeterminaci\u00f3n en un l\u00edmite, el l\u00edmite depende de la propia funci\u00f3n. Esto conlleva que, aunque aparezca la misma indeterminaci\u00f3n, el l\u00edmite puede ser distinto para funciones distintas.<\/p>\n<h1>2. Lista de indeterminaciones<\/h1>\n<p>S\u00f3lo hay 7 indeterminaciones y son las siguientes:<\/p>\n<p><a href=\"https:\/\/www.matesfacil.com\/BAC\/limites\/indeterminaciones\/introduccion\/T8.png\"><img loading=\"lazy\" decoding=\"async\" class=\"aligncenter size-medium\" src=\"https:\/\/www.matesfacil.com\/BAC\/limites\/indeterminaciones\/introduccion\/T8.png\" alt=\"indeterminaciones\" width=\"180\" height=\"80\" \/><\/a><\/p>\n<p style=\"text-align: justify\">Existen otras expresiones similares a las anteriores pero que <strong>no<\/strong> son indeterminaciones, puesto que tenemos reglas que proporcionan el resultado.<\/p>\n<h1>3. Reglas<\/h1>\n<p style=\"text-align: justify\">B\u00e1sicamente, las reglas que enumeramos a continuaci\u00f3n involucran infinitos y divisiones entre 0 \u00f3 infinito y s\u00f3lo son v\u00e1lidas en el c\u00e1lculo de l\u00edmites. La mayor\u00eda de ellas son intuitivas, as\u00ed que no vamos a comentarlas.<\/p>\n<p>En adelante, <em>k<\/em> es una constante distinta de 0.<\/p>\n<h2>1. Sumas\/restas con infinito:<\/h2>\n<p><a href=\"https:\/\/www.matesfacil.com\/BAC\/limites\/ejercicios-resueltos-limites-1.html\"><img loading=\"lazy\" decoding=\"async\" class=\"aligncenter size-medium\" src=\"https:\/\/www.matesfacil.com\/BAC\/limites\/limT0.png\" alt=\"Sumas con infinito\" width=\"188\" height=\"103\" \/><\/a><\/p>\n<h2>2.\u00a0Productos con infinito:<\/h2>\n<p><a href=\"https:\/\/www.matesfacil.com\/BAC\/limites\/ejercicios-resueltos-limites-1.html\"><img loading=\"lazy\" decoding=\"async\" class=\"size-medium aligncenter\" src=\"https:\/\/www.matesfacil.com\/BAC\/limites\/limT1.png\" alt=\"productos con infinito\" width=\"247\" height=\"236\" \/><\/a><\/p>\n<h2>3. Cocientes con infinito \u00f3 0:<\/h2>\n<p><a href=\"https:\/\/www.matesfacil.com\/BAC\/limites\/ejercicios-resueltos-limites-1.html\"><img loading=\"lazy\" decoding=\"async\" class=\"aligncenter size-medium\" src=\"https:\/\/www.matesfacil.com\/BAC\/limites\/limT2.png\" alt=\"cocientes con infinito \u00f3 0\" width=\"236\" height=\"311\" \/><\/a><\/p>\n<h2>4. Potencias con infinito:<\/h2>\n<h1><a href=\"https:\/\/www.matesfacil.com\/BAC\/limites\/ejercicios-resueltos-limites-1.html\"><img loading=\"lazy\" decoding=\"async\" class=\"aligncenter size-medium\" src=\"https:\/\/www.matesfacil.com\/BAC\/limites\/limT3.png\" alt=\"potencias con infinito\" width=\"267\" height=\"225\" \/><\/a>4. Ejemplos<\/h1>\n<p>Los dos primeros l\u00edmites no presentan indeterminaciones.<\/p>\n<h2>L\u00edmite 1<\/h2>\n<p><a href=\"https:\/\/www.problemasyecuaciones.com\/limites\/L1.png\"><img loading=\"lazy\" decoding=\"async\" class=\"aligncenter size-medium\" src=\"https:\/\/www.problemasyecuaciones.com\/limites\/L1.png\" width=\"101\" height=\"51\" \/><\/a><\/p>\n<p>Soluci\u00f3n:<\/p>\n<p>Al sustituir\u00a0<em>x<\/em>\u00a0por 1, obtenemos el resultado 0\/2, as\u00ed que el l\u00edmite es 0:<\/p>\n<p><a href=\"https:\/\/www.problemasyecuaciones.com\/limites\/calculo-limites-explicados-metodos-reglas-procedimientos-indeterminaciones-grados-infinito-resueltos.html\"><img loading=\"lazy\" decoding=\"async\" class=\"aligncenter size-medium\" src=\"https:\/\/www.problemasyecuaciones.com\/limites\/L1-1.png\" alt=\"l\u00edmite de (x^2-1)\/(x+1) cuando x tiende a 1\" width=\"119\" height=\"156\" \/><\/a><\/p>\n<h2>L\u00edmite 2<\/h2>\n<p><a href=\"https:\/\/www.problemasyecuaciones.com\/limites\/L3.png\"><img loading=\"lazy\" decoding=\"async\" class=\"aligncenter size-medium\" src=\"https:\/\/www.problemasyecuaciones.com\/limites\/L3.png\" width=\"117\" height=\"48\" \/><\/a><\/p>\n<p>Soluci\u00f3n:<\/p>\n<p>Sustituimos el punto:<\/p>\n<p><a href=\"https:\/\/www.problemasyecuaciones.com\/limites\/calculo-limites-explicados-metodos-reglas-procedimientos-indeterminaciones-grados-infinito-resueltos.html\"><img loading=\"lazy\" decoding=\"async\" class=\"aligncenter size-medium\" src=\"https:\/\/www.problemasyecuaciones.com\/limites\/L3-1.png\" alt=\"l\u00edmite de 1\/(2x-1) cuando x tiende a 1\/2\" width=\"137\" height=\"97\" \/><\/a><\/p>\n<p>Hemos escrito el signo\u00a0\u00b1\u00a0porque el signo del l\u00edmite depende del lado por el que nos aproximamos al punto.<\/p>\n<p>Si nos aproximamos por la derecha, el denominador es positivo y se aproxima a 0, as\u00ed que el l\u00edmite es +\u221e; por el otro lado, el l\u00edmite es -\u221e:<\/p>\n<p><a href=\"https:\/\/www.matesfacil.com\/BAC\/limites\/laterales\/limites-laterales-ejemplos-problemas-resueltos-graficas-ejemplos.html\"><img loading=\"lazy\" decoding=\"async\" class=\"aligncenter size-medium\" src=\"https:\/\/www.problemasyecuaciones.com\/limites\/L3-2.png\" alt=\"l\u00edmites laterales\" width=\"187\" height=\"114\" \/><\/a><\/p>\n<p>Como los l\u00edmites laterales no coinciden, no existe el l\u00edmite.<\/p>\n<h2>L\u00edmite 3<\/h2>\n<p><img loading=\"lazy\" decoding=\"async\" class=\"aligncenter size-medium\" src=\"https:\/\/www.problemasyecuaciones.com\/limites\/L8.png\" width=\"149\" height=\"32\" \/><\/p>\n<p>Soluci\u00f3n:<\/p>\n<p style=\"text-align: justify\">Tenemos la indeterminaci\u00f3n <em>infinito menos infinito. <\/em>Sin embargo, como la funci\u00f3n exponencial crece mucho m\u00e1s r\u00e1pido que la funci\u00f3n logaritmo, la funci\u00f3n siempre es negativa (para <em>x<\/em>\u00a0grandes) y, adem\u00e1s, cada vez es m\u00e1s negativa.<\/p>\n<p>Por tanto,<\/p>\n<p><a href=\"https:\/\/www.problemasyecuaciones.com\/limites\/calculo-limites-explicados-metodos-reglas-procedimientos-indeterminaciones-grados-infinito-resueltos.html\"><img loading=\"lazy\" decoding=\"async\" class=\"aligncenter size-medium\" src=\"https:\/\/www.problemasyecuaciones.com\/limites\/L8-1.png\" width=\"210\" height=\"32\" \/><\/a><\/p>\n<h2>L\u00edmite 4<\/h2>\n<p><a href=\"https:\/\/www.problemasyecuaciones.com\/limites\/L9.png\"><img loading=\"lazy\" decoding=\"async\" class=\"aligncenter size-medium\" src=\"https:\/\/www.problemasyecuaciones.com\/limites\/L9.png\" alt=\"l\u00edmite de cociente de exponenciales\" width=\"172\" height=\"48\" \/><\/a><\/p>\n<p>Soluci\u00f3n:<\/p>\n<p>En el denominador tenemos una resta de infinitos.<\/p>\n<p>Podemos dividir el numerador y el denominador por la exponencial de mayor base, operaci\u00f3n que no cambia la funci\u00f3n:<\/p>\n<p><a href=\"https:\/\/www.problemasyecuaciones.com\/limites\/calculo-limites-explicados-metodos-reglas-procedimientos-indeterminaciones-grados-infinito-resueltos.html\"><img loading=\"lazy\" decoding=\"async\" class=\"aligncenter size-medium\" src=\"https:\/\/www.problemasyecuaciones.com\/limites\/L9-1.png\" width=\"257\" height=\"153\" \/><\/a><\/p>\n<p style=\"text-align: justify\">Al dividir entre la exponencial, tenemos exponenciales cuya base est\u00e1 entre 0 y 1, as\u00ed que tienden a 0 cuando <em>x<\/em>\u00a0tiende a infinito positivo.<\/p>\n<p>&nbsp;<\/p>\n<p><strong>M\u00e1s ejemplos y temas de l\u00edmites:<\/strong><\/p>\n<ul>\n<li><a href=\"https:\/\/www.matesfacil.com\/BAC\/limites\/ejercicios-resueltos-limites-1.html\">50 l\u00edmites resueltos<\/a><\/li>\n<li><a href=\"https:\/\/www.problemasyecuaciones.com\/limites\/calculo-limites-explicados-metodos-reglas-procedimientos-indeterminaciones-grados-infinito-resueltos.html\">L\u00edmites resueltos<\/a><\/li>\n<li><a href=\"https:\/\/www.matesfacil.com\/BAC\/limites\/laterales\/limites-laterales-ejemplos-problemas-resueltos-graficas-ejemplos.html\">L\u00edmites laterales<\/a><\/li>\n<li><a href=\"https:\/\/www.matesfacil.com\/BAC\/limites\/indeterminaciones\/introduccion\/indeterminacion-forma-indeterminada-infinito-partido-ejemplos-lhopital.html\">Indeterminaci\u00f3n (l\u00edmites de funciones)<\/a><\/li>\n<li><a href=\"https:\/\/www.matesfacil.com\/BAC\/limites\/indeterminaciones\/infinito-menos-infinito\/indeterminacion-infinito-menos-infinito-limites-resueltos-ejemplos-procedimientos.html\">Indeterminaci\u00f3n infinito menos infinito<\/a><\/li>\n<li><a href=\"https:\/\/www.matesfacil.com\/BAC\/limites\/indeterminaciones\/cero-dividido-cero\/indeterminacion-cero-dividido-cero-ejemplos-limites-resueltos-lhopital.html\">Indeterminaci\u00f3n cero partido cero<\/a><\/li>\n<li><a href=\"https:\/\/www.matesfacil.com\/BAC\/limites\/indeterminaciones\/infinito-dividido-infinito\/indeterminacion-inifinito-partido-infinito-ejemplos-limites-resueltos.html\">Indeterminaci\u00f3n infinito partido infinito<\/a><\/li>\n<li><a href=\"https:\/\/www.matesfacil.com\/BAC\/limites\/indeterminaciones\/cero-por-infinito\/indeterminacion-cero-por-infinito-ejemplos-limites-resueltos-producto-division.html\">Indeterminaci\u00f3n cero por infinito<\/a><\/li>\n<li><a href=\"https:\/\/www.matesfacil.com\/BAC\/limites\/indeterminaciones\/uno-elevado-infinito\/indeterminacion-uno-elevado-infinito-limites-resueltos-formula-ejemplos.html\">Indeterminaci\u00f3n uno elevado a infinito<\/a><\/li>\n<li><a href=\"https:\/\/www.matesfacil.com\/BAC\/limites\/indeterminaciones\/cero-elevado-cero\/indeterminacion-0-elevado-0-ejemplos-limites-resueltos-resolver-explicados.html\">Indeterminaci\u00f3n cero elevado cero<\/a><\/li>\n<li><a href=\"https:\/\/www.matesfacil.com\/BAC\/limites\/indeterminaciones\/infinito-elevado-cero\/indeterminacion-infinito-elevado-cero-ejemplos-limites-resueltos-lhopital.html\">Indeterminaci\u00f3n infinito elevado a cero<\/a><\/li>\n<li><a href=\"https:\/\/www.matesfacil.com\/demostracion-lhopital.htm\">Regla de L&#8217;H\u00f4pital<\/a><\/li>\n<li><a href=\"https:\/\/www.matesfacil.com\/BAC\/limites\/infinitesimos-equivalentes\/infinitesimo-equivalente-ejemplos-limites-resueltos.html\">Infinit\u00e9simos equivalentes<\/a><\/li>\n<li><a href=\"https:\/\/www.matesfacil.com\/BAC\/emparedado\/teorema-emparedado-sandwich-demostracion-limites-series-convergente-ejemplos.html\">Teorema del emparedado<\/a><\/li>\n<li><a href=\"https:\/\/www.matesfacil.com\/BAC\/progresiones\/calculo-limites-sucesiones-definicion-distancia-terminos-menor-mayor-problemas-resueltos.html\">L\u00edmites de sucesiones<\/a><\/li>\n<li><a href=\"https:\/\/www.matesfacil.com\/BAC\/limites\/concepto\/concepto-limite-funcion-ejemplos-problemas-definicion.html\">Definiciones formales de l\u00edmites<\/a><\/li>\n<li><a href=\"https:\/\/www.matesfacil.com\/UNI\/progresiones\/criterios\/criterio-media-geometrica-raiz-sucesiones-ejemplos-demostracion-problemas-sucesiones-convergencia.html\">Criterio de la media geom\u00e9trica y de la ra\u00edz<\/a><\/li>\n<li><a href=\"https:\/\/www.matesfacil.com\/UNI\/progresiones\/criterios\/criterio-media-aritmetica-convergencia-sucesiones-ejemplos-demostracion-problemas.html\">Criterio de la media aritm\u00e9tica<\/a><\/li>\n<li><a href=\"https:\/\/www.matesfacil.com\/UNI\/progresiones\/criterios\/criterio-Stolz-cociente-convergencia-sucesiones-ejemplos-limites.html\">Criterio de Stolz del cociente<\/a><\/li>\n<\/ul>\n","protected":false},"excerpt":{"rendered":"<p>En esta p\u00e1gina explicamos en qu\u00e9 consisten las indeterminaciones que aparecen en los l\u00edmites, proporcionamos una lista de las mismas y las reglas para operar con infinitos\/ceros en las no indeterminaciones. Despu\u00e9s, resolvemos algunos l\u00edmites aplicando las reglas vistas y algunos l\u00edmites b\u00e1sicos con indeterminaciones. 1. Introducci\u00f3n Veamos un ejemplo introductorio. Supongamos que queremos calcular &hellip; <\/p>\n<p class=\"link-more\"><a href=\"https:\/\/blogs.ua.es\/matesfacil\/calculo-de-limites\/indeterminaciones\/\" class=\"more-link\">Continue reading<span class=\"screen-reader-text\"> &#8220;Indeterminaciones&#8221;<\/span><\/a><\/p>\n","protected":false},"author":4324,"featured_media":0,"parent":553,"menu_order":0,"comment_status":"closed","ping_status":"closed","template":"","meta":{"footnotes":""},"class_list":["post-579","page","type-page","status-publish","hentry"],"_links":{"self":[{"href":"https:\/\/blogs.ua.es\/matesfacil\/wp-json\/wp\/v2\/pages\/579","targetHints":{"allow":["GET"]}}],"collection":[{"href":"https:\/\/blogs.ua.es\/matesfacil\/wp-json\/wp\/v2\/pages"}],"about":[{"href":"https:\/\/blogs.ua.es\/matesfacil\/wp-json\/wp\/v2\/types\/page"}],"author":[{"embeddable":true,"href":"https:\/\/blogs.ua.es\/matesfacil\/wp-json\/wp\/v2\/users\/4324"}],"replies":[{"embeddable":true,"href":"https:\/\/blogs.ua.es\/matesfacil\/wp-json\/wp\/v2\/comments?post=579"}],"version-history":[{"count":8,"href":"https:\/\/blogs.ua.es\/matesfacil\/wp-json\/wp\/v2\/pages\/579\/revisions"}],"predecessor-version":[{"id":590,"href":"https:\/\/blogs.ua.es\/matesfacil\/wp-json\/wp\/v2\/pages\/579\/revisions\/590"}],"up":[{"embeddable":true,"href":"https:\/\/blogs.ua.es\/matesfacil\/wp-json\/wp\/v2\/pages\/553"}],"wp:attachment":[{"href":"https:\/\/blogs.ua.es\/matesfacil\/wp-json\/wp\/v2\/media?parent=579"}],"curies":[{"name":"wp","href":"https:\/\/api.w.org\/{rel}","templated":true}]}}