{"id":655,"date":"2019-06-14T16:55:46","date_gmt":"2019-06-14T15:55:46","guid":{"rendered":"https:\/\/blogs.ua.es\/matesfacil\/?page_id=655"},"modified":"2019-06-14T17:00:12","modified_gmt":"2019-06-14T16:00:12","slug":"infinito-menos-infinito","status":"publish","type":"page","link":"https:\/\/blogs.ua.es\/matesfacil\/calculo-de-limites\/infinito-menos-infinito\/","title":{"rendered":"Infinito menos infinito"},"content":{"rendered":"<p style=\"text-align: justify\">En esta p\u00e1gina proporcionamos algunos ejemplos de l\u00edmites con la forma indeterminada <em>infinito menos infinito<\/em> y algunos m\u00e9todos que podemos utilizar para evitarla. Especialmente, hablamos sobre los l\u00edmites de polinomios y de restas de ra\u00edces.<\/p>\n<h1>1. Indeterminaci\u00f3n infinito menos infinito<\/h1>\n<p>La expresi\u00f3n \u221e-\u221e\u00a0es una indeterminaci\u00f3n puesto aparece en el l\u00edmite de algunas funciones cuyo l\u00edmite es distinto. Por ejemplo,<\/p>\n<p><a href=\"https:\/\/www.matesfacil.com\/BAC\/limites\/indeterminaciones\/infinito-menos-infinito\/indeterminacion-infinito-menos-infinito-limites-resueltos-ejemplos-procedimientos.html\"><img loading=\"lazy\" decoding=\"async\" class=\"aligncenter size-medium\" src=\"https:\/\/www.matesfacil.com\/BAC\/limites\/indeterminaciones\/infinito-menos-infinito\/T0.png\" width=\"204\" height=\"78\" \/><\/a><\/p>\n<p>Las gr\u00e1ficas de estas funciones son<\/p>\n<p><a href=\"https:\/\/www.matesfacil.com\/BAC\/limites\/indeterminaciones\/infinito-menos-infinito\/indeterminacion-infinito-menos-infinito-limites-resueltos-ejemplos-procedimientos.html\"><img loading=\"lazy\" decoding=\"async\" class=\"aligncenter size-medium\" src=\"https:\/\/www.matesfacil.com\/BAC\/limites\/indeterminaciones\/infinito-menos-infinito\/G0.png\" width=\"210\" height=\"298\" \/><\/a><\/p>\n<p>Por tanto, los l\u00edmites anteriores son<\/p>\n<p><a href=\"https:\/\/www.matesfacil.com\/BAC\/limites\/indeterminaciones\/infinito-menos-infinito\/indeterminacion-infinito-menos-infinito-limites-resueltos-ejemplos-procedimientos.html\"><img loading=\"lazy\" decoding=\"async\" class=\"aligncenter size-medium\" src=\"https:\/\/www.matesfacil.com\/BAC\/limites\/indeterminaciones\/infinito-menos-infinito\/T1.png\" width=\"185\" height=\"78\" \/><\/a><\/p>\n<p>Es decir, tenemos la misma expresi\u00f3n algebraica (resta de infinitos), pero con resultados distintos.<\/p>\n<h1>2. L\u00edmite de un polinomio<\/h1>\n<p style=\"text-align: justify\">Como las potencias de infinitos son infinitos, la resta de infinitos suele aparecer en el l\u00edmite de los polinomios (cuando <em>x<\/em>\u00a0tiende a infinito).<\/p>\n<p>&nbsp;<\/p>\n<p style=\"text-align: justify\">Dado un polinomio, cuando <em>x<\/em>\u00a0toma valores grandes, los monomios que toman valores mayores (sin considerar el signo) son los que tienen mayor grado.<\/p>\n<p>Por ejemplo, consideremos la funci\u00f3n <em>f(x) = x<sup>2 <\/sup>&#8211; x<\/em>. Damos valores a <em>x<\/em>:<\/p>\n<p><a href=\"https:\/\/www.matesfacil.com\/BAC\/limites\/indeterminaciones\/infinito-menos-infinito\/T2.png\"><img loading=\"lazy\" decoding=\"async\" class=\"aligncenter size-medium\" src=\"https:\/\/www.matesfacil.com\/BAC\/limites\/indeterminaciones\/infinito-menos-infinito\/T2.png\" width=\"155\" height=\"157\" \/><\/a><\/p>\n<p style=\"text-align: justify\">La funci\u00f3n toma valores cada vez mayores porque el monomio de grado 2 crece m\u00e1s r\u00e1pido que el de grado 1. Dicho en otras palabras, el infinito del monomio de grado 2 es de orden mayor que el del monomio de grado 1.<\/p>\n<p>Podemos deducir que el l\u00edmite es infinito positivo:<\/p>\n<p><a href=\"https:\/\/www.problemasyecuaciones.com\/limites\/calculo-limites-explicados-metodos-reglas-procedimientos-indeterminaciones-grados-infinito-resueltos.html\"><img loading=\"lazy\" decoding=\"async\" class=\"aligncenter size-medium\" src=\"https:\/\/www.matesfacil.com\/BAC\/limites\/indeterminaciones\/infinito-menos-infinito\/T3.png\" width=\"173\" height=\"32\" \/><\/a><\/p>\n<p style=\"text-align: justify\">Por tanto, para calcular el l\u00edmite, tenemos que fijarnos en el orden de los infinitos. En el l\u00edmite\u00a0<strong>de un polinomio<\/strong>, la resta de infinitos es el infinito de mayor orden (el infinito que corresponde al monomio de grado mayor es el de mayor orden).<\/p>\n<p>Esto implica que, adem\u00e1s, el signo del resultado depende del coeficiente del monomio de grado mayor. Por ejemplo,<\/p>\n<p><a href=\"https:\/\/www.problemasyecuaciones.com\/limites\/calculo-limites-explicados-metodos-reglas-procedimientos-indeterminaciones-grados-infinito-resueltos.html\"><img loading=\"lazy\" decoding=\"async\" class=\"aligncenter size-medium\" src=\"https:\/\/www.matesfacil.com\/BAC\/limites\/indeterminaciones\/infinito-menos-infinito\/T4.png\" width=\"184\" height=\"84\" \/><\/a><\/p>\n<p style=\"text-align: justify\">Cuando <em>x<\/em>\u00a0tiende a infinito negativo, es un poco m\u00e1s complicado. En este caso, lo m\u00e1s sencillo es sustituir, calcular los signos (depende de la paridad de las potencias) y comparar el orden de cada infinito.<\/p>\n<p>Por ejemplo,<\/p>\n<p><a href=\"https:\/\/www.problemasyecuaciones.com\/limites\/calculo-limites-explicados-metodos-reglas-procedimientos-indeterminaciones-grados-infinito-resueltos.html\"><img loading=\"lazy\" decoding=\"async\" class=\"aligncenter size-medium\" src=\"https:\/\/www.matesfacil.com\/BAC\/limites\/indeterminaciones\/infinito-menos-infinito\/T5.png\" width=\"182\" height=\"104\" \/><\/a><\/p>\n<p>El resultado es infinito positivo porque el signo del infinito de mayor orden es positivo.<\/p>\n<h1>3. L\u00edmite de una resta de ra\u00edces<\/h1>\n<p>Otro ejemplo t\u00edpico de la indeterminaci\u00f3n \u221e-\u221e\u00a0es el de la resta de ra\u00edces. Por ejemplo,<\/p>\n<p><a href=\"https:\/\/www.problemasyecuaciones.com\/limites\/calculo-limites-explicados-metodos-reglas-procedimientos-indeterminaciones-grados-infinito-resueltos.html\"><img loading=\"lazy\" decoding=\"async\" class=\"aligncenter size-medium\" src=\"https:\/\/www.matesfacil.com\/BAC\/limites\/indeterminaciones\/infinito-menos-infinito\/T7.png\" width=\"323\" height=\"37\" \/><\/a><\/p>\n<p>En estos l\u00edmites, suele ser suficiente operar para transformar la resta de ra\u00edces en una suma. En el caso de las ra\u00edces cuadradas, multiplicamos y dividimos por la suma de ra\u00edces.<\/p>\n<p>Por ejemplo,<\/p>\n<p><a href=\"https:\/\/www.problemasyecuaciones.com\/limites\/calculo-limites-explicados-metodos-reglas-procedimientos-indeterminaciones-grados-infinito-resueltos.html\"><img loading=\"lazy\" decoding=\"async\" class=\"aligncenter size-medium\" src=\"https:\/\/www.matesfacil.com\/BAC\/limites\/indeterminaciones\/infinito-menos-infinito\/T8B.png\" width=\"392\" height=\"276\" \/><\/a><\/p>\n<p>De este modo, la indeterminaci\u00f3n desaparece:<\/p>\n<p><a href=\"https:\/\/www.problemasyecuaciones.com\/limites\/calculo-limites-explicados-metodos-reglas-procedimientos-indeterminaciones-grados-infinito-resueltos.html\"><img loading=\"lazy\" decoding=\"async\" class=\"aligncenter size-medium\" src=\"https:\/\/www.matesfacil.com\/BAC\/limites\/indeterminaciones\/infinito-menos-infinito\/T9B.png\" width=\"287\" height=\"168\" \/><\/a><\/p>\n<p>El resultado del l\u00edmite es el coeficiente principal puesto que el grado de numerador y denominador son iguales.<\/p>\n<p>Si las ra\u00edces son de otro orden, tenemos que utilizar las f\u00f3rmulas que les corresponden. Por ejemplo, para ra\u00edces c\u00fabicas,<\/p>\n<p><a href=\"https:\/\/www.problemasyecuaciones.com\/limites\/calculo-limites-explicados-metodos-reglas-procedimientos-indeterminaciones-grados-infinito-resueltos.html\"><img loading=\"lazy\" decoding=\"async\" class=\"aligncenter size-medium\" src=\"https:\/\/www.matesfacil.com\/BAC\/limites\/indeterminaciones\/infinito-menos-infinito\/T11.png\" width=\"199\" height=\"51\" \/><\/a><\/p>\n<h1>4. Otros ejemplos<\/h1>\n<h2>Ejemplo 1<\/h2>\n<p><a href=\"https:\/\/www.problemasyecuaciones.com\/limites\/calculo-limites-explicados-metodos-reglas-procedimientos-indeterminaciones-grados-infinito-resueltos.html\"><img loading=\"lazy\" decoding=\"async\" class=\"aligncenter size-medium\" src=\"https:\/\/www.matesfacil.com\/BAC\/limites\/indeterminaciones\/infinito-menos-infinito\/L5.png\" width=\"127\" height=\"46\" \/><\/a><\/p>\n<p>Soluci\u00f3n:<\/p>\n<p>Tambi\u00e9n tenemos la indeterminaci\u00f3n\u00a0<em>infinito menos infinito:<\/em><\/p>\n<p><a href=\"https:\/\/www.problemasyecuaciones.com\/limites\/calculo-limites-explicados-metodos-reglas-procedimientos-indeterminaciones-grados-infinito-resueltos.html\"><img loading=\"lazy\" decoding=\"async\" class=\"aligncenter\" src=\"https:\/\/www.matesfacil.com\/BAC\/limites\/indeterminaciones\/infinito-menos-infinito\/L5-1.png\" alt=\"\" width=\"148\" height=\"139\" \/><\/a><\/p>\n<p>Como se trata de una resta de fracciones, podemos operar para convertirla en una \u00fanica fracci\u00f3n:<\/p>\n<p><a href=\"https:\/\/www.problemasyecuaciones.com\/limites\/calculo-limites-explicados-metodos-reglas-procedimientos-indeterminaciones-grados-infinito-resueltos.html\"><img loading=\"lazy\" decoding=\"async\" class=\"aligncenter\" src=\"https:\/\/www.matesfacil.com\/BAC\/limites\/indeterminaciones\/infinito-menos-infinito\/L5-2.png\" alt=\"\" width=\"131\" height=\"168\" \/><\/a><\/p>\n<p>Por tanto,<\/p>\n<p><a href=\"https:\/\/www.problemasyecuaciones.com\/limites\/calculo-limites-explicados-metodos-reglas-procedimientos-indeterminaciones-grados-infinito-resueltos.html\"><img loading=\"lazy\" decoding=\"async\" class=\"aligncenter\" src=\"https:\/\/www.matesfacil.com\/BAC\/limites\/indeterminaciones\/infinito-menos-infinito\/L5-3.png\" alt=\"\" width=\"148\" height=\"138\" \/><\/a><\/p>\n<h2>Ejemplo 2<\/h2>\n<p style=\"text-align: center\"><a href=\"https:\/\/www.problemasyecuaciones.com\/limites\/calculo-limites-explicados-metodos-reglas-procedimientos-indeterminaciones-grados-infinito-resueltos.html\"><img loading=\"lazy\" decoding=\"async\" class=\"alignnone\" src=\"https:\/\/www.matesfacil.com\/BAC\/limites\/resueltos\/lim29.png\" alt=\"\" width=\"173\" height=\"32\" \/><\/a><\/p>\n<p>Soluci\u00f3n:<\/p>\n<p>Tenemos la indeterminaci\u00f3n <em>infinito menos infinito:<\/em><\/p>\n<p><a href=\"https:\/\/www.problemasyecuaciones.com\/limites\/calculo-limites-explicados-metodos-reglas-procedimientos-indeterminaciones-grados-infinito-resueltos.html\"><img loading=\"lazy\" decoding=\"async\" class=\"aligncenter\" src=\"https:\/\/www.matesfacil.com\/BAC\/limites\/resueltos\/lim29-1.png\" alt=\"\" width=\"253\" height=\"32\" \/><\/a><\/p>\n<p style=\"text-align: justify\">Sin embargo, una exponencial crece m\u00e1s r\u00e1pidamente que un polinomio cuando\u00a0\u00a0toma valores grandes, \u00a0independientemente de que el grado del exponente sea muy grande, as\u00ed que<\/p>\n<p><a href=\"https:\/\/www.problemasyecuaciones.com\/limites\/calculo-limites-explicados-metodos-reglas-procedimientos-indeterminaciones-grados-infinito-resueltos.html\"><img loading=\"lazy\" decoding=\"async\" class=\"aligncenter\" src=\"https:\/\/www.matesfacil.com\/BAC\/limites\/resueltos\/lim29-2.png\" alt=\"\" width=\"225\" height=\"32\" \/><\/a><\/p>\n<p>&nbsp;<\/p>\n<p><strong>M\u00e1s ejemplos y temas de l\u00edmites:<\/strong><\/p>\n<ul>\n<li><a href=\"https:\/\/www.matesfacil.com\/BAC\/limites\/ejercicios-resueltos-limites-1.html\">50 l\u00edmites resueltos<\/a><\/li>\n<li><a href=\"https:\/\/www.problemasyecuaciones.com\/limites\/calculo-limites-explicados-metodos-reglas-procedimientos-indeterminaciones-grados-infinito-resueltos.html\">L\u00edmites resueltos<\/a><\/li>\n<li><a href=\"https:\/\/www.matesfacil.com\/BAC\/limites\/laterales\/limites-laterales-ejemplos-problemas-resueltos-graficas-ejemplos.html\">L\u00edmites laterales<\/a><\/li>\n<li><a href=\"https:\/\/www.matesfacil.com\/BAC\/limites\/indeterminaciones\/introduccion\/indeterminacion-forma-indeterminada-infinito-partido-ejemplos-lhopital.html\">Indeterminaci\u00f3n (l\u00edmites de funciones)<\/a><\/li>\n<li><a href=\"https:\/\/www.matesfacil.com\/BAC\/limites\/indeterminaciones\/infinito-menos-infinito\/indeterminacion-infinito-menos-infinito-limites-resueltos-ejemplos-procedimientos.html\">Indeterminaci\u00f3n infinito menos infinito<\/a><\/li>\n<li><a href=\"https:\/\/www.matesfacil.com\/BAC\/limites\/indeterminaciones\/cero-dividido-cero\/indeterminacion-cero-dividido-cero-ejemplos-limites-resueltos-lhopital.html\">Indeterminaci\u00f3n cero partido cero<\/a><\/li>\n<li><a href=\"https:\/\/www.matesfacil.com\/BAC\/limites\/indeterminaciones\/infinito-dividido-infinito\/indeterminacion-inifinito-partido-infinito-ejemplos-limites-resueltos.html\">Indeterminaci\u00f3n infinito partido infinito<\/a><\/li>\n<li><a href=\"https:\/\/www.matesfacil.com\/BAC\/limites\/indeterminaciones\/cero-por-infinito\/indeterminacion-cero-por-infinito-ejemplos-limites-resueltos-producto-division.html\">Indeterminaci\u00f3n cero por infinito<\/a><\/li>\n<li><a href=\"https:\/\/www.matesfacil.com\/BAC\/limites\/indeterminaciones\/uno-elevado-infinito\/indeterminacion-uno-elevado-infinito-limites-resueltos-formula-ejemplos.html\">Indeterminaci\u00f3n uno elevado a infinito<\/a><\/li>\n<li><a href=\"https:\/\/www.matesfacil.com\/BAC\/limites\/indeterminaciones\/cero-elevado-cero\/indeterminacion-0-elevado-0-ejemplos-limites-resueltos-resolver-explicados.html\">Indeterminaci\u00f3n cero elevado cero<\/a><\/li>\n<li><a href=\"https:\/\/www.matesfacil.com\/BAC\/limites\/indeterminaciones\/infinito-elevado-cero\/indeterminacion-infinito-elevado-cero-ejemplos-limites-resueltos-lhopital.html\">Indeterminaci\u00f3n infinito elevado a cero<\/a><\/li>\n<li><a href=\"https:\/\/www.matesfacil.com\/demostracion-lhopital.htm\">Regla de L&#8217;H\u00f4pital<\/a><\/li>\n<li><a href=\"https:\/\/www.matesfacil.com\/BAC\/limites\/infinitesimos-equivalentes\/infinitesimo-equivalente-ejemplos-limites-resueltos.html\">Infinit\u00e9simos equivalentes<\/a><\/li>\n<li><a href=\"https:\/\/www.matesfacil.com\/BAC\/emparedado\/teorema-emparedado-sandwich-demostracion-limites-series-convergente-ejemplos.html\">Teorema del emparedado<\/a><\/li>\n<li><a href=\"https:\/\/www.matesfacil.com\/BAC\/progresiones\/calculo-limites-sucesiones-definicion-distancia-terminos-menor-mayor-problemas-resueltos.html\">L\u00edmites de sucesiones<\/a><\/li>\n<li><a href=\"https:\/\/www.matesfacil.com\/BAC\/limites\/concepto\/concepto-limite-funcion-ejemplos-problemas-definicion.html\">Definiciones formales de l\u00edmites<\/a><\/li>\n<li><a href=\"https:\/\/www.matesfacil.com\/UNI\/progresiones\/criterios\/criterio-media-geometrica-raiz-sucesiones-ejemplos-demostracion-problemas-sucesiones-convergencia.html\">Criterio de la media geom\u00e9trica y de la ra\u00edz<\/a><\/li>\n<li><a href=\"https:\/\/www.matesfacil.com\/UNI\/progresiones\/criterios\/criterio-media-aritmetica-convergencia-sucesiones-ejemplos-demostracion-problemas.html\">Criterio de la media aritm\u00e9tica<\/a><\/li>\n<li><a href=\"https:\/\/www.matesfacil.com\/UNI\/progresiones\/criterios\/criterio-Stolz-cociente-convergencia-sucesiones-ejemplos-limites.html\">Criterio de Stolz del cociente<\/a><\/li>\n<\/ul>\n","protected":false},"excerpt":{"rendered":"<p>En esta p\u00e1gina proporcionamos algunos ejemplos de l\u00edmites con la forma indeterminada infinito menos infinito y algunos m\u00e9todos que podemos utilizar para evitarla. Especialmente, hablamos sobre los l\u00edmites de polinomios y de restas de ra\u00edces. 1. Indeterminaci\u00f3n infinito menos infinito La expresi\u00f3n \u221e-\u221e\u00a0es una indeterminaci\u00f3n puesto aparece en el l\u00edmite de algunas funciones cuyo l\u00edmite &hellip; <\/p>\n<p class=\"link-more\"><a href=\"https:\/\/blogs.ua.es\/matesfacil\/calculo-de-limites\/infinito-menos-infinito\/\" class=\"more-link\">Continue reading<span class=\"screen-reader-text\"> &#8220;Infinito menos infinito&#8221;<\/span><\/a><\/p>\n","protected":false},"author":4324,"featured_media":0,"parent":553,"menu_order":0,"comment_status":"closed","ping_status":"closed","template":"","meta":{"footnotes":""},"class_list":["post-655","page","type-page","status-publish","hentry"],"_links":{"self":[{"href":"https:\/\/blogs.ua.es\/matesfacil\/wp-json\/wp\/v2\/pages\/655","targetHints":{"allow":["GET"]}}],"collection":[{"href":"https:\/\/blogs.ua.es\/matesfacil\/wp-json\/wp\/v2\/pages"}],"about":[{"href":"https:\/\/blogs.ua.es\/matesfacil\/wp-json\/wp\/v2\/types\/page"}],"author":[{"embeddable":true,"href":"https:\/\/blogs.ua.es\/matesfacil\/wp-json\/wp\/v2\/users\/4324"}],"replies":[{"embeddable":true,"href":"https:\/\/blogs.ua.es\/matesfacil\/wp-json\/wp\/v2\/comments?post=655"}],"version-history":[{"count":8,"href":"https:\/\/blogs.ua.es\/matesfacil\/wp-json\/wp\/v2\/pages\/655\/revisions"}],"predecessor-version":[{"id":663,"href":"https:\/\/blogs.ua.es\/matesfacil\/wp-json\/wp\/v2\/pages\/655\/revisions\/663"}],"up":[{"embeddable":true,"href":"https:\/\/blogs.ua.es\/matesfacil\/wp-json\/wp\/v2\/pages\/553"}],"wp:attachment":[{"href":"https:\/\/blogs.ua.es\/matesfacil\/wp-json\/wp\/v2\/media?parent=655"}],"curies":[{"name":"wp","href":"https:\/\/api.w.org\/{rel}","templated":true}]}}