{"id":665,"date":"2019-06-15T09:31:31","date_gmt":"2019-06-15T08:31:31","guid":{"rendered":"https:\/\/blogs.ua.es\/matesfacil\/?page_id=665"},"modified":"2019-06-15T09:32:57","modified_gmt":"2019-06-15T08:32:57","slug":"0-dividido-0","status":"publish","type":"page","link":"https:\/\/blogs.ua.es\/matesfacil\/calculo-de-limites\/0-dividido-0\/","title":{"rendered":"0 dividido 0"},"content":{"rendered":"<p style=\"text-align: justify\">En esta p\u00e1gina proporcionamos algunos ejemplos de l\u00edmites con la indeterminaci\u00f3n 0 dividido entre 0 y algunos m\u00e9todos para poder evitarla.<\/p>\n<h1>1. Indeterminaci\u00f3n 0\/0<\/h1>\n<p style=\"text-align: justify\">La expresi\u00f3n algebraica 0\/0 aparece frecuentemente en el c\u00e1lculo de l\u00edmites. Se trata de una indeterminaci\u00f3n puesto que aparece en el l\u00edmite de funciones distintas cuyos l\u00edmites son distintos.<\/p>\n<p>Por ejemplo,<\/p>\n<p><a href=\"https:\/\/www.problemasyecuaciones.com\/limites\/calculo-limites-explicados-metodos-reglas-procedimientos-indeterminaciones-grados-infinito-resueltos.html\"><img loading=\"lazy\" decoding=\"async\" class=\"aligncenter\" src=\"https:\/\/www.matesfacil.com\/BAC\/limites\/indeterminaciones\/cero-dividido-cero\/T0.png\" alt=\"\" width=\"137\" height=\"46\" \/><\/a><\/p>\n<p><a href=\"https:\/\/www.problemasyecuaciones.com\/limites\/calculo-limites-explicados-metodos-reglas-procedimientos-indeterminaciones-grados-infinito-resueltos.html\"><img loading=\"lazy\" decoding=\"async\" class=\"aligncenter\" src=\"https:\/\/www.matesfacil.com\/BAC\/limites\/indeterminaciones\/cero-dividido-cero\/T4.png\" alt=\"\" width=\"139\" height=\"47\" \/><\/a><\/p>\n<p>Sin embargo, el primer l\u00edmite es 1\/2 y el segundo es 1.\u00a0Este ejemplo prueba que 0\/0 es una forma indeterminada.<\/p>\n<p style=\"text-align: justify\">Obviamente, esta indeterminaci\u00f3n aparece en los l\u00edmites de cocientes y, normalmente, es f\u00e1cil de evitar reescribiendo el cociente de un modo distinto. Si esto no es posible, siempre podemos aplicar la <a href=\"https:\/\/www.matesfacil.com\/demostracion-lhopital.htm\">regla de L&#8217;H\u00f4pital<\/a> (v\u00e1lida para las indeterminaciones 0\/0 y \u221e\/\u221e).<\/p>\n<h1>2. Cocientes de polinomios<\/h1>\n<p>En los l\u00edmites cuando <em>x<\/em>\u00a0tiende a un punto finito , la indeterminaci\u00f3n 0\/0 aparece en los cocientes de polinomios para los que <em>a<\/em>\u00a0es una ra\u00edz.<\/p>\n<p>Por ejemplo, como vimos anteriormente,<\/p>\n<p><a href=\"https:\/\/www.problemasyecuaciones.com\/limites\/calculo-limites-explicados-metodos-reglas-procedimientos-indeterminaciones-grados-infinito-resueltos.html\"><img loading=\"lazy\" decoding=\"async\" class=\"aligncenter\" src=\"https:\/\/www.matesfacil.com\/BAC\/limites\/indeterminaciones\/cero-dividido-cero\/T0.png\" alt=\"\" width=\"137\" height=\"46\" \/><\/a><\/p>\n<p style=\"text-align: justify\">Solventar este problema es sencillo si escribimos los polinomios en forma factorizada (a partir de sus ra\u00edces) para simplificar el cociente:<\/p>\n<p><a href=\"https:\/\/www.matesfacil.com\/BAC\/limites\/indeterminaciones\/cero-dividido-cero\/T1.png\"><img loading=\"lazy\" decoding=\"async\" class=\"aligncenter\" src=\"https:\/\/www.matesfacil.com\/BAC\/limites\/indeterminaciones\/cero-dividido-cero\/T1.png\" alt=\"\" width=\"177\" height=\"150\" \/><\/a><\/p>\n<p>As\u00ed, la indeterminaci\u00f3n desaparece:<\/p>\n<p><a href=\"https:\/\/www.matesfacil.com\/BAC\/limites\/indeterminaciones\/cero-dividido-cero\/T2.png\"><img loading=\"lazy\" decoding=\"async\" class=\"aligncenter\" src=\"https:\/\/www.matesfacil.com\/BAC\/limites\/indeterminaciones\/cero-dividido-cero\/T2.png\" alt=\"\" width=\"147\" height=\"97\" \/><\/a><\/p>\n<h1>3. Regla de L&#8217;H\u00f4pital<\/h1>\n<p style=\"text-align: justify\">La regla de L&#8217;H\u00f4pital es un resultado de c\u00e1lculo diferencial que nos permite calcular l\u00edmites con la indeterminaci\u00f3n 0\/0 \u00f3 \u221e\/\u221e:<\/p>\n<p><a href=\"https:\/\/www.matesfacil.com\/BAC\/limites\/indeterminaciones\/cero-dividido-cero\/indeterminacion-cero-dividido-cero-ejemplos-limites-resueltos-lhopital.html\"><img loading=\"lazy\" decoding=\"async\" class=\"aligncenter\" src=\"https:\/\/www.matesfacil.com\/BAC\/limites\/indeterminaciones\/cero-dividido-cero\/T3.png\" alt=\"\" width=\"193\" height=\"53\" \/><\/a><\/p>\n<p>Por ejemplo, tenemos 0\/0 en el siguiente l\u00edmite:<\/p>\n<p><a href=\"https:\/\/www.problemasyecuaciones.com\/limites\/calculo-limites-explicados-metodos-reglas-procedimientos-indeterminaciones-grados-infinito-resueltos.html\"><img loading=\"lazy\" decoding=\"async\" class=\"aligncenter\" src=\"https:\/\/www.matesfacil.com\/BAC\/limites\/indeterminaciones\/cero-dividido-cero\/T4.png\" alt=\"\" width=\"139\" height=\"47\" \/><\/a><\/p>\n<p>Como la derivada del seno es el coseno y la derivada de <em>x<\/em>\u00a0es 1, por la regla de L&#8217;H\u00f4pital,<\/p>\n<p><a href=\"https:\/\/www.matesfacil.com\/BAC\/limites\/indeterminaciones\/cero-dividido-cero\/T5.png\"><img loading=\"lazy\" decoding=\"async\" class=\"aligncenter\" src=\"https:\/\/www.matesfacil.com\/BAC\/limites\/indeterminaciones\/cero-dividido-cero\/T5.png\" alt=\"\" width=\"201\" height=\"98\" \/><\/a><\/p>\n<h1>4. Otros ejemplos<\/h1>\n<h2>Ejemplo 1<\/h2>\n<p><a href=\"https:\/\/www.problemasyecuaciones.com\/limites\/calculo-limites-explicados-metodos-reglas-procedimientos-indeterminaciones-grados-infinito-resueltos.html\"><img loading=\"lazy\" decoding=\"async\" class=\"aligncenter\" src=\"https:\/\/www.matesfacil.com\/BAC\/limites\/indeterminaciones\/cero-dividido-cero\/P2.png\" alt=\"\" width=\"136\" height=\"47\" \/><\/a><\/p>\n<p>Soluci\u00f3n:<\/p>\n<p style=\"text-align: justify\">Como en el denominador tenemos una resta con una ra\u00edz cuadrada, multiplicamos y dividimos la fracci\u00f3n por el conjugado del denominador:<\/p>\n<p><a href=\"https:\/\/www.matesfacil.com\/BAC\/limites\/indeterminaciones\/cero-dividido-cero\/P2-1.png\"><img loading=\"lazy\" decoding=\"async\" class=\"aligncenter\" src=\"https:\/\/www.matesfacil.com\/BAC\/limites\/indeterminaciones\/cero-dividido-cero\/P2-1.png\" alt=\"\" width=\"268\" height=\"349\" \/><\/a><\/p>\n<p>Por tanto, el l\u00edmite es<\/p>\n<p><a href=\"https:\/\/www.matesfacil.com\/BAC\/limites\/indeterminaciones\/cero-dividido-cero\/P2-2.png\"><img loading=\"lazy\" decoding=\"async\" class=\"aligncenter\" src=\"https:\/\/www.matesfacil.com\/BAC\/limites\/indeterminaciones\/cero-dividido-cero\/P2-2.png\" alt=\"\" width=\"178\" height=\"121\" \/><\/a><\/p>\n<h2>Ejemplo 2<\/h2>\n<p><a href=\"https:\/\/www.problemasyecuaciones.com\/limites\/calculo-limites-explicados-metodos-reglas-procedimientos-indeterminaciones-grados-infinito-resueltos.html\"><img loading=\"lazy\" decoding=\"async\" class=\"aligncenter\" src=\"https:\/\/www.matesfacil.com\/BAC\/limites\/indeterminaciones\/cero-dividido-cero\/P8.png\" alt=\"\" width=\"95\" height=\"48\" \/><\/a><\/p>\n<p>Soluci\u00f3n:<\/p>\n<p style=\"text-align: justify\">Tenemos la indeterminaci\u00f3n 0 entre 0, pero podemos evitarla f\u00e1cilmente aplicando las <a href=\"https:\/\/www.logaritmo.info\/propiedades\/propiedades-producto-division-potencia-ejercicios-resueltos.html\">propiedades de los logaritmos<\/a>:<\/p>\n<p><a href=\"https:\/\/www.problemasyecuaciones.com\/limites\/calculo-limites-explicados-metodos-reglas-procedimientos-indeterminaciones-grados-infinito-resueltos.html\"><img loading=\"lazy\" decoding=\"async\" class=\"aligncenter\" src=\"https:\/\/www.matesfacil.com\/BAC\/limites\/indeterminaciones\/cero-dividido-cero\/P8-1.png\" alt=\"\" width=\"166\" height=\"165\" \/><\/a><\/p>\n<p>El resultado es infinito porque la funci\u00f3n tiende a <em>ln(3)\/0<\/em>. Adem\u00e1s, el infinito es positivo porque el denominador,\u00a0<em>x<sup>2<\/sup><\/em> , siempre lo es.<\/p>\n<p>&nbsp;<\/p>\n<p><strong>M\u00e1s ejemplos y temas de l\u00edmites:<\/strong><\/p>\n<ul>\n<li><a href=\"https:\/\/www.matesfacil.com\/BAC\/limites\/ejercicios-resueltos-limites-1.html\">50 l\u00edmites resueltos<\/a><\/li>\n<li><a href=\"https:\/\/www.problemasyecuaciones.com\/limites\/calculo-limites-explicados-metodos-reglas-procedimientos-indeterminaciones-grados-infinito-resueltos.html\">L\u00edmites resueltos<\/a><\/li>\n<li><a href=\"https:\/\/www.matesfacil.com\/BAC\/limites\/laterales\/limites-laterales-ejemplos-problemas-resueltos-graficas-ejemplos.html\">L\u00edmites laterales<\/a><\/li>\n<li><a href=\"https:\/\/www.matesfacil.com\/BAC\/limites\/indeterminaciones\/introduccion\/indeterminacion-forma-indeterminada-infinito-partido-ejemplos-lhopital.html\">Indeterminaci\u00f3n (l\u00edmites de funciones)<\/a><\/li>\n<li><a href=\"https:\/\/www.matesfacil.com\/BAC\/limites\/indeterminaciones\/infinito-menos-infinito\/indeterminacion-infinito-menos-infinito-limites-resueltos-ejemplos-procedimientos.html\">Indeterminaci\u00f3n infinito menos infinito<\/a><\/li>\n<li><a href=\"https:\/\/www.matesfacil.com\/BAC\/limites\/indeterminaciones\/cero-dividido-cero\/indeterminacion-cero-dividido-cero-ejemplos-limites-resueltos-lhopital.html\">Indeterminaci\u00f3n cero partido cero<\/a><\/li>\n<li><a href=\"https:\/\/www.matesfacil.com\/BAC\/limites\/indeterminaciones\/infinito-dividido-infinito\/indeterminacion-inifinito-partido-infinito-ejemplos-limites-resueltos.html\">Indeterminaci\u00f3n infinito partido infinito<\/a><\/li>\n<li><a href=\"https:\/\/www.matesfacil.com\/BAC\/limites\/indeterminaciones\/cero-por-infinito\/indeterminacion-cero-por-infinito-ejemplos-limites-resueltos-producto-division.html\">Indeterminaci\u00f3n cero por infinito<\/a><\/li>\n<li><a href=\"https:\/\/www.matesfacil.com\/BAC\/limites\/indeterminaciones\/uno-elevado-infinito\/indeterminacion-uno-elevado-infinito-limites-resueltos-formula-ejemplos.html\">Indeterminaci\u00f3n uno elevado a infinito<\/a><\/li>\n<li><a href=\"https:\/\/www.matesfacil.com\/BAC\/limites\/indeterminaciones\/cero-elevado-cero\/indeterminacion-0-elevado-0-ejemplos-limites-resueltos-resolver-explicados.html\">Indeterminaci\u00f3n cero elevado cero<\/a><\/li>\n<li><a href=\"https:\/\/www.matesfacil.com\/BAC\/limites\/indeterminaciones\/infinito-elevado-cero\/indeterminacion-infinito-elevado-cero-ejemplos-limites-resueltos-lhopital.html\">Indeterminaci\u00f3n infinito elevado a cero<\/a><\/li>\n<li><a href=\"https:\/\/www.matesfacil.com\/demostracion-lhopital.htm\">Regla de L&#8217;H\u00f4pital<\/a><\/li>\n<li><a href=\"https:\/\/www.matesfacil.com\/BAC\/limites\/infinitesimos-equivalentes\/infinitesimo-equivalente-ejemplos-limites-resueltos.html\">Infinit\u00e9simos equivalentes<\/a><\/li>\n<li><a href=\"https:\/\/www.matesfacil.com\/BAC\/emparedado\/teorema-emparedado-sandwich-demostracion-limites-series-convergente-ejemplos.html\">Teorema del emparedado<\/a><\/li>\n<li><a href=\"https:\/\/www.matesfacil.com\/BAC\/progresiones\/calculo-limites-sucesiones-definicion-distancia-terminos-menor-mayor-problemas-resueltos.html\">L\u00edmites de sucesiones<\/a><\/li>\n<li><a href=\"https:\/\/www.matesfacil.com\/BAC\/limites\/concepto\/concepto-limite-funcion-ejemplos-problemas-definicion.html\">Definiciones formales de l\u00edmites<\/a><\/li>\n<li><a href=\"https:\/\/www.matesfacil.com\/UNI\/progresiones\/criterios\/criterio-media-geometrica-raiz-sucesiones-ejemplos-demostracion-problemas-sucesiones-convergencia.html\">Criterio de la media geom\u00e9trica y de la ra\u00edz<\/a><\/li>\n<li><a href=\"https:\/\/www.matesfacil.com\/UNI\/progresiones\/criterios\/criterio-media-aritmetica-convergencia-sucesiones-ejemplos-demostracion-problemas.html\">Criterio de la media aritm\u00e9tica<\/a><\/li>\n<li><a href=\"https:\/\/www.matesfacil.com\/UNI\/progresiones\/criterios\/criterio-Stolz-cociente-convergencia-sucesiones-ejemplos-limites.html\">Criterio de Stolz del cociente<\/a><\/li>\n<\/ul>\n","protected":false},"excerpt":{"rendered":"<p>En esta p\u00e1gina proporcionamos algunos ejemplos de l\u00edmites con la indeterminaci\u00f3n 0 dividido entre 0 y algunos m\u00e9todos para poder evitarla. 1. Indeterminaci\u00f3n 0\/0 La expresi\u00f3n algebraica 0\/0 aparece frecuentemente en el c\u00e1lculo de l\u00edmites. Se trata de una indeterminaci\u00f3n puesto que aparece en el l\u00edmite de funciones distintas cuyos l\u00edmites son distintos. Por ejemplo, &hellip; <\/p>\n<p class=\"link-more\"><a href=\"https:\/\/blogs.ua.es\/matesfacil\/calculo-de-limites\/0-dividido-0\/\" class=\"more-link\">Continue reading<span class=\"screen-reader-text\"> &#8220;0 dividido 0&#8221;<\/span><\/a><\/p>\n","protected":false},"author":4324,"featured_media":0,"parent":553,"menu_order":0,"comment_status":"closed","ping_status":"closed","template":"","meta":{"footnotes":""},"class_list":["post-665","page","type-page","status-publish","hentry"],"_links":{"self":[{"href":"https:\/\/blogs.ua.es\/matesfacil\/wp-json\/wp\/v2\/pages\/665","targetHints":{"allow":["GET"]}}],"collection":[{"href":"https:\/\/blogs.ua.es\/matesfacil\/wp-json\/wp\/v2\/pages"}],"about":[{"href":"https:\/\/blogs.ua.es\/matesfacil\/wp-json\/wp\/v2\/types\/page"}],"author":[{"embeddable":true,"href":"https:\/\/blogs.ua.es\/matesfacil\/wp-json\/wp\/v2\/users\/4324"}],"replies":[{"embeddable":true,"href":"https:\/\/blogs.ua.es\/matesfacil\/wp-json\/wp\/v2\/comments?post=665"}],"version-history":[{"count":6,"href":"https:\/\/blogs.ua.es\/matesfacil\/wp-json\/wp\/v2\/pages\/665\/revisions"}],"predecessor-version":[{"id":672,"href":"https:\/\/blogs.ua.es\/matesfacil\/wp-json\/wp\/v2\/pages\/665\/revisions\/672"}],"up":[{"embeddable":true,"href":"https:\/\/blogs.ua.es\/matesfacil\/wp-json\/wp\/v2\/pages\/553"}],"wp:attachment":[{"href":"https:\/\/blogs.ua.es\/matesfacil\/wp-json\/wp\/v2\/media?parent=665"}],"curies":[{"name":"wp","href":"https:\/\/api.w.org\/{rel}","templated":true}]}}