{"id":804,"date":"2019-07-16T11:27:20","date_gmt":"2019-07-16T10:27:20","guid":{"rendered":"https:\/\/blogs.ua.es\/matesfacil\/?page_id=804"},"modified":"2019-07-16T11:28:41","modified_gmt":"2019-07-16T10:28:41","slug":"subsucesiones","status":"publish","type":"page","link":"https:\/\/blogs.ua.es\/matesfacil\/progresiones-o-sucesiones\/subsucesiones\/","title":{"rendered":"Subsucesiones"},"content":{"rendered":"<h1>1. Definici\u00f3n<\/h1>\n<p style=\"text-align: justify\">De forma no rigurosa, una <b>subsucesi\u00f3n<\/b> de la sucesi\u00f3n a(n)\u00a0es una sucesi\u00f3n que est\u00e1 dentro de la sucesi\u00f3n\u00a0a(n).<\/p>\n<p style=\"text-align: justify\"><b> Ejemplo:<\/b> La sucesi\u00f3n de los n\u00fameros pares es\u00a0a(n)=2n. Una subsucesi\u00f3n de\u00a0a(n)\u00a0es la sucesi\u00f3n de las potencias de dos: b(n) = 2<sup>n<\/sup>.<\/p>\n<p>Los primeros t\u00e9rminos de a(n) son<\/p>\n<p><a href=\"https:\/\/www.matesfacil.com\/BAC\/progresiones\/subsucesion-sucesion-parcial-convergente-propiedades-ejemplos-limites-problemas-resueltos.html\" target=\"_blank\" rel=\"noopener noreferrer\"><img loading=\"lazy\" decoding=\"async\" class=\"aligncenter\" src=\"https:\/\/www.matesfacil.com\/BAC\/progresiones\/subsucesiones\/T2b.png\" alt=\"\" width=\"154\" height=\"149\" \/><\/a><\/p>\n<p>En rojo hemos indicado las potencias de 2, que son los t\u00e9rminos de la subsucesi\u00f3n\u00a0b(n).<\/p>\n<p>Los primeros t\u00e9rminos de b(n) son<\/p>\n<p>b(1) = 2 = a(1)<\/p>\n<p>b(2) = 2<sup>2<\/sup> = 4 = a(2)<\/p>\n<p>b(3) = 2<sup>3<\/sup> = 8 = a(4)<\/p>\n<p>b(4) = 2<sup>4<\/sup> = 16 = a(8)<\/p>\n<p>b(5) = 2<sup>5<\/sup> = 32 = a(16)<\/p>\n<p>&#8230;<\/p>\n<p>b(n) = 2<sup>n<\/sup> = a(2<sup>n-1<\/sup>)<\/p>\n<p style=\"text-align: justify\"><b> Nota:<\/b> las subsucesiones de a(n) deben estar compuestas por infinitos t\u00e9rminos de a(n). Por ejemplo, la sucesi\u00f3n constante c(n) = 2 = a(1) no es una subsucesi\u00f3n de a(n) porque s\u00f3lo est\u00e1 formada por un t\u00e9rmino de a(n).<\/p>\n<h1>2. Propiedades<\/h1>\n<ul class=\"bbcode-list\">\n<li>Sea\u00a0a(n)\u00a0una sucesi\u00f3n convergente a\u00a0L\u2260\u221e, entonces todas sus subsucesiones\u00a0convergen a\u00a0L.<\/li>\n<li>Sea\u00a0a(n)\u00a0una sucesi\u00f3n acotada, entonces todas sus subsucesiones\u00a0son acotadas.<\/li>\n<li>Si una sucesi\u00f3n\u00a0a(n)\u00a0tiene dos subsucesiones que convergen a l\u00edmites distintos, entonces la sucesi\u00f3n\u00a0a(n)\u00a0no converge.<\/li>\n<li><b>Teorema de Bolzano-Weierstrass:<\/b><b>\u00a0<\/b>Sea\u00a0a(n)\u00a0una sucesi\u00f3n acotada, entonces tiene alguna subsucesi\u00f3n\u00a0convergente.<\/li>\n<\/ul>\n<h1>3. Ejemplos<\/h1>\n<section class=\"row element-layout\">\n<div class=\"col s12\">\n<div class=\"text-element bbcode-adjustments element\" role=\"paragraph\"><span class=\"Linkify bbcode-adjustments\"><b>Problema 1: <\/b>Sea la sucesi\u00f3n alternada\u00a0dada por<\/span><\/div>\n<div role=\"paragraph\"><\/div>\n<div class=\"text-element bbcode-adjustments element\" role=\"paragraph\"><span class=\"Linkify bbcode-adjustments\"> <a href=\"http:\/\/www.problemasyecuaciones.com\/progresiones\/progresion-aritmetica-geometrica-sucesion-diferencia-razon-termino-general-problemas-resueltos.html\"><img loading=\"lazy\" decoding=\"async\" class=\"aligncenter\" src=\"https:\/\/www.matesfacil.com\/BAC\/progresiones\/subsucesiones\/P3.png\" alt=\"\" width=\"109\" height=\"23\" \/><\/a><\/span><\/div>\n<div role=\"paragraph\"><\/div>\n<div class=\"text-element bbcode-adjustments element\" role=\"paragraph\"><span class=\"Linkify bbcode-adjustments\"> Demostrar que no converge a partir de sus subsucesiones.<\/span><\/div>\n<div role=\"paragraph\"><\/div>\n<div role=\"paragraph\"><\/div>\n<div class=\"text-element bbcode-adjustments element\" role=\"paragraph\"><span class=\"Linkify bbcode-adjustments\"><b>Soluci\u00f3n:<\/b><\/span><\/div>\n<div role=\"paragraph\"><\/div>\n<div class=\"text-element bbcode-adjustments element\" role=\"paragraph\"><span class=\"Linkify bbcode-adjustments\">La sucesi\u00f3n es alternada y sus primeros t\u00e9rminos son<\/span><\/div>\n<div class=\"text-element bbcode-adjustments element\" role=\"paragraph\"><span class=\"Linkify bbcode-adjustments\"> <b> <a href=\"https:\/\/www.matesfacil.com\/BAC\/progresiones\/subsucesion-sucesion-parcial-convergente-propiedades-ejemplos-limites-problemas-resueltos.html\" target=\"_blank\" rel=\"noopener noreferrer\"><img loading=\"lazy\" decoding=\"async\" class=\"aligncenter\" src=\"https:\/\/www.matesfacil.com\/BAC\/progresiones\/subsucesiones\/P3-1.png\" alt=\"\" width=\"79\" height=\"143\" \/><\/a><\/b><\/span><\/div>\n<div class=\"text-element bbcode-adjustments element\" role=\"paragraph\"><span class=\"Linkify bbcode-adjustments\"><b> <\/b>Sean las subsucesiones<\/span><\/div>\n<div class=\"text-element bbcode-adjustments element\" role=\"paragraph\"><span class=\"Linkify bbcode-adjustments\"> <b> <a href=\"https:\/\/www.matesfacil.com\/BAC\/progresiones\/subsucesion-sucesion-parcial-convergente-propiedades-ejemplos-limites-problemas-resueltos.html\" target=\"_blank\" rel=\"noopener noreferrer\"><img loading=\"lazy\" decoding=\"async\" class=\"aligncenter\" src=\"https:\/\/www.matesfacil.com\/BAC\/progresiones\/subsucesiones\/P3-2.png\" alt=\"\" width=\"94\" height=\"56\" \/><\/a><\/b><\/span><\/div>\n<div class=\"text-element bbcode-adjustments element\" role=\"paragraph\"><span class=\"Linkify bbcode-adjustments\"><b> <\/b>Son sucesiones convergentes porque son constantes, pero sus l\u00edmites son distintos. Por tanto,\u00a0a(n)\u00a0no converge.<\/span><\/div>\n<div role=\"paragraph\"><\/div>\n<div role=\"paragraph\"><\/div>\n<\/div>\n<\/section>\n<section class=\"row element-layout\">\n<div class=\"col s12\">\n<div class=\"text-element bbcode-adjustments element\" role=\"paragraph\"><span class=\"Linkify bbcode-adjustments\"><b>Problema 2: <\/b><\/span><span style=\"font-size: 1rem\">Sea la sucesi\u00f3n alternada dada por<\/span><\/div>\n<div role=\"paragraph\"><\/div>\n<div class=\"text-element bbcode-adjustments element\" role=\"paragraph\"><span class=\"Linkify bbcode-adjustments\"><a href=\"https:\/\/www.matesfacil.com\/BAC\/progresiones\/subsucesion-sucesion-parcial-convergente-propiedades-ejemplos-limites-problemas-resueltos.html\" target=\"_blank\" rel=\"noopener noreferrer\"><img loading=\"lazy\" decoding=\"async\" class=\"aligncenter\" src=\"https:\/\/www.matesfacil.com\/BAC\/progresiones\/subsucesiones\/P4.png\" alt=\"\" width=\"185\" height=\"48\" \/><\/a><\/span><\/div>\n<div role=\"paragraph\"><\/div>\n<div class=\"text-element bbcode-adjustments element\" role=\"paragraph\">\n<p><span class=\"Linkify bbcode-adjustments\"> Calcular el l\u00edmite de las siguientes subsucesiones de\u00a0a(n):<\/span><\/p>\n<ul class=\"bbcode-list\">\n<li>x(n) = a(2n)<\/li>\n<li>y(n) = a(2n+1)<\/li>\n<li>z(n) = a(n^2)<\/li>\n<\/ul>\n<p>&nbsp;<\/p>\n<p><span class=\"Linkify bbcode-adjustments\"><b>Soluci\u00f3n:<\/b><\/span><\/p>\n<p>&nbsp;<\/p>\n<\/div>\n<div role=\"paragraph\"><\/div>\n<div class=\"text-element bbcode-adjustments element\" role=\"paragraph\"><span class=\"Linkify bbcode-adjustments\">La sucesi\u00f3n\u00a0a(n)\u00a0es alternada, pero es convergente a 0 ya que la fracci\u00f3n tiende a 0:<\/span><\/div>\n<div role=\"paragraph\"><\/div>\n<div class=\"text-element bbcode-adjustments element\" role=\"paragraph\"><span class=\"Linkify bbcode-adjustments\"><a href=\"https:\/\/www.matesfacil.com\/BAC\/progresiones\/subsucesion-sucesion-parcial-convergente-propiedades-ejemplos-limites-problemas-resueltos.html\" target=\"_blank\" rel=\"noopener noreferrer\"><img loading=\"lazy\" decoding=\"async\" class=\"aligncenter\" src=\"https:\/\/www.matesfacil.com\/BAC\/progresiones\/subsucesiones\/P4-1.png\" alt=\"\" width=\"146\" height=\"47\" \/><\/a><\/span><\/div>\n<div role=\"paragraph\"><\/div>\n<div class=\"text-element bbcode-adjustments element\" style=\"text-align: justify\" role=\"paragraph\"><span class=\"Linkify bbcode-adjustments\"> Los t\u00e9rminos de\u00a0a(n)\u00a0van cambiando de signo, pero aproxim\u00e1ndose a 0. Como consecuencia de la convergencia de a(n), todas las subsucesiones de\u00a0a(n)\u00a0convergen tambi\u00e9n a 0.<\/span><\/div>\n<div role=\"paragraph\"><\/div>\n<\/div>\n<\/section>\n<div role=\"paragraph\"><\/div>\n<div role=\"paragraph\"><b>M\u00e1s problemas:<\/b> <a href=\"https:\/\/www.geogebra.org\/m\/sJNvYz6S#\" target=\"_blank\" rel=\"noopener noreferrer\">Subsucesiones: concepto, propiedades y problemas resueltos<\/a><\/div>\n<div role=\"paragraph\"><\/div>\n<div role=\"paragraph\">\n<p>Otros recursos de sucesiones:<\/p>\n<ul class=\"bbcode-list\">\n<li><a href=\"https:\/\/www.matesfacil.com\/ESO\/progresiones\/test1\/test-online-preguntas-sucesion-progresion-arimetica-geometrica-basico.html\" target=\"_blank\" rel=\"noopener noreferrer\">Test b\u00e1sico<\/a><\/li>\n<li><a href=\"https:\/\/www.matesfacil.com\/ESO\/progresiones\/convergente-divergente-oscilante-alternada-acotada-limite-creciente-decreciente-monotona-problemas-resueltos.html\" target=\"_blank\" rel=\"noopener noreferrer\">Tipos de sucesiones <\/a><\/li>\n<li><a href=\"https:\/\/www.matesfacil.com\/ESO\/progresiones\/sucesion-aritmetica-formulas-ejemplos-problemas-resueltos.html\" target=\"_blank\" rel=\"noopener noreferrer\">Progresiones aritm\u00e9ticas<\/a><\/li>\n<li><a href=\"https:\/\/www.matesfacil.com\/ESO\/progresiones\/sucesion-geometrica-formulas-ejemplos-problemas-resueltos.html\" target=\"_blank\" rel=\"noopener noreferrer\">Progresiones geom\u00e9tricas<\/a><\/li>\n<li><a href=\"https:\/\/www.matesfacil.com\/ESO\/progresiones\/ejercicios-resueltos-sucesiones.html\" target=\"_blank\" rel=\"noopener noreferrer\">Problemas de progresiones aritm\u00e9ticas y geom\u00e9tricas<\/a><\/li>\n<li><a href=\"https:\/\/www.matesfacil.com\/ESO\/progresiones\/sucesion-Fibonacci-formulas-problemas-resueltos-suma-espiral-triangulo-Pascal.html\" target=\"_blank\" rel=\"noopener noreferrer\">Sucesi\u00f3n de Fibonacci<\/a><\/li>\n<li><a href=\"https:\/\/www.matesfacil.com\/ESO\/progresiones\/aritmeticas\/calculadoras\/calculadoras-online-sucesiones-aritmeticas-termino-general-diferencia-suma.html\" target=\"_blank\" rel=\"noopener noreferrer\">Calculadoras de progresiones aritm\u00e9ticas<\/a><\/li>\n<li><a href=\"https:\/\/www.matesfacil.com\/ESO\/progresiones\/geometricas\/calculadoras\/calculadoras-online-sucesiones-geometricas-termino-general-razon-suma.html\" target=\"_blank\" rel=\"noopener noreferrer\">Calculadoras de progresiones geom\u00e9tricas<\/a><\/li>\n<li><a href=\"https:\/\/www.matesfacil.com\/BAC\/progresiones\/operaciones-sucesiones-suma-diferencia-producto-cociente-limite-problemas-resueltos.html\" target=\"_blank\" rel=\"noopener noreferrer\">Operaciones entre sucesiones<\/a><\/li>\n<li><a href=\"https:\/\/www.matesfacil.com\/BAC\/progresiones\/calculo-limites-sucesiones-definicion-distancia-terminos-menor-mayor-problemas-resueltos.html\" target=\"_blank\" rel=\"noopener noreferrer\">L\u00edmites de sucesiones<\/a><\/li>\n<li><a href=\"https:\/\/www.matesfacil.com\/BAC\/progresiones\/subsucesion-sucesion-parcial-convergente-propiedades-ejemplos-limites-problemas-resueltos.html\" target=\"_blank\" rel=\"noopener noreferrer\">Subsucesiones<\/a><\/li>\n<li><a href=\"http:\/\/www.problemasyecuaciones.com\/progresiones\/progresion-aritmetica-geometrica-sucesion-diferencia-razon-termino-general-problemas-resueltos.html\" target=\"_blank\" rel=\"noopener noreferrer\">Introducci\u00f3n a las sucesiones (PyE)<\/a><\/li>\n<\/ul>\n<\/div>\n<p>&nbsp;<\/p>\n","protected":false},"excerpt":{"rendered":"<p>1. Definici\u00f3n De forma no rigurosa, una subsucesi\u00f3n de la sucesi\u00f3n a(n)\u00a0es una sucesi\u00f3n que est\u00e1 dentro de la sucesi\u00f3n\u00a0a(n). Ejemplo: La sucesi\u00f3n de los n\u00fameros pares es\u00a0a(n)=2n. Una subsucesi\u00f3n de\u00a0a(n)\u00a0es la sucesi\u00f3n de las potencias de dos: b(n) = 2n. Los primeros t\u00e9rminos de a(n) son En rojo hemos indicado las potencias de 2, &hellip; <\/p>\n<p class=\"link-more\"><a href=\"https:\/\/blogs.ua.es\/matesfacil\/progresiones-o-sucesiones\/subsucesiones\/\" class=\"more-link\">Continue reading<span class=\"screen-reader-text\"> &#8220;Subsucesiones&#8221;<\/span><\/a><\/p>\n","protected":false},"author":4324,"featured_media":0,"parent":251,"menu_order":0,"comment_status":"closed","ping_status":"closed","template":"","meta":{"footnotes":""},"class_list":["post-804","page","type-page","status-publish","hentry"],"_links":{"self":[{"href":"https:\/\/blogs.ua.es\/matesfacil\/wp-json\/wp\/v2\/pages\/804","targetHints":{"allow":["GET"]}}],"collection":[{"href":"https:\/\/blogs.ua.es\/matesfacil\/wp-json\/wp\/v2\/pages"}],"about":[{"href":"https:\/\/blogs.ua.es\/matesfacil\/wp-json\/wp\/v2\/types\/page"}],"author":[{"embeddable":true,"href":"https:\/\/blogs.ua.es\/matesfacil\/wp-json\/wp\/v2\/users\/4324"}],"replies":[{"embeddable":true,"href":"https:\/\/blogs.ua.es\/matesfacil\/wp-json\/wp\/v2\/comments?post=804"}],"version-history":[{"count":6,"href":"https:\/\/blogs.ua.es\/matesfacil\/wp-json\/wp\/v2\/pages\/804\/revisions"}],"predecessor-version":[{"id":810,"href":"https:\/\/blogs.ua.es\/matesfacil\/wp-json\/wp\/v2\/pages\/804\/revisions\/810"}],"up":[{"embeddable":true,"href":"https:\/\/blogs.ua.es\/matesfacil\/wp-json\/wp\/v2\/pages\/251"}],"wp:attachment":[{"href":"https:\/\/blogs.ua.es\/matesfacil\/wp-json\/wp\/v2\/media?parent=804"}],"curies":[{"name":"wp","href":"https:\/\/api.w.org\/{rel}","templated":true}]}}