{"id":824,"date":"2019-07-16T11:52:31","date_gmt":"2019-07-16T10:52:31","guid":{"rendered":"https:\/\/blogs.ua.es\/matesfacil\/?page_id=824"},"modified":"2019-07-16T11:53:31","modified_gmt":"2019-07-16T10:53:31","slug":"sucesiones-acotadas","status":"publish","type":"page","link":"https:\/\/blogs.ua.es\/matesfacil\/progresiones-o-sucesiones\/sucesiones-acotadas\/","title":{"rendered":"Sucesiones acotadas"},"content":{"rendered":"<section class=\"row element-layout\">\n<div class=\"col s12\">\n<h2 class=\"element-title\">Conceptos<\/h2>\n<div class=\"text-element bbcode-adjustments element\" role=\"paragraph\"><span class=\"Linkify bbcode-adjustments\">Una sucesi\u00f3n\u00a0<i>a(n)<\/i> es\u00a0<b>acotada superiormente<\/b>\u00a0cuando ninguno de sus t\u00e9rminos es mayor que alg\u00fan n\u00famero\u00a0<i>K<\/i>:<\/span><\/div>\n<div role=\"paragraph\"><\/div>\n<div role=\"paragraph\"><\/div>\n<div class=\"text-element bbcode-adjustments element\" role=\"paragraph\"><span class=\"Linkify bbcode-adjustments\"> <img loading=\"lazy\" decoding=\"async\" class=\"aligncenter\" src=\"https:\/\/www.matesfacil.com\/ESO\/progresiones\/tipos\/T14.png\" alt=\"\" width=\"155\" height=\"20\" \/><\/span><\/div>\n<div role=\"paragraph\"><\/div>\n<div class=\"text-element bbcode-adjustments element\" role=\"paragraph\"><span class=\"Linkify bbcode-adjustments\"> Una sucesi\u00f3n\u00a0<i>a(n)<\/i>\u00a0es\u00a0<b>acotada inferiormente<\/b>\u00a0cuando ninguno de sus t\u00e9rminos es menor que alg\u00fan n\u00famero\u00a0<i>K<\/i>:<\/span><\/div>\n<div role=\"paragraph\"><\/div>\n<div class=\"text-element bbcode-adjustments element\" role=\"paragraph\"><span class=\"Linkify bbcode-adjustments\"> <img decoding=\"async\" class=\"aligncenter\" src=\"https:\/\/www.matesfacil.com\/ESO\/progresiones\/tipos\/T15.png\" \/><\/span><\/div>\n<div role=\"paragraph\"><\/div>\n<div class=\"text-element bbcode-adjustments element\" role=\"paragraph\"><span class=\"Linkify bbcode-adjustments\"> Una sucesi\u00f3n\u00a0<i>a(n)<\/i>\u00a0es\u00a0<b>acotada<\/b>\u00a0cuando es acotada superior e inferiormente:<\/span><\/div>\n<div role=\"paragraph\"><\/div>\n<div class=\"text-element bbcode-adjustments element\" role=\"paragraph\"><span class=\"Linkify bbcode-adjustments\"><img decoding=\"async\" class=\"aligncenter\" src=\"https:\/\/www.matesfacil.com\/ESO\/progresiones\/tipos\/T16.png\" \/><\/span><\/div>\n<div role=\"paragraph\"><\/div>\n<\/div>\n<\/section>\n<section class=\"row element-layout\">\n<div class=\"col s12\">\n<h1 class=\"element-title\"><strong>Ejemplos<\/strong><\/h1>\n<div class=\"text-element bbcode-adjustments element\" role=\"paragraph\"><span class=\"Linkify bbcode-adjustments\"><b>Ejemplo 1:<\/b> La sucesi\u00f3n a(n) = 1 + 3\/n es acotada inferiormente por 1 y superiormente por a(1)=4:<\/span><\/div>\n<div role=\"paragraph\"><\/div>\n<div class=\"text-element bbcode-adjustments element\" role=\"paragraph\"><span class=\"Linkify bbcode-adjustments\"> <a href=\"https:\/\/www.matesfacil.com\/ESO\/progresiones\/convergente-divergente-oscilante-alternada-acotada-limite-creciente-decreciente-monotona-problemas-resueltos.html\" target=\"_blank\" rel=\"noopener noreferrer\"><img decoding=\"async\" class=\"aligncenter\" src=\"https:\/\/www.matesfacil.com\/ESO\/progresiones\/tipos\/P1A.png\" \/><\/a><\/span><\/div>\n<div role=\"paragraph\"><\/div>\n<div class=\"text-element bbcode-adjustments element\" role=\"paragraph\"><span class=\"Linkify bbcode-adjustments\"> <b>Ejemplo 2:<\/b> La sucesi\u00f3n a(n) =n^2 es acotada inferiormente por a(1)=1, pero no es acotada superiormente:<\/span><\/div>\n<div role=\"paragraph\"><\/div>\n<div class=\"text-element bbcode-adjustments element\" role=\"paragraph\"><span class=\"Linkify bbcode-adjustments\"><a href=\"https:\/\/www.matesfacil.com\/ESO\/progresiones\/convergente-divergente-oscilante-alternada-acotada-limite-creciente-decreciente-monotona-problemas-resueltos.html\" target=\"_blank\" rel=\"noopener noreferrer\"><img decoding=\"async\" class=\"aligncenter\" src=\"https:\/\/www.matesfacil.com\/ESO\/progresiones\/tipos\/G2.png\" \/><\/a><\/span><\/div>\n<div role=\"paragraph\"><\/div>\n<div class=\"text-element bbcode-adjustments element\" role=\"paragraph\"><span class=\"Linkify bbcode-adjustments\"> <b>Ejemplo 3:<\/b> La sucesi\u00f3n a(n) =-2^n es acotada superiormente por -1\/2, pero no es acotada inferiormente:<\/span><\/div>\n<div role=\"paragraph\"><\/div>\n<div class=\"text-element bbcode-adjustments element\" role=\"paragraph\"><span class=\"Linkify bbcode-adjustments\"><a href=\"https:\/\/www.matesfacil.com\/ESO\/progresiones\/convergente-divergente-oscilante-alternada-acotada-limite-creciente-decreciente-monotona-problemas-resueltos.html\" target=\"_blank\" rel=\"noopener noreferrer\"><img decoding=\"async\" class=\"aligncenter\" src=\"https:\/\/www.matesfacil.com\/BAC\/progresiones\/limites\/G3A.png\" \/><\/a><\/span><\/div>\n<div role=\"paragraph\"><\/div>\n<div class=\"text-element bbcode-adjustments element\" role=\"paragraph\"><\/div>\n<div class=\"text-element bbcode-adjustments element\" role=\"paragraph\"><span class=\"Linkify bbcode-adjustments\"><b>Ejemplo 4:<\/b> La sucesi\u00f3n constante a(n) = 1 es acotada:<\/span><\/div>\n<div role=\"paragraph\"><\/div>\n<div class=\"text-element bbcode-adjustments element\" role=\"paragraph\"><span class=\"Linkify bbcode-adjustments\"><a href=\"https:\/\/www.matesfacil.com\/ESO\/progresiones\/convergente-divergente-oscilante-alternada-acotada-limite-creciente-decreciente-monotona-problemas-resueltos.html\" target=\"_blank\" rel=\"noopener noreferrer\"><img decoding=\"async\" class=\"aligncenter\" src=\"https:\/\/www.matesfacil.com\/BAC\/progresiones\/limites\/G3B.png\" \/><\/a><\/span><\/div>\n<div role=\"paragraph\"><\/div>\n<div class=\"text-element bbcode-adjustments element\" role=\"paragraph\"><span class=\"Linkify bbcode-adjustments\"> <b>Ejemplo 5:<\/b> La sucesi\u00f3n a(n) = (-1)^n\/n es acotada (-1\u2264 a(n) \u2264 1\/2):<\/span><\/div>\n<div role=\"paragraph\"><\/div>\n<div class=\"text-element bbcode-adjustments element\" role=\"paragraph\"><span class=\"Linkify bbcode-adjustments\"><a href=\"https:\/\/www.matesfacil.com\/ESO\/progresiones\/convergente-divergente-oscilante-alternada-acotada-limite-creciente-decreciente-monotona-problemas-resueltos.html\" target=\"_blank\" rel=\"noopener noreferrer\"><img decoding=\"async\" class=\"aligncenter\" src=\"https:\/\/www.matesfacil.com\/ESO\/progresiones\/tipos\/P1D.png\" \/><\/a> <\/span><\/div>\n<div role=\"paragraph\"><\/div>\n<\/div>\n<\/section>\n<section class=\"row element-layout\">\n<div class=\"col s12\">\n<div class=\"text-element bbcode-adjustments element\" role=\"paragraph\">\n<p><span class=\"Linkify bbcode-adjustments\"><b>Recursos de progresiones o sucesiones: <\/b><\/span><b> <\/b><\/p>\n<ul class=\"bbcode-list\">\n<li><a href=\"https:\/\/www.matesfacil.com\/ESO\/progresiones\/test1\/test-online-preguntas-sucesion-progresion-arimetica-geometrica-basico.html\" target=\"_blank\" rel=\"noopener noreferrer\">Test b\u00e1sico<\/a><\/li>\n<li><a href=\"https:\/\/www.matesfacil.com\/ESO\/progresiones\/convergente-divergente-oscilante-alternada-acotada-limite-creciente-decreciente-monotona-problemas-resueltos.html\" target=\"_blank\" rel=\"noopener noreferrer\">Tipos de sucesiones <\/a><\/li>\n<li><a href=\"https:\/\/www.matesfacil.com\/ESO\/progresiones\/sucesion-aritmetica-formulas-ejemplos-problemas-resueltos.html\" target=\"_blank\" rel=\"noopener noreferrer\">Progresiones aritm\u00e9ticas<\/a><\/li>\n<li><a href=\"https:\/\/www.matesfacil.com\/ESO\/progresiones\/sucesion-geometrica-formulas-ejemplos-problemas-resueltos.html\" target=\"_blank\" rel=\"noopener noreferrer\">Progresiones geom\u00e9tricas<\/a><\/li>\n<li><a href=\"https:\/\/www.matesfacil.com\/ESO\/progresiones\/ejercicios-resueltos-sucesiones.html\" target=\"_blank\" rel=\"noopener noreferrer\">Problemas de progresiones aritm\u00e9ticas y geom\u00e9tricas<\/a><\/li>\n<li><a href=\"https:\/\/www.matesfacil.com\/ESO\/progresiones\/sucesion-Fibonacci-formulas-problemas-resueltos-suma-espiral-triangulo-Pascal.html\" target=\"_blank\" rel=\"noopener noreferrer\">Sucesi\u00f3n de Fibonacci<\/a><\/li>\n<li><a href=\"https:\/\/www.matesfacil.com\/ESO\/progresiones\/aritmeticas\/calculadoras\/calculadoras-online-sucesiones-aritmeticas-termino-general-diferencia-suma.html\" target=\"_blank\" rel=\"noopener noreferrer\">Calculadoras de progresiones aritm\u00e9ticas<\/a><\/li>\n<li><a href=\"https:\/\/www.matesfacil.com\/ESO\/progresiones\/geometricas\/calculadoras\/calculadoras-online-sucesiones-geometricas-termino-general-razon-suma.html\" target=\"_blank\" rel=\"noopener noreferrer\">Calculadoras de progresiones geom\u00e9tricas<\/a><\/li>\n<li><a href=\"https:\/\/www.matesfacil.com\/BAC\/progresiones\/operaciones-sucesiones-suma-diferencia-producto-cociente-limite-problemas-resueltos.html\" target=\"_blank\" rel=\"noopener noreferrer\">Operaciones entre sucesiones<\/a><\/li>\n<li><a href=\"https:\/\/www.matesfacil.com\/BAC\/progresiones\/calculo-limites-sucesiones-definicion-distancia-terminos-menor-mayor-problemas-resueltos.html\" target=\"_blank\" rel=\"noopener noreferrer\">L\u00edmites de sucesiones<\/a><\/li>\n<li><a href=\"https:\/\/www.matesfacil.com\/BAC\/progresiones\/subsucesion-sucesion-parcial-convergente-propiedades-ejemplos-limites-problemas-resueltos.html\" target=\"_blank\" rel=\"noopener noreferrer\">Subsucesiones<\/a><\/li>\n<li><a href=\"http:\/\/www.problemasyecuaciones.com\/progresiones\/progresion-aritmetica-geometrica-sucesion-diferencia-razon-termino-general-problemas-resueltos.html\" target=\"_blank\" rel=\"noopener noreferrer\">Introducci\u00f3n a las sucesiones (PyE)<\/a><b> <\/b><\/li>\n<\/ul>\n<\/div>\n<\/div>\n<\/section>\n","protected":false},"excerpt":{"rendered":"<p>Conceptos Una sucesi\u00f3n\u00a0a(n) es\u00a0acotada superiormente\u00a0cuando ninguno de sus t\u00e9rminos es mayor que alg\u00fan n\u00famero\u00a0K: Una sucesi\u00f3n\u00a0a(n)\u00a0es\u00a0acotada inferiormente\u00a0cuando ninguno de sus t\u00e9rminos es menor que alg\u00fan n\u00famero\u00a0K: Una sucesi\u00f3n\u00a0a(n)\u00a0es\u00a0acotada\u00a0cuando es acotada superior e inferiormente: Ejemplos Ejemplo 1: La sucesi\u00f3n a(n) = 1 + 3\/n es acotada inferiormente por 1 y superiormente por a(1)=4: Ejemplo 2: La &hellip; <\/p>\n<p class=\"link-more\"><a href=\"https:\/\/blogs.ua.es\/matesfacil\/progresiones-o-sucesiones\/sucesiones-acotadas\/\" class=\"more-link\">Continue reading<span class=\"screen-reader-text\"> &#8220;Sucesiones acotadas&#8221;<\/span><\/a><\/p>\n","protected":false},"author":4324,"featured_media":0,"parent":251,"menu_order":0,"comment_status":"closed","ping_status":"closed","template":"","meta":{"footnotes":""},"class_list":["post-824","page","type-page","status-publish","hentry"],"_links":{"self":[{"href":"https:\/\/blogs.ua.es\/matesfacil\/wp-json\/wp\/v2\/pages\/824","targetHints":{"allow":["GET"]}}],"collection":[{"href":"https:\/\/blogs.ua.es\/matesfacil\/wp-json\/wp\/v2\/pages"}],"about":[{"href":"https:\/\/blogs.ua.es\/matesfacil\/wp-json\/wp\/v2\/types\/page"}],"author":[{"embeddable":true,"href":"https:\/\/blogs.ua.es\/matesfacil\/wp-json\/wp\/v2\/users\/4324"}],"replies":[{"embeddable":true,"href":"https:\/\/blogs.ua.es\/matesfacil\/wp-json\/wp\/v2\/comments?post=824"}],"version-history":[{"count":5,"href":"https:\/\/blogs.ua.es\/matesfacil\/wp-json\/wp\/v2\/pages\/824\/revisions"}],"predecessor-version":[{"id":829,"href":"https:\/\/blogs.ua.es\/matesfacil\/wp-json\/wp\/v2\/pages\/824\/revisions\/829"}],"up":[{"embeddable":true,"href":"https:\/\/blogs.ua.es\/matesfacil\/wp-json\/wp\/v2\/pages\/251"}],"wp:attachment":[{"href":"https:\/\/blogs.ua.es\/matesfacil\/wp-json\/wp\/v2\/media?parent=824"}],"curies":[{"name":"wp","href":"https:\/\/api.w.org\/{rel}","templated":true}]}}