{"id":849,"date":"2019-07-16T12:11:32","date_gmt":"2019-07-16T11:11:32","guid":{"rendered":"https:\/\/blogs.ua.es\/matesfacil\/?page_id=849"},"modified":"2019-07-16T12:11:32","modified_gmt":"2019-07-16T11:11:32","slug":"sucesion-convergente","status":"publish","type":"page","link":"https:\/\/blogs.ua.es\/matesfacil\/progresiones-o-sucesiones\/sucesion-convergente\/","title":{"rendered":"Sucesi\u00f3n convergente"},"content":{"rendered":"<section class=\"row element-layout\">\n<div class=\"col s12\">\n<div class=\"text-element bbcode-adjustments element\" style=\"text-align: justify\" role=\"paragraph\"><span class=\"Linkify bbcode-adjustments\">Una sucesi\u00f3n\u00a0<i>a(n)<\/i>\u00a0es\u00a0<b>convergente<\/b>\u00a0cuando tiene l\u00edmite\u00a0<b>finito<\/b>. El l\u00edmite\u00a0<i>L<\/i>\u00a0de una sucesi\u00f3n <i>a(n)<\/i> es el n\u00famero al que la sucesi\u00f3n se aproxima cada vez m\u00e1s. Se dice que la sucesi\u00f3n\u00a0<i>a(n)<\/i>\u00a0converge a su l\u00edmite<i>\u00a0L<\/i>\u00a0y se expresa por<\/span><\/div>\n<div role=\"paragraph\"><\/div>\n<div class=\"text-element bbcode-adjustments element\" role=\"paragraph\"><span class=\"Linkify bbcode-adjustments\"><img loading=\"lazy\" decoding=\"async\" class=\"aligncenter\" src=\"https:\/\/www.matesfacil.com\/ESO\/progresiones\/tipos\/T1.png\" alt=\"\" width=\"179\" height=\"33\" \/><\/span><\/div>\n<div role=\"paragraph\"><\/div>\n<div class=\"text-element bbcode-adjustments element\" role=\"paragraph\"><span class=\"Linkify bbcode-adjustments\"> O bien, por\u00a0<i>a(n)\u2192L<\/i>.<\/span><\/div>\n<div role=\"paragraph\"><\/div>\n<div class=\"text-element bbcode-adjustments element\" role=\"paragraph\"><span class=\"Linkify bbcode-adjustments\"><b>Ejemplo 1: <\/b>La sucesi\u00f3n\u00a0a(n)=1\/n\u00a0es convergente a 0. Sus primeros t\u00e9rminos <\/span><span class=\"Linkify bbcode-adjustments\">son<\/span><\/div>\n<div role=\"paragraph\"><\/div>\n<div class=\"text-element bbcode-adjustments element\" role=\"paragraph\"><span class=\"Linkify bbcode-adjustments\"><b> <img loading=\"lazy\" decoding=\"async\" class=\"aligncenter\" src=\"https:\/\/www.matesfacil.com\/ESO\/progresiones\/tipos\/T2.png\" alt=\"\" width=\"109\" height=\"169\" \/><\/b><\/span><\/div>\n<div class=\"text-element bbcode-adjustments element\" role=\"paragraph\"><span class=\"Linkify bbcode-adjustments\"><b> <\/b>Cada t\u00e9rmino de la sucesi\u00f3n es menor que el anterior y cada vez se aproxima m\u00e1s a 0. El l\u00edmite de la sucesi\u00f3n es\u00a0L=0. Representaci\u00f3n de la sucesi\u00f3n (n\u226450):<\/span><\/div>\n<div role=\"paragraph\"><\/div>\n<div class=\"text-element bbcode-adjustments element\" role=\"paragraph\"><span class=\"Linkify bbcode-adjustments\"> <b> <a href=\"https:\/\/www.matesfacil.com\/BAC\/progresiones\/calculo-limites-sucesiones-definicion-distancia-terminos-menor-mayor-problemas-resueltos.html\" target=\"_blank\" rel=\"noopener noreferrer\"><img loading=\"lazy\" decoding=\"async\" class=\"aligncenter\" src=\"https:\/\/www.matesfacil.com\/ESO\/progresiones\/tipos\/G1.png\" alt=\"\" width=\"238\" height=\"197\" \/><\/a> <\/b><\/span><\/div>\n<div role=\"paragraph\"><\/div>\n<div class=\"text-element bbcode-adjustments element\" style=\"text-align: justify\" role=\"paragraph\"><span class=\"Linkify bbcode-adjustments\"><b>Importante: <\/b>El l\u00edmite de una sucesi\u00f3n es\u00a0\u00fanico. Es decir, si una sucesi\u00f3n converge, converge a un \u00fanico punto. Si no existe el l\u00edmite de la sucesi\u00f3n <i>a(n)<\/i> \u00f3 es infinito, se dice que la sucesi\u00f3n <b>no converge<\/b>. Nosotros diremos que la sucesi\u00f3n es <b>divergente<\/b>, aunque algunos reservan este nombre \u00fanicamente para las sucesiones que tienden a infinito. <\/span><\/div>\n<div role=\"paragraph\"><\/div>\n<div class=\"text-element bbcode-adjustments element\" role=\"paragraph\"><span class=\"Linkify bbcode-adjustments\"><b>Ejemplo 2:<\/b>\u00a0La sucesi\u00f3n\u00a0a(n)=n^2\u00a0es divergente. Sus primeros t\u00e9rminos son<\/span><\/div>\n<div role=\"paragraph\"><\/div>\n<div class=\"text-element bbcode-adjustments element\" role=\"paragraph\"><span class=\"Linkify bbcode-adjustments\"><img decoding=\"async\" class=\"aligncenter\" src=\"https:\/\/www.matesfacil.com\/ESO\/progresiones\/tipos\/T6b.png\" \/><\/span><\/div>\n<div class=\"text-element bbcode-adjustments element\" role=\"paragraph\"><span class=\"Linkify bbcode-adjustments\"> Representaci\u00f3n de la sucesi\u00f3n (n\u226450):<\/span><\/div>\n<div class=\"text-element bbcode-adjustments element\" role=\"paragraph\"><span class=\"Linkify bbcode-adjustments\"> <a href=\"https:\/\/www.matesfacil.com\/BAC\/progresiones\/calculo-limites-sucesiones-definicion-distancia-terminos-menor-mayor-problemas-resueltos.html\" target=\"_blank\" rel=\"noopener noreferrer\"><img decoding=\"async\" class=\"aligncenter\" src=\"https:\/\/www.matesfacil.com\/ESO\/progresiones\/tipos\/G2.png\" \/><\/a><\/span><\/div>\n<div class=\"text-element bbcode-adjustments element\" role=\"paragraph\"><span class=\"Linkify bbcode-adjustments\"> Se observa que la sucesi\u00f3n crece indefinidamente y no tiende a ning\u00fan valor finito.<\/span><\/div>\n<div role=\"paragraph\"><\/div>\n<\/div>\n<\/section>\n<section class=\"row element-layout\">\n<div class=\"col s12\">\n<h2 class=\"element-title\">Problemas propuestos<\/h2>\n<div class=\"text-element bbcode-adjustments element\" role=\"paragraph\"><span class=\"Linkify bbcode-adjustments\"><b>Problema 1: <\/b>A partir de las representaciones, determinar si las sucesiones son convergentes o no: <\/span><\/div>\n<div class=\"text-element bbcode-adjustments element\" role=\"paragraph\"><span class=\"Linkify bbcode-adjustments\">Sucesi\u00f3n 1<\/span><span class=\"Linkify bbcode-adjustments\">:<\/span><\/div>\n<div role=\"paragraph\"><\/div>\n<div role=\"paragraph\"><\/div>\n<div class=\"text-element bbcode-adjustments element\" role=\"paragraph\"><span class=\"Linkify bbcode-adjustments\"> <a href=\"https:\/\/www.matesfacil.com\/BAC\/progresiones\/calculo-limites-sucesiones-definicion-distancia-terminos-menor-mayor-problemas-resueltos.html\" target=\"_blank\" rel=\"noopener noreferrer\"><img decoding=\"async\" class=\"aligncenter\" src=\"https:\/\/www.matesfacil.com\/ESO\/progresiones\/tipos\/P1A.png\" \/><\/a> <\/span><\/div>\n<div role=\"paragraph\"><\/div>\n<div class=\"text-element bbcode-adjustments element\" role=\"paragraph\"><span class=\"Linkify bbcode-adjustments\">Sucesi\u00f3n 2:<\/span><\/div>\n<div role=\"paragraph\"><\/div>\n<div class=\"text-element bbcode-adjustments element\" role=\"paragraph\"><span class=\"Linkify bbcode-adjustments\"><a href=\"https:\/\/www.matesfacil.com\/BAC\/progresiones\/calculo-limites-sucesiones-definicion-distancia-terminos-menor-mayor-problemas-resueltos.html\" target=\"_blank\" rel=\"noopener noreferrer\"><img decoding=\"async\" class=\"aligncenter\" src=\"https:\/\/www.matesfacil.com\/ESO\/progresiones\/tipos\/P1B.png\" \/><\/a><\/span><\/div>\n<div role=\"paragraph\"><\/div>\n<div class=\"text-element bbcode-adjustments element\" role=\"paragraph\"><span class=\"Linkify bbcode-adjustments\"> Sucesi\u00f3n 3:<\/span><\/div>\n<div role=\"paragraph\"><\/div>\n<div class=\"text-element bbcode-adjustments element\" role=\"paragraph\"><span class=\"Linkify bbcode-adjustments\"><a href=\"https:\/\/www.matesfacil.com\/BAC\/progresiones\/calculo-limites-sucesiones-definicion-distancia-terminos-menor-mayor-problemas-resueltos.html\" target=\"_blank\" rel=\"noopener noreferrer\"><img decoding=\"async\" class=\"aligncenter\" src=\"https:\/\/www.matesfacil.com\/ESO\/progresiones\/tipos\/P1C.png\" \/><\/a><\/span><\/div>\n<div role=\"paragraph\"><\/div>\n<div class=\"text-element bbcode-adjustments element\" role=\"paragraph\"><span class=\"Linkify bbcode-adjustments\"> Sucesi\u00f3n 4:<\/span><\/div>\n<div role=\"paragraph\"><\/div>\n<div class=\"text-element bbcode-adjustments element\" role=\"paragraph\"><span class=\"Linkify bbcode-adjustments\"><a href=\"https:\/\/www.matesfacil.com\/BAC\/progresiones\/calculo-limites-sucesiones-definicion-distancia-terminos-menor-mayor-problemas-resueltos.html\" target=\"_blank\" rel=\"noopener noreferrer\"><img decoding=\"async\" class=\"aligncenter\" src=\"https:\/\/www.matesfacil.com\/ESO\/progresiones\/tipos\/P1D.png\" \/><\/a><\/span><\/div>\n<div role=\"paragraph\"><\/div>\n<div class=\"text-element bbcode-adjustments element\" role=\"paragraph\"><span class=\"Linkify bbcode-adjustments\"> <b>Problema 2: <\/b>\u00bfUna sucesi\u00f3n constante puede ser divergente?<\/span><\/div>\n<div role=\"paragraph\"><\/div>\n<div class=\"text-element bbcode-adjustments element\" role=\"paragraph\"><span class=\"Linkify bbcode-adjustments\"> <b>Problema 3: <\/b>Una sucesi\u00f3n convergente se aproxima a su l\u00edmite, \u00bfpuede alcanzarlo?<\/span><\/div>\n<div role=\"paragraph\"><\/div>\n<div class=\"text-element bbcode-adjustments element\" role=\"paragraph\"><span class=\"Linkify bbcode-adjustments\"><b>Problema 4: <\/b>Sea la sucesi\u00f3n<\/span><\/div>\n<div role=\"paragraph\"><\/div>\n<div class=\"text-element bbcode-adjustments element\" role=\"paragraph\"><span class=\"Linkify bbcode-adjustments\"> <img decoding=\"async\" class=\"aligncenter\" src=\"https:\/\/www.matesfacil.com\/ESO\/progresiones\/tipos\/P7.png\" \/><\/span><\/div>\n<div role=\"paragraph\"><\/div>\n<div class=\"text-element bbcode-adjustments element\" role=\"paragraph\"><span class=\"Linkify bbcode-adjustments\"> Calcular los 5 primeros t\u00e9rminos para deducir cu\u00e1l es su l\u00edmite\u00a0L\u00a0y calcular la distancia entre dichos t\u00e9rminos y\u00a0L. <\/span><\/div>\n<div role=\"paragraph\"><\/div>\n<div class=\"text-element bbcode-adjustments element\" role=\"paragraph\"><span class=\"Linkify bbcode-adjustments\"><b>Problema 5: <\/b>\u00bfUna sucesi\u00f3n alternada puede tener l\u00edmite? <\/span><\/div>\n<div role=\"paragraph\"><\/div>\n<div role=\"paragraph\"><\/div>\n<div class=\"text-element bbcode-adjustments element\" role=\"paragraph\"><span class=\"Linkify bbcode-adjustments\">Enlace a las <b>soluciones de los problemas<\/b>: <a href=\"https:\/\/www.matesfacil.com\/ESO\/progresiones\/convergente-divergente-oscilante-alternada-acotada-limite-creciente-decreciente-monotona-problemas-resueltos.html\" target=\"_blank\" rel=\"noopener noreferrer\">Tipos de sucesiones: convergencia, monoton\u00eda, sucesiones alternadas, sucesiones oscilantes y sucesiones acotadas<\/a>. <\/span><\/div>\n<div role=\"paragraph\"><\/div>\n<div role=\"paragraph\"><\/div>\n<div class=\"text-element bbcode-adjustments element\" role=\"paragraph\"><span class=\"Linkify bbcode-adjustments\">Recursos de sucesiones:<\/span><\/div>\n<div role=\"paragraph\"><\/div>\n<div class=\"text-element bbcode-adjustments element\" role=\"paragraph\">\n<ul class=\"bbcode-list\">\n<li><a href=\"https:\/\/www.matesfacil.com\/ESO\/progresiones\/test1\/test-online-preguntas-sucesion-progresion-arimetica-geometrica-basico.html\" target=\"_blank\" rel=\"noopener noreferrer\">Test b\u00e1sico<\/a><\/li>\n<li><a href=\"https:\/\/www.matesfacil.com\/ESO\/progresiones\/convergente-divergente-oscilante-alternada-acotada-limite-creciente-decreciente-monotona-problemas-resueltos.html\" target=\"_blank\" rel=\"noopener noreferrer\">Tipos de sucesiones <\/a><\/li>\n<li><a href=\"https:\/\/www.matesfacil.com\/ESO\/progresiones\/sucesion-aritmetica-formulas-ejemplos-problemas-resueltos.html\" target=\"_blank\" rel=\"noopener noreferrer\">Progresiones aritm\u00e9ticas<\/a><\/li>\n<li><a href=\"https:\/\/www.matesfacil.com\/ESO\/progresiones\/sucesion-geometrica-formulas-ejemplos-problemas-resueltos.html\" target=\"_blank\" rel=\"noopener noreferrer\">Progresiones geom\u00e9tricas<\/a><\/li>\n<li><a href=\"https:\/\/www.matesfacil.com\/ESO\/progresiones\/ejercicios-resueltos-sucesiones.html\" target=\"_blank\" rel=\"noopener noreferrer\">Problemas de progresiones aritm\u00e9ticas y geom\u00e9tricas<\/a><\/li>\n<li><a href=\"https:\/\/www.matesfacil.com\/ESO\/progresiones\/sucesion-Fibonacci-formulas-problemas-resueltos-suma-espiral-triangulo-Pascal.html\" target=\"_blank\" rel=\"noopener noreferrer\">Sucesi\u00f3n de Fibonacci<\/a><\/li>\n<li><a href=\"https:\/\/www.matesfacil.com\/ESO\/progresiones\/aritmeticas\/calculadoras\/calculadoras-online-sucesiones-aritmeticas-termino-general-diferencia-suma.html\" target=\"_blank\" rel=\"noopener noreferrer\">Calculadoras de progresiones aritm\u00e9ticas<\/a><\/li>\n<li><a href=\"https:\/\/www.matesfacil.com\/ESO\/progresiones\/geometricas\/calculadoras\/calculadoras-online-sucesiones-geometricas-termino-general-razon-suma.html\" target=\"_blank\" rel=\"noopener noreferrer\">Calculadoras de progresiones geom\u00e9tricas<\/a><\/li>\n<li><a href=\"https:\/\/www.matesfacil.com\/BAC\/progresiones\/operaciones-sucesiones-suma-diferencia-producto-cociente-limite-problemas-resueltos.html\" target=\"_blank\" rel=\"noopener noreferrer\">Operaciones entre sucesiones<\/a><\/li>\n<li><a href=\"https:\/\/www.matesfacil.com\/BAC\/progresiones\/calculo-limites-sucesiones-definicion-distancia-terminos-menor-mayor-problemas-resueltos.html\" target=\"_blank\" rel=\"noopener noreferrer\">L\u00edmites de sucesiones<\/a><\/li>\n<li><a href=\"https:\/\/www.matesfacil.com\/BAC\/progresiones\/subsucesion-sucesion-parcial-convergente-propiedades-ejemplos-limites-problemas-resueltos.html\" target=\"_blank\" rel=\"noopener noreferrer\">Subsucesiones<\/a><\/li>\n<li><a href=\"http:\/\/www.problemasyecuaciones.com\/progresiones\/progresion-aritmetica-geometrica-sucesion-diferencia-razon-termino-general-problemas-resueltos.html\" target=\"_blank\" rel=\"noopener noreferrer\">Introducci\u00f3n a las sucesiones (PyE)<\/a><\/li>\n<\/ul>\n<\/div>\n<\/div>\n<\/section>\n","protected":false},"excerpt":{"rendered":"<p>Una sucesi\u00f3n\u00a0a(n)\u00a0es\u00a0convergente\u00a0cuando tiene l\u00edmite\u00a0finito. El l\u00edmite\u00a0L\u00a0de una sucesi\u00f3n a(n) es el n\u00famero al que la sucesi\u00f3n se aproxima cada vez m\u00e1s. Se dice que la sucesi\u00f3n\u00a0a(n)\u00a0converge a su l\u00edmite\u00a0L\u00a0y se expresa por O bien, por\u00a0a(n)\u2192L. Ejemplo 1: La sucesi\u00f3n\u00a0a(n)=1\/n\u00a0es convergente a 0. Sus primeros t\u00e9rminos son Cada t\u00e9rmino de la sucesi\u00f3n es menor que el &hellip; <\/p>\n<p class=\"link-more\"><a href=\"https:\/\/blogs.ua.es\/matesfacil\/progresiones-o-sucesiones\/sucesion-convergente\/\" class=\"more-link\">Continue reading<span class=\"screen-reader-text\"> &#8220;Sucesi\u00f3n convergente&#8221;<\/span><\/a><\/p>\n","protected":false},"author":4324,"featured_media":0,"parent":251,"menu_order":0,"comment_status":"closed","ping_status":"closed","template":"","meta":{"footnotes":""},"class_list":["post-849","page","type-page","status-publish","hentry"],"_links":{"self":[{"href":"https:\/\/blogs.ua.es\/matesfacil\/wp-json\/wp\/v2\/pages\/849","targetHints":{"allow":["GET"]}}],"collection":[{"href":"https:\/\/blogs.ua.es\/matesfacil\/wp-json\/wp\/v2\/pages"}],"about":[{"href":"https:\/\/blogs.ua.es\/matesfacil\/wp-json\/wp\/v2\/types\/page"}],"author":[{"embeddable":true,"href":"https:\/\/blogs.ua.es\/matesfacil\/wp-json\/wp\/v2\/users\/4324"}],"replies":[{"embeddable":true,"href":"https:\/\/blogs.ua.es\/matesfacil\/wp-json\/wp\/v2\/comments?post=849"}],"version-history":[{"count":2,"href":"https:\/\/blogs.ua.es\/matesfacil\/wp-json\/wp\/v2\/pages\/849\/revisions"}],"predecessor-version":[{"id":851,"href":"https:\/\/blogs.ua.es\/matesfacil\/wp-json\/wp\/v2\/pages\/849\/revisions\/851"}],"up":[{"embeddable":true,"href":"https:\/\/blogs.ua.es\/matesfacil\/wp-json\/wp\/v2\/pages\/251"}],"wp:attachment":[{"href":"https:\/\/blogs.ua.es\/matesfacil\/wp-json\/wp\/v2\/media?parent=849"}],"curies":[{"name":"wp","href":"https:\/\/api.w.org\/{rel}","templated":true}]}}