{"id":868,"date":"2019-09-19T18:33:53","date_gmt":"2019-09-19T17:33:53","guid":{"rendered":"https:\/\/blogs.ua.es\/matesfacil\/?page_id=868"},"modified":"2021-09-07T10:27:31","modified_gmt":"2021-09-07T09:27:31","slug":"calcular-porcentajes","status":"publish","type":"page","link":"https:\/\/blogs.ua.es\/matesfacil\/secundaria-numeros-operaciones\/calcular-porcentajes\/","title":{"rendered":"Calcular porcentajes"},"content":{"rendered":"<p style=\"text-align: justify\">El porcentaje es una forma de referirse a una proporci\u00f3n tomando como referencia al n\u00famero 100.\u00a0El porcentaje n% significa &#8220;n de cada 100&#8221;.<\/p>\n<p>Por ejemplo,<\/p>\n<ul>\n<li>El 50% es la mitad del total (50 de cada 100).<\/li>\n<li>El 25% es la cuarta parte del total (25 de cada 100).<\/li>\n<li>El 20% es la quinta parte del total (20 de cada 100).<\/li>\n<\/ul>\n<h1>Regla de tres<\/h1>\n<p style=\"text-align: justify\">Cuanto mayor es una proporci\u00f3n, mayor es el porcentaje que supone. Esto significa que el porcentaje es directamente proporcional a la proporci\u00f3n. Por esta raz\u00f3n, podemos calcular el porcentaje aplicando una regla de tres simple.<\/p>\n<h3>Ejemplo:<\/h3>\n<p style=\"text-align: justify\">En una clase de 80 alumnos, 12 son rubios. Calculamos el porcentaje de alumnos rubios aplicando una regla de tres (con ayuda de una tabla):<\/p>\n<p><a href=\"https:\/\/www.calcularporcentajeonline.com\/\"><img decoding=\"async\" title=\"tabla y regla de tres para calcular el tanto por ciento: x=15%\" src=\"https:\/\/www.calcularporcentajeonline.com\/teoria\/T5.png\" alt=\"Explicamos qu\u00e9 son los porcentajes, c\u00f3mo calcularlos y proporcionamos algunos ejemplos. Ejemplo. Porcentajes. Tanto por ciento. Matem\u00e1ticas. \" align=\"center\" \/><\/a><\/p>\n<p><strong>Problemas resueltos<\/strong> de porcentajes:<\/p>\n<ul>\n<li><a href=\"https:\/\/www.calcularporcentajeonline.com\/problemas\/faciles\/problemas-resueltos-calcular-porcentajes-ejemplos-explicados-solucion-regla-tres.html\">Calcular porcentajes<\/a><\/li>\n<li><a href=\"https:\/\/www.calcularporcentajeonline.com\/problemas\/aumentos\/problemas-resueltos-porcentajes-aumentos-ejemplos-incremento-precio-calcular.html\">Porcentajes de aumento<\/a><\/li>\n<li><a href=\"https:\/\/www.calcularporcentajeonline.com\/problemas\/rebajas\/problemas-resueltos-calcular-porcentajes-descuentos-rebajas-ejemplos.html\">Porcentajes de descuento<\/a><\/li>\n<li><a href=\"https:\/\/www.calcularporcentajeonline.com\/problemas\/aumentos-descuentos\/problemas-resueltos-calcular-porcentajes-aumentos-descuentos-rebajas-precio-ejemplos.html\">Porcentajes de descuentos y aumentos<\/a><\/li>\n<li><a href=\"https:\/\/www.calcularporcentajeonline.com\/problemas\/mayores\/problemas-resueltos-porcentajes-mayores-100-ejemplos-calcular.html\">Porcentajes mayores que 100%<\/a><\/li>\n<li><a href=\"https:\/\/www.calcularporcentajeonline.com\/problemas\/error\/problemas-resueltos-porcentaje-diferencia-error-ejemplos-calcular.html\">Porcentaje de diferencia<\/a><\/li>\n<li><a href=\"https:\/\/www.calcularporcentajeonline.com\/problemas\/decimal\/multiplicar-decimal-ejemplos-problemas.html\">Calcular porcentajes multiplicando por un decimal<\/a><\/li>\n<li><a href=\"https:\/\/www.calcularporcentajeonline.com\/problemas\/multiples\/problemas-resueltos-calcular-porcentajes-ejemplos-multiplicar-fraccion-decimal.html\">Porcentajes de porcentajes<\/a><\/li>\n<li><a href=\"https:\/\/www.calcularporcentajeonline.com\/problemas\/variados\/problemas-resueltos-variados-porcentajes-aumento-rebaja-crecimiento.html\">Problemas variados de porcentajes<\/a><\/li>\n<li><a href=\"https:\/\/www.calcularporcentajeonline.com\/problemas\/fraccion\/porcentajes-fracciones-conversion-numerador-denominador-ejemplos-problemas-resueltos.html\">Conversi\u00f3n entre porcentajes y fracciones<\/a><\/li>\n<li><a href=\"https:\/\/www.matesfacil.com\/ESO\/porcentajes\/problemas-resueltos-porcentajes-regla-tres-aumento-descuento.html\">Problemas variados de porcentajes<\/a> (1)<\/li>\n<li><a href=\"https:\/\/www.problemasyecuaciones.com\/porcentajes\/calcular-porcentajes-problemas-resueltos-aumentos-descuentos-precio-final-regla-ejemplos.html\">Problemas variados de porcentajes<\/a> (2)<\/li>\n<\/ul>\n<p><strong>Calculadoras online <\/strong>de porcentajes:<\/p>\n<ul>\n<li><a href=\"https:\/\/matesfacil.com\/calculadoras\/calculadora-online-porcentaje-tanto-por-ciento-calcular-ejemplos.html\">Calculadora de porcentajes<\/a> (1)<\/li>\n<li><a href=\"https:\/\/www.problemasyecuaciones.com\/calculadoras\/porcentajes\/calcular-porcentaje-online-ejemplos.html\">Calculadora de porcentajes<\/a> (2)<\/li>\n<li><a href=\"https:\/\/www.calcularporcentajeonline.com\/\">Calculadoras de porcentajes<\/a> (3)<\/li>\n<\/ul>\n","protected":false},"excerpt":{"rendered":"<p>El porcentaje es una forma de referirse a una proporci\u00f3n tomando como referencia al n\u00famero 100.\u00a0El porcentaje n% significa &#8220;n de cada 100&#8221;. Por ejemplo, El 50% es la mitad del total (50 de cada 100). El 25% es la cuarta parte del total (25 de cada 100). El 20% es la quinta parte del &hellip; <\/p>\n<p class=\"link-more\"><a href=\"https:\/\/blogs.ua.es\/matesfacil\/secundaria-numeros-operaciones\/calcular-porcentajes\/\" class=\"more-link\">Continue reading<span class=\"screen-reader-text\"> &#8220;Calcular porcentajes&#8221;<\/span><\/a><\/p>\n","protected":false},"author":4324,"featured_media":0,"parent":163,"menu_order":0,"comment_status":"closed","ping_status":"closed","template":"","meta":{"footnotes":""},"class_list":["post-868","page","type-page","status-publish","hentry"],"_links":{"self":[{"href":"https:\/\/blogs.ua.es\/matesfacil\/wp-json\/wp\/v2\/pages\/868","targetHints":{"allow":["GET"]}}],"collection":[{"href":"https:\/\/blogs.ua.es\/matesfacil\/wp-json\/wp\/v2\/pages"}],"about":[{"href":"https:\/\/blogs.ua.es\/matesfacil\/wp-json\/wp\/v2\/types\/page"}],"author":[{"embeddable":true,"href":"https:\/\/blogs.ua.es\/matesfacil\/wp-json\/wp\/v2\/users\/4324"}],"replies":[{"embeddable":true,"href":"https:\/\/blogs.ua.es\/matesfacil\/wp-json\/wp\/v2\/comments?post=868"}],"version-history":[{"count":5,"href":"https:\/\/blogs.ua.es\/matesfacil\/wp-json\/wp\/v2\/pages\/868\/revisions"}],"predecessor-version":[{"id":1158,"href":"https:\/\/blogs.ua.es\/matesfacil\/wp-json\/wp\/v2\/pages\/868\/revisions\/1158"}],"up":[{"embeddable":true,"href":"https:\/\/blogs.ua.es\/matesfacil\/wp-json\/wp\/v2\/pages\/163"}],"wp:attachment":[{"href":"https:\/\/blogs.ua.es\/matesfacil\/wp-json\/wp\/v2\/media?parent=868"}],"curies":[{"name":"wp","href":"https:\/\/api.w.org\/{rel}","templated":true}]}}