{"id":874,"date":"2019-09-19T18:42:41","date_gmt":"2019-09-19T17:42:41","guid":{"rendered":"https:\/\/blogs.ua.es\/matesfacil\/?page_id=874"},"modified":"2021-09-07T10:28:01","modified_gmt":"2021-09-07T09:28:01","slug":"porcentaje-de-aumento","status":"publish","type":"page","link":"https:\/\/blogs.ua.es\/matesfacil\/secundaria-numeros-operaciones\/calcular-porcentajes\/porcentaje-de-aumento\/","title":{"rendered":"Porcentaje de aumento"},"content":{"rendered":"<p>Los porcentajes se utilizan con frecuencia para indicar que una cantidad aumenta o crece.<\/p>\n<h2>Ejemplo<\/h2>\n<p>La temperatura media anual en una determinada localidad es de 20\u00b0C. Si la media aumenta un 2%, \u00bfcu\u00e1ntos grados aumentar\u00eda la temperatura media?<\/p>\n<p>Los 20 grados son el 100%.<\/p>\n<p>Calculamos el 2%:<\/p>\n<p><a href=\"https:\/\/www.calcularporcentajeonline.com\/\"><img loading=\"lazy\" decoding=\"async\" class=\"alignnone\" title=\"calculamos el 2% de 20: x = 20\u00b72\/100 = 0.4\" src=\"https:\/\/www.calcularporcentajeonline.com\/problemas\/aumentos\/P4-1.png\" alt=\"Problemas resueltos explicados de porcentajes de aumentos e incrementos. Aplicamos reglas de tres. C\u00e1lculo de porcentajes. Matem\u00e1ticas. Secundaria. ESO\" width=\"138\" height=\"139\" align=\"center\" \/><\/a><\/p>\n<p>Un incremento del 2% en la temperatura ser\u00eda un aumento de 0.4\u00b0C.<\/p>\n<p>Esto significa que la temperatura media ser\u00eda de 20.4\u00baC, que es el 102\u00baC de la temperatura media actual.<\/p>\n<p><strong>Problemas resueltos<\/strong> de porcentajes:<\/p>\n<ul>\n<li><a href=\"https:\/\/www.calcularporcentajeonline.com\/problemas\/faciles\/problemas-resueltos-calcular-porcentajes-ejemplos-explicados-solucion-regla-tres.html\">Calcular porcentajes<\/a><\/li>\n<li><a href=\"https:\/\/www.calcularporcentajeonline.com\/problemas\/aumentos\/problemas-resueltos-porcentajes-aumentos-ejemplos-incremento-precio-calcular.html\">Porcentajes de aumento<\/a><\/li>\n<li><a href=\"https:\/\/www.calcularporcentajeonline.com\/problemas\/rebajas\/problemas-resueltos-calcular-porcentajes-descuentos-rebajas-ejemplos.html\">Porcentajes de descuento<\/a><\/li>\n<li><a href=\"https:\/\/www.calcularporcentajeonline.com\/problemas\/aumentos-descuentos\/problemas-resueltos-calcular-porcentajes-aumentos-descuentos-rebajas-precio-ejemplos.html\">Porcentajes de descuentos y aumentos<\/a><\/li>\n<li><a href=\"https:\/\/www.calcularporcentajeonline.com\/problemas\/mayores\/problemas-resueltos-porcentajes-mayores-100-ejemplos-calcular.html\">Porcentajes mayores que 100%<\/a><\/li>\n<li><a href=\"https:\/\/www.calcularporcentajeonline.com\/problemas\/error\/problemas-resueltos-porcentaje-diferencia-error-ejemplos-calcular.html\">Porcentaje de diferencia<\/a><\/li>\n<li><a href=\"https:\/\/www.calcularporcentajeonline.com\/problemas\/decimal\/multiplicar-decimal-ejemplos-problemas.html\">Calcular porcentajes multiplicando por un decimal<\/a><\/li>\n<li><a href=\"https:\/\/www.calcularporcentajeonline.com\/problemas\/multiples\/problemas-resueltos-calcular-porcentajes-ejemplos-multiplicar-fraccion-decimal.html\">Porcentajes de porcentajes<\/a><\/li>\n<li><a href=\"https:\/\/www.calcularporcentajeonline.com\/problemas\/variados\/problemas-resueltos-variados-porcentajes-aumento-rebaja-crecimiento.html\">Problemas variados de porcentajes<\/a><\/li>\n<li><a href=\"https:\/\/www.calcularporcentajeonline.com\/problemas\/fraccion\/porcentajes-fracciones-conversion-numerador-denominador-ejemplos-problemas-resueltos.html\">Conversi\u00f3n entre porcentajes y fracciones<\/a><\/li>\n<li><a href=\"https:\/\/www.matesfacil.com\/ESO\/porcentajes\/problemas-resueltos-porcentajes-regla-tres-aumento-descuento.html\">Problemas variados de porcentajes<\/a> (1)<\/li>\n<li><a href=\"https:\/\/www.problemasyecuaciones.com\/porcentajes\/calcular-porcentajes-problemas-resueltos-aumentos-descuentos-precio-final-regla-ejemplos.html\">Problemas variados de porcentajes<\/a> (2)<\/li>\n<\/ul>\n<p><strong>Calculadoras online <\/strong>de porcentajes:<\/p>\n<ul>\n<li><a href=\"https:\/\/matesfacil.com\/calculadoras\/calculadora-online-porcentaje-tanto-por-ciento-calcular-ejemplos.html\">Calculadora de porcentajes<\/a> (1)<\/li>\n<li><a href=\"https:\/\/www.problemasyecuaciones.com\/calculadoras\/porcentajes\/calcular-porcentaje-online-ejemplos.html\">Calculadora de porcentajes<\/a> (2)<\/li>\n<li><a href=\"https:\/\/www.calcularporcentajeonline.com\/\">Calculadoras de porcentajes<\/a> (3)<\/li>\n<\/ul>\n","protected":false},"excerpt":{"rendered":"<p>Los porcentajes se utilizan con frecuencia para indicar que una cantidad aumenta o crece. Ejemplo La temperatura media anual en una determinada localidad es de 20\u00b0C. Si la media aumenta un 2%, \u00bfcu\u00e1ntos grados aumentar\u00eda la temperatura media? Los 20 grados son el 100%. Calculamos el 2%: Un incremento del 2% en la temperatura ser\u00eda &hellip; <\/p>\n<p class=\"link-more\"><a href=\"https:\/\/blogs.ua.es\/matesfacil\/secundaria-numeros-operaciones\/calcular-porcentajes\/porcentaje-de-aumento\/\" class=\"more-link\">Continue reading<span class=\"screen-reader-text\"> &#8220;Porcentaje de aumento&#8221;<\/span><\/a><\/p>\n","protected":false},"author":4324,"featured_media":0,"parent":868,"menu_order":0,"comment_status":"closed","ping_status":"closed","template":"","meta":{"footnotes":""},"class_list":["post-874","page","type-page","status-publish","hentry"],"_links":{"self":[{"href":"https:\/\/blogs.ua.es\/matesfacil\/wp-json\/wp\/v2\/pages\/874","targetHints":{"allow":["GET"]}}],"collection":[{"href":"https:\/\/blogs.ua.es\/matesfacil\/wp-json\/wp\/v2\/pages"}],"about":[{"href":"https:\/\/blogs.ua.es\/matesfacil\/wp-json\/wp\/v2\/types\/page"}],"author":[{"embeddable":true,"href":"https:\/\/blogs.ua.es\/matesfacil\/wp-json\/wp\/v2\/users\/4324"}],"replies":[{"embeddable":true,"href":"https:\/\/blogs.ua.es\/matesfacil\/wp-json\/wp\/v2\/comments?post=874"}],"version-history":[{"count":6,"href":"https:\/\/blogs.ua.es\/matesfacil\/wp-json\/wp\/v2\/pages\/874\/revisions"}],"predecessor-version":[{"id":1159,"href":"https:\/\/blogs.ua.es\/matesfacil\/wp-json\/wp\/v2\/pages\/874\/revisions\/1159"}],"up":[{"embeddable":true,"href":"https:\/\/blogs.ua.es\/matesfacil\/wp-json\/wp\/v2\/pages\/868"}],"wp:attachment":[{"href":"https:\/\/blogs.ua.es\/matesfacil\/wp-json\/wp\/v2\/media?parent=874"}],"curies":[{"name":"wp","href":"https:\/\/api.w.org\/{rel}","templated":true}]}}