{"id":907,"date":"2019-12-08T21:04:33","date_gmt":"2019-12-08T20:04:33","guid":{"rendered":"https:\/\/blogs.ua.es\/matesfacil\/?page_id=907"},"modified":"2019-12-10T08:43:59","modified_gmt":"2019-12-10T07:43:59","slug":"funciones","status":"publish","type":"page","link":"https:\/\/blogs.ua.es\/matesfacil\/funciones\/","title":{"rendered":"Funciones"},"content":{"rendered":"<ul>\n<li><a href=\"https:\/\/blogs.ua.es\/matesfacil\/funciones\/dominio-y-recorrido\/\">Dominio y recorrido<\/a><\/li>\n<li><a href=\"https:\/\/blogs.ua.es\/matesfacil\/funciones\/funciones-lineales\/\">Funciones lineales<\/a><\/li>\n<li><a href=\"https:\/\/blogs.ua.es\/matesfacil\/funciones\/funciones-cuadraticas\/\">Funciones cuadr\u00e1ticas<\/a><\/li>\n<li><a href=\"https:\/\/blogs.ua.es\/matesfacil\/funciones\/funciones-polinomicas\/\">Funciones polin\u00f3micas<\/a><\/li>\n<li><a href=\"https:\/\/blogs.ua.es\/matesfacil\/funciones\/funciones-definidas-a-trozos\/\">Funciones definidas a trozos<\/a><\/li>\n<li><a href=\"https:\/\/blogs.ua.es\/matesfacil\/funciones\/problemas-de-funciones\/\">Problemas de funciones<\/a><\/li>\n<li><a href=\"https:\/\/blogs.ua.es\/matesfacil\/funciones\/funciones-continuas\/\">Funciones continuas<\/a><\/li>\n<li><a href=\"https:\/\/blogs.ua.es\/matesfacil\/funciones\/funcion-inversa\/\">Funci\u00f3n inversa<\/a><\/li>\n<li><a href=\"https:\/\/blogs.ua.es\/matesfacil\/funciones\/asintotas\/\">As\u00edntotas<\/a><\/li>\n<li><a href=\"https:\/\/blogs.ua.es\/matesfacil\/funciones\/teorema-del-emparedado\/\">Teorema del s\u00e1ndwich<\/a><\/li>\n<li><a href=\"https:\/\/blogs.ua.es\/matesfacil\/funciones\/reglas-de-derivacion-y-de-la-cadena\/\">Reglas de derivaci\u00f3n y regla de la cadena<\/a><\/li>\n<li><a href=\"https:\/\/blogs.ua.es\/matesfacil\/maximos-y-minimos\/\">M\u00e1ximos y m\u00ednimos<\/a><\/li>\n<li><a href=\"https:\/\/blogs.ua.es\/matesfacil\/funciones\/funcion-par-e-impar\/\">Funci\u00f3n par y funci\u00f3n impar<\/a><\/li>\n<li><a href=\"https:\/\/blogs.ua.es\/matesfacil\/funciones\/criterio-de-la-primera-derivada\/\">Criterio de la primera derivada<\/a><\/li>\n<li><a href=\"https:\/\/blogs.ua.es\/matesfacil\/funciones\/criterio-de-la-segunda-derivada\/\">Criterio de la segunda derivada<\/a><\/li>\n<\/ul>\n","protected":false},"excerpt":{"rendered":"<p>Dominio y recorrido Funciones lineales Funciones cuadr\u00e1ticas Funciones polin\u00f3micas Funciones definidas a trozos Problemas de funciones Funciones continuas Funci\u00f3n inversa As\u00edntotas Teorema del s\u00e1ndwich Reglas de derivaci\u00f3n y regla de la cadena M\u00e1ximos y m\u00ednimos Funci\u00f3n par y funci\u00f3n impar Criterio de la primera derivada Criterio de la segunda derivada<\/p>\n","protected":false},"author":4324,"featured_media":0,"parent":0,"menu_order":0,"comment_status":"closed","ping_status":"closed","template":"","meta":{"footnotes":""},"class_list":["post-907","page","type-page","status-publish","hentry"],"_links":{"self":[{"href":"https:\/\/blogs.ua.es\/matesfacil\/wp-json\/wp\/v2\/pages\/907","targetHints":{"allow":["GET"]}}],"collection":[{"href":"https:\/\/blogs.ua.es\/matesfacil\/wp-json\/wp\/v2\/pages"}],"about":[{"href":"https:\/\/blogs.ua.es\/matesfacil\/wp-json\/wp\/v2\/types\/page"}],"author":[{"embeddable":true,"href":"https:\/\/blogs.ua.es\/matesfacil\/wp-json\/wp\/v2\/users\/4324"}],"replies":[{"embeddable":true,"href":"https:\/\/blogs.ua.es\/matesfacil\/wp-json\/wp\/v2\/comments?post=907"}],"version-history":[{"count":18,"href":"https:\/\/blogs.ua.es\/matesfacil\/wp-json\/wp\/v2\/pages\/907\/revisions"}],"predecessor-version":[{"id":1000,"href":"https:\/\/blogs.ua.es\/matesfacil\/wp-json\/wp\/v2\/pages\/907\/revisions\/1000"}],"wp:attachment":[{"href":"https:\/\/blogs.ua.es\/matesfacil\/wp-json\/wp\/v2\/media?parent=907"}],"curies":[{"name":"wp","href":"https:\/\/api.w.org\/{rel}","templated":true}]}}