{"id":940,"date":"2019-12-08T23:12:00","date_gmt":"2019-12-08T22:12:00","guid":{"rendered":"https:\/\/blogs.ua.es\/matesfacil\/?page_id=940"},"modified":"2019-12-08T23:12:00","modified_gmt":"2019-12-08T22:12:00","slug":"problemas-de-funciones","status":"publish","type":"page","link":"https:\/\/blogs.ua.es\/matesfacil\/funciones\/problemas-de-funciones\/","title":{"rendered":"Problemas de funciones"},"content":{"rendered":"<p>Vamos a resolver 3 problemas de funciones. Lo m\u00e1s importante es plantear la funci\u00f3n, aplicarla para contestar a las preguntas e interpretar la gr\u00e1fica.<\/p>\n<h1><strong>Problema 1<\/strong><\/h1>\n<p>La siguiente funci\u00f3n proporciona los d\u00edas necesarios para construir un coche en funci\u00f3n del n\u00famero de operarios que trabajen:<\/p>\n<p align=\"center\"><a href=\"https:\/\/www.problemasyecuaciones.com\/funciones\/problemas\/problemas-resueltos-funciones-ejemplos-calcular-precio-lineal-parabolica-trozos.html\"><img loading=\"lazy\" decoding=\"async\" class=\"alignnone\" title=\"gr\u00e1fica del problema 2\" src=\"https:\/\/www.problemasyecuaciones.com\/funciones\/problemas\/P2.png\" alt=\"Problemas resueltos de funciones: plantear funciones, representar e interpretar gr\u00e1ficas, calcular im\u00e1genes y antiim\u00e1genes. Problemas de aplicaci\u00f3n. Matem\u00e1ticas.\" width=\"273\" height=\"196\" \/><\/a><\/p>\n<p>a. \u00bfCu\u00e1ntos d\u00edas se necesitan si trabajan 3 operarios? \u00bfY si trabajan 5 operarios? \u00bfY si trabajan 12 operarios?<\/p>\n<p>b. \u00bfCu\u00e1ntos operarios se necesitan para construir el coche en 4 d\u00edas? \u00bfY en 8 d\u00edas?<\/p>\n<p>c. \u00bfSe trata de una funci\u00f3n lineal? \u00bfPor qu\u00e9?<\/p>\n<p><strong>Soluci\u00f3n:<\/strong><\/p>\n<p>a. Observando la gr\u00e1fica,<\/p>\n<p align=\"center\"><a href=\"https:\/\/www.problemasyecuaciones.com\/funciones\/problemas\/problemas-resueltos-funciones-ejemplos-calcular-precio-lineal-parabolica-trozos.html\"><img loading=\"lazy\" decoding=\"async\" class=\"alignnone\" title=\"datos obtenidos de la gr\u00e1fica\" src=\"https:\/\/www.problemasyecuaciones.com\/funciones\/problemas\/P2-1.png\" alt=\"Problemas resueltos de funciones: plantear funciones, representar e interpretar gr\u00e1ficas, calcular im\u00e1genes y antiim\u00e1genes. Problemas de aplicaci\u00f3n. Matem\u00e1ticas.\" width=\"149\" height=\"103\" \/><\/a><\/p>\n<p>b. Para construirlo en 4 d\u00edas, se necesitan 10 operarios. Para hacerlo en 8 d\u00edas, se necesitan 2.<\/p>\n<p>c. No. Las gr\u00e1ficas de las funciones lineales son rectas. La gr\u00e1fica de este problema est\u00e1 formada por tres segmentos de rectas con distinta pendiente.<\/p>\n<p>&nbsp;<\/p>\n<h1><strong>Problema 2<\/strong><\/h1>\n<p>La compa\u00f1\u00eda telef\u00f3nica de Roberto le cobra 10\u20ac mensuales de cuota y 0.05\u20ac por cada minuto de llamada.<\/p>\n<p>a. Calcular la funci\u00f3n que proporciona el coste de la factura mensual de Roberto en funci\u00f3n del n\u00famero de minutos de llamada.<\/p>\n<p>b. \u00bfCu\u00e1l ser\u00eda el coste de un mes en el que ha realizado 50 minutos de llamada? \u00bfY si son 150 minutos?<\/p>\n<p>c. Si la factura del mes de junio fue de 20\u20ac, \u00bfcu\u00e1nto minutos de llamada realiz\u00f3 Roberto?<\/p>\n<p><strong>Soluci\u00f3n:<\/strong><\/p>\n<p>a. Si Roberto realiza llamadas con un total de <em>x<\/em> minutos, el coste de estas llamadas ser\u00eda <em>0.05\u00b7x<\/em>. Adem\u00e1s de esto, hay que sumar 10\u20ac de la cuota.<\/p>\n<p>Por tanto, la funci\u00f3n es<\/p>\n<p align=\"center\"><a href=\"https:\/\/www.problemasyecuaciones.com\/funciones\/problemas\/problemas-resueltos-funciones-ejemplos-calcular-precio-lineal-parabolica-trozos.html\"><img loading=\"lazy\" decoding=\"async\" class=\"alignnone\" title=\"f(x) = 10 + 0.05x\" src=\"https:\/\/www.problemasyecuaciones.com\/funciones\/problemas\/P3-1.png\" alt=\"Problemas resueltos de funciones: plantear funciones, representar e interpretar gr\u00e1ficas, calcular im\u00e1genes y antiim\u00e1genes. Problemas de aplicaci\u00f3n. Matem\u00e1ticas.\" width=\"181\" height=\"22\" \/><\/a><\/p>\n<p>b. Si en un mes realiza 50\u00a0minutos de llamadas, la factura de dicho mes ser\u00e1 de 12.5\u20ac:<\/p>\n<p align=\"center\"><a href=\"https:\/\/www.problemasyecuaciones.com\/funciones\/problemas\/problemas-resueltos-funciones-ejemplos-calcular-precio-lineal-parabolica-trozos.html\"><img loading=\"lazy\" decoding=\"async\" class=\"alignnone\" title=\"calculamos la imagen de 50: f(50) = 12.5\" src=\"https:\/\/www.problemasyecuaciones.com\/funciones\/problemas\/P3-2.png\" alt=\"Problemas resueltos de funciones: plantear funciones, representar e interpretar gr\u00e1ficas, calcular im\u00e1genes y antiim\u00e1genes. Problemas de aplicaci\u00f3n. Matem\u00e1ticas.\" width=\"230\" height=\"93\" \/><\/a><\/p>\n<p>Si son 150\u00a0minutos, ser\u00e1 de 17.5\u20ac:<\/p>\n<p align=\"center\"><a href=\"https:\/\/www.problemasyecuaciones.com\/funciones\/problemas\/problemas-resueltos-funciones-ejemplos-calcular-precio-lineal-parabolica-trozos.html\"><img loading=\"lazy\" decoding=\"async\" class=\"alignnone\" title=\"calculamos la imagen de 150: f(150) = 17.5\" src=\"https:\/\/www.problemasyecuaciones.com\/funciones\/problemas\/P3-3.png\" alt=\"Problemas resueltos de funciones: plantear funciones, representar e interpretar gr\u00e1ficas, calcular im\u00e1genes y antiim\u00e1genes. Problemas de aplicaci\u00f3n. Matem\u00e1ticas.\" width=\"248\" height=\"93\" \/><\/a><\/p>\n<p>c. Tenemos que calcular <em>x<\/em>\u00a0tal que f(x) = 20:<br \/>\n<a href=\"https:\/\/www.problemasyecuaciones.com\/funciones\/problemas\/problemas-resueltos-funciones-ejemplos-calcular-precio-lineal-parabolica-trozos.html\"><img loading=\"lazy\" decoding=\"async\" class=\"aligncenter\" title=\"resolvemos la ecuaci\u00f3n f(x) = 20, obteniendo x = 200\" src=\"https:\/\/www.problemasyecuaciones.com\/funciones\/problemas\/P3-4b.png\" alt=\"Problemas resueltos de funciones: plantear funciones, representar e interpretar gr\u00e1ficas, calcular im\u00e1genes y antiim\u00e1genes. Problemas de aplicaci\u00f3n. Matem\u00e1ticas.\" width=\"175\" height=\"155\" \/><\/a><\/p>\n<p>En el mes de junio realiz\u00f3 200\u00a0minutos de llamada.<\/p>\n<p>Gr\u00e1fica de la funci\u00f3n:<\/p>\n<p align=\"center\"><a href=\"https:\/\/www.problemasyecuaciones.com\/funciones\/problemas\/problemas-resueltos-funciones-ejemplos-calcular-precio-lineal-parabolica-trozos.html\"><img loading=\"lazy\" decoding=\"async\" class=\"alignnone\" title=\"gr\u00e1fica de la funci\u00f3n f(x) = 10 + 0.05x\" src=\"https:\/\/www.problemasyecuaciones.com\/funciones\/problemas\/P3g.png\" alt=\"Problemas resueltos de funciones: plantear funciones, representar e interpretar gr\u00e1ficas, calcular im\u00e1genes y antiim\u00e1genes. Problemas de aplicaci\u00f3n. Matem\u00e1ticas.\" width=\"262\" height=\"119\" \/><\/a><\/p>\n<h1 style=\"text-align: left\" align=\"center\"><strong>Problema 3<\/strong><\/h1>\n<p>La siguiente funci\u00f3n proporciona la distancia (en kil\u00f3metros) que recorre una moto a una velocidad de 100km\/h\u00a0en funci\u00f3n del tiempo <em>t<\/em>\u00a0(en horas):<\/p>\n<p align=\"center\"><a href=\"https:\/\/www.problemasyecuaciones.com\/funciones\/problemas\/problemas-resueltos-funciones-ejemplos-calcular-precio-lineal-parabolica-trozos.html\"><img loading=\"lazy\" decoding=\"async\" class=\"alignnone\" title=\"x(t) = 100\u00b7t\" src=\"https:\/\/www.problemasyecuaciones.com\/funciones\/problemas\/P1.png\" alt=\"Problemas resueltos de funciones: plantear funciones, representar e interpretar gr\u00e1ficas, calcular im\u00e1genes y antiim\u00e1genes. Problemas de aplicaci\u00f3n. Matem\u00e1ticas.\" width=\"131\" height=\"22\" \/><\/a><\/p>\n<p>a. \u00bfQu\u00e9 distancia recorre en 2 horas? \u00bfY en 5 horas?<\/p>\n<p>b. \u00bfCu\u00e1nto tiempo debe circular para recorrer 5\u00a0kil\u00f3metros?<\/p>\n<p><strong>Soluci\u00f3n:<\/strong><\/p>\n<p>&nbsp;<\/p>\n<p>a. Tenemos que calcular la imagen de 2 y de 5:<\/p>\n<p align=\"center\"><a href=\"https:\/\/www.problemasyecuaciones.com\/funciones\/problemas\/problemas-resueltos-funciones-ejemplos-calcular-precio-lineal-parabolica-trozos.html\"><img loading=\"lazy\" decoding=\"async\" class=\"alignnone\" title=\"calculamos la imagen de 2 y de 5: x(2) = 200, x(5) = 500\" src=\"https:\/\/www.problemasyecuaciones.com\/funciones\/problemas\/P1-1.png\" alt=\"Problemas resueltos de funciones: plantear funciones, representar e interpretar gr\u00e1ficas, calcular im\u00e1genes y antiim\u00e1genes. Problemas de aplicaci\u00f3n. Matem\u00e1ticas.\" width=\"159\" height=\"131\" \/><\/a><\/p>\n<p>En 2 horas recorre 200\u00a0kil\u00f3metros y en 5 \u00a0horas,\u00a0500.<\/p>\n<p>b. Tenemos que calcular <em>t<\/em> \u00a0tal que <em>x(t)=5<\/em>:<\/p>\n<p align=\"center\"><a href=\"https:\/\/www.problemasyecuaciones.com\/funciones\/problemas\/problemas-resueltos-funciones-ejemplos-calcular-precio-lineal-parabolica-trozos.html\"><img loading=\"lazy\" decoding=\"async\" class=\"alignnone\" title=\"resolvemos la ecuaci\u00f3n x(t) = 5, obteniendo t = 0.05\" src=\"https:\/\/www.problemasyecuaciones.com\/funciones\/problemas\/P1-2.png\" alt=\"Problemas resueltos de funciones: plantear funciones, representar e interpretar gr\u00e1ficas, calcular im\u00e1genes y antiim\u00e1genes. Problemas de aplicaci\u00f3n. Matem\u00e1ticas.\" width=\"149\" height=\"121\" \/><\/a><\/p>\n<p>Tarda 0.05\u00a0horas en recorrer 5km, es decir, 3\u00a0minutos.<\/p>\n<p>&nbsp;<\/p>\n<p style=\"text-align: left\" align=\"center\"><strong>Enlaces con problemas:<\/strong><\/p>\n<ul>\n<li style=\"text-align: left\"><a href=\"https:\/\/www.problemasyecuaciones.com\/funciones\/dominio-recorrido\/dominio-recorrido-imagen-rango-funcion-ejemplos-problemas.html\">Dominio y recorrido<\/a> (1)<\/li>\n<li style=\"text-align: left\"><a href=\"https:\/\/www.matesfacil.com\/ESO\/dominio\/ejercicios-resueltos-dominio-recorrido-imagen-funciones.html\">Dominio y recorrido<\/a> (2)<\/li>\n<li style=\"text-align: left\"><a href=\"https:\/\/www.problemasyecuaciones.com\/funciones\/lineales\/funcion-lineal-problemas-resueltos-grafica-pendiente-interseccion-ejes-paralelas.html\">Funciones lineales<\/a><\/li>\n<li style=\"text-align: left\"><a href=\"https:\/\/www.problemasyecuaciones.com\/funciones\/parabolica\/funcion-cuadratica-parabolica-vertice-puntos-corte-canonica-factorizada-problemas-resueltos.html\">Funciones cuadr\u00e1ticas<\/a><\/li>\n<li style=\"text-align: left\"><a href=\"https:\/\/www.matesfacil.com\/ESO\/rectasparabolas\/problemas-resueltos-rectas-parabolas.html\">Rectas y par\u00e1bolas<\/a><\/li>\n<li style=\"text-align: left\"><a href=\"https:\/\/www.problemasyecuaciones.com\/funciones\/polinomica\/problemas-resueltos-funcion-constante-lineal-cuadratica-cubica-cortes.html\">Funciones polin\u00f3micas<\/a><\/li>\n<li style=\"text-align: left\"><a href=\"https:\/\/www.problemasyecuaciones.com\/funciones\/trozos\/funcion-definida-trozos-partes-segmentada-continuidad-limites-laterales-problemas-resueltos.html\">Funciones definidas a trozos<\/a> (1)<\/li>\n<li style=\"text-align: left\"><a href=\"https:\/\/www.matesfacil.com\/BAC\/funciones\/trozos\/funciones-definidas-partes-trozos-intervalo-grafica-ejemplos-problemas-resueltos.html\">Funciones definidas a trozos<\/a> (2)<\/li>\n<li style=\"text-align: left\"><a href=\"https:\/\/www.problemasyecuaciones.com\/funciones\/problemas\/problemas-resueltos-funciones-ejemplos-calcular-precio-lineal-parabolica-trozos.html\">Problemas de funciones<\/a> (1)<\/li>\n<li style=\"text-align: left\"><a href=\"https:\/\/www.matesfacil.com\/ESO\/funciones\/problemas-resueltos-funciones-concepto-dominio-codominio-imagen-grafica.html\">Problemas de funciones<\/a> (2)<\/li>\n<li style=\"text-align: left\"><a href=\"https:\/\/www.problemasyecuaciones.com\/funciones\/continua\/funciones-continuas-ejemplos-problemas-resueltos-grafica-partes.html\">Funciones continuas<\/a> (1)<\/li>\n<li style=\"text-align: left\"><a href=\"https:\/\/www.matesfacil.com\/resueltos-continuidad.htm\">Funciones continuas<\/a> (2)<\/li>\n<li style=\"text-align: left\"><a href=\"https:\/\/www.problemasyecuaciones.com\/funciones\/inversa\/funcion-inyectiva-suprayectiva-sobreyectiva-inversa-ejemplos-problemas-resueltos-calcular.html\">Funci\u00f3n inversa<\/a> (1)<\/li>\n<li style=\"text-align: left\"><a href=\"https:\/\/www.matesfacil.com\/BAC\/funciones\/inversa\/funcion-inversa-definicion-biyectiva-calcular-problemas-resueltos-demostrar-dominio.html\">Funci\u00f3n inversa<\/a> (2)<\/li>\n<li style=\"text-align: left\"><a href=\"https:\/\/www.matesfacil.com\/BAC\/biyectiva\/tipos-funcion-aplicacion-inyectiva-sobreyectiva-biyectiva-inversa.html\">Funci\u00f3n inyectiva, sobreyectiva y biyectiva<\/a><\/li>\n<li style=\"text-align: left\"><a href=\"https:\/\/www.problemasyecuaciones.com\/funciones\/asintotas\/asintota-horizontal-vertical-oblicua-ejemplos-problemas-resueltos-funciones-limites.html\">As\u00edntotas<\/a> (1)<\/li>\n<li style=\"text-align: left\"><a href=\"https:\/\/www.matesfacil.com\/BAC\/funciones\/asintota\/asintota-horizontal-vertical-ejemplos-limites-graficas-funciones-problemas-resueltos-demostraciones.html\">As\u00edntotas<\/a> (2)<\/li>\n<li style=\"text-align: left\"><a href=\"https:\/\/www.problemasyecuaciones.com\/funciones\/extremos\/maximo-minimo-punto-critico-problemas-resueltos-ejemplos-regla-derivada.html\">M\u00e1ximos y m\u00ednimos<\/a> (1)<\/li>\n<li style=\"text-align: left\"><a href=\"https:\/\/www.matesfacil.com\/resueltos-extremos.htm\">M\u00e1ximos y m\u00ednimos<\/a> (2)<\/li>\n<li style=\"text-align: left\"><a href=\"https:\/\/www.matesfacil.com\/DCMonotonia.htm\">Criterio de la primera derivada<\/a><\/li>\n<li style=\"text-align: left\"><a href=\"https:\/\/www.matesfacil.com\/demostracion-criterio-extremo.htm\">Criterio de la segunda derivada<\/a><\/li>\n<li style=\"text-align: left\"><a href=\"https:\/\/www.problemasyecuaciones.com\/funciones\/optimizar\/problemas-resueltos-optimizar-maximizar-minimizar-funciones-extremos-derivada.html\">Problemas de optimizar<\/a> (1)<\/li>\n<li style=\"text-align: left\"><a href=\"https:\/\/www.matesfacil.com\/BAC\/optimizar\/problemas-resueltos-optimizar-extremos-maximo-minimo-derivada-creciente-decreciente-monotonia.html\">Problemas de optimizar<\/a> (2)<\/li>\n<li style=\"text-align: left\"><a href=\"https:\/\/www.problemasyecuaciones.com\/limites\/calculo-limites-explicados-metodos-reglas-procedimientos-indeterminaciones-grados-infinito-resueltos.html\">L\u00edmites<\/a> (1)<\/li>\n<li style=\"text-align: left\"><a href=\"https:\/\/www.matesfacil.com\/BAC\/limites\/\">L\u00edmites<\/a> (2)<\/li>\n<li style=\"text-align: left\"><a href=\"https:\/\/www.problemasyecuaciones.com\/funciones\/par\/funcion-par-impar-ejemplos-problemas-resueltos-grafica-simetria.html\">Funci\u00f3n par y funci\u00f3n impar<\/a><\/li>\n<li style=\"text-align: left\"><a href=\"https:\/\/www.matesfacil.com\/ERCDerivadas.htm\">C\u00e1lculo de derivadas<\/a><\/li>\n<li style=\"text-align: left\"><a href=\"https:\/\/www.matesfacil.com\/BAC\/emparedado\/teorema-emparedado-sandwich-demostracion-limites-series-convergente-ejemplos.html\">Teorema del emparedado<\/a><\/li>\n<\/ul>\n","protected":false},"excerpt":{"rendered":"<p>Vamos a resolver 3 problemas de funciones. Lo m\u00e1s importante es plantear la funci\u00f3n, aplicarla para contestar a las preguntas e interpretar la gr\u00e1fica. Problema 1 La siguiente funci\u00f3n proporciona los d\u00edas necesarios para construir un coche en funci\u00f3n del n\u00famero de operarios que trabajen: a. \u00bfCu\u00e1ntos d\u00edas se necesitan si trabajan 3 operarios? \u00bfY &hellip; <\/p>\n<p class=\"link-more\"><a href=\"https:\/\/blogs.ua.es\/matesfacil\/funciones\/problemas-de-funciones\/\" class=\"more-link\">Continue reading<span class=\"screen-reader-text\"> &#8220;Problemas de funciones&#8221;<\/span><\/a><\/p>\n","protected":false},"author":4324,"featured_media":0,"parent":907,"menu_order":0,"comment_status":"closed","ping_status":"closed","template":"","meta":{"footnotes":""},"class_list":["post-940","page","type-page","status-publish","hentry"],"_links":{"self":[{"href":"https:\/\/blogs.ua.es\/matesfacil\/wp-json\/wp\/v2\/pages\/940","targetHints":{"allow":["GET"]}}],"collection":[{"href":"https:\/\/blogs.ua.es\/matesfacil\/wp-json\/wp\/v2\/pages"}],"about":[{"href":"https:\/\/blogs.ua.es\/matesfacil\/wp-json\/wp\/v2\/types\/page"}],"author":[{"embeddable":true,"href":"https:\/\/blogs.ua.es\/matesfacil\/wp-json\/wp\/v2\/users\/4324"}],"replies":[{"embeddable":true,"href":"https:\/\/blogs.ua.es\/matesfacil\/wp-json\/wp\/v2\/comments?post=940"}],"version-history":[{"count":2,"href":"https:\/\/blogs.ua.es\/matesfacil\/wp-json\/wp\/v2\/pages\/940\/revisions"}],"predecessor-version":[{"id":942,"href":"https:\/\/blogs.ua.es\/matesfacil\/wp-json\/wp\/v2\/pages\/940\/revisions\/942"}],"up":[{"embeddable":true,"href":"https:\/\/blogs.ua.es\/matesfacil\/wp-json\/wp\/v2\/pages\/907"}],"wp:attachment":[{"href":"https:\/\/blogs.ua.es\/matesfacil\/wp-json\/wp\/v2\/media?parent=940"}],"curies":[{"name":"wp","href":"https:\/\/api.w.org\/{rel}","templated":true}]}}