{"id":113,"date":"2012-01-17T15:02:13","date_gmt":"2012-01-17T15:02:13","guid":{"rendered":"https:\/\/blogs.ua.es\/mayasdm\/?page_id=113"},"modified":"2012-01-17T15:02:13","modified_gmt":"2012-01-17T15:02:13","slug":"presentacion-del-blog-2","status":"publish","type":"page","link":"https:\/\/blogs.ua.es\/mayasdm\/presentacion-del-blog-2\/","title":{"rendered":"Presentaci\u00f3n del Blog"},"content":{"rendered":"<h1>Presentaci\u00f3n del blog<\/h1>\n<p>! Hola a todos!<\/p>\n<p>Soy una estudiante de Alemania. Soy Erasmus y estudio un medio a\u00f1o en Espa\u00f1a, en la Universidad de Alicante.<\/p>\n<p>Estoy escribiendo un blog con el tema &#8220;Los Mayas&#8221; en la asignatura \u201d Historia moderna de Espa\u00f1a\u201d.<\/p>\n<p>Nuestro profesor se llama Antonio Carrasco y es un Doctor en Historia Moderna.<\/p>\n<p>Este blog tiene\u00a0 informaciones diferentes sobre\u00a0 la cultura, la arte , la religion, la arquitectura\u00a0 otros datos conectados que tienen relaci\u00f3n con este tiempo.<\/p>\n<p>En los meses que vienen voy a completar mi blog con informaciones m\u00e1s detalladas y voy a a\u00f1adar el blog con algunas im\u00e1genes y fotograf\u00edas.<\/p>\n<p>Espero que disfrutes leer algo sobre los Mayas<\/p>\n","protected":false},"excerpt":{"rendered":"<p>Presentaci\u00f3n del blog ! Hola a todos! Soy una estudiante de Alemania. Soy Erasmus y estudio un medio a\u00f1o en Espa\u00f1a, en la Universidad de Alicante. Estoy escribiendo un blog con el tema &#8220;Los Mayas&#8221; en la asignatura \u201d Historia moderna de Espa\u00f1a\u201d. Nuestro profesor se llama Antonio Carrasco y es un Doctor en Historia [&hellip;]<\/p>\n","protected":false},"author":2171,"featured_media":0,"parent":0,"menu_order":0,"comment_status":"open","ping_status":"open","template":"","meta":{"footnotes":""},"class_list":["post-113","page","type-page","status-publish","hentry"],"_links":{"self":[{"href":"https:\/\/blogs.ua.es\/mayasdm\/wp-json\/wp\/v2\/pages\/113","targetHints":{"allow":["GET"]}}],"collection":[{"href":"https:\/\/blogs.ua.es\/mayasdm\/wp-json\/wp\/v2\/pages"}],"about":[{"href":"https:\/\/blogs.ua.es\/mayasdm\/wp-json\/wp\/v2\/types\/page"}],"author":[{"embeddable":true,"href":"https:\/\/blogs.ua.es\/mayasdm\/wp-json\/wp\/v2\/users\/2171"}],"replies":[{"embeddable":true,"href":"https:\/\/blogs.ua.es\/mayasdm\/wp-json\/wp\/v2\/comments?post=113"}],"version-history":[{"count":2,"href":"https:\/\/blogs.ua.es\/mayasdm\/wp-json\/wp\/v2\/pages\/113\/revisions"}],"predecessor-version":[{"id":191,"href":"https:\/\/blogs.ua.es\/mayasdm\/wp-json\/wp\/v2\/pages\/113\/revisions\/191"}],"wp:attachment":[{"href":"https:\/\/blogs.ua.es\/mayasdm\/wp-json\/wp\/v2\/media?parent=113"}],"curies":[{"name":"wp","href":"https:\/\/api.w.org\/{rel}","templated":true}]}}