{"id":114,"date":"2011-11-19T13:23:03","date_gmt":"2011-11-19T13:23:03","guid":{"rendered":"https:\/\/blogs.ua.es\/mayasdm\/?page_id=114"},"modified":"2011-12-20T14:24:52","modified_gmt":"2011-12-20T14:24:52","slug":"presentacion-del-blog","status":"publish","type":"page","link":"https:\/\/blogs.ua.es\/mayasdm\/presentacion-del-blog\/","title":{"rendered":"Presentaci\u00f3n del blog"},"content":{"rendered":"<p>! Hola a todos!<br \/>\nMe llamo Desiree M\u00fcnch y soy una estudiante de Alemania. Soy Erasmus y estudio un medio a\u00f1o en Espa\u00f1a, en la Universidad de Alicante.<\/p>\n<p>Estoy escribiendo un blog con el tema &#8220;Los Mayas&#8221; en la asignatura \u201d Historia moderna de Espa\u00f1a\u201d.<\/p>\n<p>Nuestro profesor se llama Antonio Carrasco y es un Doctor en Historia Moderna.<\/p>\n<p>Este blog tiene\u00a0 informaciones diferentes sobre\u00a0 la cultura, la arte , la religion, laarquitectura ,estructura de la civilicaci\u00f3n y sociedad de los mayas y adem\u00e1s sobre otros datos conectados que tienen relaci\u00f3n con este tema.<\/p>\n<p>En los meses que vienen voy a completar mi blog con informaciones m\u00e1s detalladas y voy a a\u00f1adar el blog con algunas videos, imagenes y enlaces \u00fatiles.<\/p>\n<p>Espero que\u00a0 disfrutes leer mi Blog y aprendas\u00a0 un poco sobre la cultura de los mayas.<\/p>\n","protected":false},"excerpt":{"rendered":"<p>! Hola a todos! Me llamo Desiree M\u00fcnch y soy una estudiante de Alemania. Soy Erasmus y estudio un medio a\u00f1o en Espa\u00f1a, en la Universidad de Alicante. Estoy escribiendo un blog con el tema &#8220;Los Mayas&#8221; en la asignatura \u201d Historia moderna de Espa\u00f1a\u201d. Nuestro profesor se llama Antonio Carrasco y es un Doctor [&hellip;]<\/p>\n","protected":false},"author":2171,"featured_media":0,"parent":0,"menu_order":0,"comment_status":"open","ping_status":"open","template":"","meta":{"footnotes":""},"class_list":["post-114","page","type-page","status-publish","hentry"],"_links":{"self":[{"href":"https:\/\/blogs.ua.es\/mayasdm\/wp-json\/wp\/v2\/pages\/114","targetHints":{"allow":["GET"]}}],"collection":[{"href":"https:\/\/blogs.ua.es\/mayasdm\/wp-json\/wp\/v2\/pages"}],"about":[{"href":"https:\/\/blogs.ua.es\/mayasdm\/wp-json\/wp\/v2\/types\/page"}],"author":[{"embeddable":true,"href":"https:\/\/blogs.ua.es\/mayasdm\/wp-json\/wp\/v2\/users\/2171"}],"replies":[{"embeddable":true,"href":"https:\/\/blogs.ua.es\/mayasdm\/wp-json\/wp\/v2\/comments?post=114"}],"version-history":[{"count":4,"href":"https:\/\/blogs.ua.es\/mayasdm\/wp-json\/wp\/v2\/pages\/114\/revisions"}],"predecessor-version":[{"id":156,"href":"https:\/\/blogs.ua.es\/mayasdm\/wp-json\/wp\/v2\/pages\/114\/revisions\/156"}],"wp:attachment":[{"href":"https:\/\/blogs.ua.es\/mayasdm\/wp-json\/wp\/v2\/media?parent=114"}],"curies":[{"name":"wp","href":"https:\/\/api.w.org\/{rel}","templated":true}]}}